{"id":17225,"date":"2025-07-15T12:49:09","date_gmt":"2025-07-15T09:49:09","guid":{"rendered":"https:\/\/peruvision.ro\/?post_type=product&#038;p=17225"},"modified":"2026-03-17T11:37:21","modified_gmt":"2026-03-17T09:37:21","slug":"receptor-strong-8208-dvb-t2-timbru-verde-02-lei","status":"publish","type":"product","link":"https:\/\/peruvision.ro\/en\/product\/receptor-strong-8208-dvb-t2-timbru-verde-02-lei\/","title":{"rendered":"Receptor DVB-T2  STRONG SRT8208 (Timbru verde 0,2 lei)"},"content":{"rendered":"<p>SRT8208 este un receptor TV de \u00eenalt\u0103 defini\u021bie mic \u0219i eficient pentru programe TV \u0219i radio digitale DVB-T2 gratuite prin anten\u0103 exterioar\u0103 sau interioar\u0103. Bucura\u021bi-v\u0103 de interfa\u021ba utilizator multilingv\u0103 \u0219i de afi\u0219ajul de \u00eenalt\u0103 defini\u021bie pe ecran. Cu Ghidul electronic de programe TV (EPG) pute\u021bi urm\u0103ri informa\u021biile despre evenimente timp de p\u00e2n\u0103 la 7 zile. Func\u021biile confortabile, precum pornirea cu ultimul canal vizionat, listele de favorite, func\u021bia de blocare parental\u0103, instalarea rapid\u0103 \u0219i u\u0219oar\u0103, \u00eel fac o alegere perfect\u0103 pentru divertisment de calitate.<\/p>\n<p>&nbsp;<\/p>\n<ul>\n<li>Receptor HDTV pentru programe TV \u0219i radio digitale DVB-T2 gratuite prin anten\u0103 exterioar\u0103 sau interioar\u0103<\/li>\n<li>Noua tehnologie de tuner pentru o recep\u021bie excelent\u0103<\/li>\n<li>Port USB: \u00eenregistrare programe TV, Timeshift, redare fi\u0219iere, actualizare software receptor prin dispozitiv de stocare USB<\/li>\n<li>Support\u0103 HEVC\/H.265<\/li>\n<li>Dolby\u00ae Digital Plus<sup>2\u00a0<\/sup>valabil pe HDMI<sup>3<\/sup><\/li>\n<li>Instalare rapid\u0103 \u0219i u\u0219oar\u0103 \u0219i meniu u\u0219or de utilizat<\/li>\n<li>Calitate audio \u0219i video excelent\u0103<\/li>\n<li>Control al aliment\u0103rii prin USB pentru economisirea energiei \u00een modul standby<\/li>\n<li>Capacitate de memorie de 400 de canale<\/li>\n<li>Ghid electronic de programe TV (EPG) pentru informa\u021bii despre evenimentele prezente\/urm\u0103toare pe ecran, p\u00e2n\u0103 la 7 zile<\/li>\n<li>30 de temporizatoare de evenimente cu 3 moduri (o dat\u0103, zilnic, s\u0103pt\u0103m\u00e2nal)<\/li>\n<li>Afi\u0219aj pe ecran de \u00eenalt\u0103 defini\u021bie (OSD)<\/li>\n<li>Rezervarea evenimentelor direct din EPG<\/li>\n<li>Teletext, subtitrare DVB multilingv\u0103 complet\u0103 \u0219i suport pentru piste audio<\/li>\n<li>8 liste de favorite pentru programe TV \u0219i radio<\/li>\n<li>Func\u021bie de blocare parental\u0103 pentru meniu \u0219i control al clasific\u0103rii pentru canal<\/li>\n<li>Suport multilingv pe meniu pe ecran (OSD)<\/li>\n<li>Op\u021biuni de scanare automat\u0103 \u0219i manual\u0103 a canalelor<\/li>\n<li>Multe op\u021biuni de gestionare a canalelor: blocare, mutare, omitere, \u0219tergere \u0219i redenumire<\/li>\n<li>Pornire cu ultimul canal vizualizat<\/li>\n<li>Sunet digital prin ie\u0219ire coaxial\u0103 (S\/PDIF) prin conectarea la un amplificator digital<\/li>\n<li>Ie\u0219ire video PAL\/NTSC<\/li>\n<li>Compatibil DVB-T2, tuner UHF\/VHF<\/li>\n<li>Suport pentru anten\u0103 activ\u0103 prin ie\u0219ire de 5 V<\/li>\n<li>Func\u021bie de standby automat\u0103 pentru economisirea energiei<\/li>\n<li>Conexiuni: RF IN, TV SCART, HDMI, S\/PDIF coaxial, port USB<\/li>\n<\/ul>","protected":false},"excerpt":{"rendered":"<p><strong>Divertisment HD \u00eentr-o cutie elegant\u0103!<\/strong><\/p>\n<ul>\n<li>Receptor HDTV pentru programe TV \u0219i radio digitale DVB-T2 Free-To-Air prin anten\u0103 exterioar\u0103 sau interioar\u0103<\/li>\n<li>Tehnologie nou\u0103 de tuner pentru recep\u021bie excelent\u0103<\/li>\n<li>Port USB: \u00eenregistrare programe TV*, Timeshift, redare fi\u0219iere, actualizare software receptor prin dispozitiv de stocare USB<\/li>\n<li>Suport HEVC\/H.265<\/li>\n<li>Dolby\u00ae Digital Plus disponibil pe HDMI<\/li>\n<\/ul>","protected":false},"featured_media":17242,"template":"","meta":[],"product_brand":[],"product_cat":[237,234,15],"product_tag":[],"class_list":{"0":"post-17225","1":"product","2":"type-product","3":"status-publish","4":"has-post-thumbnail","6":"product_cat-receptoare-terestre","7":"product_cat-receptoare","8":"product_cat-toate-produsele","10":"first","11":"instock","12":"sale","13":"taxable","14":"shipping-taxable","15":"purchasable","16":"product-type-simple"},"yoast_head":"<!-- This site is optimized with the Yoast SEO Premium plugin v21.9 (Yoast SEO v27.6) - https:\/\/yoast.com\/product\/yoast-seo-premium-wordpress\/ -->\n<title>Receptor DVB-T2 STRONG SRT8208 (Timbru verde 0,2 lei) - Peruvision<\/title>\n<meta name=\"description\" content=\"Descoper\u0103 Receptor DVB-T2 STRONG SRT8208 (Timbru verde 0,2 lei) la Peruvision. Preturi speciale pentru echipamentele achizitionate\" \/>\n<meta name=\"robots\" content=\"index, follow, max-snippet:-1, max-image-preview:large, max-video-preview:-1\" \/>\n<link rel=\"canonical\" href=\"https:\/\/peruvision.ro\/en\/product\/receptor-strong-8208-dvb-t2-timbru-verde-02-lei\/\" \/>\n<meta property=\"og:locale\" content=\"en_GB\" \/>\n<meta property=\"og:type\" content=\"article\" \/>\n<meta property=\"og:title\" content=\"Receptor DVB-T2 STRONG SRT8208 (Timbru verde 0,2 lei)\" \/>\n<meta property=\"og:description\" content=\"Descoper\u0103 Receptor DVB-T2 STRONG SRT8208 (Timbru verde 0,2 lei) la Peruvision. Preturi speciale pentru echipamentele achizitionate\" \/>\n<meta property=\"og:url\" content=\"https:\/\/peruvision.ro\/en\/product\/receptor-strong-8208-dvb-t2-timbru-verde-02-lei\/\" \/>\n<meta property=\"og:site_name\" content=\"Peruvision\" \/>\n<meta property=\"article:publisher\" content=\"https:\/\/www.facebook.com\/profile.php?id=100040871665118\" \/>\n<meta property=\"article:modified_time\" content=\"2026-03-17T09:37:21+00:00\" \/>\n<meta property=\"og:image\" content=\"https:\/\/peruvision.ro\/wp-content\/uploads\/2025\/07\/strong-8020.png\" \/>\n\t<meta property=\"og:image:width\" content=\"1080\" \/>\n\t<meta property=\"og:image:height\" content=\"1080\" \/>\n\t<meta property=\"og:image:type\" content=\"image\/png\" \/>\n<meta name=\"twitter:card\" content=\"summary_large_image\" \/>\n<meta name=\"twitter:label1\" content=\"Estimated reading time\" \/>\n\t<meta name=\"twitter:data1\" content=\"2 minutes\" \/>\n<script type=\"application\/ld+json\" class=\"yoast-schema-graph\">{\"@context\":\"https:\\\/\\\/schema.org\",\"@graph\":[{\"@type\":\"WebPage\",\"@id\":\"https:\\\/\\\/peruvision.ro\\\/produs\\\/receptor-strong-8208-dvb-t2-timbru-verde-02-lei\\\/\",\"url\":\"https:\\\/\\\/peruvision.ro\\\/produs\\\/receptor-strong-8208-dvb-t2-timbru-verde-02-lei\\\/\",\"name\":\"Receptor DVB-T2 STRONG SRT8208 (Timbru verde 0,2 lei) - Peruvision\",\"isPartOf\":{\"@id\":\"https:\\\/\\\/peruvision.ro\\\/#website\"},\"primaryImageOfPage\":{\"@id\":\"https:\\\/\\\/peruvision.ro\\\/produs\\\/receptor-strong-8208-dvb-t2-timbru-verde-02-lei\\\/#primaryimage\"},\"image\":{\"@id\":\"https:\\\/\\\/peruvision.ro\\\/produs\\\/receptor-strong-8208-dvb-t2-timbru-verde-02-lei\\\/#primaryimage\"},\"thumbnailUrl\":\"https:\\\/\\\/peruvision.ro\\\/wp-content\\\/uploads\\\/2025\\\/07\\\/strong-8020.png\",\"datePublished\":\"2025-07-15T09:49:09+00:00\",\"dateModified\":\"2026-03-17T09:37:21+00:00\",\"description\":\"Descoper\u0103 Receptor DVB-T2 STRONG SRT8208 (Timbru verde 0,2 lei) la Peruvision. Preturi speciale pentru echipamentele achizitionate\",\"breadcrumb\":{\"@id\":\"https:\\\/\\\/peruvision.ro\\\/produs\\\/receptor-strong-8208-dvb-t2-timbru-verde-02-lei\\\/#breadcrumb\"},\"inLanguage\":\"en-GB\",\"potentialAction\":[{\"@type\":\"ReadAction\",\"target\":[\"https:\\\/\\\/peruvision.ro\\\/produs\\\/receptor-strong-8208-dvb-t2-timbru-verde-02-lei\\\/\"]}]},{\"@type\":\"ImageObject\",\"inLanguage\":\"en-GB\",\"@id\":\"https:\\\/\\\/peruvision.ro\\\/produs\\\/receptor-strong-8208-dvb-t2-timbru-verde-02-lei\\\/#primaryimage\",\"url\":\"https:\\\/\\\/peruvision.ro\\\/wp-content\\\/uploads\\\/2025\\\/07\\\/strong-8020.png\",\"contentUrl\":\"https:\\\/\\\/peruvision.ro\\\/wp-content\\\/uploads\\\/2025\\\/07\\\/strong-8020.png\",\"width\":1080,\"height\":1080},{\"@type\":\"BreadcrumbList\",\"@id\":\"https:\\\/\\\/peruvision.ro\\\/produs\\\/receptor-strong-8208-dvb-t2-timbru-verde-02-lei\\\/#breadcrumb\",\"itemListElement\":[{\"@type\":\"ListItem\",\"position\":1,\"name\":\"Prima pagin\u0103\",\"item\":\"https:\\\/\\\/peruvision.ro\\\/\"},{\"@type\":\"ListItem\",\"position\":2,\"name\":\"Produse\",\"item\":\"https:\\\/\\\/peruvision.ro\\\/produse\\\/\"},{\"@type\":\"ListItem\",\"position\":3,\"name\":\"Receptor DVB-T2 STRONG SRT8208 (Timbru verde 0,2 lei)\"}]},{\"@type\":\"WebSite\",\"@id\":\"https:\\\/\\\/peruvision.ro\\\/#website\",\"url\":\"https:\\\/\\\/peruvision.ro\\\/\",\"name\":\"Peruvision\",\"description\":\"Site-ul firmei Peruvision, specializata in distributia de echipamente de telecomunicatii si servicii aferente.\",\"publisher\":{\"@id\":\"https:\\\/\\\/peruvision.ro\\\/#organization\"},\"potentialAction\":[{\"@type\":\"SearchAction\",\"target\":{\"@type\":\"EntryPoint\",\"urlTemplate\":\"https:\\\/\\\/peruvision.ro\\\/?s={search_term_string}\"},\"query-input\":{\"@type\":\"PropertyValueSpecification\",\"valueRequired\":true,\"valueName\":\"search_term_string\"}}],\"inLanguage\":\"en-GB\"},{\"@type\":\"Organization\",\"@id\":\"https:\\\/\\\/peruvision.ro\\\/#organization\",\"name\":\"Peruvision\",\"url\":\"https:\\\/\\\/peruvision.ro\\\/\",\"logo\":{\"@type\":\"ImageObject\",\"inLanguage\":\"en-GB\",\"@id\":\"https:\\\/\\\/peruvision.ro\\\/#\\\/schema\\\/logo\\\/image\\\/\",\"url\":\"https:\\\/\\\/peruvision.ro\\\/wp-content\\\/uploads\\\/2021\\\/09\\\/3biss-negru.png\",\"contentUrl\":\"https:\\\/\\\/peruvision.ro\\\/wp-content\\\/uploads\\\/2021\\\/09\\\/3biss-negru.png\",\"width\":2035,\"height\":432,\"caption\":\"Peruvision\"},\"image\":{\"@id\":\"https:\\\/\\\/peruvision.ro\\\/#\\\/schema\\\/logo\\\/image\\\/\"},\"sameAs\":[\"https:\\\/\\\/www.facebook.com\\\/profile.php?id=100040871665118\"]}]}<\/script>\n<!-- \/ Yoast SEO Premium plugin. -->","yoast_head_json":{"title":"Receptor DVB-T2 STRONG SRT8208 (Timbru verde 0,2 lei) - Peruvision","description":"Descoper\u0103 Receptor DVB-T2 STRONG SRT8208 (Timbru verde 0,2 lei) la Peruvision. Preturi speciale pentru echipamentele achizitionate","robots":{"index":"index","follow":"follow","max-snippet":"max-snippet:-1","max-image-preview":"max-image-preview:large","max-video-preview":"max-video-preview:-1"},"canonical":"https:\/\/peruvision.ro\/en\/product\/receptor-strong-8208-dvb-t2-timbru-verde-02-lei\/","og_locale":"en_GB","og_type":"article","og_title":"Receptor DVB-T2 STRONG SRT8208 (Timbru verde 0,2 lei)","og_description":"Descoper\u0103 Receptor DVB-T2 STRONG SRT8208 (Timbru verde 0,2 lei) la Peruvision. Preturi speciale pentru echipamentele achizitionate","og_url":"https:\/\/peruvision.ro\/en\/product\/receptor-strong-8208-dvb-t2-timbru-verde-02-lei\/","og_site_name":"Peruvision","article_publisher":"https:\/\/www.facebook.com\/profile.php?id=100040871665118","article_modified_time":"2026-03-17T09:37:21+00:00","og_image":[{"width":1080,"height":1080,"url":"https:\/\/peruvision.ro\/wp-content\/uploads\/2025\/07\/strong-8020.png","type":"image\/png"}],"twitter_card":"summary_large_image","twitter_misc":{"Estimated reading time":"2 minutes"},"schema":{"@context":"https:\/\/schema.org","@graph":[{"@type":"WebPage","@id":"https:\/\/peruvision.ro\/produs\/receptor-strong-8208-dvb-t2-timbru-verde-02-lei\/","url":"https:\/\/peruvision.ro\/produs\/receptor-strong-8208-dvb-t2-timbru-verde-02-lei\/","name":"Receptor DVB-T2 STRONG SRT8208 (Timbru verde 0,2 lei) - Peruvision","isPartOf":{"@id":"https:\/\/peruvision.ro\/#website"},"primaryImageOfPage":{"@id":"https:\/\/peruvision.ro\/produs\/receptor-strong-8208-dvb-t2-timbru-verde-02-lei\/#primaryimage"},"image":{"@id":"https:\/\/peruvision.ro\/produs\/receptor-strong-8208-dvb-t2-timbru-verde-02-lei\/#primaryimage"},"thumbnailUrl":"https:\/\/peruvision.ro\/wp-content\/uploads\/2025\/07\/strong-8020.png","datePublished":"2025-07-15T09:49:09+00:00","dateModified":"2026-03-17T09:37:21+00:00","description":"Descoper\u0103 Receptor DVB-T2 STRONG SRT8208 (Timbru verde 0,2 lei) la Peruvision. Preturi speciale pentru echipamentele achizitionate","breadcrumb":{"@id":"https:\/\/peruvision.ro\/produs\/receptor-strong-8208-dvb-t2-timbru-verde-02-lei\/#breadcrumb"},"inLanguage":"en-GB","potentialAction":[{"@type":"ReadAction","target":["https:\/\/peruvision.ro\/produs\/receptor-strong-8208-dvb-t2-timbru-verde-02-lei\/"]}]},{"@type":"ImageObject","inLanguage":"en-GB","@id":"https:\/\/peruvision.ro\/produs\/receptor-strong-8208-dvb-t2-timbru-verde-02-lei\/#primaryimage","url":"https:\/\/peruvision.ro\/wp-content\/uploads\/2025\/07\/strong-8020.png","contentUrl":"https:\/\/peruvision.ro\/wp-content\/uploads\/2025\/07\/strong-8020.png","width":1080,"height":1080},{"@type":"BreadcrumbList","@id":"https:\/\/peruvision.ro\/produs\/receptor-strong-8208-dvb-t2-timbru-verde-02-lei\/#breadcrumb","itemListElement":[{"@type":"ListItem","position":1,"name":"Prima pagin\u0103","item":"https:\/\/peruvision.ro\/"},{"@type":"ListItem","position":2,"name":"Produse","item":"https:\/\/peruvision.ro\/produse\/"},{"@type":"ListItem","position":3,"name":"Receptor DVB-T2 STRONG SRT8208 (Timbru verde 0,2 lei)"}]},{"@type":"WebSite","@id":"https:\/\/peruvision.ro\/#website","url":"https:\/\/peruvision.ro\/","name":"Peruvision","description":"Site-ul firmei Peruvision, specializata in distributia de echipamente de telecomunicatii si servicii aferente.","publisher":{"@id":"https:\/\/peruvision.ro\/#organization"},"potentialAction":[{"@type":"SearchAction","target":{"@type":"EntryPoint","urlTemplate":"https:\/\/peruvision.ro\/?s={search_term_string}"},"query-input":{"@type":"PropertyValueSpecification","valueRequired":true,"valueName":"search_term_string"}}],"inLanguage":"en-GB"},{"@type":"Organization","@id":"https:\/\/peruvision.ro\/#organization","name":"Peruvision","url":"https:\/\/peruvision.ro\/","logo":{"@type":"ImageObject","inLanguage":"en-GB","@id":"https:\/\/peruvision.ro\/#\/schema\/logo\/image\/","url":"https:\/\/peruvision.ro\/wp-content\/uploads\/2021\/09\/3biss-negru.png","contentUrl":"https:\/\/peruvision.ro\/wp-content\/uploads\/2021\/09\/3biss-negru.png","width":2035,"height":432,"caption":"Peruvision"},"image":{"@id":"https:\/\/peruvision.ro\/#\/schema\/logo\/image\/"},"sameAs":["https:\/\/www.facebook.com\/profile.php?id=100040871665118"]}]}},"jetpack_sharing_enabled":true,"_links":{"self":[{"href":"https:\/\/peruvision.ro\/en\/wp-json\/wp\/v2\/product\/17225","targetHints":{"allow":["GET"]}}],"collection":[{"href":"https:\/\/peruvision.ro\/en\/wp-json\/wp\/v2\/product"}],"about":[{"href":"https:\/\/peruvision.ro\/en\/wp-json\/wp\/v2\/types\/product"}],"version-history":[{"count":1,"href":"https:\/\/peruvision.ro\/en\/wp-json\/wp\/v2\/product\/17225\/revisions"}],"predecessor-version":[{"id":17944,"href":"https:\/\/peruvision.ro\/en\/wp-json\/wp\/v2\/product\/17225\/revisions\/17944"}],"wp:featuredmedia":[{"embeddable":true,"href":"https:\/\/peruvision.ro\/en\/wp-json\/wp\/v2\/media\/17242"}],"wp:attachment":[{"href":"https:\/\/peruvision.ro\/en\/wp-json\/wp\/v2\/media?parent=17225"}],"wp:term":[{"taxonomy":"product_brand","embeddable":true,"href":"https:\/\/peruvision.ro\/en\/wp-json\/wp\/v2\/product_brand?post=17225"},{"taxonomy":"product_cat","embeddable":true,"href":"https:\/\/peruvision.ro\/en\/wp-json\/wp\/v2\/product_cat?post=17225"},{"taxonomy":"product_tag","embeddable":true,"href":"https:\/\/peruvision.ro\/en\/wp-json\/wp\/v2\/product_tag?post=17225"}],"curies":[{"name":"wp","href":"https:\/\/api.w.org\/{rel}","templated":true}]}}