{"id":15797,"date":"2024-10-10T16:39:57","date_gmt":"2024-10-10T13:39:57","guid":{"rendered":"https:\/\/peruvision.ro\/?post_type=product&#038;p=15797"},"modified":"2025-12-17T13:47:58","modified_gmt":"2025-12-17T11:47:58","slug":"strong-energy-high-voltage-storage-battery-crn2st-9-4kwh","status":"publish","type":"product","link":"https:\/\/peruvision.ro\/en\/product\/strong-energy-high-voltage-storage-battery-crn2st-9-4kwh\/","title":{"rendered":"STRONG Energy High-Voltage Storage Battery CRN2ST-9.4kWh"},"content":{"rendered":"<section class=\"STRONG Energy High-Voltage\"><\/section>\n<section class=\"archer-setup-and-use\">\n<div class=\"w-container\">\n<div class=\"list\">\n<div class=\"li li-3\">\n<div class=\"box\">\n<table>\n<tbody>\n<tr id=\"tr_5924\">\n<th width=\"35%\">Scalabilitate<\/th>\n<td width=\"65%\"><b>2<\/b><\/td>\n<\/tr>\n<tr id=\"tr_5924\">\n<th width=\"35%\">Capacitate Nominal\u0103<\/th>\n<td width=\"65%\"><b>9.4 kWh<\/b><\/td>\n<\/tr>\n<tr id=\"tr_5923\">\n<th width=\"35%\">Gama de tensiune de operare<\/th>\n<td width=\"65%\">172.8 &#8211; 230.4<\/td>\n<\/tr>\n<tr id=\"tr_5925\">\n<th width=\"35%\">Curent de \u00eenc\u0103rcare\/desc\u0103rcare standard<\/th>\n<td width=\"65%\">23 \/ 40A<\/td>\n<\/tr>\n<tr id=\"tr_5926\">\n<th width=\"35%\">Curent maxim de \u00eenc\u0103rcare\/desc\u0103rcare<\/th>\n<td width=\"65%\">36 \/ 40A<\/td>\n<\/tr>\n<tr id=\"tr_5962\">\n<th width=\"35%\">Dimensiuni (W) x (H) x (D) mm<\/th>\n<td width=\"65%\">657 x 165 x 1351<\/td>\n<\/tr>\n<tr id=\"tr_5962\">\n<th width=\"35%\">Greutate<\/th>\n<td width=\"65%\">114 kg<\/td>\n<\/tr>\n<tr id=\"tr_5962\">\n<th width=\"35%\">Metoda de comunicare<\/th>\n<td width=\"65%\">RS485\/CAN\/Ethernet (\u00centre\u021binere remote)<\/td>\n<\/tr>\n<tr id=\"tr_5962\">\n<th width=\"35%\">Clasa de protectie<\/th>\n<td width=\"65%\">IP66<\/td>\n<\/tr>\n<tr id=\"tr_5962\">\n<th width=\"35%\">Temperatura ambiant\u0103 de func\u021bionare<\/th>\n<td width=\"65%\">-20\u00b0C ~ 50\u00b0C<\/td>\n<\/tr>\n<tr id=\"tr_5962\">\n<th width=\"35%\">Umiditatea mediului de func\u021bionare<\/th>\n<td width=\"65%\">5% &#8211; 95% (Fara Condens)<\/td>\n<\/tr>\n<tr id=\"tr_5962\">\n<th width=\"35%\">Altitudine de operare<\/th>\n<td width=\"65%\">&lt;2,000m<\/td>\n<\/tr>\n<tr id=\"tr_5962\">\n<th width=\"35%\">Ciclu de via\u021b\u0103<\/th>\n<td width=\"65%\">\u226510000 @ 25\u00b0C<\/td>\n<\/tr>\n<tr id=\"tr_5962\">\n<th width=\"35%\">Certificare<\/th>\n<td width=\"65%\">IEC62619\/UN38.3\/CE-EMC\/IEC 60730-1\/VDE2510-50<\/td>\n<\/tr>\n<tr id=\"tr_5962\">\n<th width=\"35%\">Compatibility<\/th>\n<td width=\"65%\">Strong CVT Series Inverter<\/td>\n<\/tr>\n<\/tbody>\n<\/table>\n<\/div>\n<\/div>\n<\/div>\n<\/div>\n<\/section>","protected":false},"excerpt":{"rendered":"<ul>\n<li>Instalare \u0219i \u00eentre\u021binere u\u0219oar\u0103 inovatoare<\/li>\n<li>Performan\u021b\u0103 excelent\u0103<\/li>\n<li>Curent maxim de \u00eenc\u0103rcare\/desc\u0103rcare de p\u00e2n\u0103 la 36A\/40A<\/li>\n<li>Disponibil la temperatur\u0103 joas\u0103, re\u00eenc\u0103rcabil \u0219i \u00eenc\u0103rcat la -20\u00b0C<\/li>\n<li>Celule LFP CATL EV, sigure \u0219i stabile<\/li>\n<li>Mecanism avansat de management BMS<\/li>\n<li>Protec\u021bie la supratensiune<\/li>\n<\/ul>","protected":false},"featured_media":15798,"template":"","meta":[],"product_brand":[],"product_cat":[754,756,15],"product_tag":[],"class_list":{"0":"post-15797","1":"product","2":"type-product","3":"status-publish","4":"has-post-thumbnail","6":"product_cat-sisteme-fotovoltaice","7":"product_cat-sisteme-fotovoltaice-solare","8":"product_cat-toate-produsele","10":"first","11":"onbackorder","12":"taxable","13":"shipping-taxable","14":"product-type-simple"},"yoast_head":"<!-- This site is optimized with the Yoast SEO Premium plugin v21.9 (Yoast SEO v27.6) - https:\/\/yoast.com\/product\/yoast-seo-premium-wordpress\/ -->\n<title>STRONG Energy High-Voltage Storage Battery CRN2ST-9.4kWh - Peruvision<\/title>\n<meta name=\"description\" content=\"Descopera STRONG Energy High-Voltage Storage Battery CRN2ST-9.4kWh la Peruvision. Preturi speciale pentru echipamentele achizitionate\" \/>\n<meta name=\"robots\" content=\"index, follow, max-snippet:-1, max-image-preview:large, max-video-preview:-1\" \/>\n<link rel=\"canonical\" href=\"https:\/\/peruvision.ro\/en\/product\/strong-energy-high-voltage-storage-battery-crn2st-9-4kwh\/\" \/>\n<meta property=\"og:locale\" content=\"en_GB\" \/>\n<meta property=\"og:type\" content=\"article\" \/>\n<meta property=\"og:title\" content=\"STRONG Energy High-Voltage Storage Battery CRN2ST-9.4kWh\" \/>\n<meta property=\"og:description\" content=\"Descopera STRONG Energy High-Voltage Storage Battery CRN2ST-9.4kWh la Peruvision. Preturi speciale pentru echipamentele achizitionate\" \/>\n<meta property=\"og:url\" content=\"https:\/\/peruvision.ro\/en\/product\/strong-energy-high-voltage-storage-battery-crn2st-9-4kwh\/\" \/>\n<meta property=\"og:site_name\" content=\"Peruvision\" \/>\n<meta property=\"article:publisher\" content=\"https:\/\/www.facebook.com\/profile.php?id=100040871665118\" \/>\n<meta property=\"article:modified_time\" content=\"2025-12-17T11:47:58+00:00\" \/>\n<meta property=\"og:image\" content=\"https:\/\/peruvision.ro\/wp-content\/uploads\/2024\/10\/solarpanel1.jpg\" \/>\n\t<meta property=\"og:image:width\" content=\"1080\" \/>\n\t<meta property=\"og:image:height\" content=\"1080\" \/>\n\t<meta property=\"og:image:type\" content=\"image\/jpeg\" \/>\n<meta name=\"twitter:card\" content=\"summary_large_image\" \/>\n<meta name=\"twitter:label1\" content=\"Estimated reading time\" \/>\n\t<meta name=\"twitter:data1\" content=\"1 minute\" \/>\n<script type=\"application\/ld+json\" class=\"yoast-schema-graph\">{\"@context\":\"https:\\\/\\\/schema.org\",\"@graph\":[{\"@type\":\"WebPage\",\"@id\":\"https:\\\/\\\/peruvision.ro\\\/produs\\\/strong-energy-high-voltage-storage-battery-crn2st-9-4kwh\\\/\",\"url\":\"https:\\\/\\\/peruvision.ro\\\/produs\\\/strong-energy-high-voltage-storage-battery-crn2st-9-4kwh\\\/\",\"name\":\"STRONG Energy High-Voltage Storage Battery CRN2ST-9.4kWh - Peruvision\",\"isPartOf\":{\"@id\":\"https:\\\/\\\/peruvision.ro\\\/#website\"},\"primaryImageOfPage\":{\"@id\":\"https:\\\/\\\/peruvision.ro\\\/produs\\\/strong-energy-high-voltage-storage-battery-crn2st-9-4kwh\\\/#primaryimage\"},\"image\":{\"@id\":\"https:\\\/\\\/peruvision.ro\\\/produs\\\/strong-energy-high-voltage-storage-battery-crn2st-9-4kwh\\\/#primaryimage\"},\"thumbnailUrl\":\"https:\\\/\\\/peruvision.ro\\\/wp-content\\\/uploads\\\/2024\\\/10\\\/solarpanel1.jpg\",\"datePublished\":\"2024-10-10T13:39:57+00:00\",\"dateModified\":\"2025-12-17T11:47:58+00:00\",\"description\":\"Descopera STRONG Energy High-Voltage Storage Battery CRN2ST-9.4kWh la Peruvision. Preturi speciale pentru echipamentele achizitionate\",\"breadcrumb\":{\"@id\":\"https:\\\/\\\/peruvision.ro\\\/produs\\\/strong-energy-high-voltage-storage-battery-crn2st-9-4kwh\\\/#breadcrumb\"},\"inLanguage\":\"en-GB\",\"potentialAction\":[{\"@type\":\"ReadAction\",\"target\":[\"https:\\\/\\\/peruvision.ro\\\/produs\\\/strong-energy-high-voltage-storage-battery-crn2st-9-4kwh\\\/\"]}]},{\"@type\":\"ImageObject\",\"inLanguage\":\"en-GB\",\"@id\":\"https:\\\/\\\/peruvision.ro\\\/produs\\\/strong-energy-high-voltage-storage-battery-crn2st-9-4kwh\\\/#primaryimage\",\"url\":\"https:\\\/\\\/peruvision.ro\\\/wp-content\\\/uploads\\\/2024\\\/10\\\/solarpanel1.jpg\",\"contentUrl\":\"https:\\\/\\\/peruvision.ro\\\/wp-content\\\/uploads\\\/2024\\\/10\\\/solarpanel1.jpg\",\"width\":1080,\"height\":1080},{\"@type\":\"BreadcrumbList\",\"@id\":\"https:\\\/\\\/peruvision.ro\\\/produs\\\/strong-energy-high-voltage-storage-battery-crn2st-9-4kwh\\\/#breadcrumb\",\"itemListElement\":[{\"@type\":\"ListItem\",\"position\":1,\"name\":\"Prima pagin\u0103\",\"item\":\"https:\\\/\\\/peruvision.ro\\\/\"},{\"@type\":\"ListItem\",\"position\":2,\"name\":\"Produse\",\"item\":\"https:\\\/\\\/peruvision.ro\\\/produse\\\/\"},{\"@type\":\"ListItem\",\"position\":3,\"name\":\"STRONG Energy High-Voltage Storage Battery CRN2ST-9.4kWh\"}]},{\"@type\":\"WebSite\",\"@id\":\"https:\\\/\\\/peruvision.ro\\\/#website\",\"url\":\"https:\\\/\\\/peruvision.ro\\\/\",\"name\":\"Peruvision\",\"description\":\"Site-ul firmei Peruvision, specializata in distributia de echipamente de telecomunicatii si servicii aferente.\",\"publisher\":{\"@id\":\"https:\\\/\\\/peruvision.ro\\\/#organization\"},\"potentialAction\":[{\"@type\":\"SearchAction\",\"target\":{\"@type\":\"EntryPoint\",\"urlTemplate\":\"https:\\\/\\\/peruvision.ro\\\/?s={search_term_string}\"},\"query-input\":{\"@type\":\"PropertyValueSpecification\",\"valueRequired\":true,\"valueName\":\"search_term_string\"}}],\"inLanguage\":\"en-GB\"},{\"@type\":\"Organization\",\"@id\":\"https:\\\/\\\/peruvision.ro\\\/#organization\",\"name\":\"Peruvision\",\"url\":\"https:\\\/\\\/peruvision.ro\\\/\",\"logo\":{\"@type\":\"ImageObject\",\"inLanguage\":\"en-GB\",\"@id\":\"https:\\\/\\\/peruvision.ro\\\/#\\\/schema\\\/logo\\\/image\\\/\",\"url\":\"https:\\\/\\\/peruvision.ro\\\/wp-content\\\/uploads\\\/2021\\\/09\\\/3biss-negru.png\",\"contentUrl\":\"https:\\\/\\\/peruvision.ro\\\/wp-content\\\/uploads\\\/2021\\\/09\\\/3biss-negru.png\",\"width\":2035,\"height\":432,\"caption\":\"Peruvision\"},\"image\":{\"@id\":\"https:\\\/\\\/peruvision.ro\\\/#\\\/schema\\\/logo\\\/image\\\/\"},\"sameAs\":[\"https:\\\/\\\/www.facebook.com\\\/profile.php?id=100040871665118\"]}]}<\/script>\n<!-- \/ Yoast SEO Premium plugin. -->","yoast_head_json":{"title":"STRONG Energy High-Voltage Storage Battery CRN2ST-9.4kWh - Peruvision","description":"Descopera STRONG Energy High-Voltage Storage Battery CRN2ST-9.4kWh la Peruvision. Preturi speciale pentru echipamentele achizitionate","robots":{"index":"index","follow":"follow","max-snippet":"max-snippet:-1","max-image-preview":"max-image-preview:large","max-video-preview":"max-video-preview:-1"},"canonical":"https:\/\/peruvision.ro\/en\/product\/strong-energy-high-voltage-storage-battery-crn2st-9-4kwh\/","og_locale":"en_GB","og_type":"article","og_title":"STRONG Energy High-Voltage Storage Battery CRN2ST-9.4kWh","og_description":"Descopera STRONG Energy High-Voltage Storage Battery CRN2ST-9.4kWh la Peruvision. Preturi speciale pentru echipamentele achizitionate","og_url":"https:\/\/peruvision.ro\/en\/product\/strong-energy-high-voltage-storage-battery-crn2st-9-4kwh\/","og_site_name":"Peruvision","article_publisher":"https:\/\/www.facebook.com\/profile.php?id=100040871665118","article_modified_time":"2025-12-17T11:47:58+00:00","og_image":[{"width":1080,"height":1080,"url":"https:\/\/peruvision.ro\/wp-content\/uploads\/2024\/10\/solarpanel1.jpg","type":"image\/jpeg"}],"twitter_card":"summary_large_image","twitter_misc":{"Estimated reading time":"1 minute"},"schema":{"@context":"https:\/\/schema.org","@graph":[{"@type":"WebPage","@id":"https:\/\/peruvision.ro\/produs\/strong-energy-high-voltage-storage-battery-crn2st-9-4kwh\/","url":"https:\/\/peruvision.ro\/produs\/strong-energy-high-voltage-storage-battery-crn2st-9-4kwh\/","name":"STRONG Energy High-Voltage Storage Battery CRN2ST-9.4kWh - Peruvision","isPartOf":{"@id":"https:\/\/peruvision.ro\/#website"},"primaryImageOfPage":{"@id":"https:\/\/peruvision.ro\/produs\/strong-energy-high-voltage-storage-battery-crn2st-9-4kwh\/#primaryimage"},"image":{"@id":"https:\/\/peruvision.ro\/produs\/strong-energy-high-voltage-storage-battery-crn2st-9-4kwh\/#primaryimage"},"thumbnailUrl":"https:\/\/peruvision.ro\/wp-content\/uploads\/2024\/10\/solarpanel1.jpg","datePublished":"2024-10-10T13:39:57+00:00","dateModified":"2025-12-17T11:47:58+00:00","description":"Descopera STRONG Energy High-Voltage Storage Battery CRN2ST-9.4kWh la Peruvision. Preturi speciale pentru echipamentele achizitionate","breadcrumb":{"@id":"https:\/\/peruvision.ro\/produs\/strong-energy-high-voltage-storage-battery-crn2st-9-4kwh\/#breadcrumb"},"inLanguage":"en-GB","potentialAction":[{"@type":"ReadAction","target":["https:\/\/peruvision.ro\/produs\/strong-energy-high-voltage-storage-battery-crn2st-9-4kwh\/"]}]},{"@type":"ImageObject","inLanguage":"en-GB","@id":"https:\/\/peruvision.ro\/produs\/strong-energy-high-voltage-storage-battery-crn2st-9-4kwh\/#primaryimage","url":"https:\/\/peruvision.ro\/wp-content\/uploads\/2024\/10\/solarpanel1.jpg","contentUrl":"https:\/\/peruvision.ro\/wp-content\/uploads\/2024\/10\/solarpanel1.jpg","width":1080,"height":1080},{"@type":"BreadcrumbList","@id":"https:\/\/peruvision.ro\/produs\/strong-energy-high-voltage-storage-battery-crn2st-9-4kwh\/#breadcrumb","itemListElement":[{"@type":"ListItem","position":1,"name":"Prima pagin\u0103","item":"https:\/\/peruvision.ro\/"},{"@type":"ListItem","position":2,"name":"Produse","item":"https:\/\/peruvision.ro\/produse\/"},{"@type":"ListItem","position":3,"name":"STRONG Energy High-Voltage Storage Battery CRN2ST-9.4kWh"}]},{"@type":"WebSite","@id":"https:\/\/peruvision.ro\/#website","url":"https:\/\/peruvision.ro\/","name":"Peruvision","description":"Site-ul firmei Peruvision, specializata in distributia de echipamente de telecomunicatii si servicii aferente.","publisher":{"@id":"https:\/\/peruvision.ro\/#organization"},"potentialAction":[{"@type":"SearchAction","target":{"@type":"EntryPoint","urlTemplate":"https:\/\/peruvision.ro\/?s={search_term_string}"},"query-input":{"@type":"PropertyValueSpecification","valueRequired":true,"valueName":"search_term_string"}}],"inLanguage":"en-GB"},{"@type":"Organization","@id":"https:\/\/peruvision.ro\/#organization","name":"Peruvision","url":"https:\/\/peruvision.ro\/","logo":{"@type":"ImageObject","inLanguage":"en-GB","@id":"https:\/\/peruvision.ro\/#\/schema\/logo\/image\/","url":"https:\/\/peruvision.ro\/wp-content\/uploads\/2021\/09\/3biss-negru.png","contentUrl":"https:\/\/peruvision.ro\/wp-content\/uploads\/2021\/09\/3biss-negru.png","width":2035,"height":432,"caption":"Peruvision"},"image":{"@id":"https:\/\/peruvision.ro\/#\/schema\/logo\/image\/"},"sameAs":["https:\/\/www.facebook.com\/profile.php?id=100040871665118"]}]}},"jetpack_sharing_enabled":true,"_links":{"self":[{"href":"https:\/\/peruvision.ro\/en\/wp-json\/wp\/v2\/product\/15797","targetHints":{"allow":["GET"]}}],"collection":[{"href":"https:\/\/peruvision.ro\/en\/wp-json\/wp\/v2\/product"}],"about":[{"href":"https:\/\/peruvision.ro\/en\/wp-json\/wp\/v2\/types\/product"}],"version-history":[{"count":1,"href":"https:\/\/peruvision.ro\/en\/wp-json\/wp\/v2\/product\/15797\/revisions"}],"predecessor-version":[{"id":17936,"href":"https:\/\/peruvision.ro\/en\/wp-json\/wp\/v2\/product\/15797\/revisions\/17936"}],"wp:featuredmedia":[{"embeddable":true,"href":"https:\/\/peruvision.ro\/en\/wp-json\/wp\/v2\/media\/15798"}],"wp:attachment":[{"href":"https:\/\/peruvision.ro\/en\/wp-json\/wp\/v2\/media?parent=15797"}],"wp:term":[{"taxonomy":"product_brand","embeddable":true,"href":"https:\/\/peruvision.ro\/en\/wp-json\/wp\/v2\/product_brand?post=15797"},{"taxonomy":"product_cat","embeddable":true,"href":"https:\/\/peruvision.ro\/en\/wp-json\/wp\/v2\/product_cat?post=15797"},{"taxonomy":"product_tag","embeddable":true,"href":"https:\/\/peruvision.ro\/en\/wp-json\/wp\/v2\/product_tag?post=15797"}],"curies":[{"name":"wp","href":"https:\/\/api.w.org\/{rel}","templated":true}]}}