{"id":14895,"date":"2024-05-29T11:32:37","date_gmt":"2024-05-29T08:32:37","guid":{"rendered":"https:\/\/peruvision.ro\/?post_type=product&#038;p=14895"},"modified":"2026-03-17T11:37:48","modified_gmt":"2026-03-17T09:37:48","slug":"mouse-wireless-asus-wt425","status":"publish","type":"product","link":"https:\/\/peruvision.ro\/en\/product\/mouse-wireless-asus-wt425\/","title":{"rendered":"MOUSE ASUS WT425 NEGRU"},"content":{"rendered":"<p><strong>USB 2.0 f\u0103r\u0103 efort<\/strong> &#8211; Design simplu, care func\u021bioneaz\u0103 de fiecare dat\u0103 cu toate computerele plug and play.<br \/>\n<strong>M\u00e2na dreapt\u0103<\/strong> &#8211; Designul ergonomic precis se adreseaz\u0103 utilizatorilor dreptaci cu un confort absolut \u0219i o reac\u021bie natural\u0103.<br \/>\n<strong>Optic\u0103 precis\u0103<\/strong> &#8211; Obiectivele de calitate \u0219i urm\u0103rirea asigur\u0103 input real \u00een fiecare aplica\u021bie \u0219i pe toate suprafe\u021bele &#8211; nu mai exist\u0103 dependen\u021b\u0103 de mouse pad.<br \/>\n<strong>1000\/1600 dpi (default 1000)<\/strong> &#8211; Controlul de \u00eenalt\u0103 rezolu\u021bie nu omite niciodat\u0103 un punct, reduc\u00e2nd \u00eent\u00e2rzierile, frustrarea \u0219i erorile \u00een calculul f\u0103r\u0103 griji.<br \/>\n<strong>Design Ergonomic <\/strong>&#8211; \u00a0Designul perfect al mouse-ului se potrive\u0219te u\u0219or pe m\u00e2ini pentru confort total \u0219i utilizare prelungit\u0103, indiferent dac\u0103 este productiv sau pur \u0219i simplu de divertisment.<\/p>\n<p>Mouse-ul optic wireless ASUS WT425 are o tehnologie avansat\u0103 de urm\u0103rire cu rezolu\u021bii de p\u00e2n\u0103 la 1600DPI. Un comutator dedicat v\u0103 permite s\u0103 selecta\u021bi cu u\u0219urin\u021b\u0103 niveluri de sensibilitate de 1000 \u0219i 1600DPI; \u00een timp ce designul silen\u021bios al clicului mouse-ului \u00eenseamn\u0103 c\u0103 \u00eel pute\u021bi folosi \u00een medii lini\u0219tite.<\/p>\n<p class=\"pad-top-sm text-uppercase strong\">CARACTERISTICI GENERALE<\/p>\n<table class=\"table table-striped specifications-table\">\n<tbody>\n<tr>\n<td class=\"col-xs-4 text-muted\">Tip<\/td>\n<td class=\"col-xs-8\">Standard<\/td>\n<\/tr>\n<tr>\n<td class=\"col-xs-4 text-muted\">Rezolutie (dpi)<\/td>\n<td class=\"col-xs-8\">1600 dpi<\/td>\n<\/tr>\n<tr>\n<td class=\"col-xs-4 text-muted\">Butoane\/rotite<\/td>\n<td class=\"col-xs-8\">6\/1<\/td>\n<\/tr>\n<tr>\n<td class=\"col-xs-4 text-muted\">Interfata mouse<\/td>\n<td class=\"col-xs-8\">Wireless<\/td>\n<\/tr>\n<tr>\n<td class=\"col-xs-4 text-muted\">Tehnologie<\/td>\n<td class=\"col-xs-8\">Wireless<\/td>\n<\/tr>\n<tr>\n<td class=\"col-xs-4 text-muted\">Senzor<\/td>\n<td class=\"col-xs-8\">Optic<\/td>\n<\/tr>\n<tr>\n<td class=\"col-xs-4 text-muted\">Interfata receiver<\/td>\n<td class=\"col-xs-8\">USB<\/td>\n<\/tr>\n<tr>\n<td class=\"col-xs-4 text-muted\">Culoare<\/td>\n<td class=\"col-xs-8\">Negru<\/td>\n<\/tr>\n<tr>\n<td class=\"col-xs-4 text-muted\">Dimensiune (mm)<\/td>\n<td class=\"col-xs-8\">106.8 x 14.8 x 6.2 mm<\/td>\n<\/tr>\n<tr>\n<td class=\"col-xs-4 text-muted\">Greutate<\/td>\n<td class=\"col-xs-8\">0.064 Kg<\/td>\n<\/tr>\n<\/tbody>\n<\/table>","protected":false},"excerpt":{"rendered":"<p>Mouse optic ASUS WT425, 1600 dpi, USB, Negru<\/p>\n<ul>\n<li>Mouse optic f\u0103r\u0103 fir cu tehnologie avansat\u0103 de urm\u0103rire.<\/li>\n<li>Design silen\u021bios al clicului<\/li>\n<li>Comutator dedicat pentru modurile 1000DPI \u0219i 1600DPI<\/li>\n<li>Func\u021bie de gestionare a energiei pentru prelungirea duratei de via\u021b\u0103 a bateriei<\/li>\n<li>Mouse conceput ergonomic, cu o acoperire tactil\u0103, u\u0219or de prins<\/li>\n<\/ul>","protected":false},"featured_media":14906,"template":"","meta":[],"product_brand":[],"product_cat":[679,705,15],"product_tag":[],"class_list":{"0":"post-14895","1":"product","2":"type-product","3":"status-publish","4":"has-post-thumbnail","6":"product_cat-pc-componente-si-periferice","7":"product_cat-tastaturi","8":"product_cat-toate-produsele","10":"first","11":"instock","12":"taxable","13":"shipping-taxable","14":"purchasable","15":"product-type-simple"},"yoast_head":"<!-- This site is optimized with the Yoast SEO Premium plugin v21.9 (Yoast SEO v27.6) - https:\/\/yoast.com\/product\/yoast-seo-premium-wordpress\/ -->\n<title>MOUSE ASUS WT425 NEGRU - Peruvision<\/title>\n<meta name=\"description\" content=\"Descopera MOUSE ASUS WT425 NEGRU la Peruvision. Preturi speciale pentru echipamentele achizitionate\" \/>\n<meta name=\"robots\" content=\"index, follow, max-snippet:-1, max-image-preview:large, max-video-preview:-1\" \/>\n<link rel=\"canonical\" href=\"https:\/\/peruvision.ro\/en\/product\/mouse-wireless-asus-wt425\/\" \/>\n<meta property=\"og:locale\" content=\"en_GB\" \/>\n<meta property=\"og:type\" content=\"article\" \/>\n<meta property=\"og:title\" content=\"MOUSE ASUS WT425 NEGRU\" \/>\n<meta property=\"og:description\" content=\"Descopera MOUSE ASUS WT425 NEGRU la Peruvision. Preturi speciale pentru echipamentele achizitionate\" \/>\n<meta property=\"og:url\" content=\"https:\/\/peruvision.ro\/en\/product\/mouse-wireless-asus-wt425\/\" \/>\n<meta property=\"og:site_name\" content=\"Peruvision\" \/>\n<meta property=\"article:publisher\" content=\"https:\/\/www.facebook.com\/profile.php?id=100040871665118\" \/>\n<meta property=\"article:modified_time\" content=\"2026-03-17T09:37:48+00:00\" \/>\n<meta property=\"og:image\" content=\"https:\/\/peruvision.ro\/wp-content\/uploads\/2024\/05\/wt45_main-1.jpg\" \/>\n\t<meta property=\"og:image:width\" content=\"1080\" \/>\n\t<meta property=\"og:image:height\" content=\"1080\" \/>\n\t<meta property=\"og:image:type\" content=\"image\/jpeg\" \/>\n<meta name=\"twitter:card\" content=\"summary_large_image\" \/>\n<meta name=\"twitter:label1\" content=\"Estimated reading time\" \/>\n\t<meta name=\"twitter:data1\" content=\"2 minutes\" \/>\n<script type=\"application\/ld+json\" class=\"yoast-schema-graph\">{\"@context\":\"https:\\\/\\\/schema.org\",\"@graph\":[{\"@type\":\"WebPage\",\"@id\":\"https:\\\/\\\/peruvision.ro\\\/produs\\\/mouse-wireless-asus-wt425\\\/\",\"url\":\"https:\\\/\\\/peruvision.ro\\\/produs\\\/mouse-wireless-asus-wt425\\\/\",\"name\":\"MOUSE ASUS WT425 NEGRU - Peruvision\",\"isPartOf\":{\"@id\":\"https:\\\/\\\/peruvision.ro\\\/#website\"},\"primaryImageOfPage\":{\"@id\":\"https:\\\/\\\/peruvision.ro\\\/produs\\\/mouse-wireless-asus-wt425\\\/#primaryimage\"},\"image\":{\"@id\":\"https:\\\/\\\/peruvision.ro\\\/produs\\\/mouse-wireless-asus-wt425\\\/#primaryimage\"},\"thumbnailUrl\":\"https:\\\/\\\/peruvision.ro\\\/wp-content\\\/uploads\\\/2024\\\/05\\\/wt45_main-1.jpg\",\"datePublished\":\"2024-05-29T08:32:37+00:00\",\"dateModified\":\"2026-03-17T09:37:48+00:00\",\"description\":\"Descopera MOUSE ASUS WT425 NEGRU la Peruvision. Preturi speciale pentru echipamentele achizitionate\",\"breadcrumb\":{\"@id\":\"https:\\\/\\\/peruvision.ro\\\/produs\\\/mouse-wireless-asus-wt425\\\/#breadcrumb\"},\"inLanguage\":\"en-GB\",\"potentialAction\":[{\"@type\":\"ReadAction\",\"target\":[\"https:\\\/\\\/peruvision.ro\\\/produs\\\/mouse-wireless-asus-wt425\\\/\"]}]},{\"@type\":\"ImageObject\",\"inLanguage\":\"en-GB\",\"@id\":\"https:\\\/\\\/peruvision.ro\\\/produs\\\/mouse-wireless-asus-wt425\\\/#primaryimage\",\"url\":\"https:\\\/\\\/peruvision.ro\\\/wp-content\\\/uploads\\\/2024\\\/05\\\/wt45_main-1.jpg\",\"contentUrl\":\"https:\\\/\\\/peruvision.ro\\\/wp-content\\\/uploads\\\/2024\\\/05\\\/wt45_main-1.jpg\",\"width\":1080,\"height\":1080},{\"@type\":\"BreadcrumbList\",\"@id\":\"https:\\\/\\\/peruvision.ro\\\/produs\\\/mouse-wireless-asus-wt425\\\/#breadcrumb\",\"itemListElement\":[{\"@type\":\"ListItem\",\"position\":1,\"name\":\"Prima pagin\u0103\",\"item\":\"https:\\\/\\\/peruvision.ro\\\/\"},{\"@type\":\"ListItem\",\"position\":2,\"name\":\"Produse\",\"item\":\"https:\\\/\\\/peruvision.ro\\\/produse\\\/\"},{\"@type\":\"ListItem\",\"position\":3,\"name\":\"MOUSE ASUS WT425 NEGRU\"}]},{\"@type\":\"WebSite\",\"@id\":\"https:\\\/\\\/peruvision.ro\\\/#website\",\"url\":\"https:\\\/\\\/peruvision.ro\\\/\",\"name\":\"Peruvision\",\"description\":\"Site-ul firmei Peruvision, specializata in distributia de echipamente de telecomunicatii si servicii aferente.\",\"publisher\":{\"@id\":\"https:\\\/\\\/peruvision.ro\\\/#organization\"},\"potentialAction\":[{\"@type\":\"SearchAction\",\"target\":{\"@type\":\"EntryPoint\",\"urlTemplate\":\"https:\\\/\\\/peruvision.ro\\\/?s={search_term_string}\"},\"query-input\":{\"@type\":\"PropertyValueSpecification\",\"valueRequired\":true,\"valueName\":\"search_term_string\"}}],\"inLanguage\":\"en-GB\"},{\"@type\":\"Organization\",\"@id\":\"https:\\\/\\\/peruvision.ro\\\/#organization\",\"name\":\"Peruvision\",\"url\":\"https:\\\/\\\/peruvision.ro\\\/\",\"logo\":{\"@type\":\"ImageObject\",\"inLanguage\":\"en-GB\",\"@id\":\"https:\\\/\\\/peruvision.ro\\\/#\\\/schema\\\/logo\\\/image\\\/\",\"url\":\"https:\\\/\\\/peruvision.ro\\\/wp-content\\\/uploads\\\/2021\\\/09\\\/3biss-negru.png\",\"contentUrl\":\"https:\\\/\\\/peruvision.ro\\\/wp-content\\\/uploads\\\/2021\\\/09\\\/3biss-negru.png\",\"width\":2035,\"height\":432,\"caption\":\"Peruvision\"},\"image\":{\"@id\":\"https:\\\/\\\/peruvision.ro\\\/#\\\/schema\\\/logo\\\/image\\\/\"},\"sameAs\":[\"https:\\\/\\\/www.facebook.com\\\/profile.php?id=100040871665118\"]}]}<\/script>\n<!-- \/ Yoast SEO Premium plugin. -->","yoast_head_json":{"title":"MOUSE ASUS WT425 NEGRU - Peruvision","description":"Descopera MOUSE ASUS WT425 NEGRU la Peruvision. Preturi speciale pentru echipamentele achizitionate","robots":{"index":"index","follow":"follow","max-snippet":"max-snippet:-1","max-image-preview":"max-image-preview:large","max-video-preview":"max-video-preview:-1"},"canonical":"https:\/\/peruvision.ro\/en\/product\/mouse-wireless-asus-wt425\/","og_locale":"en_GB","og_type":"article","og_title":"MOUSE ASUS WT425 NEGRU","og_description":"Descopera MOUSE ASUS WT425 NEGRU la Peruvision. Preturi speciale pentru echipamentele achizitionate","og_url":"https:\/\/peruvision.ro\/en\/product\/mouse-wireless-asus-wt425\/","og_site_name":"Peruvision","article_publisher":"https:\/\/www.facebook.com\/profile.php?id=100040871665118","article_modified_time":"2026-03-17T09:37:48+00:00","og_image":[{"width":1080,"height":1080,"url":"https:\/\/peruvision.ro\/wp-content\/uploads\/2024\/05\/wt45_main-1.jpg","type":"image\/jpeg"}],"twitter_card":"summary_large_image","twitter_misc":{"Estimated reading time":"2 minutes"},"schema":{"@context":"https:\/\/schema.org","@graph":[{"@type":"WebPage","@id":"https:\/\/peruvision.ro\/produs\/mouse-wireless-asus-wt425\/","url":"https:\/\/peruvision.ro\/produs\/mouse-wireless-asus-wt425\/","name":"MOUSE ASUS WT425 NEGRU - Peruvision","isPartOf":{"@id":"https:\/\/peruvision.ro\/#website"},"primaryImageOfPage":{"@id":"https:\/\/peruvision.ro\/produs\/mouse-wireless-asus-wt425\/#primaryimage"},"image":{"@id":"https:\/\/peruvision.ro\/produs\/mouse-wireless-asus-wt425\/#primaryimage"},"thumbnailUrl":"https:\/\/peruvision.ro\/wp-content\/uploads\/2024\/05\/wt45_main-1.jpg","datePublished":"2024-05-29T08:32:37+00:00","dateModified":"2026-03-17T09:37:48+00:00","description":"Descopera MOUSE ASUS WT425 NEGRU la Peruvision. Preturi speciale pentru echipamentele achizitionate","breadcrumb":{"@id":"https:\/\/peruvision.ro\/produs\/mouse-wireless-asus-wt425\/#breadcrumb"},"inLanguage":"en-GB","potentialAction":[{"@type":"ReadAction","target":["https:\/\/peruvision.ro\/produs\/mouse-wireless-asus-wt425\/"]}]},{"@type":"ImageObject","inLanguage":"en-GB","@id":"https:\/\/peruvision.ro\/produs\/mouse-wireless-asus-wt425\/#primaryimage","url":"https:\/\/peruvision.ro\/wp-content\/uploads\/2024\/05\/wt45_main-1.jpg","contentUrl":"https:\/\/peruvision.ro\/wp-content\/uploads\/2024\/05\/wt45_main-1.jpg","width":1080,"height":1080},{"@type":"BreadcrumbList","@id":"https:\/\/peruvision.ro\/produs\/mouse-wireless-asus-wt425\/#breadcrumb","itemListElement":[{"@type":"ListItem","position":1,"name":"Prima pagin\u0103","item":"https:\/\/peruvision.ro\/"},{"@type":"ListItem","position":2,"name":"Produse","item":"https:\/\/peruvision.ro\/produse\/"},{"@type":"ListItem","position":3,"name":"MOUSE ASUS WT425 NEGRU"}]},{"@type":"WebSite","@id":"https:\/\/peruvision.ro\/#website","url":"https:\/\/peruvision.ro\/","name":"Peruvision","description":"Site-ul firmei Peruvision, specializata in distributia de echipamente de telecomunicatii si servicii aferente.","publisher":{"@id":"https:\/\/peruvision.ro\/#organization"},"potentialAction":[{"@type":"SearchAction","target":{"@type":"EntryPoint","urlTemplate":"https:\/\/peruvision.ro\/?s={search_term_string}"},"query-input":{"@type":"PropertyValueSpecification","valueRequired":true,"valueName":"search_term_string"}}],"inLanguage":"en-GB"},{"@type":"Organization","@id":"https:\/\/peruvision.ro\/#organization","name":"Peruvision","url":"https:\/\/peruvision.ro\/","logo":{"@type":"ImageObject","inLanguage":"en-GB","@id":"https:\/\/peruvision.ro\/#\/schema\/logo\/image\/","url":"https:\/\/peruvision.ro\/wp-content\/uploads\/2021\/09\/3biss-negru.png","contentUrl":"https:\/\/peruvision.ro\/wp-content\/uploads\/2021\/09\/3biss-negru.png","width":2035,"height":432,"caption":"Peruvision"},"image":{"@id":"https:\/\/peruvision.ro\/#\/schema\/logo\/image\/"},"sameAs":["https:\/\/www.facebook.com\/profile.php?id=100040871665118"]}]}},"jetpack_sharing_enabled":true,"_links":{"self":[{"href":"https:\/\/peruvision.ro\/en\/wp-json\/wp\/v2\/product\/14895","targetHints":{"allow":["GET"]}}],"collection":[{"href":"https:\/\/peruvision.ro\/en\/wp-json\/wp\/v2\/product"}],"about":[{"href":"https:\/\/peruvision.ro\/en\/wp-json\/wp\/v2\/types\/product"}],"version-history":[{"count":2,"href":"https:\/\/peruvision.ro\/en\/wp-json\/wp\/v2\/product\/14895\/revisions"}],"predecessor-version":[{"id":18319,"href":"https:\/\/peruvision.ro\/en\/wp-json\/wp\/v2\/product\/14895\/revisions\/18319"}],"wp:featuredmedia":[{"embeddable":true,"href":"https:\/\/peruvision.ro\/en\/wp-json\/wp\/v2\/media\/14906"}],"wp:attachment":[{"href":"https:\/\/peruvision.ro\/en\/wp-json\/wp\/v2\/media?parent=14895"}],"wp:term":[{"taxonomy":"product_brand","embeddable":true,"href":"https:\/\/peruvision.ro\/en\/wp-json\/wp\/v2\/product_brand?post=14895"},{"taxonomy":"product_cat","embeddable":true,"href":"https:\/\/peruvision.ro\/en\/wp-json\/wp\/v2\/product_cat?post=14895"},{"taxonomy":"product_tag","embeddable":true,"href":"https:\/\/peruvision.ro\/en\/wp-json\/wp\/v2\/product_tag?post=14895"}],"curies":[{"name":"wp","href":"https:\/\/api.w.org\/{rel}","templated":true}]}}