{"id":14868,"date":"2024-05-29T12:26:07","date_gmt":"2024-05-29T09:26:07","guid":{"rendered":"https:\/\/peruvision.ro\/?post_type=product&#038;p=14868"},"modified":"2026-03-17T11:37:31","modified_gmt":"2026-03-17T09:37:31","slug":"tastatura-wireless-logitech-k400-plus","status":"publish","type":"product","link":"https:\/\/peruvision.ro\/en\/product\/tastatura-wireless-logitech-k400-plus\/","title":{"rendered":"TASTATURA LOGITECH WIFI K400 +"},"content":{"rendered":"<p><strong>CONTROL TOTAL DE PE CANAPEA<\/strong><br \/>\nTastatur\u0103 wireless plug-and-play cu touchpad integrat pentru control total al PC-ului conectat la televizor de pe canapea. K400 este o tastatur\u0103 silen\u021bioas\u0103, u\u0219or de utilizat, cu touchpad \u00eencorporat, plus toate tastele rapide pe care utilizatorii de Windows \u0219i Android le cunosc \u0219i le iubesc. Complet cu comenzi media care fac navigarea la televizorul dvs. controlat de PC o simpl\u0103.<\/p>\n<p><strong>CONCEPUT PENTRU CONTROL RELAXANT<\/strong><br \/>\nTouchpadul \u00eencorporat v\u0103 p\u0103streaz\u0103 tastarea \u0219i navigarea \u00eentr-un singur loc. C\u00e2nd vine vorba de televizorul dvs. controlat de PC, K400 face navigarea mai u\u0219oar\u0103, f\u0103r\u0103 a fi nevoie s\u0103 conecta\u021bi separat tastatura \u0219i mouse-ul (sau s\u0103 v\u0103 da\u021bi jos de pe canapea). Astfel, pute\u021bi viziona f\u0103r\u0103 probleme videoclipuri, pute\u021bi naviga pe web sau pute\u021bi discuta cu prietenii.<\/p>\n<p><strong>TASTE SILEN\u021aICE, TOUCHPAD MARE<\/strong><br \/>\nTastele confortabile, silen\u021bioase \u0219i un touchpad mare fac navigarea \u00een divertisment f\u0103r\u0103 efort, chiar \u0219i configurarea este o simpl\u0103 rapiditate datorit\u0103 receptorului USB Unifying mic, plug-and-play.<\/p>\n<p><strong>WIRELESS \u0218I COMPATIBIL<\/strong><br \/>\nWireless puternic, f\u0103r\u0103 \u00eent\u00e2rzieri, v\u0103 ofer\u0103 p\u00e2n\u0103 la 10 metri. Raza wireless poate varia \u00een func\u021bie de utilizator, de mediu \u0219i de condi\u021biile de calcul. Proiectat pentru utilizare cu Windows 7, Windows 8, Windows 10 \u0219i versiuni ulterioare, Android 7 sau mai recente \u0219i Chrome OS.<\/p>\n<p><strong>PERSONALIZABIL\u0102<\/strong><br \/>\nFolosi\u021bi-l imediat din cutie sau personaliza\u021bi-v\u0103 comenzile cu software-ul Logitech Options. Comenzile prestabilite faciliteaz\u0103 reglarea volumului, efectuarea selec\u021biilor sau utilizarea comenzilor rapide pentru Windows \u0219i Android.<\/p>\n<p>Inaltime: 139,9 mm<br \/>\nLatime: 354,3 mm<br \/>\nAd\u00e2ncime: 23,5 mm<br \/>\nGreutate: 390 g (cu baterii)<br \/>\nTouchpad<br \/>\nInaltime: 76 mm<br \/>\nLatime: 47 mm<br \/>\nSpecificatii tehnice<br \/>\nTipul conexiunii<br \/>\nProtocol Logitech Unifying (2,4 GHz)<br \/>\nRaza wireless: &gt;10 m raz\u0103 f\u0103r\u0103 fir 1<br \/>\nRaza wireless poate varia din cauza condi\u021biilor de mediu \u0219i de calcul.<br \/>\nSoftware op\u021bional<br \/>\nOp\u021biuni Logitech<br \/>\nBaterie<br \/>\nBaterie: 2 x AA (inclus\u0103)<br \/>\nBaterie: 18 luni 2 Durata de via\u021b\u0103 a bateriei poate varia \u00een func\u021bie de utilizator \u0219i de computer<\/p>","protected":false},"excerpt":{"rendered":"<ul>\n<li>Tastatur\u0103 u\u0219or de utilizat, cu touchpad \u00eencorporat<\/li>\n<li>Toate tastele rapide pe care utilizatorii de Windows \u0219i Android le cunosc \u0219i le iubesc.<\/li>\n<li>Comenzi media care fac navigarea la televizorul dvs. controlat de PC o simpl\u0103 formalitate.<\/li>\n<\/ul>","protected":false},"featured_media":14892,"template":"","meta":[],"product_brand":[],"product_cat":[679,705,15],"product_tag":[],"class_list":{"0":"post-14868","1":"product","2":"type-product","3":"status-publish","4":"has-post-thumbnail","6":"product_cat-pc-componente-si-periferice","7":"product_cat-tastaturi","8":"product_cat-toate-produsele","10":"first","11":"outofstock","12":"taxable","13":"shipping-taxable","14":"purchasable","15":"product-type-simple"},"yoast_head":"<!-- This site is optimized with the Yoast SEO Premium plugin v21.9 (Yoast SEO v27.6) - https:\/\/yoast.com\/product\/yoast-seo-premium-wordpress\/ -->\n<title>TASTATURA LOGITECH WIFI K400 + - Peruvision<\/title>\n<meta name=\"description\" content=\"Descopera TASTATURA LOGITECH WIFI K400 + la Peruvision. Preturi speciale pentru echipamentele achizitionate\" \/>\n<meta name=\"robots\" content=\"index, follow, max-snippet:-1, max-image-preview:large, max-video-preview:-1\" \/>\n<link rel=\"canonical\" href=\"https:\/\/peruvision.ro\/en\/product\/tastatura-wireless-logitech-k400-plus\/\" \/>\n<meta property=\"og:locale\" content=\"en_GB\" \/>\n<meta property=\"og:type\" content=\"article\" \/>\n<meta property=\"og:title\" content=\"TASTATURA LOGITECH WIFI K400 +\" \/>\n<meta property=\"og:description\" content=\"Descopera TASTATURA LOGITECH WIFI K400 + la Peruvision. Preturi speciale pentru echipamentele achizitionate\" \/>\n<meta property=\"og:url\" content=\"https:\/\/peruvision.ro\/en\/product\/tastatura-wireless-logitech-k400-plus\/\" \/>\n<meta property=\"og:site_name\" content=\"Peruvision\" \/>\n<meta property=\"article:publisher\" content=\"https:\/\/www.facebook.com\/profile.php?id=100040871665118\" \/>\n<meta property=\"article:modified_time\" content=\"2026-03-17T09:37:31+00:00\" \/>\n<meta property=\"og:image\" content=\"https:\/\/peruvision.ro\/wp-content\/uploads\/2024\/05\/logitechk400_main.jpg\" \/>\n\t<meta property=\"og:image:width\" content=\"1080\" \/>\n\t<meta property=\"og:image:height\" content=\"1080\" \/>\n\t<meta property=\"og:image:type\" content=\"image\/jpeg\" \/>\n<meta name=\"twitter:card\" content=\"summary_large_image\" \/>\n<meta name=\"twitter:label1\" content=\"Estimated reading time\" \/>\n\t<meta name=\"twitter:data1\" content=\"2 minutes\" \/>\n<script type=\"application\/ld+json\" class=\"yoast-schema-graph\">{\"@context\":\"https:\\\/\\\/schema.org\",\"@graph\":[{\"@type\":\"WebPage\",\"@id\":\"https:\\\/\\\/peruvision.ro\\\/produs\\\/tastatura-wireless-logitech-k400-plus\\\/\",\"url\":\"https:\\\/\\\/peruvision.ro\\\/produs\\\/tastatura-wireless-logitech-k400-plus\\\/\",\"name\":\"TASTATURA LOGITECH WIFI K400 + - Peruvision\",\"isPartOf\":{\"@id\":\"https:\\\/\\\/peruvision.ro\\\/#website\"},\"primaryImageOfPage\":{\"@id\":\"https:\\\/\\\/peruvision.ro\\\/produs\\\/tastatura-wireless-logitech-k400-plus\\\/#primaryimage\"},\"image\":{\"@id\":\"https:\\\/\\\/peruvision.ro\\\/produs\\\/tastatura-wireless-logitech-k400-plus\\\/#primaryimage\"},\"thumbnailUrl\":\"https:\\\/\\\/peruvision.ro\\\/wp-content\\\/uploads\\\/2024\\\/05\\\/logitechk400_main.jpg\",\"datePublished\":\"2024-05-29T09:26:07+00:00\",\"dateModified\":\"2026-03-17T09:37:31+00:00\",\"description\":\"Descopera TASTATURA LOGITECH WIFI K400 + la Peruvision. Preturi speciale pentru echipamentele achizitionate\",\"breadcrumb\":{\"@id\":\"https:\\\/\\\/peruvision.ro\\\/produs\\\/tastatura-wireless-logitech-k400-plus\\\/#breadcrumb\"},\"inLanguage\":\"en-GB\",\"potentialAction\":[{\"@type\":\"ReadAction\",\"target\":[\"https:\\\/\\\/peruvision.ro\\\/produs\\\/tastatura-wireless-logitech-k400-plus\\\/\"]}]},{\"@type\":\"ImageObject\",\"inLanguage\":\"en-GB\",\"@id\":\"https:\\\/\\\/peruvision.ro\\\/produs\\\/tastatura-wireless-logitech-k400-plus\\\/#primaryimage\",\"url\":\"https:\\\/\\\/peruvision.ro\\\/wp-content\\\/uploads\\\/2024\\\/05\\\/logitechk400_main.jpg\",\"contentUrl\":\"https:\\\/\\\/peruvision.ro\\\/wp-content\\\/uploads\\\/2024\\\/05\\\/logitechk400_main.jpg\",\"width\":1080,\"height\":1080},{\"@type\":\"BreadcrumbList\",\"@id\":\"https:\\\/\\\/peruvision.ro\\\/produs\\\/tastatura-wireless-logitech-k400-plus\\\/#breadcrumb\",\"itemListElement\":[{\"@type\":\"ListItem\",\"position\":1,\"name\":\"Prima pagin\u0103\",\"item\":\"https:\\\/\\\/peruvision.ro\\\/\"},{\"@type\":\"ListItem\",\"position\":2,\"name\":\"Produse\",\"item\":\"https:\\\/\\\/peruvision.ro\\\/produse\\\/\"},{\"@type\":\"ListItem\",\"position\":3,\"name\":\"TASTATURA LOGITECH WIFI K400 +\"}]},{\"@type\":\"WebSite\",\"@id\":\"https:\\\/\\\/peruvision.ro\\\/#website\",\"url\":\"https:\\\/\\\/peruvision.ro\\\/\",\"name\":\"Peruvision\",\"description\":\"Site-ul firmei Peruvision, specializata in distributia de echipamente de telecomunicatii si servicii aferente.\",\"publisher\":{\"@id\":\"https:\\\/\\\/peruvision.ro\\\/#organization\"},\"potentialAction\":[{\"@type\":\"SearchAction\",\"target\":{\"@type\":\"EntryPoint\",\"urlTemplate\":\"https:\\\/\\\/peruvision.ro\\\/?s={search_term_string}\"},\"query-input\":{\"@type\":\"PropertyValueSpecification\",\"valueRequired\":true,\"valueName\":\"search_term_string\"}}],\"inLanguage\":\"en-GB\"},{\"@type\":\"Organization\",\"@id\":\"https:\\\/\\\/peruvision.ro\\\/#organization\",\"name\":\"Peruvision\",\"url\":\"https:\\\/\\\/peruvision.ro\\\/\",\"logo\":{\"@type\":\"ImageObject\",\"inLanguage\":\"en-GB\",\"@id\":\"https:\\\/\\\/peruvision.ro\\\/#\\\/schema\\\/logo\\\/image\\\/\",\"url\":\"https:\\\/\\\/peruvision.ro\\\/wp-content\\\/uploads\\\/2021\\\/09\\\/3biss-negru.png\",\"contentUrl\":\"https:\\\/\\\/peruvision.ro\\\/wp-content\\\/uploads\\\/2021\\\/09\\\/3biss-negru.png\",\"width\":2035,\"height\":432,\"caption\":\"Peruvision\"},\"image\":{\"@id\":\"https:\\\/\\\/peruvision.ro\\\/#\\\/schema\\\/logo\\\/image\\\/\"},\"sameAs\":[\"https:\\\/\\\/www.facebook.com\\\/profile.php?id=100040871665118\"]}]}<\/script>\n<!-- \/ Yoast SEO Premium plugin. -->","yoast_head_json":{"title":"TASTATURA LOGITECH WIFI K400 + - Peruvision","description":"Descopera TASTATURA LOGITECH WIFI K400 + la Peruvision. Preturi speciale pentru echipamentele achizitionate","robots":{"index":"index","follow":"follow","max-snippet":"max-snippet:-1","max-image-preview":"max-image-preview:large","max-video-preview":"max-video-preview:-1"},"canonical":"https:\/\/peruvision.ro\/en\/product\/tastatura-wireless-logitech-k400-plus\/","og_locale":"en_GB","og_type":"article","og_title":"TASTATURA LOGITECH WIFI K400 +","og_description":"Descopera TASTATURA LOGITECH WIFI K400 + la Peruvision. Preturi speciale pentru echipamentele achizitionate","og_url":"https:\/\/peruvision.ro\/en\/product\/tastatura-wireless-logitech-k400-plus\/","og_site_name":"Peruvision","article_publisher":"https:\/\/www.facebook.com\/profile.php?id=100040871665118","article_modified_time":"2026-03-17T09:37:31+00:00","og_image":[{"width":1080,"height":1080,"url":"https:\/\/peruvision.ro\/wp-content\/uploads\/2024\/05\/logitechk400_main.jpg","type":"image\/jpeg"}],"twitter_card":"summary_large_image","twitter_misc":{"Estimated reading time":"2 minutes"},"schema":{"@context":"https:\/\/schema.org","@graph":[{"@type":"WebPage","@id":"https:\/\/peruvision.ro\/produs\/tastatura-wireless-logitech-k400-plus\/","url":"https:\/\/peruvision.ro\/produs\/tastatura-wireless-logitech-k400-plus\/","name":"TASTATURA LOGITECH WIFI K400 + - Peruvision","isPartOf":{"@id":"https:\/\/peruvision.ro\/#website"},"primaryImageOfPage":{"@id":"https:\/\/peruvision.ro\/produs\/tastatura-wireless-logitech-k400-plus\/#primaryimage"},"image":{"@id":"https:\/\/peruvision.ro\/produs\/tastatura-wireless-logitech-k400-plus\/#primaryimage"},"thumbnailUrl":"https:\/\/peruvision.ro\/wp-content\/uploads\/2024\/05\/logitechk400_main.jpg","datePublished":"2024-05-29T09:26:07+00:00","dateModified":"2026-03-17T09:37:31+00:00","description":"Descopera TASTATURA LOGITECH WIFI K400 + la Peruvision. Preturi speciale pentru echipamentele achizitionate","breadcrumb":{"@id":"https:\/\/peruvision.ro\/produs\/tastatura-wireless-logitech-k400-plus\/#breadcrumb"},"inLanguage":"en-GB","potentialAction":[{"@type":"ReadAction","target":["https:\/\/peruvision.ro\/produs\/tastatura-wireless-logitech-k400-plus\/"]}]},{"@type":"ImageObject","inLanguage":"en-GB","@id":"https:\/\/peruvision.ro\/produs\/tastatura-wireless-logitech-k400-plus\/#primaryimage","url":"https:\/\/peruvision.ro\/wp-content\/uploads\/2024\/05\/logitechk400_main.jpg","contentUrl":"https:\/\/peruvision.ro\/wp-content\/uploads\/2024\/05\/logitechk400_main.jpg","width":1080,"height":1080},{"@type":"BreadcrumbList","@id":"https:\/\/peruvision.ro\/produs\/tastatura-wireless-logitech-k400-plus\/#breadcrumb","itemListElement":[{"@type":"ListItem","position":1,"name":"Prima pagin\u0103","item":"https:\/\/peruvision.ro\/"},{"@type":"ListItem","position":2,"name":"Produse","item":"https:\/\/peruvision.ro\/produse\/"},{"@type":"ListItem","position":3,"name":"TASTATURA LOGITECH WIFI K400 +"}]},{"@type":"WebSite","@id":"https:\/\/peruvision.ro\/#website","url":"https:\/\/peruvision.ro\/","name":"Peruvision","description":"Site-ul firmei Peruvision, specializata in distributia de echipamente de telecomunicatii si servicii aferente.","publisher":{"@id":"https:\/\/peruvision.ro\/#organization"},"potentialAction":[{"@type":"SearchAction","target":{"@type":"EntryPoint","urlTemplate":"https:\/\/peruvision.ro\/?s={search_term_string}"},"query-input":{"@type":"PropertyValueSpecification","valueRequired":true,"valueName":"search_term_string"}}],"inLanguage":"en-GB"},{"@type":"Organization","@id":"https:\/\/peruvision.ro\/#organization","name":"Peruvision","url":"https:\/\/peruvision.ro\/","logo":{"@type":"ImageObject","inLanguage":"en-GB","@id":"https:\/\/peruvision.ro\/#\/schema\/logo\/image\/","url":"https:\/\/peruvision.ro\/wp-content\/uploads\/2021\/09\/3biss-negru.png","contentUrl":"https:\/\/peruvision.ro\/wp-content\/uploads\/2021\/09\/3biss-negru.png","width":2035,"height":432,"caption":"Peruvision"},"image":{"@id":"https:\/\/peruvision.ro\/#\/schema\/logo\/image\/"},"sameAs":["https:\/\/www.facebook.com\/profile.php?id=100040871665118"]}]}},"jetpack_sharing_enabled":true,"_links":{"self":[{"href":"https:\/\/peruvision.ro\/en\/wp-json\/wp\/v2\/product\/14868","targetHints":{"allow":["GET"]}}],"collection":[{"href":"https:\/\/peruvision.ro\/en\/wp-json\/wp\/v2\/product"}],"about":[{"href":"https:\/\/peruvision.ro\/en\/wp-json\/wp\/v2\/types\/product"}],"version-history":[{"count":2,"href":"https:\/\/peruvision.ro\/en\/wp-json\/wp\/v2\/product\/14868\/revisions"}],"predecessor-version":[{"id":18262,"href":"https:\/\/peruvision.ro\/en\/wp-json\/wp\/v2\/product\/14868\/revisions\/18262"}],"wp:featuredmedia":[{"embeddable":true,"href":"https:\/\/peruvision.ro\/en\/wp-json\/wp\/v2\/media\/14892"}],"wp:attachment":[{"href":"https:\/\/peruvision.ro\/en\/wp-json\/wp\/v2\/media?parent=14868"}],"wp:term":[{"taxonomy":"product_brand","embeddable":true,"href":"https:\/\/peruvision.ro\/en\/wp-json\/wp\/v2\/product_brand?post=14868"},{"taxonomy":"product_cat","embeddable":true,"href":"https:\/\/peruvision.ro\/en\/wp-json\/wp\/v2\/product_cat?post=14868"},{"taxonomy":"product_tag","embeddable":true,"href":"https:\/\/peruvision.ro\/en\/wp-json\/wp\/v2\/product_tag?post=14868"}],"curies":[{"name":"wp","href":"https:\/\/api.w.org\/{rel}","templated":true}]}}