{"id":14812,"date":"2024-05-29T10:22:09","date_gmt":"2024-05-29T07:22:09","guid":{"rendered":"https:\/\/peruvision.ro\/?post_type=product&#038;p=14812"},"modified":"2026-03-17T11:37:41","modified_gmt":"2026-03-17T09:37:41","slug":"prelungitor-wi-fi-smart-tapo-p300","status":"publish","type":"product","link":"https:\/\/peruvision.ro\/en\/product\/prelungitor-wi-fi-smart-tapo-p300\/","title":{"rendered":"PRELUNG.SMART TPLINK TAPO P300"},"content":{"rendered":"<p><strong>Prelungitor Tapo Wi-Fi Smart Tapo P300<\/strong><br \/>\n<strong>Control din aplica\u021bie<\/strong><br \/>\nControl local<br \/>\nControl smart, direct de pe telefonul t\u0103u mobil<br \/>\nPo\u021bi administra dispozitivele conectate la prelungitorul P300, oric\u00e2nd \u0219i de oriunde, direct din aplica\u021bia TP-Link Tapo. \u00cen acest mod po\u021bi \u021bine pasul cu stilul t\u0103u de via\u021b\u0103, po\u021bi rezolva mai multe sarcini deodat\u0103 \u0219i \u00ee\u021bi po\u021bi men\u021bine familia \u00een siguran\u021b\u0103, de oriunde te-ai afla.<br \/>\n<strong>Compatibil cu Apple HomeKit<\/strong><br \/>\nControleaz\u0103 dispozitivele conectate la prelungitor folosind aplica\u021bia Apple Home \u0219i cu ajutorul lui Siri de pe iPhone, iPad, Apple Watch, HomePod sau Mac.<br \/>\n<strong>Porturi USB Fast Charging<\/strong><br \/>\nOfer\u0103 o \u00eenc\u0103rcare rapid\u0103 pentru telefoanele \u0219i tabletele tale. Viteza de \u00eenc\u0103rcare a dispozitivelor compatibile este de p\u00e2n\u0103 la 2,5 ori mai rapid\u0103 dec\u00e2t cea a \u00eenc\u0103rc\u0103toarelor tradi\u021bionale de 5W.<br \/>\n<strong>Control prin comenzi vocale<\/strong><br \/>\nConvenabil \u0219i f\u0103r\u0103 efort,<br \/>\nprin intermediul Apple HomeKit, Amazon Alexa sau Google Assistant.<br \/>\n<strong>Programe personalizat<\/strong>e<br \/>\nConfigureaz\u0103 programe de func\u021bionare pentru prelungitorul Tapo P300, pentru o administrare automatizat\u0103. Toate dispozitivele conectate vor func\u021biona \u00een func\u021bie de programele prestabilite, economisind astfel energie.<br \/>\n<strong>Protec\u021bie multipl\u0103<\/strong><br \/>\nFunc\u021bii multiple de protec\u021bie pentru \u00eentreaga familie. Carcas\u0103 ignifug\u0103. Protec\u021bie la supratensiune. Protec\u021bie la supra\u00eenc\u0103lzire. Protec\u021bie pentru copii. Rezisten\u021b\u0103 la rugin\u0103<br \/>\n<strong>Memorarea set\u0103rilor<\/strong><br \/>\nPan\u0103 de curent? Nu mai func\u021bioneaz\u0103 internetul? Nicio problem\u0103! Configur\u0103rile tale vor r\u0103m\u00e2ne \u00een memoria prelungitorului smart.<br \/>\n<strong>Status<\/strong><br \/>\nAtunci c\u00e2nd curentul sau conexiunea Wi-Fi revin, priza Tapo va adopta statusul ales de tine dintre urm\u0103toarele:<br \/>\n\u2014 Status anterior (de baz\u0103)<br \/>\n\u2014 Off<br \/>\n\u2014 On<br \/>\n<strong>Partajeaz\u0103 controlul cu familia<\/strong><br \/>\nControlul unui dispozitiv Tapo nu este limitat la o singur\u0103 persoan\u0103. Po\u021bi s\u0103 partajezi controlul cu restul familiei tale, pentru ca toat\u0103 lumea s\u0103 se bucure de dispozitivele inteligente Tapo.<br \/>\n<strong>Protejeaz\u0103-\u021bi casa atunci c\u00e2nd e\u0219ti plecat<\/strong><br \/>\nPrin Modul Away, prelungitorul t\u0103u smart poate simula c\u0103 se afl\u0103 cineva acas\u0103. Doar conecteaz\u0103 una sau mai multe l\u0103mpi la prelungitorul Tapo, activeaz\u0103 Modul Away, iar acestea se vor aprinde\/stinge la intervale aleatorii, l\u0103s\u00e2nd impresia c\u0103 se afl\u0103 cineva acas\u0103.<br \/>\n<strong>Instalare simpl\u0103 \u0219i management u\u0219or<\/strong><br \/>\nTehnologia onboarding face ca pa\u0219ii de configurare s\u0103 fie mai simpli, pentru o conexiune mai rapid\u0103.<br \/>\n(Nu necesit\u0103 hub separat sau alte accesorii.)<br \/>\nApple Store Google Store*Compatibil cu iOS 10.0 sau mai recent \u0219i cu Android 5.0 sau mai recent<br \/>\n<strong>Specifications:<\/strong><br \/>\nMultiple porturi: 1 x USB-C si 2 x USB-A<br \/>\nControl individual<br \/>\nPrize smart 3x<br \/>\nButon ON\/OFF<br \/>\nIndicatori LED de stare<br \/>\n3 \u00d7 prize smart<br \/>\nCablu de 150 cm \/4.9 ft<br \/>\nProtec\u021bie la supratensiune<\/p>\n<table>\n<thead>\n<tr id=\"tr_1524\">\n<th colspan=\"2\"><a>RE\u021aEA<\/a><\/th>\n<\/tr>\n<\/thead>\n<tbody>\n<tr id=\"tr_5311\">\n<th width=\"35%\">Protocol<\/th>\n<td width=\"65%\">IEEE 802.11b\/g\/n, Bluetooth 4.2<\/td>\n<\/tr>\n<tr id=\"tr_5313\">\n<th width=\"35%\">Cerin\u021be de sistem<\/th>\n<td width=\"65%\">Android 5 sau mai recent,<br \/>\niOS 10 sau mai recent<\/td>\n<\/tr>\n<tr id=\"tr_5312\">\n<th width=\"35%\">Tip wireless<\/th>\n<td width=\"65%\">2.4 GHz<\/td>\n<\/tr>\n<\/tbody>\n<\/table>\n<table>\n<thead>\n<tr id=\"tr_1529\">\n<th colspan=\"2\"><a>GENERAL<\/a><\/th>\n<\/tr>\n<\/thead>\n<tbody>\n<tr id=\"tr_1564\">\n<th width=\"35%\">Dimensiuni (H x L x l)<\/th>\n<td width=\"65%\">268*55*40mm, cablu de 1.5m<\/td>\n<\/tr>\n<tr id=\"tr_5314\">\n<th width=\"35%\">Materie<\/th>\n<td width=\"65%\">PC<\/td>\n<\/tr>\n<tr id=\"tr_5315\">\n<th width=\"35%\">Butoane<\/th>\n<td width=\"65%\">Buton de Pornire\/Oprire<br \/>\nStatus LED<\/td>\n<\/tr>\n<tr id=\"tr_5751\">\n<th width=\"35%\">Cerinte de alimentare<\/th>\n<td width=\"65%\">AC 220-240 V~50\/60 Hz<\/td>\n<\/tr>\n<\/tbody>\n<\/table>\n<table>\n<thead>\n<tr id=\"tr_5306\">\n<th colspan=\"2\"><a>INFORMA\u021aII FUNC\u021aIONARE<\/a><\/th>\n<\/tr>\n<\/thead>\n<tbody>\n<tr id=\"tr_5309\">\n<th width=\"35%\">Maximum Load<\/th>\n<td width=\"65%\">2300W, 10A<\/td>\n<\/tr>\n<\/tbody>\n<\/table>\n<table>\n<thead>\n<tr id=\"tr_606\">\n<th colspan=\"2\"><a>ALTELE<\/a><\/th>\n<\/tr>\n<\/thead>\n<tbody>\n<tr id=\"tr_715\">\n<th width=\"35%\">Package Contents<\/th>\n<td width=\"65%\">Prelungitor Wi-Fi Smart Tapo P300<br \/>\nGhid de instalare rapid\u0103<\/td>\n<\/tr>\n<tr id=\"tr_5206\">\n<th width=\"35%\">CERTIFICATION<\/th>\n<td width=\"65%\">CE, RoHS<\/td>\n<\/tr>\n<tr id=\"tr_717\">\n<th width=\"35%\">environment<\/th>\n<td width=\"65%\">Temperatur\u0103 de operare: 0 \u00baC\u201335 \u00baC<br \/>\nUmiditate mediu operare: 10%\u201390%RH, f\u0103r\u0103 condens<\/td>\n<\/tr>\n<\/tbody>\n<\/table>\n<p>Click for more details <a href=\"https:\/\/www.tp-link.com\/ro\/home-networking\/smart-plug\/tapo-p300\/#overview\">here.<\/a><\/p>\n<p>&nbsp;<\/p>","protected":false},"excerpt":{"rendered":"<ul>\n<li><strong>Control individual<\/strong> &#8211;<b>\u00a0<\/b>Controleaz\u0103 separat cele 3 prize smart ale prelungitorului prin aplica\u021bie sau prin comenzi vocale<\/li>\n<li><b>\u00cenc\u0103rcare rapid\u0103 18 W\u00b9\u00a0&#8211;\u00a0<\/b>Suport\u0103 p\u00e2n\u0103 la 18W PD \u0219i \u00eenc\u0103rcare\u00a0QC3.0 pentru dispozitivele compatibile<\/li>\n<li><b>Activare\u00a0HomeKit\u00a0 &#8211;\u00a0<\/b>Controleaz\u0103 dispozitivele conectate prin Apple HomeKit<\/li>\n<li><b><span class=\"15\">Control din aplica\u021bie\u00a0&#8211;<\/span><\/b>\u00a0Porne\u0219te\/opre\u0219te dispozitivele conectate de oriunde \u0219i oric\u00e2nd, printr-o simpl\u0103 ap\u0103sare \u00een aplica\u021bia TP-Link Tapo<\/li>\n<li><b><span class=\"15\">Control prin comenzi vocale\u00b2<\/span><\/b>\u00a0<b>&#8211;<\/b>\u00a0\u00ce\u021bi po\u021bi controla prelungitorul inteligent prin comenzi vocale, folosindu-te de Siri, Amazon Alexa sau Google Assistant<\/li>\n<li><b>Programare &amp; Timer &#8211;<\/b>\u00a0Configureaz\u0103\u00a0programe de func\u021bionare pentru dispozitivele tale, pentru o administrare automatizat\u0103<\/li>\n<li><b><span class=\"15\">Away mode<\/span><\/b>\u00a0<b>&#8211;\u00a0<\/b>C\u00e2nd e\u0219ti plecat de acas\u0103, conecteaz\u0103-\u021bi dispozitivele la P300 \u0219i porne\u0219te Modul Away, iar dispozitivele se vor aprinde\/stinge la intervale aleatorii pentru a simula c\u0103 se afl\u0103 cineva acas\u0103<\/li>\n<li><b>Instalare u\u0219oar\u0103 &#8211;\u00a0<\/b>Nu necesit\u0103 hub; doar urmeaz\u0103 pa\u0219ii din aplica\u021bia TP-Link Tapo \u0219i vei termina configurarea \u00een doar c\u00e2teva minute<\/li>\n<li><strong>Protec\u021bie multipl\u0103\u00a0&#8211;\u00a0<\/strong>Dispozitivul are multiple func\u021bii smart care ofer\u0103 protec\u021bie pentru \u00eentreaga familie<\/li>\n<\/ul>","protected":false},"featured_media":14826,"template":"","meta":[],"product_brand":[],"product_cat":[707,242,15],"product_tag":[],"class_list":{"0":"post-14812","1":"product","2":"type-product","3":"status-publish","4":"has-post-thumbnail","6":"product_cat-prize-inteligente","7":"product_cat-smarthome-alte-echipamente","8":"product_cat-toate-produsele","10":"first","11":"outofstock","12":"taxable","13":"shipping-taxable","14":"purchasable","15":"product-type-simple"},"yoast_head":"<!-- This site is optimized with the Yoast SEO Premium plugin v21.9 (Yoast SEO v27.6) - https:\/\/yoast.com\/product\/yoast-seo-premium-wordpress\/ -->\n<title>PRELUNG.SMART TPLINK TAPO P300 - Peruvision<\/title>\n<meta name=\"description\" content=\"Descopera PRELUNG.SMART TPLINK TAPO P300 la Peruvision. Preturi speciale pentru echipamentele achizitionate\" \/>\n<meta name=\"robots\" content=\"index, follow, max-snippet:-1, max-image-preview:large, max-video-preview:-1\" \/>\n<link rel=\"canonical\" href=\"https:\/\/peruvision.ro\/en\/product\/prelungitor-wi-fi-smart-tapo-p300\/\" \/>\n<meta property=\"og:locale\" content=\"en_GB\" \/>\n<meta property=\"og:type\" content=\"article\" \/>\n<meta property=\"og:title\" content=\"PRELUNG.SMART TPLINK TAPO P300\" \/>\n<meta property=\"og:description\" content=\"Descopera PRELUNG.SMART TPLINK TAPO P300 la Peruvision. Preturi speciale pentru echipamentele achizitionate\" \/>\n<meta property=\"og:url\" content=\"https:\/\/peruvision.ro\/en\/product\/prelungitor-wi-fi-smart-tapo-p300\/\" \/>\n<meta property=\"og:site_name\" content=\"Peruvision\" \/>\n<meta property=\"article:publisher\" content=\"https:\/\/www.facebook.com\/profile.php?id=100040871665118\" \/>\n<meta property=\"article:modified_time\" content=\"2026-03-17T09:37:41+00:00\" \/>\n<meta property=\"og:image\" content=\"https:\/\/peruvision.ro\/wp-content\/uploads\/2024\/05\/Tapo-P300-2.jpg\" \/>\n\t<meta property=\"og:image:width\" content=\"1024\" \/>\n\t<meta property=\"og:image:height\" content=\"1024\" \/>\n\t<meta property=\"og:image:type\" content=\"image\/jpeg\" \/>\n<meta name=\"twitter:card\" content=\"summary_large_image\" \/>\n<meta name=\"twitter:label1\" content=\"Estimated reading time\" \/>\n\t<meta name=\"twitter:data1\" content=\"3 minutes\" \/>\n<script type=\"application\/ld+json\" class=\"yoast-schema-graph\">{\"@context\":\"https:\\\/\\\/schema.org\",\"@graph\":[{\"@type\":\"WebPage\",\"@id\":\"https:\\\/\\\/peruvision.ro\\\/produs\\\/prelungitor-wi-fi-smart-tapo-p300\\\/\",\"url\":\"https:\\\/\\\/peruvision.ro\\\/produs\\\/prelungitor-wi-fi-smart-tapo-p300\\\/\",\"name\":\"PRELUNG.SMART TPLINK TAPO P300 - Peruvision\",\"isPartOf\":{\"@id\":\"https:\\\/\\\/peruvision.ro\\\/#website\"},\"primaryImageOfPage\":{\"@id\":\"https:\\\/\\\/peruvision.ro\\\/produs\\\/prelungitor-wi-fi-smart-tapo-p300\\\/#primaryimage\"},\"image\":{\"@id\":\"https:\\\/\\\/peruvision.ro\\\/produs\\\/prelungitor-wi-fi-smart-tapo-p300\\\/#primaryimage\"},\"thumbnailUrl\":\"https:\\\/\\\/peruvision.ro\\\/wp-content\\\/uploads\\\/2024\\\/05\\\/Tapo-P300-2.jpg\",\"datePublished\":\"2024-05-29T07:22:09+00:00\",\"dateModified\":\"2026-03-17T09:37:41+00:00\",\"description\":\"Descopera PRELUNG.SMART TPLINK TAPO P300 la Peruvision. Preturi speciale pentru echipamentele achizitionate\",\"breadcrumb\":{\"@id\":\"https:\\\/\\\/peruvision.ro\\\/produs\\\/prelungitor-wi-fi-smart-tapo-p300\\\/#breadcrumb\"},\"inLanguage\":\"en-GB\",\"potentialAction\":[{\"@type\":\"ReadAction\",\"target\":[\"https:\\\/\\\/peruvision.ro\\\/produs\\\/prelungitor-wi-fi-smart-tapo-p300\\\/\"]}]},{\"@type\":\"ImageObject\",\"inLanguage\":\"en-GB\",\"@id\":\"https:\\\/\\\/peruvision.ro\\\/produs\\\/prelungitor-wi-fi-smart-tapo-p300\\\/#primaryimage\",\"url\":\"https:\\\/\\\/peruvision.ro\\\/wp-content\\\/uploads\\\/2024\\\/05\\\/Tapo-P300-2.jpg\",\"contentUrl\":\"https:\\\/\\\/peruvision.ro\\\/wp-content\\\/uploads\\\/2024\\\/05\\\/Tapo-P300-2.jpg\",\"width\":1024,\"height\":1024},{\"@type\":\"BreadcrumbList\",\"@id\":\"https:\\\/\\\/peruvision.ro\\\/produs\\\/prelungitor-wi-fi-smart-tapo-p300\\\/#breadcrumb\",\"itemListElement\":[{\"@type\":\"ListItem\",\"position\":1,\"name\":\"Prima pagin\u0103\",\"item\":\"https:\\\/\\\/peruvision.ro\\\/\"},{\"@type\":\"ListItem\",\"position\":2,\"name\":\"Produse\",\"item\":\"https:\\\/\\\/peruvision.ro\\\/produse\\\/\"},{\"@type\":\"ListItem\",\"position\":3,\"name\":\"PRELUNG.SMART TPLINK TAPO P300\"}]},{\"@type\":\"WebSite\",\"@id\":\"https:\\\/\\\/peruvision.ro\\\/#website\",\"url\":\"https:\\\/\\\/peruvision.ro\\\/\",\"name\":\"Peruvision\",\"description\":\"Site-ul firmei Peruvision, specializata in distributia de echipamente de telecomunicatii si servicii aferente.\",\"publisher\":{\"@id\":\"https:\\\/\\\/peruvision.ro\\\/#organization\"},\"potentialAction\":[{\"@type\":\"SearchAction\",\"target\":{\"@type\":\"EntryPoint\",\"urlTemplate\":\"https:\\\/\\\/peruvision.ro\\\/?s={search_term_string}\"},\"query-input\":{\"@type\":\"PropertyValueSpecification\",\"valueRequired\":true,\"valueName\":\"search_term_string\"}}],\"inLanguage\":\"en-GB\"},{\"@type\":\"Organization\",\"@id\":\"https:\\\/\\\/peruvision.ro\\\/#organization\",\"name\":\"Peruvision\",\"url\":\"https:\\\/\\\/peruvision.ro\\\/\",\"logo\":{\"@type\":\"ImageObject\",\"inLanguage\":\"en-GB\",\"@id\":\"https:\\\/\\\/peruvision.ro\\\/#\\\/schema\\\/logo\\\/image\\\/\",\"url\":\"https:\\\/\\\/peruvision.ro\\\/wp-content\\\/uploads\\\/2021\\\/09\\\/3biss-negru.png\",\"contentUrl\":\"https:\\\/\\\/peruvision.ro\\\/wp-content\\\/uploads\\\/2021\\\/09\\\/3biss-negru.png\",\"width\":2035,\"height\":432,\"caption\":\"Peruvision\"},\"image\":{\"@id\":\"https:\\\/\\\/peruvision.ro\\\/#\\\/schema\\\/logo\\\/image\\\/\"},\"sameAs\":[\"https:\\\/\\\/www.facebook.com\\\/profile.php?id=100040871665118\"]}]}<\/script>\n<!-- \/ Yoast SEO Premium plugin. -->","yoast_head_json":{"title":"PRELUNG.SMART TPLINK TAPO P300 - Peruvision","description":"Descopera PRELUNG.SMART TPLINK TAPO P300 la Peruvision. Preturi speciale pentru echipamentele achizitionate","robots":{"index":"index","follow":"follow","max-snippet":"max-snippet:-1","max-image-preview":"max-image-preview:large","max-video-preview":"max-video-preview:-1"},"canonical":"https:\/\/peruvision.ro\/en\/product\/prelungitor-wi-fi-smart-tapo-p300\/","og_locale":"en_GB","og_type":"article","og_title":"PRELUNG.SMART TPLINK TAPO P300","og_description":"Descopera PRELUNG.SMART TPLINK TAPO P300 la Peruvision. Preturi speciale pentru echipamentele achizitionate","og_url":"https:\/\/peruvision.ro\/en\/product\/prelungitor-wi-fi-smart-tapo-p300\/","og_site_name":"Peruvision","article_publisher":"https:\/\/www.facebook.com\/profile.php?id=100040871665118","article_modified_time":"2026-03-17T09:37:41+00:00","og_image":[{"width":1024,"height":1024,"url":"https:\/\/peruvision.ro\/wp-content\/uploads\/2024\/05\/Tapo-P300-2.jpg","type":"image\/jpeg"}],"twitter_card":"summary_large_image","twitter_misc":{"Estimated reading time":"3 minutes"},"schema":{"@context":"https:\/\/schema.org","@graph":[{"@type":"WebPage","@id":"https:\/\/peruvision.ro\/produs\/prelungitor-wi-fi-smart-tapo-p300\/","url":"https:\/\/peruvision.ro\/produs\/prelungitor-wi-fi-smart-tapo-p300\/","name":"PRELUNG.SMART TPLINK TAPO P300 - Peruvision","isPartOf":{"@id":"https:\/\/peruvision.ro\/#website"},"primaryImageOfPage":{"@id":"https:\/\/peruvision.ro\/produs\/prelungitor-wi-fi-smart-tapo-p300\/#primaryimage"},"image":{"@id":"https:\/\/peruvision.ro\/produs\/prelungitor-wi-fi-smart-tapo-p300\/#primaryimage"},"thumbnailUrl":"https:\/\/peruvision.ro\/wp-content\/uploads\/2024\/05\/Tapo-P300-2.jpg","datePublished":"2024-05-29T07:22:09+00:00","dateModified":"2026-03-17T09:37:41+00:00","description":"Descopera PRELUNG.SMART TPLINK TAPO P300 la Peruvision. Preturi speciale pentru echipamentele achizitionate","breadcrumb":{"@id":"https:\/\/peruvision.ro\/produs\/prelungitor-wi-fi-smart-tapo-p300\/#breadcrumb"},"inLanguage":"en-GB","potentialAction":[{"@type":"ReadAction","target":["https:\/\/peruvision.ro\/produs\/prelungitor-wi-fi-smart-tapo-p300\/"]}]},{"@type":"ImageObject","inLanguage":"en-GB","@id":"https:\/\/peruvision.ro\/produs\/prelungitor-wi-fi-smart-tapo-p300\/#primaryimage","url":"https:\/\/peruvision.ro\/wp-content\/uploads\/2024\/05\/Tapo-P300-2.jpg","contentUrl":"https:\/\/peruvision.ro\/wp-content\/uploads\/2024\/05\/Tapo-P300-2.jpg","width":1024,"height":1024},{"@type":"BreadcrumbList","@id":"https:\/\/peruvision.ro\/produs\/prelungitor-wi-fi-smart-tapo-p300\/#breadcrumb","itemListElement":[{"@type":"ListItem","position":1,"name":"Prima pagin\u0103","item":"https:\/\/peruvision.ro\/"},{"@type":"ListItem","position":2,"name":"Produse","item":"https:\/\/peruvision.ro\/produse\/"},{"@type":"ListItem","position":3,"name":"PRELUNG.SMART TPLINK TAPO P300"}]},{"@type":"WebSite","@id":"https:\/\/peruvision.ro\/#website","url":"https:\/\/peruvision.ro\/","name":"Peruvision","description":"Site-ul firmei Peruvision, specializata in distributia de echipamente de telecomunicatii si servicii aferente.","publisher":{"@id":"https:\/\/peruvision.ro\/#organization"},"potentialAction":[{"@type":"SearchAction","target":{"@type":"EntryPoint","urlTemplate":"https:\/\/peruvision.ro\/?s={search_term_string}"},"query-input":{"@type":"PropertyValueSpecification","valueRequired":true,"valueName":"search_term_string"}}],"inLanguage":"en-GB"},{"@type":"Organization","@id":"https:\/\/peruvision.ro\/#organization","name":"Peruvision","url":"https:\/\/peruvision.ro\/","logo":{"@type":"ImageObject","inLanguage":"en-GB","@id":"https:\/\/peruvision.ro\/#\/schema\/logo\/image\/","url":"https:\/\/peruvision.ro\/wp-content\/uploads\/2021\/09\/3biss-negru.png","contentUrl":"https:\/\/peruvision.ro\/wp-content\/uploads\/2021\/09\/3biss-negru.png","width":2035,"height":432,"caption":"Peruvision"},"image":{"@id":"https:\/\/peruvision.ro\/#\/schema\/logo\/image\/"},"sameAs":["https:\/\/www.facebook.com\/profile.php?id=100040871665118"]}]}},"jetpack_sharing_enabled":true,"_links":{"self":[{"href":"https:\/\/peruvision.ro\/en\/wp-json\/wp\/v2\/product\/14812","targetHints":{"allow":["GET"]}}],"collection":[{"href":"https:\/\/peruvision.ro\/en\/wp-json\/wp\/v2\/product"}],"about":[{"href":"https:\/\/peruvision.ro\/en\/wp-json\/wp\/v2\/types\/product"}],"version-history":[{"count":2,"href":"https:\/\/peruvision.ro\/en\/wp-json\/wp\/v2\/product\/14812\/revisions"}],"predecessor-version":[{"id":18315,"href":"https:\/\/peruvision.ro\/en\/wp-json\/wp\/v2\/product\/14812\/revisions\/18315"}],"wp:featuredmedia":[{"embeddable":true,"href":"https:\/\/peruvision.ro\/en\/wp-json\/wp\/v2\/media\/14826"}],"wp:attachment":[{"href":"https:\/\/peruvision.ro\/en\/wp-json\/wp\/v2\/media?parent=14812"}],"wp:term":[{"taxonomy":"product_brand","embeddable":true,"href":"https:\/\/peruvision.ro\/en\/wp-json\/wp\/v2\/product_brand?post=14812"},{"taxonomy":"product_cat","embeddable":true,"href":"https:\/\/peruvision.ro\/en\/wp-json\/wp\/v2\/product_cat?post=14812"},{"taxonomy":"product_tag","embeddable":true,"href":"https:\/\/peruvision.ro\/en\/wp-json\/wp\/v2\/product_tag?post=14812"}],"curies":[{"name":"wp","href":"https:\/\/api.w.org\/{rel}","templated":true}]}}