{"id":14785,"date":"2024-05-29T10:18:13","date_gmt":"2024-05-29T07:18:13","guid":{"rendered":"https:\/\/peruvision.ro\/?post_type=product&#038;p=14785"},"modified":"2026-03-17T11:37:24","modified_gmt":"2026-03-17T09:37:24","slug":"kit-2-adaptoare-powerline-av600-cu-priza-incorporata","status":"publish","type":"product","link":"https:\/\/peruvision.ro\/en\/product\/kit-2-adaptoare-powerline-av600-cu-priza-incorporata\/","title":{"rendered":"KIT AD.POWERLINE TPLINK AV600"},"content":{"rendered":"<p><span style=\"color: #000000;\"><strong>Kit 2 Adaptoare Powerline AV600 cu priz\u0103 \u00eencorporat\u0103 model: TL-PA4010P KIT<\/strong><\/span><br \/>\n<span style=\"color: #000000;\">TL-PA4010P KIT transform\u0103 re\u021beaua ta electric\u0103 \u00eentr-o re\u021bea de vitez\u0103 foarte mare f\u0103r\u0103 a folosi noi cabluri. Nu este necesar\u0103 configurare, doar conecteaz\u0103 adaptorul \u00een priz\u0103 \u0219i po\u021bi crea infrastructura de re\u021bea \u00eentr-o clip\u0103. \u00cen plus, priza sa integrat\u0103 face mai u\u0219oar\u0103 conectarea mai multor dispozitive. Cu viteza de p\u00e2n\u0103 la 600Mbps pe o distant\u0103 de p\u00e2n\u0103 la 300 metri de-a lungul firelor electrice, TL-PA4010P KIT este o alegere excelent\u0103 pentru construirea unei infrastructuri mutimedia \u00een loca\u021bia ta.<\/span><br \/>\n<span style=\"color: #000000;\"><strong>Vitez\u0103 de p\u00e2n\u0103 la 600Mbps pe o distan\u021b\u0103 de p\u00e2n\u0103 la 300 metri<\/strong><\/span><br \/>\n<span style=\"color: #000000;\">Cu tehnnologia avansat\u0103 HomePlug AV, modelul TL-PA4010P KIT poate oferi utilizatorilor transmiterea datelor la o vitez\u0103 de p\u00e2n\u0103 la 600Mbps pe un circuit electric de uz casnic de p\u00e2n\u0103 la 300 de metri. TL-PA4010P KIT este o alegere excelent\u0103 pentru conectarea dispozitivelor aflate \u00een casa ta, \u00eencep\u0103nd cu computere \u0219i console de jocuri, p\u00e2n\u0103 la Set-top boxes pentru IPTV, imprimante \u0219i hard disk-uri NAS.<\/span><br \/>\n<span style=\"color: #000000;\"><strong>Priz\u0103 de alimentare integrat\u0103 pentru conectarea dispozitivelor suplimentare<\/strong><\/span><br \/>\n<span style=\"color: #000000;\">Cu tehnnologia avansat\u0103 HomePlug AV, modelul TL-PA4010P KIT poate oferi utilizatorilor transmiterea datelor la o vitez\u0103 de p\u00e2n\u0103 la 600Mbps pe un circuit electric de uz casnic de p\u00e2n\u0103 la 300 de metri. TL-PA4010P KIT este o alegere excelent\u0103 pentru conectarea dispozitivelor aflate \u00een casa ta, \u00eencep\u0103nd cu computere \u0219i console de jocuri, p\u00e2n\u0103 la Set-top boxes pentru IPTV, imprimante \u0219i hard disk-uri NAS.<\/span><br \/>\n<span style=\"color: #000000;\"><strong>Butonul &#8220;Pair&#8221; (asociere) pentru o securizare u\u0219oar\u0103 a re\u021belei<\/strong><\/span><br \/>\n<span style=\"color: #000000;\">Po\u021bi configura u\u0219or o re\u021bea, \u00een doar c\u00e2teva minute, folosind adaptoarele powerline TP-Link. De asemenea butoanele &#8220;Pair&#8221; (asociere) pot fi utilizate pentru securizarea sau administrarea mai multor adaptoare powerline, \u00een re\u021beaua\u00a0de acas\u0103.<\/span><br \/>\n<span style=\"color: #000000;\">1.Introdu unul dintre adaptoarele de Internet \u00eentr-o priz\u0103 apropiat\u0103<\/span><br \/>\n<span style=\"color: #000000;\">2. Conecteaz\u0103\u00a0adaptoare suplimentare la PC-uri\/laptop-uri\/televizoare cu Internet sau alte dispozitive de re\u021bea prin intermediul unui cablu Ethernet sau Wi-Fi.<\/span><br \/>\n<span style=\"color: #000000;\">*Recomandare: Apas\u0103\u00a0butoanele &#8220;Pair&#8221; (asociere) pentru a realiza securizarea \u0219i criptarea datelor re\u021belei.<\/span><br \/>\n<span style=\"color: #000000;\"><strong>Filtru de re\u021bea pentru o performan\u021b\u0103 mai bun\u0103<\/strong><\/span><br \/>\n<span style=\"color: #000000;\">Cu filtru de re\u021bea integrat, TL-PA4010P KIT poate optimiza performan\u021ba de comunicare \u00een re\u021beaua electric\u0103 prin suprimarea zgomotului generat de echipamentele electronice aflate \u00een vecin\u0103tate, care pot afecta performan\u021ba re\u021belei. Asta \u00eenseamn\u0103 c\u0103 utilizatorii nu vor experimenta o sc\u0103dere brusc\u0103 de vitez\u0103 atunci c\u00e2nd un dispozitiv mare consumator de energie este conectat la priza de alimentare.<\/span><br \/>\n<span style=\"color: #000000;\"><strong>Reduce consumul de energie cu p\u00e2n\u0103 la 85%<\/strong><\/span><br \/>\n<span style=\"color: #000000;\">TL-PA4010P KIT face parte din noua genera\u021bie de Adaptoare Powerline, cu un design practic \u0219i modul Power Saving care \u021bine cont de mediul \u00eenconjur\u0103tor, el reduc\u00e2nd consumul de energie cu p\u00e2n\u0103 la 85% prin schimbarea din modul &#8220;Working Mode&#8221; \u00een modul &#8221; Power Saving Mode&#8221;.<\/span><\/p>\n<p><strong>HARDWARE FEATURES:<\/strong><\/p>\n<table>\n<tbody>\n<tr>\n<td width=\"310\"><strong>Standards and Protocols<\/strong><\/td>\n<td width=\"310\">HomePlug AV, IEEE802.3, IEEE802.3u<\/td>\n<\/tr>\n<tr>\n<td width=\"310\"><strong>Tip Priz\u0103<\/strong><\/td>\n<td width=\"310\">EU, UK, FR<\/td>\n<\/tr>\n<tr>\n<td width=\"310\"><strong>Interface<\/strong><\/td>\n<td width=\"310\">1* Port Ethernet 10\/100Mbps, Power Socket<\/td>\n<\/tr>\n<tr>\n<td width=\"310\"><strong>Butoane<\/strong><\/td>\n<td width=\"310\">Pair Button<\/td>\n<\/tr>\n<tr>\n<td width=\"310\"><strong>Consum Energie<\/strong><\/td>\n<td width=\"310\">Maximum: 5.00W (220V\/50Hz)<br \/>\nTypical: 4.60W (220V\/50Hz)<br \/>\nStandby: 0.72W (220V\/50Hz)<\/td>\n<\/tr>\n<tr>\n<td width=\"310\"><strong>LED<\/strong><\/td>\n<td width=\"310\">Power, Powerline, Ethernet<\/td>\n<\/tr>\n<tr>\n<td width=\"310\"><strong>Dimensions (L x W x H)\u00a0\u00a0\u00a0 <\/strong><\/td>\n<td width=\"310\">95 x 58 x 42 mm<\/td>\n<\/tr>\n<tr>\n<td width=\"310\"><strong>Aria de acoperire<\/strong><\/td>\n<td width=\"310\">Up to 300 meters\/1000 feet over existing electrical wiring<\/td>\n<\/tr>\n<\/tbody>\n<\/table>\n<p><strong>CARACTERISTICI SOFTWARE:<\/strong><\/p>\n<table>\n<tbody>\n<tr>\n<td width=\"310\"><strong>Modulation Technology<\/strong><\/td>\n<td width=\"310\">OFDM<\/td>\n<\/tr>\n<tr>\n<td width=\"310\"><strong>Criptare<\/strong><\/td>\n<td width=\"310\">128-bit AES Encryption<\/td>\n<\/tr>\n<\/tbody>\n<\/table>\n<p><strong>CONTINUT PACHET:<\/strong><\/p>\n<table>\n<tbody>\n<tr>\n<td width=\"310\"><strong>Powerline Ethernet Adapter <\/strong><\/td>\n<td width=\"310\">2 buc.<\/td>\n<\/tr>\n<tr>\n<td width=\"310\"><strong>Cablu de Re\u021bea (RJ45) <\/strong><\/td>\n<td width=\"310\">2 buc.<\/td>\n<\/tr>\n<tr>\n<td width=\"310\"><strong>CD Resurse<\/strong><\/td>\n<td width=\"310\">1 buc.<\/td>\n<\/tr>\n<tr>\n<td width=\"310\"><strong>Ghid de instalare rapid<\/strong>\u0103<\/td>\n<td width=\"310\">1 buc.<\/td>\n<\/tr>\n<\/tbody>\n<\/table>\n<p><span style=\"color: #000000;\">Click for more details <a style=\"color: #000000;\" href=\"https:\/\/www.tp-link.com\/ro\/service-provider\/powerline-adapter\/tl-pa4010p-kit\/#overview\">here.<\/a><\/span><\/p>","protected":false},"excerpt":{"rendered":"<ul>\n<li>Viteza de transfer de p\u00e2n\u0103 la 600Mbps\u00a0prin intermediul circuitelor electrice,\u00a0ideal pentru streaming-uri video HD<\/li>\n<li>Priza integrat\u0103 face u\u0219oar\u0103 conectarea mai multor dispozitive<\/li>\n<li>Dispune de un design Plug and Play, iar func\u021bia de criptare se realizeaz\u0103 doar prin simpla ap\u0103sare a butonului &#8220;Pair&#8221; (asociere)<\/li>\n<li>Modul\u00a0de economisire a energiei\u00a0reduce automat\u00a0consumul de energie\u00a0cu p\u00e2n\u0103\u00a0la\u00a085%<\/li>\n<\/ul>","protected":false},"featured_media":14800,"template":"","meta":[],"product_brand":[],"product_cat":[15],"product_tag":[],"class_list":{"0":"post-14785","1":"product","2":"type-product","3":"status-publish","4":"has-post-thumbnail","6":"product_cat-toate-produsele","8":"first","9":"instock","10":"taxable","11":"shipping-taxable","12":"purchasable","13":"product-type-simple"},"yoast_head":"<!-- This site is optimized with the Yoast SEO Premium plugin v21.9 (Yoast SEO v27.6) - https:\/\/yoast.com\/product\/yoast-seo-premium-wordpress\/ -->\n<title>KIT AD.POWERLINE TPLINK AV600 - Peruvision<\/title>\n<meta name=\"description\" content=\"Descopera KIT AD.POWERLINE TPLINK AV600 la Peruvision. Preturi speciale pentru echipamentele achizitionate\" \/>\n<meta name=\"robots\" content=\"index, follow, max-snippet:-1, max-image-preview:large, max-video-preview:-1\" \/>\n<link rel=\"canonical\" href=\"https:\/\/peruvision.ro\/en\/product\/kit-2-adaptoare-powerline-av600-cu-priza-incorporata\/\" \/>\n<meta property=\"og:locale\" content=\"en_GB\" \/>\n<meta property=\"og:type\" content=\"article\" \/>\n<meta property=\"og:title\" content=\"KIT AD.POWERLINE TPLINK AV600\" \/>\n<meta property=\"og:description\" content=\"Descopera KIT AD.POWERLINE TPLINK AV600 la Peruvision. Preturi speciale pentru echipamentele achizitionate\" \/>\n<meta property=\"og:url\" content=\"https:\/\/peruvision.ro\/en\/product\/kit-2-adaptoare-powerline-av600-cu-priza-incorporata\/\" \/>\n<meta property=\"og:site_name\" content=\"Peruvision\" \/>\n<meta property=\"article:publisher\" content=\"https:\/\/www.facebook.com\/profile.php?id=100040871665118\" \/>\n<meta property=\"article:modified_time\" content=\"2026-03-17T09:37:24+00:00\" \/>\n<meta property=\"og:image\" content=\"https:\/\/peruvision.ro\/wp-content\/uploads\/2024\/05\/Kit-PoweLine.jpg\" \/>\n\t<meta property=\"og:image:width\" content=\"1024\" \/>\n\t<meta property=\"og:image:height\" content=\"1024\" \/>\n\t<meta property=\"og:image:type\" content=\"image\/jpeg\" \/>\n<meta name=\"twitter:card\" content=\"summary_large_image\" \/>\n<meta name=\"twitter:label1\" content=\"Estimated reading time\" \/>\n\t<meta name=\"twitter:data1\" content=\"4 minutes\" \/>\n<script type=\"application\/ld+json\" class=\"yoast-schema-graph\">{\"@context\":\"https:\\\/\\\/schema.org\",\"@graph\":[{\"@type\":\"WebPage\",\"@id\":\"https:\\\/\\\/peruvision.ro\\\/produs\\\/kit-2-adaptoare-powerline-av600-cu-priza-incorporata\\\/\",\"url\":\"https:\\\/\\\/peruvision.ro\\\/produs\\\/kit-2-adaptoare-powerline-av600-cu-priza-incorporata\\\/\",\"name\":\"KIT AD.POWERLINE TPLINK AV600 - Peruvision\",\"isPartOf\":{\"@id\":\"https:\\\/\\\/peruvision.ro\\\/#website\"},\"primaryImageOfPage\":{\"@id\":\"https:\\\/\\\/peruvision.ro\\\/produs\\\/kit-2-adaptoare-powerline-av600-cu-priza-incorporata\\\/#primaryimage\"},\"image\":{\"@id\":\"https:\\\/\\\/peruvision.ro\\\/produs\\\/kit-2-adaptoare-powerline-av600-cu-priza-incorporata\\\/#primaryimage\"},\"thumbnailUrl\":\"https:\\\/\\\/peruvision.ro\\\/wp-content\\\/uploads\\\/2024\\\/05\\\/Kit-PoweLine.jpg\",\"datePublished\":\"2024-05-29T07:18:13+00:00\",\"dateModified\":\"2026-03-17T09:37:24+00:00\",\"description\":\"Descopera KIT AD.POWERLINE TPLINK AV600 la Peruvision. Preturi speciale pentru echipamentele achizitionate\",\"breadcrumb\":{\"@id\":\"https:\\\/\\\/peruvision.ro\\\/produs\\\/kit-2-adaptoare-powerline-av600-cu-priza-incorporata\\\/#breadcrumb\"},\"inLanguage\":\"en-GB\",\"potentialAction\":[{\"@type\":\"ReadAction\",\"target\":[\"https:\\\/\\\/peruvision.ro\\\/produs\\\/kit-2-adaptoare-powerline-av600-cu-priza-incorporata\\\/\"]}]},{\"@type\":\"ImageObject\",\"inLanguage\":\"en-GB\",\"@id\":\"https:\\\/\\\/peruvision.ro\\\/produs\\\/kit-2-adaptoare-powerline-av600-cu-priza-incorporata\\\/#primaryimage\",\"url\":\"https:\\\/\\\/peruvision.ro\\\/wp-content\\\/uploads\\\/2024\\\/05\\\/Kit-PoweLine.jpg\",\"contentUrl\":\"https:\\\/\\\/peruvision.ro\\\/wp-content\\\/uploads\\\/2024\\\/05\\\/Kit-PoweLine.jpg\",\"width\":1024,\"height\":1024},{\"@type\":\"BreadcrumbList\",\"@id\":\"https:\\\/\\\/peruvision.ro\\\/produs\\\/kit-2-adaptoare-powerline-av600-cu-priza-incorporata\\\/#breadcrumb\",\"itemListElement\":[{\"@type\":\"ListItem\",\"position\":1,\"name\":\"Prima pagin\u0103\",\"item\":\"https:\\\/\\\/peruvision.ro\\\/\"},{\"@type\":\"ListItem\",\"position\":2,\"name\":\"Produse\",\"item\":\"https:\\\/\\\/peruvision.ro\\\/produse\\\/\"},{\"@type\":\"ListItem\",\"position\":3,\"name\":\"KIT AD.POWERLINE TPLINK AV600\"}]},{\"@type\":\"WebSite\",\"@id\":\"https:\\\/\\\/peruvision.ro\\\/#website\",\"url\":\"https:\\\/\\\/peruvision.ro\\\/\",\"name\":\"Peruvision\",\"description\":\"Site-ul firmei Peruvision, specializata in distributia de echipamente de telecomunicatii si servicii aferente.\",\"publisher\":{\"@id\":\"https:\\\/\\\/peruvision.ro\\\/#organization\"},\"potentialAction\":[{\"@type\":\"SearchAction\",\"target\":{\"@type\":\"EntryPoint\",\"urlTemplate\":\"https:\\\/\\\/peruvision.ro\\\/?s={search_term_string}\"},\"query-input\":{\"@type\":\"PropertyValueSpecification\",\"valueRequired\":true,\"valueName\":\"search_term_string\"}}],\"inLanguage\":\"en-GB\"},{\"@type\":\"Organization\",\"@id\":\"https:\\\/\\\/peruvision.ro\\\/#organization\",\"name\":\"Peruvision\",\"url\":\"https:\\\/\\\/peruvision.ro\\\/\",\"logo\":{\"@type\":\"ImageObject\",\"inLanguage\":\"en-GB\",\"@id\":\"https:\\\/\\\/peruvision.ro\\\/#\\\/schema\\\/logo\\\/image\\\/\",\"url\":\"https:\\\/\\\/peruvision.ro\\\/wp-content\\\/uploads\\\/2021\\\/09\\\/3biss-negru.png\",\"contentUrl\":\"https:\\\/\\\/peruvision.ro\\\/wp-content\\\/uploads\\\/2021\\\/09\\\/3biss-negru.png\",\"width\":2035,\"height\":432,\"caption\":\"Peruvision\"},\"image\":{\"@id\":\"https:\\\/\\\/peruvision.ro\\\/#\\\/schema\\\/logo\\\/image\\\/\"},\"sameAs\":[\"https:\\\/\\\/www.facebook.com\\\/profile.php?id=100040871665118\"]}]}<\/script>\n<!-- \/ Yoast SEO Premium plugin. -->","yoast_head_json":{"title":"KIT AD.POWERLINE TPLINK AV600 - Peruvision","description":"Descopera KIT AD.POWERLINE TPLINK AV600 la Peruvision. Preturi speciale pentru echipamentele achizitionate","robots":{"index":"index","follow":"follow","max-snippet":"max-snippet:-1","max-image-preview":"max-image-preview:large","max-video-preview":"max-video-preview:-1"},"canonical":"https:\/\/peruvision.ro\/en\/product\/kit-2-adaptoare-powerline-av600-cu-priza-incorporata\/","og_locale":"en_GB","og_type":"article","og_title":"KIT AD.POWERLINE TPLINK AV600","og_description":"Descopera KIT AD.POWERLINE TPLINK AV600 la Peruvision. Preturi speciale pentru echipamentele achizitionate","og_url":"https:\/\/peruvision.ro\/en\/product\/kit-2-adaptoare-powerline-av600-cu-priza-incorporata\/","og_site_name":"Peruvision","article_publisher":"https:\/\/www.facebook.com\/profile.php?id=100040871665118","article_modified_time":"2026-03-17T09:37:24+00:00","og_image":[{"width":1024,"height":1024,"url":"https:\/\/peruvision.ro\/wp-content\/uploads\/2024\/05\/Kit-PoweLine.jpg","type":"image\/jpeg"}],"twitter_card":"summary_large_image","twitter_misc":{"Estimated reading time":"4 minutes"},"schema":{"@context":"https:\/\/schema.org","@graph":[{"@type":"WebPage","@id":"https:\/\/peruvision.ro\/produs\/kit-2-adaptoare-powerline-av600-cu-priza-incorporata\/","url":"https:\/\/peruvision.ro\/produs\/kit-2-adaptoare-powerline-av600-cu-priza-incorporata\/","name":"KIT AD.POWERLINE TPLINK AV600 - Peruvision","isPartOf":{"@id":"https:\/\/peruvision.ro\/#website"},"primaryImageOfPage":{"@id":"https:\/\/peruvision.ro\/produs\/kit-2-adaptoare-powerline-av600-cu-priza-incorporata\/#primaryimage"},"image":{"@id":"https:\/\/peruvision.ro\/produs\/kit-2-adaptoare-powerline-av600-cu-priza-incorporata\/#primaryimage"},"thumbnailUrl":"https:\/\/peruvision.ro\/wp-content\/uploads\/2024\/05\/Kit-PoweLine.jpg","datePublished":"2024-05-29T07:18:13+00:00","dateModified":"2026-03-17T09:37:24+00:00","description":"Descopera KIT AD.POWERLINE TPLINK AV600 la Peruvision. Preturi speciale pentru echipamentele achizitionate","breadcrumb":{"@id":"https:\/\/peruvision.ro\/produs\/kit-2-adaptoare-powerline-av600-cu-priza-incorporata\/#breadcrumb"},"inLanguage":"en-GB","potentialAction":[{"@type":"ReadAction","target":["https:\/\/peruvision.ro\/produs\/kit-2-adaptoare-powerline-av600-cu-priza-incorporata\/"]}]},{"@type":"ImageObject","inLanguage":"en-GB","@id":"https:\/\/peruvision.ro\/produs\/kit-2-adaptoare-powerline-av600-cu-priza-incorporata\/#primaryimage","url":"https:\/\/peruvision.ro\/wp-content\/uploads\/2024\/05\/Kit-PoweLine.jpg","contentUrl":"https:\/\/peruvision.ro\/wp-content\/uploads\/2024\/05\/Kit-PoweLine.jpg","width":1024,"height":1024},{"@type":"BreadcrumbList","@id":"https:\/\/peruvision.ro\/produs\/kit-2-adaptoare-powerline-av600-cu-priza-incorporata\/#breadcrumb","itemListElement":[{"@type":"ListItem","position":1,"name":"Prima pagin\u0103","item":"https:\/\/peruvision.ro\/"},{"@type":"ListItem","position":2,"name":"Produse","item":"https:\/\/peruvision.ro\/produse\/"},{"@type":"ListItem","position":3,"name":"KIT AD.POWERLINE TPLINK AV600"}]},{"@type":"WebSite","@id":"https:\/\/peruvision.ro\/#website","url":"https:\/\/peruvision.ro\/","name":"Peruvision","description":"Site-ul firmei Peruvision, specializata in distributia de echipamente de telecomunicatii si servicii aferente.","publisher":{"@id":"https:\/\/peruvision.ro\/#organization"},"potentialAction":[{"@type":"SearchAction","target":{"@type":"EntryPoint","urlTemplate":"https:\/\/peruvision.ro\/?s={search_term_string}"},"query-input":{"@type":"PropertyValueSpecification","valueRequired":true,"valueName":"search_term_string"}}],"inLanguage":"en-GB"},{"@type":"Organization","@id":"https:\/\/peruvision.ro\/#organization","name":"Peruvision","url":"https:\/\/peruvision.ro\/","logo":{"@type":"ImageObject","inLanguage":"en-GB","@id":"https:\/\/peruvision.ro\/#\/schema\/logo\/image\/","url":"https:\/\/peruvision.ro\/wp-content\/uploads\/2021\/09\/3biss-negru.png","contentUrl":"https:\/\/peruvision.ro\/wp-content\/uploads\/2021\/09\/3biss-negru.png","width":2035,"height":432,"caption":"Peruvision"},"image":{"@id":"https:\/\/peruvision.ro\/#\/schema\/logo\/image\/"},"sameAs":["https:\/\/www.facebook.com\/profile.php?id=100040871665118"]}]}},"jetpack_sharing_enabled":true,"_links":{"self":[{"href":"https:\/\/peruvision.ro\/en\/wp-json\/wp\/v2\/product\/14785","targetHints":{"allow":["GET"]}}],"collection":[{"href":"https:\/\/peruvision.ro\/en\/wp-json\/wp\/v2\/product"}],"about":[{"href":"https:\/\/peruvision.ro\/en\/wp-json\/wp\/v2\/types\/product"}],"version-history":[{"count":2,"href":"https:\/\/peruvision.ro\/en\/wp-json\/wp\/v2\/product\/14785\/revisions"}],"predecessor-version":[{"id":18360,"href":"https:\/\/peruvision.ro\/en\/wp-json\/wp\/v2\/product\/14785\/revisions\/18360"}],"wp:featuredmedia":[{"embeddable":true,"href":"https:\/\/peruvision.ro\/en\/wp-json\/wp\/v2\/media\/14800"}],"wp:attachment":[{"href":"https:\/\/peruvision.ro\/en\/wp-json\/wp\/v2\/media?parent=14785"}],"wp:term":[{"taxonomy":"product_brand","embeddable":true,"href":"https:\/\/peruvision.ro\/en\/wp-json\/wp\/v2\/product_brand?post=14785"},{"taxonomy":"product_cat","embeddable":true,"href":"https:\/\/peruvision.ro\/en\/wp-json\/wp\/v2\/product_cat?post=14785"},{"taxonomy":"product_tag","embeddable":true,"href":"https:\/\/peruvision.ro\/en\/wp-json\/wp\/v2\/product_tag?post=14785"}],"curies":[{"name":"wp","href":"https:\/\/api.w.org\/{rel}","templated":true}]}}