{"id":14385,"date":"2024-04-17T13:43:46","date_gmt":"2024-04-17T10:43:46","guid":{"rendered":"https:\/\/peruvision.ro\/?post_type=product&#038;p=14385"},"modified":"2026-04-27T11:51:43","modified_gmt":"2026-04-27T08:51:43","slug":"card-de-memorie-samsung-evo-plus-128-256gb-cu-adaptor","status":"publish","type":"product","link":"https:\/\/peruvision.ro\/en\/product\/card-de-memorie-samsung-evo-plus-128-256gb-cu-adaptor\/","title":{"rendered":"Card de memorie Samsung EVO PLUS 128\/256GB cu adaptor"},"content":{"rendered":"<div class=\"feature-benefit feature-beneift--padding-top-normal feature-beneift--padding-bottom-normal bg-white\">\n<div class=\"feature-benefit__text-wrap\">\n<div class=\"feature-benefit__text\">\n<h2 class=\"feature-benefit__title contrast-target\" data-font-size-mo=\"30\" data-font-size-pc=\"48\">Tot spa\u021biul de care ai nevoie<\/h2>\n<div class=\"feature-benefit__desc-wrap\">\n<p class=\"feature-benefit__desc contrast-target\" data-font-size-mo=\"12\" data-font-size-pc=\"18\">O alegere mai inteligent\u0103. Viteza \u0219i compatibilitatea \u00eembun\u0103t\u0103\u021bite ofer\u0103 performan\u021be de \u00eencredere. Capacitatea uria\u0219\u0103 \u00ee\u021bi permite s\u0103 stochezi tone de con\u021binut media pe telefon, s\u0103-\u021bi \u00eencarci consola portabil\u0103 cu jocuri sau s\u0103 descarci mai multe aplica\u021bii pe tablet\u0103. Viteza de v\u00e2rf ofer\u0103 transferuri ne\u00eentrerupte, cu fiabilitate de \u00eencredere.<\/p>\n<\/div>\n<\/div>\n<\/div>\n<div class=\"feature-benefit__img-wrap\">\n<div class=\"image image--dyn-height image--main-loaded\"><img decoding=\"async\" class=\"image__main responsive-img image--loaded\" src=\"https:\/\/images.samsung.com\/is\/image\/samsung\/p6pim\/ro\/feature\/163880978\/ro-feature-all-the-space-you-need-530571460?$FB_TYPE_A_JPG$\" alt=\"Tot spa\u021biul de care ai nevoie\" data-desktop-alt=\"Tot spa\u021biul de care ai nevoie\" data-comp-name=\"image\" data-desktop-src=\"\/\/images.samsung.com\/is\/image\/samsung\/p6pim\/ro\/feature\/163880978\/ro-feature-all-the-space-you-need-530571460?$FB_TYPE_A_JPG$\" data-mobile-alt=\"Tot spa\u021biul de care ai nevoie\" data-mobile-src=\"\/\/images.samsung.com\/is\/image\/samsung\/p6pim\/ro\/feature\/163880978\/ro-feature-all-the-space-you-need-530571461?$FB_TYPE_A_MO_JPG$\" \/><\/div>\n<\/div>\n<\/div>\n<div class=\"feature-benefit feature-beneift--padding-top-normal feature-beneift--padding-bottom-normal bg-white\">\n<div class=\"feature-benefit__text-wrap\">\n<div class=\"feature-benefit__text\">\n<h2 class=\"feature-benefit__title contrast-target\" data-font-size-mo=\"30\" data-font-size-pc=\"48\">Rapid \u0219i cursiv<\/h2>\n<div class=\"feature-benefit__desc-wrap\">\n<p class=\"feature-benefit__desc contrast-target\" data-font-size-mo=\"12\" data-font-size-pc=\"18\">Abordezi cu u\u0219urin\u021b\u0103 sarcinile importante. Chiar \u0219i cu fi\u0219iere uria\u0219e, EVO Plus este foarte rapid, cu viteze de transfer super-rapide U3, clasa 10 de p\u00e2n\u0103 la 130 MB\/s.\u00b9 \u00b2 Aplica\u021biile mari se \u00eencarc\u0103 \u0219i ruleaz\u0103 f\u0103r\u0103 probleme, \u00een timp ce videoclipurile 4K r\u0103m\u00e2n impecabile cu A2, V30 \u0219i Interfa\u021b\u0103 UHS-I.\u00b3<\/p>\n<\/div>\n<\/div>\n<\/div>\n<div class=\"feature-benefit__img-wrap\">\n<div class=\"image image--dyn-height image--main-loaded\"><img decoding=\"async\" class=\"image__main responsive-img image--loaded\" src=\"https:\/\/images.samsung.com\/is\/image\/samsung\/p6pim\/ro\/feature\/163880977\/ro-feature-fast-and-smooth-530571462?$FB_TYPE_A_JPG$\" alt=\"Rapid \u0219i cursiv\" data-desktop-alt=\"Rapid \u0219i cursiv\" data-comp-name=\"image\" data-desktop-src=\"\/\/images.samsung.com\/is\/image\/samsung\/p6pim\/ro\/feature\/163880977\/ro-feature-fast-and-smooth-530571462?$FB_TYPE_A_JPG$\" data-mobile-alt=\"Rapid \u0219i cursiv\" data-mobile-src=\"\/\/images.samsung.com\/is\/image\/samsung\/p6pim\/ro\/feature\/163880977\/ro-feature-fast-and-smooth-530571463?$FB_TYPE_A_MO_JPG$\" \/><\/div>\n<\/div>\n<div class=\"feature-benefit__disclaimer-wrap\">\n<p class=\"feature-benefit__disclaimer contrast-target\">\u00b9 Viteza \u0219i evaluarea se aplic\u0103 cardurilor de 128 GB, 256 GB \u0219i 512 GB. Cardul de 64 GB este clasificat U1, cu viteze de transfer de p\u00e2n\u0103 la 130 MB\/s. \u00b2 Performan\u021ba declarat\u0103 este ob\u021binut\u0103 prin utilizarea cardurilor microSD EVO Plus cu cititoare Samsung.\u00b3 Evalu\u0103rile se aplic\u0103 cardurilor de 128 GB \u0219i 256 GB. Cardul de 32 GB \u0219i 64 GB este clasificat A1, V10, UHS-I.* Vitezele de citire \u0219i scriere de mai sus se bazeaz\u0103 pe teste interne, efectuate \u00een condi\u021bii controlate. Vitezele reale pot varia \u00een func\u021bie de capacitatea cardului.<\/p>\n<\/div>\n<\/div>\n<div class=\"feature-benefit feature-beneift--padding-top-normal feature-beneift--padding-bottom-normal bg-white\">\n<div class=\"feature-benefit__text-wrap\">\n<div class=\"feature-benefit__text\">\n<h2 class=\"feature-benefit__title contrast-target\" data-font-size-mo=\"30\" data-font-size-pc=\"48\">Extinzi \u0219i stochezi mult<\/h2>\n<div class=\"feature-benefit__desc-wrap\">\n<p class=\"feature-benefit__desc contrast-target\" data-font-size-mo=\"12\" data-font-size-pc=\"18\">Elibereaz\u0103-\u021bi telefonul de limit\u0103ri. G\u0103se\u0219te-\u021bi varianta perfect\u0103 cu 64 GB, 128 GB, 256 GB sau cu un enorm 512 GB. Cu at\u00e2t de multe m\u0103rimi, tot necesarul t\u0103u este acoperit pe deplin. Nu-\u021bi mai faci griji cu privire la stocare &#8211; exist\u0103 spa\u021biu pentru toate amintirile tale.<\/p>\n<\/div>\n<\/div>\n<\/div>\n<div class=\"feature-benefit__img-wrap\">\n<div class=\"image image--dyn-height image--main-loaded\"><img decoding=\"async\" class=\"image__main responsive-img image--loaded\" src=\"https:\/\/images.samsung.com\/is\/image\/samsung\/p6pim\/ro\/feature\/163880976\/ro-feature-expand-and-store-big-530571466?$FB_TYPE_A_JPG$\" alt=\"Extinzi \u0219i stochezi mult\" data-desktop-alt=\"Extinzi \u0219i stochezi mult\" data-comp-name=\"image\" data-desktop-src=\"\/\/images.samsung.com\/is\/image\/samsung\/p6pim\/ro\/feature\/163880976\/ro-feature-expand-and-store-big-530571466?$FB_TYPE_A_JPG$\" data-mobile-alt=\"Extinzi \u0219i stochezi mult\" data-mobile-src=\"\/\/images.samsung.com\/is\/image\/samsung\/p6pim\/ro\/feature\/163880976\/ro-feature-expand-and-store-big-530571467?$FB_TYPE_A_MO_JPG$\" \/><\/div>\n<\/div>\n<div class=\"feature-benefit__disclaimer-wrap\">\n<p class=\"feature-benefit__disclaimer contrast-target\">* Dispozitiv de testare: Samsung Note Ultra\u00b9 4K Video (3840*2160) 30fps (dimensiune video 30Min 7,93 GB)\u00b2 Video FHD (1920*1080) 30fps (dimensiune video 30Min 2,95 GB)\u00b3 Imagine 4000*3000 (dimensiune medie imagine) 22,36 MB \u2074Imagine 4000*1868 (dimensiunea medie a imaginii 1,81 MB)<\/p>\n<\/div>\n<\/div>\n<div class=\"feature-benefit feature-beneift--padding-top-normal feature-beneift--padding-bottom-normal bg-black\">\n<div class=\"feature-benefit__text-wrap\">\n<div class=\"feature-benefit__text\">\n<h2 class=\"feature-benefit__title contrast-target\" data-font-size-mo=\"30\" data-font-size-pc=\"48\">E\u0219ti pe deplin protejat<\/h2>\n<div class=\"feature-benefit__desc-wrap\">\n<p class=\"feature-benefit__desc contrast-target\" data-font-size-mo=\"12\" data-font-size-pc=\"18\">\u0218ase dovezi pentru a fi relaxat(\u0103). EVO Plus se ocup\u0103 de aventurile vie\u021bii tale, oferind protec\u021bie la ap\u0103\u00b9, temperatur\u0103\u00b2, raze X\u00b3, magnetizare\u2074, c\u0103dere \u2075 \u0219i uzur\u0103 \u2076. Experien\u021bele tale de ne\u00eenlocuit merit\u0103 o alegere de \u00eencredere. \u0218i totul este sus\u021binut de o garan\u021bie sigur\u0103, de 10 ani.<\/p>\n<\/div>\n<\/div>\n<\/div>\n<div class=\"feature-benefit__img-wrap\">\n<div class=\"image image--dyn-height image--main-loaded\"><img decoding=\"async\" class=\"image__main responsive-img image--loaded\" src=\"https:\/\/images.samsung.com\/is\/image\/samsung\/p6pim\/ro\/feature\/163880974\/ro-feature-you-re-fully-protected-530571468?$FB_TYPE_A_JPG$\" alt=\"E\u0219ti pe deplin protejat\" data-desktop-alt=\"E\u0219ti pe deplin protejat\" data-comp-name=\"image\" data-desktop-src=\"\/\/images.samsung.com\/is\/image\/samsung\/p6pim\/ro\/feature\/163880974\/ro-feature-you-re-fully-protected-530571468?$FB_TYPE_A_JPG$\" data-mobile-alt=\"E\u0219ti pe deplin protejat\" data-mobile-src=\"\/\/images.samsung.com\/is\/image\/samsung\/p6pim\/ro\/feature\/163880974\/ro-feature-you-re-fully-protected-530571469?$FB_TYPE_A_MO_JPG$\" \/><\/div>\n<\/div>\n<div class=\"feature-benefit__disclaimer-wrap\">\n<p class=\"feature-benefit__disclaimer contrast-target\">* Samsung nu este r\u0103spunz\u0103tor pentru daune \u0219i\/sau pierdere de date sau cheltuieli cauzate de recuperarea datelor de pe cardul de memorie.\u00b9 Rezisten\u021b\u0103 la ap\u0103: rezist\u0103 p\u00e2n\u0103 la 72 de ore \u00een ap\u0103 de mare.\u00b2 Rezisten\u021b\u0103 la schimb\u0103ri de temperatur\u0103: temperaturi de func\u021bionare de la -25 C p\u00e2n\u0103 la 85 C; temperaturi de nefunc\u021bionare de la -40 C p\u00e2n\u0103 la 85 C. \u00b3 Rezisten\u021b\u0103 la raze X: p\u00e2n\u0103 la 100 mGy, similar cu aparatele cu raze X din aeroport. \u2074Rezisten\u021b\u0103 magnetic\u0103 de p\u00e2n\u0103 la 15.000 gauss sau echivalentul c\u00e2mpului magnetic al unui RMN cu c\u00e2mp \u00eenalt. \u2075 C\u0103dere: rezist\u0103 la c\u0103deri de p\u00e2n\u0103 la 5 metri (16,4 picioare)\u2076 Uzur\u0103: p\u00e2n\u0103 la 10.000 de glis\u0103ri. *Caracteristicile sunt pentru cardul microSD \u0219i nu includ adaptorul.<\/p>\n<\/div>\n<\/div>\n<div class=\"feature-benefit feature-beneift--padding-top-normal feature-beneift--padding-bottom-normal bg-white s-img-align-left s-text-align-mo-center\">\n<div class=\"feature-benefit__text-wrap\">\n<div class=\"feature-benefit__text\">\n<h2 class=\"feature-benefit__title contrast-target\" data-font-size-mo=\"30\" data-font-size-pc=\"48\">Memoria flash num\u0103rul 1 din lume<\/h2>\n<div class=\"feature-benefit__desc-wrap\">\n<p class=\"feature-benefit__desc contrast-target\" data-font-size-mo=\"12\" data-font-size-pc=\"18\">Experimentezi performan\u021ba \u0219i fiabilitatea superioare, pe care le po\u021bi ob\u021bine doar de la marca num\u0103rul unu din lume pentru memoria flash, \u00eenc\u0103 din 2003. Toate firmware-ul \u0219i componentele, inclusiv Samsung DRAM \u0219i NAND de renume mondial, sunt produse intern, permi\u021b\u00e2nd integrarea complet\u0103, pentru calitate \u00een care po\u021bi avea \u00eencredere.<\/p>\n<\/div>\n<\/div>\n<\/div>\n<\/div>\n<p>Click for more details <a href=\"https:\/\/www.samsung.com\/ro\/memory-storage\/memory-card\/evo-plus-128gb-microsd-card-2021-mb-mc128ka-eu\/\">here.<\/a><\/p>","protected":false},"excerpt":{"rendered":"<ul>\n<li>Card de memorie Samsung Evo Plus<\/li>\n<li>Rapid pentru imagini mai bune, performan\u021b\u0103 a aplica\u021biei \u0219i videoclipuri<\/li>\n<li>Ideal pentru telefoane inteligente \u0219i tablete Android\u2122<\/li>\n<li>Captura\u021bi \u0219i stoca\u021bi \u0219i mai multe ore de video<\/li>\n<li>Viteze de transfer mari<\/li>\n<\/ul>","protected":false},"featured_media":14390,"template":"","meta":[],"product_brand":[],"product_cat":[717,289,15],"product_tag":[],"class_list":{"0":"post-14385","1":"product","2":"type-product","3":"status-publish","4":"has-post-thumbnail","6":"product_cat-carduri-memorie-stocare","7":"product_cat-retelistica","8":"product_cat-toate-produsele","10":"first","11":"outofstock","12":"taxable","13":"shipping-taxable","14":"purchasable","15":"product-type-variable","16":"has-default-attributes"},"yoast_head":"<!-- This site is optimized with the Yoast SEO Premium plugin v21.9 (Yoast SEO v27.4) - https:\/\/yoast.com\/product\/yoast-seo-premium-wordpress\/ -->\n<title>Card de memorie Samsung EVO PLUS 128\/256GB cu adaptor - Peruvision<\/title>\n<meta name=\"description\" content=\"Descopera Card de memorie Samsung EVO PLUS 128\/256GB cu adaptor la Peruvision. Preturi speciale pentru echipamentele achizitionate\" \/>\n<meta name=\"robots\" content=\"index, follow, max-snippet:-1, max-image-preview:large, max-video-preview:-1\" \/>\n<link rel=\"canonical\" href=\"https:\/\/peruvision.ro\/en\/product\/card-de-memorie-samsung-evo-plus-128-256gb-cu-adaptor\/\" \/>\n<meta property=\"og:locale\" content=\"en_GB\" \/>\n<meta property=\"og:type\" content=\"article\" \/>\n<meta property=\"og:title\" content=\"Card de memorie Samsung EVO PLUS 128\/256GB cu adaptor\" \/>\n<meta property=\"og:description\" content=\"Descopera Card de memorie Samsung EVO PLUS 128\/256GB cu adaptor la Peruvision. Preturi speciale pentru echipamentele achizitionate\" \/>\n<meta property=\"og:url\" content=\"https:\/\/peruvision.ro\/en\/product\/card-de-memorie-samsung-evo-plus-128-256gb-cu-adaptor\/\" \/>\n<meta property=\"og:site_name\" content=\"Peruvision\" \/>\n<meta property=\"article:publisher\" content=\"https:\/\/www.facebook.com\/profile.php?id=100040871665118\" \/>\n<meta property=\"article:modified_time\" content=\"2026-04-27T08:51:43+00:00\" \/>\n<meta property=\"og:image\" content=\"https:\/\/peruvision.ro\/wp-content\/uploads\/2024\/04\/Samsung-Evo-PLus-128-256-1.jpg\" \/>\n\t<meta property=\"og:image:width\" content=\"1024\" \/>\n\t<meta property=\"og:image:height\" content=\"1024\" \/>\n\t<meta property=\"og:image:type\" content=\"image\/jpeg\" \/>\n<meta name=\"twitter:card\" content=\"summary_large_image\" \/>\n<meta name=\"twitter:label1\" content=\"Estimated reading time\" \/>\n\t<meta name=\"twitter:data1\" content=\"4 minutes\" \/>\n<script type=\"application\/ld+json\" class=\"yoast-schema-graph\">{\"@context\":\"https:\\\/\\\/schema.org\",\"@graph\":[{\"@type\":\"WebPage\",\"@id\":\"https:\\\/\\\/peruvision.ro\\\/produs\\\/card-de-memorie-samsung-evo-plus-128-256gb-cu-adaptor\\\/\",\"url\":\"https:\\\/\\\/peruvision.ro\\\/produs\\\/card-de-memorie-samsung-evo-plus-128-256gb-cu-adaptor\\\/\",\"name\":\"Card de memorie Samsung EVO PLUS 128\\\/256GB cu adaptor - Peruvision\",\"isPartOf\":{\"@id\":\"https:\\\/\\\/peruvision.ro\\\/#website\"},\"primaryImageOfPage\":{\"@id\":\"https:\\\/\\\/peruvision.ro\\\/produs\\\/card-de-memorie-samsung-evo-plus-128-256gb-cu-adaptor\\\/#primaryimage\"},\"image\":{\"@id\":\"https:\\\/\\\/peruvision.ro\\\/produs\\\/card-de-memorie-samsung-evo-plus-128-256gb-cu-adaptor\\\/#primaryimage\"},\"thumbnailUrl\":\"https:\\\/\\\/peruvision.ro\\\/wp-content\\\/uploads\\\/2024\\\/04\\\/Samsung-Evo-PLus-128-256-1.jpg\",\"datePublished\":\"2024-04-17T10:43:46+00:00\",\"dateModified\":\"2026-04-27T08:51:43+00:00\",\"description\":\"Descopera Card de memorie Samsung EVO PLUS 128\\\/256GB cu adaptor la Peruvision. Preturi speciale pentru echipamentele achizitionate\",\"breadcrumb\":{\"@id\":\"https:\\\/\\\/peruvision.ro\\\/produs\\\/card-de-memorie-samsung-evo-plus-128-256gb-cu-adaptor\\\/#breadcrumb\"},\"inLanguage\":\"en-GB\",\"potentialAction\":[{\"@type\":\"ReadAction\",\"target\":[\"https:\\\/\\\/peruvision.ro\\\/produs\\\/card-de-memorie-samsung-evo-plus-128-256gb-cu-adaptor\\\/\"]}]},{\"@type\":\"ImageObject\",\"inLanguage\":\"en-GB\",\"@id\":\"https:\\\/\\\/peruvision.ro\\\/produs\\\/card-de-memorie-samsung-evo-plus-128-256gb-cu-adaptor\\\/#primaryimage\",\"url\":\"https:\\\/\\\/peruvision.ro\\\/wp-content\\\/uploads\\\/2024\\\/04\\\/Samsung-Evo-PLus-128-256-1.jpg\",\"contentUrl\":\"https:\\\/\\\/peruvision.ro\\\/wp-content\\\/uploads\\\/2024\\\/04\\\/Samsung-Evo-PLus-128-256-1.jpg\",\"width\":1024,\"height\":1024},{\"@type\":\"BreadcrumbList\",\"@id\":\"https:\\\/\\\/peruvision.ro\\\/produs\\\/card-de-memorie-samsung-evo-plus-128-256gb-cu-adaptor\\\/#breadcrumb\",\"itemListElement\":[{\"@type\":\"ListItem\",\"position\":1,\"name\":\"Prima pagin\u0103\",\"item\":\"https:\\\/\\\/peruvision.ro\\\/\"},{\"@type\":\"ListItem\",\"position\":2,\"name\":\"Produse\",\"item\":\"https:\\\/\\\/peruvision.ro\\\/produse\\\/\"},{\"@type\":\"ListItem\",\"position\":3,\"name\":\"Card de memorie Samsung EVO PLUS 128\\\/256GB cu adaptor\"}]},{\"@type\":\"WebSite\",\"@id\":\"https:\\\/\\\/peruvision.ro\\\/#website\",\"url\":\"https:\\\/\\\/peruvision.ro\\\/\",\"name\":\"Peruvision\",\"description\":\"Site-ul firmei Peruvision, specializata in distributia de echipamente de telecomunicatii si servicii aferente.\",\"publisher\":{\"@id\":\"https:\\\/\\\/peruvision.ro\\\/#organization\"},\"potentialAction\":[{\"@type\":\"SearchAction\",\"target\":{\"@type\":\"EntryPoint\",\"urlTemplate\":\"https:\\\/\\\/peruvision.ro\\\/?s={search_term_string}\"},\"query-input\":{\"@type\":\"PropertyValueSpecification\",\"valueRequired\":true,\"valueName\":\"search_term_string\"}}],\"inLanguage\":\"en-GB\"},{\"@type\":\"Organization\",\"@id\":\"https:\\\/\\\/peruvision.ro\\\/#organization\",\"name\":\"Peruvision\",\"url\":\"https:\\\/\\\/peruvision.ro\\\/\",\"logo\":{\"@type\":\"ImageObject\",\"inLanguage\":\"en-GB\",\"@id\":\"https:\\\/\\\/peruvision.ro\\\/#\\\/schema\\\/logo\\\/image\\\/\",\"url\":\"https:\\\/\\\/peruvision.ro\\\/wp-content\\\/uploads\\\/2021\\\/09\\\/3biss-negru.png\",\"contentUrl\":\"https:\\\/\\\/peruvision.ro\\\/wp-content\\\/uploads\\\/2021\\\/09\\\/3biss-negru.png\",\"width\":2035,\"height\":432,\"caption\":\"Peruvision\"},\"image\":{\"@id\":\"https:\\\/\\\/peruvision.ro\\\/#\\\/schema\\\/logo\\\/image\\\/\"},\"sameAs\":[\"https:\\\/\\\/www.facebook.com\\\/profile.php?id=100040871665118\"]}]}<\/script>\n<!-- \/ Yoast SEO Premium plugin. -->","yoast_head_json":{"title":"Card de memorie Samsung EVO PLUS 128\/256GB cu adaptor - Peruvision","description":"Descopera Card de memorie Samsung EVO PLUS 128\/256GB cu adaptor la Peruvision. Preturi speciale pentru echipamentele achizitionate","robots":{"index":"index","follow":"follow","max-snippet":"max-snippet:-1","max-image-preview":"max-image-preview:large","max-video-preview":"max-video-preview:-1"},"canonical":"https:\/\/peruvision.ro\/en\/product\/card-de-memorie-samsung-evo-plus-128-256gb-cu-adaptor\/","og_locale":"en_GB","og_type":"article","og_title":"Card de memorie Samsung EVO PLUS 128\/256GB cu adaptor","og_description":"Descopera Card de memorie Samsung EVO PLUS 128\/256GB cu adaptor la Peruvision. Preturi speciale pentru echipamentele achizitionate","og_url":"https:\/\/peruvision.ro\/en\/product\/card-de-memorie-samsung-evo-plus-128-256gb-cu-adaptor\/","og_site_name":"Peruvision","article_publisher":"https:\/\/www.facebook.com\/profile.php?id=100040871665118","article_modified_time":"2026-04-27T08:51:43+00:00","og_image":[{"width":1024,"height":1024,"url":"https:\/\/peruvision.ro\/wp-content\/uploads\/2024\/04\/Samsung-Evo-PLus-128-256-1.jpg","type":"image\/jpeg"}],"twitter_card":"summary_large_image","twitter_misc":{"Estimated reading time":"4 minutes"},"schema":{"@context":"https:\/\/schema.org","@graph":[{"@type":"WebPage","@id":"https:\/\/peruvision.ro\/produs\/card-de-memorie-samsung-evo-plus-128-256gb-cu-adaptor\/","url":"https:\/\/peruvision.ro\/produs\/card-de-memorie-samsung-evo-plus-128-256gb-cu-adaptor\/","name":"Card de memorie Samsung EVO PLUS 128\/256GB cu adaptor - Peruvision","isPartOf":{"@id":"https:\/\/peruvision.ro\/#website"},"primaryImageOfPage":{"@id":"https:\/\/peruvision.ro\/produs\/card-de-memorie-samsung-evo-plus-128-256gb-cu-adaptor\/#primaryimage"},"image":{"@id":"https:\/\/peruvision.ro\/produs\/card-de-memorie-samsung-evo-plus-128-256gb-cu-adaptor\/#primaryimage"},"thumbnailUrl":"https:\/\/peruvision.ro\/wp-content\/uploads\/2024\/04\/Samsung-Evo-PLus-128-256-1.jpg","datePublished":"2024-04-17T10:43:46+00:00","dateModified":"2026-04-27T08:51:43+00:00","description":"Descopera Card de memorie Samsung EVO PLUS 128\/256GB cu adaptor la Peruvision. Preturi speciale pentru echipamentele achizitionate","breadcrumb":{"@id":"https:\/\/peruvision.ro\/produs\/card-de-memorie-samsung-evo-plus-128-256gb-cu-adaptor\/#breadcrumb"},"inLanguage":"en-GB","potentialAction":[{"@type":"ReadAction","target":["https:\/\/peruvision.ro\/produs\/card-de-memorie-samsung-evo-plus-128-256gb-cu-adaptor\/"]}]},{"@type":"ImageObject","inLanguage":"en-GB","@id":"https:\/\/peruvision.ro\/produs\/card-de-memorie-samsung-evo-plus-128-256gb-cu-adaptor\/#primaryimage","url":"https:\/\/peruvision.ro\/wp-content\/uploads\/2024\/04\/Samsung-Evo-PLus-128-256-1.jpg","contentUrl":"https:\/\/peruvision.ro\/wp-content\/uploads\/2024\/04\/Samsung-Evo-PLus-128-256-1.jpg","width":1024,"height":1024},{"@type":"BreadcrumbList","@id":"https:\/\/peruvision.ro\/produs\/card-de-memorie-samsung-evo-plus-128-256gb-cu-adaptor\/#breadcrumb","itemListElement":[{"@type":"ListItem","position":1,"name":"Prima pagin\u0103","item":"https:\/\/peruvision.ro\/"},{"@type":"ListItem","position":2,"name":"Produse","item":"https:\/\/peruvision.ro\/produse\/"},{"@type":"ListItem","position":3,"name":"Card de memorie Samsung EVO PLUS 128\/256GB cu adaptor"}]},{"@type":"WebSite","@id":"https:\/\/peruvision.ro\/#website","url":"https:\/\/peruvision.ro\/","name":"Peruvision","description":"Site-ul firmei Peruvision, specializata in distributia de echipamente de telecomunicatii si servicii aferente.","publisher":{"@id":"https:\/\/peruvision.ro\/#organization"},"potentialAction":[{"@type":"SearchAction","target":{"@type":"EntryPoint","urlTemplate":"https:\/\/peruvision.ro\/?s={search_term_string}"},"query-input":{"@type":"PropertyValueSpecification","valueRequired":true,"valueName":"search_term_string"}}],"inLanguage":"en-GB"},{"@type":"Organization","@id":"https:\/\/peruvision.ro\/#organization","name":"Peruvision","url":"https:\/\/peruvision.ro\/","logo":{"@type":"ImageObject","inLanguage":"en-GB","@id":"https:\/\/peruvision.ro\/#\/schema\/logo\/image\/","url":"https:\/\/peruvision.ro\/wp-content\/uploads\/2021\/09\/3biss-negru.png","contentUrl":"https:\/\/peruvision.ro\/wp-content\/uploads\/2021\/09\/3biss-negru.png","width":2035,"height":432,"caption":"Peruvision"},"image":{"@id":"https:\/\/peruvision.ro\/#\/schema\/logo\/image\/"},"sameAs":["https:\/\/www.facebook.com\/profile.php?id=100040871665118"]}]}},"jetpack_sharing_enabled":true,"_links":{"self":[{"href":"https:\/\/peruvision.ro\/en\/wp-json\/wp\/v2\/product\/14385","targetHints":{"allow":["GET"]}}],"collection":[{"href":"https:\/\/peruvision.ro\/en\/wp-json\/wp\/v2\/product"}],"about":[{"href":"https:\/\/peruvision.ro\/en\/wp-json\/wp\/v2\/types\/product"}],"version-history":[{"count":1,"href":"https:\/\/peruvision.ro\/en\/wp-json\/wp\/v2\/product\/14385\/revisions"}],"predecessor-version":[{"id":17898,"href":"https:\/\/peruvision.ro\/en\/wp-json\/wp\/v2\/product\/14385\/revisions\/17898"}],"wp:featuredmedia":[{"embeddable":true,"href":"https:\/\/peruvision.ro\/en\/wp-json\/wp\/v2\/media\/14390"}],"wp:attachment":[{"href":"https:\/\/peruvision.ro\/en\/wp-json\/wp\/v2\/media?parent=14385"}],"wp:term":[{"taxonomy":"product_brand","embeddable":true,"href":"https:\/\/peruvision.ro\/en\/wp-json\/wp\/v2\/product_brand?post=14385"},{"taxonomy":"product_cat","embeddable":true,"href":"https:\/\/peruvision.ro\/en\/wp-json\/wp\/v2\/product_cat?post=14385"},{"taxonomy":"product_tag","embeddable":true,"href":"https:\/\/peruvision.ro\/en\/wp-json\/wp\/v2\/product_tag?post=14385"}],"curies":[{"name":"wp","href":"https:\/\/api.w.org\/{rel}","templated":true}]}}