{"id":14363,"date":"2024-04-16T11:42:05","date_gmt":"2024-04-16T08:42:05","guid":{"rendered":"https:\/\/peruvision.ro\/?post_type=product&#038;p=14363"},"modified":"2026-03-17T11:37:45","modified_gmt":"2026-03-17T09:37:45","slug":"tp-link-archer-ax53-wi-fi-6-dual-band-ax5400","status":"publish","type":"product","link":"https:\/\/peruvision.ro\/en\/product\/tp-link-archer-ax53-wi-fi-6-dual-band-ax5400\/","title":{"rendered":"ROUTER TPLINK ARCHER AX73 (Timbru verde 0,75 lei)"},"content":{"rendered":"<p>Router Wireless TP-Link Archer AX73, AX5400, Wi-Fi 6, Dual-Band Gigabit, 6 antene Wi-Fi<\/p>\n<div class=\"a section\">\n<div class=\"w1630\">\n<div class=\"text\">\n<h3>VITEZE FULGER\u0102TOARE. INOVA\u021aIE. SIGURAN\u021a\u0102<\/h3>\n<h4>Router Wi-Fi 6 Gigabit Dual-Band 6-Stream AX5400<\/h4>\n<div class=\"model\">Archer AX73<\/div>\n<\/div>\n<\/div>\n<\/div>\n<div class=\"b section\">\n<div class=\"w1366\">\n<div class=\"text\">\n<ul class=\"list\">\n<li class=\"li li-1\">\n<div class=\"info\">Tehnologie: Wi-Fi 6<\/div>\n<\/li>\n<li class=\"li li-2\">\n<div class=\"info\">Vitez\u0103 de p\u00e2n\u0103 la 5400 Mbps<\/div>\n<\/li>\n<li class=\"li li-3\">\n<div class=\"info\">Acoperire extins\u0103<\/div>\n<\/li>\n<li class=\"li li-4\">\n<div class=\"info\">Conecteaz\u0103 p\u00e2n\u0103 la 200 de dispozitive<\/div>\n<\/li>\n<li class=\"li li-5\">\n<div class=\"info\">Securitate HomeShield<\/div>\n<\/li>\n<\/ul>\n<\/div>\n<\/div>\n<\/div>\n<div class=\"c section\">\n<div class=\"w1500\">\n<div class=\"text\">\n<h3>Genera\u021bia Wi-Fi 6<\/h3>\n<p>Wi-Fi 6 (802.11ax) a fost un pas important al tehnologiei Wi-Fi, atunci c\u00e2nd a fost lansat \u00een 2019, oferind cre\u0219teri \u00een materie de vitez\u0103 \u0219i capacitate total\u0103 fa\u021b\u0103 de genera\u021bia anterioar\u0103, Wi-Fi 5. Wi-Fi 6 a adus viteze mai mari, mai pu\u021bin lag \u0219i o capacitate mai mare, permi\u021b\u00e2nd mai multe conexiuni simultane \u00een re\u021beaua ta de acas\u0103.<\/p>\n<\/div>\n<\/div>\n<\/div>\n<div class=\"d section\">\n<div class=\"w1560\">\n<div class=\"text\">\n<h3>Viteze rapide pentru streaming 8k f\u0103r\u0103 \u00eentreruperi<\/h3>\n<p>Vitezele mari\u00a0permit s\u0103 faci streaming, s\u0103 descarci\u00a0rapid fi\u0219iere\u00a0\u0219i s\u0103 ai parte de experien\u021be gaming inedite, toate \u00een acela\u0219i timp. Ai nevoie de mai mult?<br \/>\n\u00cencearc\u0103 banda de\u00a05 GHz care \u00ee\u021bi ofer\u0103 viteze fulger\u0103toare pentru streaming 8K, f\u0103r\u0103 lag.<\/p>\n<ul class=\"speed\">\n<li class=\"li li-1\"><span class=\"li-left\">Router Wi-Fi 5 6-Stream<\/span>\u00a0<span class=\"li-img\"><img decoding=\"async\" src=\"https:\/\/www.tp-link.com\/assets\/images\/product\/archer-ax73_v1\/img\/04-1.png\" alt=\"--\" \/><\/span>\u00a0<span class=\"li-right\">2033 Mbps<\/span><\/li>\n<li class=\"li li-2\"><span class=\"li-left\">Archer AX73<\/span>\u00a0<span class=\"li-img\"><img decoding=\"async\" src=\"https:\/\/www.tp-link.com\/assets\/images\/product\/archer-ax73_v1\/img\/04-2.png\" alt=\"-----\" \/><\/span>\u00a0<span class=\"li-right\">5378 Mbps<\/span><\/li>\n<li class=\"li li-3\">cu 164% mai rapid<\/li>\n<\/ul>\n<\/div>\n<\/div>\n<\/div>\n<div class=\"e section\">\n<div class=\"bg-text\">\n<div class=\"desc desc-1\">6\u00d7 Antene<\/div>\n<div class=\"desc desc-2\">High-Power FEM<\/div>\n<\/div>\n<div class=\"w1500\">\n<div class=\"text\">\n<h3>Arie mare de acoperire Wi-Fi datorit\u0103 tehnologiilor avansate<\/h3>\n<p>Bucur\u0103-te de conexiuni Wi-Fi stabile, chiar \u0219i \u00een buc\u0103t\u0103rie sau dormitor. Structurile FEM de mare putere, cele 6 antene, tehnologia Beamforming \u0219i structurile 4T4R lucreaz\u0103 \u00eempreun\u0103 \u0219i adapteaz\u0103 acoperirea Wi-Fi \u00een a\u0219a fel \u00eenc\u00e2t s\u0103 se potriveasc\u0103 perfect nevoilor tale de re\u021bea \u0219i pentru a concentra puterea semnalului c\u0103tre dispozitivele tale.<\/p>\n<h3>Conecteaz\u0103 p\u00e2n\u0103 la 200 de dispozitive<\/h3>\n<\/div>\n<\/div>\n<\/div>\n<div class=\"f section\">\n<div class=\"w1440\">\n<div class=\"text\">\n<p>Conecteaz\u0103 cu u\u0219urin\u021b\u0103 zeci de dispozitive de streaming \u0219i jocuri \u00een acela\u0219i timp &#8211; tehnologiile OFDMA \u0219i MU-MIMO ofer\u0103\u00a0o capacitate mai mare de conectare pentru mai multe dispozitive.<\/p>\n<h4>OFDMA<\/h4>\n<p>Permite diferitelor dispozitive s\u0103 partajeze un flux de transmisie, sporind eficien\u021ba.<\/p>\n<h4>MU-MIMO<\/h4>\n<p>Transmite date c\u0103tre diferite dispozitive simultan, folosind fluxuri multiple.<\/p>\n<\/div>\n<\/div>\n<\/div>\n<div class=\"g section\">\n<div class=\"w1440\">\n<div class=\"text\">\n<h4>Mai multe orificii de aerisire, mai pu\u021bin\u0103 c\u0103ldur\u0103 degajat\u0103<\/h4>\n<p>Design-ul dreptunghiular al routerului\u00a0ofer\u0103 o estetic\u0103 contemporan\u0103. Designul orificiului de aerisire ocup\u0103 167 cm\u00b2 (25 in\u00b2) din suprafa\u021ba sa superioar\u0103 pentru o mai bun\u0103 disipare a c\u0103ldurii, pentru ca tu s\u0103 profi\u021bi la maximum de puterea routerului.<\/p>\n<\/div>\n<\/div>\n<\/div>\n<div class=\"h section\">\n<div class=\"w1630\">\n<div class=\"text t-center\">\n<h3>TP-Link HomeShield: Securitate avansat\u0103 pentru clien\u021bi<\/h3>\n<p>HomeShield protejeaz\u0103 to\u021bi clien\u021bii conecta\u021bi \u00eempotriva DDoS, site-urilor r\u0103u inten\u021bionate \u0219i intruziunii porturilor, oferind un mediu de re\u021bea sigur pentru datele tale.<\/p>\n<ul class=\"list\">\n<li class=\"li li-1\">\n<div class=\"img\">Securitate IoT \u00eembun\u0103t\u0103\u021bit\u0103<\/div>\n<div class=\"info\">\n<p>HomeShield identific\u0103 dispozitivele IoT, inclusiv camerele \u0219i asisten\u021bii vocali, pentru a bloca toate poten\u021bialele problemele de securitate \u0219i a-\u021bi proteja confiden\u021bialitatea.<\/p>\n<\/div>\n<\/li>\n<li class=\"li li-2\">\n<div class=\"img\">Prevenirea atacului DDoS<\/div>\n<div class=\"info\">\n<p>HomeShield va \u00eenregistra traficul\u00a0suspect, iar dispozitivul va bloca automat cererile de la adresele IP \u00eenscrise.<\/p>\n<\/div>\n<\/li>\n<li class=\"li li-3\">\n<div class=\"img\">Parental Control<\/div>\n<div class=\"info\">\n<p>Gestioneaz\u0103 timpul online \u0219i blocheaz\u0103 con\u021binutul neadecvat pentru a-\u021bi men\u021bine familia \u00een siguran\u021b\u0103 atunci c\u00e2nd navigheaz\u0103 online.<\/p>\n<\/div>\n<\/li>\n<li class=\"li li-4\">\n<div class=\"img\">Securitate avansat\u0103 oferit\u0103 de Avira\u00ae<\/div>\n<div class=\"info\">\n<p>Avira, o companie de tehnologie premiat\u0103, bazat\u0103 pe experien\u021bele a 500 de milioane de utilizatori, alimenteaz\u0103 HomeShield \u0219i o actualizeaz\u0103 continuu, asigur\u00e2ndu-te c\u0103 re\u021beaua ta\u00a0este \u00een siguran\u021b\u0103.<\/p>\n<\/div>\n<\/li>\n<\/ul>\n<ul class=\"icons\">\n<li class=\"li li-1\">\n<div class=\"info\">Scanner re\u021bea domiciliu<\/div>\n<\/li>\n<li class=\"li li-2\">\n<div class=\"info\">Rapoarte detaliate<\/div>\n<\/li>\n<li class=\"li li-3\">\n<div class=\"info\">Notificare dispozitiv nou conectat<\/div>\n<\/li>\n<li class=\"li li-4\">\n<div class=\"info\">Calitatea serviciului<\/div>\n<\/li>\n<\/ul>\n<\/div>\n<\/div>\n<\/div>\n<div class=\"i section\">\n<div class=\"w1630\">\n<div class=\"text t-center\">\n<h3>TP-Link OneMesh\u2122 : Creeaz\u0103 o re\u021bea Wi-Fi pentru \u00eentreaga cas\u0103 cu Archer AX73<\/h3>\n<p>Vrei s\u0103 construie\u0219ti o re\u021bea\u00a0Wi-Fi pentru \u00eentreaga cas\u0103? Archer AX73 suport\u0103 OneMesh pentru a forma o acoperire f\u0103r\u0103 \u00eentreruperi pentru \u00eentreaga cas\u0103, prevenind c\u0103derile \u0219i \u00eentreruperile de semnal atunci c\u00e2nd te deplasezi.<\/p>\n<p><a href=\"https:\/\/www.tp-link.com\/ro\/onemesh\/a7?utm_source=spotlight&amp;utm_medium=local&amp;utm_campaign=archer-a7\/\">Afl\u0103 mai multe despre OneMesh\u2122<\/a><a href=\"https:\/\/www.tp-link.com\/ro\/onemesh\/\">\u00a0&gt;&gt;<\/a><\/p>\n<ul class=\"extra-features\">\n<li class=\"li li-1\">\n<div class=\"img\">\n<div class=\"bg-text\">\n<div class=\"desc desc-1\">Backhaul Multi-Band<\/div>\n<div class=\"desc desc-2\">Backhaul Single-Band<\/div>\n<\/div>\n<\/div>\n<div class=\"info\">Re\u021bea Mesh puternic\u0103 cu\u00a0Backhaul Multi-Band<\/div>\n<\/li>\n<li class=\"li li-2\">\n<div class=\"img\">\n<div class=\"bg-text\">\n<div class=\"desc\">\n<div class=\"desc-l1\">0.13s<\/div>\n<div class=\"desc l2\">Roaming 5 GHz<\/div>\n<\/div>\n<\/div>\n<\/div>\n<div class=\"info\">Smart Roaming rapid<\/div>\n<\/li>\n<li class=\"li li-3\">\n<div class=\"info\">Management unificat<\/div>\n<\/li>\n<\/ul>\n<\/div>\n<\/div>\n<\/div>\n<div class=\"j section\">\n<div class=\"w1440\">\n<div class=\"text\">\n<h3>Configurare \u0219i administrare u\u0219oar\u0103<\/h3>\n<p>Indiferent dac\u0103 preferi aplica\u021bia TP-Link Tether sau interfa\u021ba web, po\u021bi configura Archer AX73 \u00een c\u00e2teva minute. Aplica\u021bia TP-Link Tether \u00ee\u021bi\u00a0permite s\u0103 gestionezi set\u0103rile de re\u021bea de pe orice dispozitiv Android sau iOS.<\/p>\n<p class=\"p-link\"><a href=\"https:\/\/www.tp-link.com\/ro\/tether\/\" target=\"_blank\" rel=\"noopener\">Afl\u0103\u00a0mai multe despre aplica\u021bia Tether.<\/a><\/p>\n<\/div>\n<\/div>\n<\/div>\n<p>Click for more details <a href=\"https:\/\/www.tp-link.com\/ro\/home-networking\/wifi-router\/archer-ax73\/\">here.<\/a><\/p>","protected":false},"excerpt":{"rendered":"<ul>\n<li><strong>Wi-Fi Gigabit pentru streaming 8K<\/strong>\u00a0\u2013 Ai parte de p\u00e2n\u0103 la 5400 Mbps pentru\u00a0navigare, streaming \u0219i desc\u0103rc\u0103ri rapide, toate \u00een acela\u0219i timp<\/li>\n<li><b>Tehnologie Wi-Fi 6<\/b>\u2013 Fiind echipat cu structura superioar\u0103 a 4T4R \u0219i HT160 \u00een banda de 5 GHz, ofer\u0103\u00a0conexiuni\u00a0ultra-rapide\u00a0de p\u00e2n\u0103 la 4.8 Gbps<\/li>\n<li>Conecteaz\u0103 p\u00e2n\u0103 la 200 de dispozitive\u00a0\u2013Suport\u0103 tehnologiile MU-MIMO \u0219i OFDMA pentru a reduce congestia \u0219i pentru a cre\u0219te, de p\u00e2n\u0103 la 4 ori mai mult, throughput-ul mediu<\/li>\n<li><b>Raz\u0103 mare de acoperire<\/b>\u00a0\u2013 Cele 6 antene\u00a0\u0219i tehnologia Beamforming asigur\u0103 o acoperire extins\u0103<\/li>\n<li><strong>HomeShield<\/strong>\u00a0\u2013 Serviciile premium de securitate de la TP-Link \u00ee\u021bi echipeaz\u0103 re\u021beaua\u00a0de acas\u0103 cu func\u021bii avansate pentru protec\u021bia re\u021belei \u0219i a IoT<\/li>\n<li><strong>Mai multe orificii de aerisire, mai pu\u021bin\u0103 c\u0103ldur\u0103 degajat\u0103<\/strong>\u00a0\u2013Zona de aerisire \u00eembun\u0103t\u0103\u021bit\u0103 te ajut\u0103 s\u0103 profi\u021bi la maximum de puterea routerului<\/li>\n<li><strong>Partajare USB<\/strong>\u00a0\u2013 Portul\u00a0USB 3.0 permite partajarea u\u0219oar\u0103 a fi\u0219ierelor \u0219i construirea cloud-ului privat<\/li>\n<li><strong>Configurare u\u0219oar\u0103<\/strong>\u00a0\u2013 Configureaz\u0103 routerul \u00een c\u00e2teva minute cu aplica\u021bia TP-Link\u00a0Tether<\/li>\n<\/ul>","protected":false},"featured_media":14369,"template":"","meta":[],"product_brand":[],"product_cat":[289,291,15],"product_tag":[],"class_list":{"0":"post-14363","1":"product","2":"type-product","3":"status-publish","4":"has-post-thumbnail","6":"product_cat-retelistica","7":"product_cat-routere-wireless","8":"product_cat-toate-produsele","10":"first","11":"instock","12":"featured","13":"taxable","14":"shipping-taxable","15":"purchasable","16":"product-type-simple"},"yoast_head":"<!-- This site is optimized with the Yoast SEO Premium plugin v21.9 (Yoast SEO v27.4) - https:\/\/yoast.com\/product\/yoast-seo-premium-wordpress\/ -->\n<title>ROUTER TPLINK ARCHER AX73 (Timbru verde 0,75 lei) - Peruvision<\/title>\n<meta name=\"description\" content=\"Descopera ROUTER TPLINK ARCHER AX73 (Timbru verde 0,75 lei) la Peruvision. Preturi speciale pentru echipamentele achizitionate\" \/>\n<meta name=\"robots\" content=\"index, follow, max-snippet:-1, max-image-preview:large, max-video-preview:-1\" \/>\n<link rel=\"canonical\" href=\"https:\/\/peruvision.ro\/en\/product\/tp-link-archer-ax53-wi-fi-6-dual-band-ax5400\/\" \/>\n<meta property=\"og:locale\" content=\"en_GB\" \/>\n<meta property=\"og:type\" content=\"article\" \/>\n<meta property=\"og:title\" content=\"ROUTER TPLINK ARCHER AX73 (Timbru verde 0,75 lei)\" \/>\n<meta property=\"og:description\" content=\"Descopera ROUTER TPLINK ARCHER AX73 (Timbru verde 0,75 lei) la Peruvision. Preturi speciale pentru echipamentele achizitionate\" \/>\n<meta property=\"og:url\" content=\"https:\/\/peruvision.ro\/en\/product\/tp-link-archer-ax53-wi-fi-6-dual-band-ax5400\/\" \/>\n<meta property=\"og:site_name\" content=\"Peruvision\" \/>\n<meta property=\"article:publisher\" content=\"https:\/\/www.facebook.com\/profile.php?id=100040871665118\" \/>\n<meta property=\"article:modified_time\" content=\"2026-03-17T09:37:45+00:00\" \/>\n<meta property=\"og:image\" content=\"https:\/\/peruvision.ro\/wp-content\/uploads\/2024\/04\/TPlink-AX73-1.jpg\" \/>\n\t<meta property=\"og:image:width\" content=\"1000\" \/>\n\t<meta property=\"og:image:height\" content=\"1000\" \/>\n\t<meta property=\"og:image:type\" content=\"image\/jpeg\" \/>\n<meta name=\"twitter:card\" content=\"summary_large_image\" \/>\n<meta name=\"twitter:label1\" content=\"Estimated reading time\" \/>\n\t<meta name=\"twitter:data1\" content=\"4 minutes\" \/>\n<script type=\"application\/ld+json\" class=\"yoast-schema-graph\">{\"@context\":\"https:\\\/\\\/schema.org\",\"@graph\":[{\"@type\":\"WebPage\",\"@id\":\"https:\\\/\\\/peruvision.ro\\\/produs\\\/tp-link-archer-ax53-wi-fi-6-dual-band-ax5400\\\/\",\"url\":\"https:\\\/\\\/peruvision.ro\\\/produs\\\/tp-link-archer-ax53-wi-fi-6-dual-band-ax5400\\\/\",\"name\":\"ROUTER TPLINK ARCHER AX73 (Timbru verde 0,75 lei) - Peruvision\",\"isPartOf\":{\"@id\":\"https:\\\/\\\/peruvision.ro\\\/#website\"},\"primaryImageOfPage\":{\"@id\":\"https:\\\/\\\/peruvision.ro\\\/produs\\\/tp-link-archer-ax53-wi-fi-6-dual-band-ax5400\\\/#primaryimage\"},\"image\":{\"@id\":\"https:\\\/\\\/peruvision.ro\\\/produs\\\/tp-link-archer-ax53-wi-fi-6-dual-band-ax5400\\\/#primaryimage\"},\"thumbnailUrl\":\"https:\\\/\\\/peruvision.ro\\\/wp-content\\\/uploads\\\/2024\\\/04\\\/TPlink-AX73-1.jpg\",\"datePublished\":\"2024-04-16T08:42:05+00:00\",\"dateModified\":\"2026-03-17T09:37:45+00:00\",\"description\":\"Descopera ROUTER TPLINK ARCHER AX73 (Timbru verde 0,75 lei) la Peruvision. Preturi speciale pentru echipamentele achizitionate\",\"breadcrumb\":{\"@id\":\"https:\\\/\\\/peruvision.ro\\\/produs\\\/tp-link-archer-ax53-wi-fi-6-dual-band-ax5400\\\/#breadcrumb\"},\"inLanguage\":\"en-GB\",\"potentialAction\":[{\"@type\":\"ReadAction\",\"target\":[\"https:\\\/\\\/peruvision.ro\\\/produs\\\/tp-link-archer-ax53-wi-fi-6-dual-band-ax5400\\\/\"]}]},{\"@type\":\"ImageObject\",\"inLanguage\":\"en-GB\",\"@id\":\"https:\\\/\\\/peruvision.ro\\\/produs\\\/tp-link-archer-ax53-wi-fi-6-dual-band-ax5400\\\/#primaryimage\",\"url\":\"https:\\\/\\\/peruvision.ro\\\/wp-content\\\/uploads\\\/2024\\\/04\\\/TPlink-AX73-1.jpg\",\"contentUrl\":\"https:\\\/\\\/peruvision.ro\\\/wp-content\\\/uploads\\\/2024\\\/04\\\/TPlink-AX73-1.jpg\",\"width\":1000,\"height\":1000},{\"@type\":\"BreadcrumbList\",\"@id\":\"https:\\\/\\\/peruvision.ro\\\/produs\\\/tp-link-archer-ax53-wi-fi-6-dual-band-ax5400\\\/#breadcrumb\",\"itemListElement\":[{\"@type\":\"ListItem\",\"position\":1,\"name\":\"Prima pagin\u0103\",\"item\":\"https:\\\/\\\/peruvision.ro\\\/\"},{\"@type\":\"ListItem\",\"position\":2,\"name\":\"Produse\",\"item\":\"https:\\\/\\\/peruvision.ro\\\/produse\\\/\"},{\"@type\":\"ListItem\",\"position\":3,\"name\":\"ROUTER TPLINK ARCHER AX73 (Timbru verde 0,75 lei)\"}]},{\"@type\":\"WebSite\",\"@id\":\"https:\\\/\\\/peruvision.ro\\\/#website\",\"url\":\"https:\\\/\\\/peruvision.ro\\\/\",\"name\":\"Peruvision\",\"description\":\"Site-ul firmei Peruvision, specializata in distributia de echipamente de telecomunicatii si servicii aferente.\",\"publisher\":{\"@id\":\"https:\\\/\\\/peruvision.ro\\\/#organization\"},\"potentialAction\":[{\"@type\":\"SearchAction\",\"target\":{\"@type\":\"EntryPoint\",\"urlTemplate\":\"https:\\\/\\\/peruvision.ro\\\/?s={search_term_string}\"},\"query-input\":{\"@type\":\"PropertyValueSpecification\",\"valueRequired\":true,\"valueName\":\"search_term_string\"}}],\"inLanguage\":\"en-GB\"},{\"@type\":\"Organization\",\"@id\":\"https:\\\/\\\/peruvision.ro\\\/#organization\",\"name\":\"Peruvision\",\"url\":\"https:\\\/\\\/peruvision.ro\\\/\",\"logo\":{\"@type\":\"ImageObject\",\"inLanguage\":\"en-GB\",\"@id\":\"https:\\\/\\\/peruvision.ro\\\/#\\\/schema\\\/logo\\\/image\\\/\",\"url\":\"https:\\\/\\\/peruvision.ro\\\/wp-content\\\/uploads\\\/2021\\\/09\\\/3biss-negru.png\",\"contentUrl\":\"https:\\\/\\\/peruvision.ro\\\/wp-content\\\/uploads\\\/2021\\\/09\\\/3biss-negru.png\",\"width\":2035,\"height\":432,\"caption\":\"Peruvision\"},\"image\":{\"@id\":\"https:\\\/\\\/peruvision.ro\\\/#\\\/schema\\\/logo\\\/image\\\/\"},\"sameAs\":[\"https:\\\/\\\/www.facebook.com\\\/profile.php?id=100040871665118\"]}]}<\/script>\n<!-- \/ Yoast SEO Premium plugin. -->","yoast_head_json":{"title":"ROUTER TPLINK ARCHER AX73 (Timbru verde 0,75 lei) - Peruvision","description":"Descopera ROUTER TPLINK ARCHER AX73 (Timbru verde 0,75 lei) la Peruvision. Preturi speciale pentru echipamentele achizitionate","robots":{"index":"index","follow":"follow","max-snippet":"max-snippet:-1","max-image-preview":"max-image-preview:large","max-video-preview":"max-video-preview:-1"},"canonical":"https:\/\/peruvision.ro\/en\/product\/tp-link-archer-ax53-wi-fi-6-dual-band-ax5400\/","og_locale":"en_GB","og_type":"article","og_title":"ROUTER TPLINK ARCHER AX73 (Timbru verde 0,75 lei)","og_description":"Descopera ROUTER TPLINK ARCHER AX73 (Timbru verde 0,75 lei) la Peruvision. Preturi speciale pentru echipamentele achizitionate","og_url":"https:\/\/peruvision.ro\/en\/product\/tp-link-archer-ax53-wi-fi-6-dual-band-ax5400\/","og_site_name":"Peruvision","article_publisher":"https:\/\/www.facebook.com\/profile.php?id=100040871665118","article_modified_time":"2026-03-17T09:37:45+00:00","og_image":[{"width":1000,"height":1000,"url":"https:\/\/peruvision.ro\/wp-content\/uploads\/2024\/04\/TPlink-AX73-1.jpg","type":"image\/jpeg"}],"twitter_card":"summary_large_image","twitter_misc":{"Estimated reading time":"4 minutes"},"schema":{"@context":"https:\/\/schema.org","@graph":[{"@type":"WebPage","@id":"https:\/\/peruvision.ro\/produs\/tp-link-archer-ax53-wi-fi-6-dual-band-ax5400\/","url":"https:\/\/peruvision.ro\/produs\/tp-link-archer-ax53-wi-fi-6-dual-band-ax5400\/","name":"ROUTER TPLINK ARCHER AX73 (Timbru verde 0,75 lei) - Peruvision","isPartOf":{"@id":"https:\/\/peruvision.ro\/#website"},"primaryImageOfPage":{"@id":"https:\/\/peruvision.ro\/produs\/tp-link-archer-ax53-wi-fi-6-dual-band-ax5400\/#primaryimage"},"image":{"@id":"https:\/\/peruvision.ro\/produs\/tp-link-archer-ax53-wi-fi-6-dual-band-ax5400\/#primaryimage"},"thumbnailUrl":"https:\/\/peruvision.ro\/wp-content\/uploads\/2024\/04\/TPlink-AX73-1.jpg","datePublished":"2024-04-16T08:42:05+00:00","dateModified":"2026-03-17T09:37:45+00:00","description":"Descopera ROUTER TPLINK ARCHER AX73 (Timbru verde 0,75 lei) la Peruvision. Preturi speciale pentru echipamentele achizitionate","breadcrumb":{"@id":"https:\/\/peruvision.ro\/produs\/tp-link-archer-ax53-wi-fi-6-dual-band-ax5400\/#breadcrumb"},"inLanguage":"en-GB","potentialAction":[{"@type":"ReadAction","target":["https:\/\/peruvision.ro\/produs\/tp-link-archer-ax53-wi-fi-6-dual-band-ax5400\/"]}]},{"@type":"ImageObject","inLanguage":"en-GB","@id":"https:\/\/peruvision.ro\/produs\/tp-link-archer-ax53-wi-fi-6-dual-band-ax5400\/#primaryimage","url":"https:\/\/peruvision.ro\/wp-content\/uploads\/2024\/04\/TPlink-AX73-1.jpg","contentUrl":"https:\/\/peruvision.ro\/wp-content\/uploads\/2024\/04\/TPlink-AX73-1.jpg","width":1000,"height":1000},{"@type":"BreadcrumbList","@id":"https:\/\/peruvision.ro\/produs\/tp-link-archer-ax53-wi-fi-6-dual-band-ax5400\/#breadcrumb","itemListElement":[{"@type":"ListItem","position":1,"name":"Prima pagin\u0103","item":"https:\/\/peruvision.ro\/"},{"@type":"ListItem","position":2,"name":"Produse","item":"https:\/\/peruvision.ro\/produse\/"},{"@type":"ListItem","position":3,"name":"ROUTER TPLINK ARCHER AX73 (Timbru verde 0,75 lei)"}]},{"@type":"WebSite","@id":"https:\/\/peruvision.ro\/#website","url":"https:\/\/peruvision.ro\/","name":"Peruvision","description":"Site-ul firmei Peruvision, specializata in distributia de echipamente de telecomunicatii si servicii aferente.","publisher":{"@id":"https:\/\/peruvision.ro\/#organization"},"potentialAction":[{"@type":"SearchAction","target":{"@type":"EntryPoint","urlTemplate":"https:\/\/peruvision.ro\/?s={search_term_string}"},"query-input":{"@type":"PropertyValueSpecification","valueRequired":true,"valueName":"search_term_string"}}],"inLanguage":"en-GB"},{"@type":"Organization","@id":"https:\/\/peruvision.ro\/#organization","name":"Peruvision","url":"https:\/\/peruvision.ro\/","logo":{"@type":"ImageObject","inLanguage":"en-GB","@id":"https:\/\/peruvision.ro\/#\/schema\/logo\/image\/","url":"https:\/\/peruvision.ro\/wp-content\/uploads\/2021\/09\/3biss-negru.png","contentUrl":"https:\/\/peruvision.ro\/wp-content\/uploads\/2021\/09\/3biss-negru.png","width":2035,"height":432,"caption":"Peruvision"},"image":{"@id":"https:\/\/peruvision.ro\/#\/schema\/logo\/image\/"},"sameAs":["https:\/\/www.facebook.com\/profile.php?id=100040871665118"]}]}},"jetpack_sharing_enabled":true,"_links":{"self":[{"href":"https:\/\/peruvision.ro\/en\/wp-json\/wp\/v2\/product\/14363","targetHints":{"allow":["GET"]}}],"collection":[{"href":"https:\/\/peruvision.ro\/en\/wp-json\/wp\/v2\/product"}],"about":[{"href":"https:\/\/peruvision.ro\/en\/wp-json\/wp\/v2\/types\/product"}],"version-history":[{"count":2,"href":"https:\/\/peruvision.ro\/en\/wp-json\/wp\/v2\/product\/14363\/revisions"}],"predecessor-version":[{"id":18292,"href":"https:\/\/peruvision.ro\/en\/wp-json\/wp\/v2\/product\/14363\/revisions\/18292"}],"wp:featuredmedia":[{"embeddable":true,"href":"https:\/\/peruvision.ro\/en\/wp-json\/wp\/v2\/media\/14369"}],"wp:attachment":[{"href":"https:\/\/peruvision.ro\/en\/wp-json\/wp\/v2\/media?parent=14363"}],"wp:term":[{"taxonomy":"product_brand","embeddable":true,"href":"https:\/\/peruvision.ro\/en\/wp-json\/wp\/v2\/product_brand?post=14363"},{"taxonomy":"product_cat","embeddable":true,"href":"https:\/\/peruvision.ro\/en\/wp-json\/wp\/v2\/product_cat?post=14363"},{"taxonomy":"product_tag","embeddable":true,"href":"https:\/\/peruvision.ro\/en\/wp-json\/wp\/v2\/product_tag?post=14363"}],"curies":[{"name":"wp","href":"https:\/\/api.w.org\/{rel}","templated":true}]}}