{"id":14138,"date":"2024-03-20T08:38:18","date_gmt":"2024-03-20T06:38:18","guid":{"rendered":"https:\/\/peruvision.ro\/?post_type=product&#038;p=14138"},"modified":"2026-03-17T11:37:49","modified_gmt":"2026-03-17T09:37:49","slug":"kingston-datatraveler-70-de-64-128-256gb","status":"publish","type":"product","link":"https:\/\/peruvision.ro\/en\/product\/kingston-datatraveler-70-de-64-128-256gb\/","title":{"rendered":"Kingston DataTraveler 70 de 64\/128\/256GB"},"content":{"rendered":"<section id=\"product-features\" class=\"s-productLite u-list-unstyled t-pearl\" data-click-location=\"features\">\n<div class=\"c-heading\">\n<div class=\"c-heading__block\">\n<div class=\"c-heading__block__header\"><\/div>\n<\/div>\n<\/div>\n<\/section>\n<section class=\"section-tech_specs s-tech_specs t-stone\">\n<div class=\"l-tabView\" data-id=\"tab-bk6my7\">\n<div class=\"l-tabView__panels\">\n<div id=\"tabContent0_0\" class=\"l-tabView__panels__panel l-inner l-tabView__panels__panel--active\" role=\"tabpanel\" aria-labelledby=\"tab0_0\">\n<section id=\"product-features\" class=\"s-productLite u-list-unstyled t-pearl\" data-click-location=\"features\">\n<div class=\"c-heading\">\n<div class=\"c-heading__block\">\n<div class=\"c-heading__block__header\">\n<h3 id=\"headline\">DataTraveler 70 USB Flash Drive<span class=\"u-txt-subhead\">USB-C Flash Drive<\/span><\/h3>\n<p>Memorie\/Stick USB tip C modern si puternic<\/p>\n<p>DataTraveler 70\u00ae de la Kingston este o unitate flash USB-C u\u0219oar\u0103 \u0219i portabil\u0103, compatibil\u0103 cu USB 3.2 Gen 1. Este conceput pentru a fi utilizat cu dispozitive compatibile USB-C, cum ar fi notebook-uri, laptopuri, tablete \u0219i telefoane. Cu capacit\u0103\u021bi de p\u00e2n\u0103 la 256 GB, DataTraveler 70 este mai mult dec\u00e2t capabil s\u0103 v\u0103 extind\u0103 spa\u021biul de stocare pentru utilizarea de zi cu zi.<\/p>\n<\/div>\n<\/div>\n<\/div>\n<div class=\"l-inner\">\n<ul id=\"features\" class=\"u-m0 u-p0 u-list-unstyled s-productLite__features\">\n<li>\n<div class=\"svg-bullet\">Proiectat pentru utilizare cu dispozitive USB-C<\/div>\n<\/li>\n<li>\n<div class=\"svg-bullet\">Conform cu USB 3.2 Gen 1<\/div>\n<\/li>\n<li>\n<div class=\"svg-bullet\">Design portabil \u0219i simplu<\/div>\n<\/li>\n<\/ul>\n<\/div>\n<\/section>\n<section id=\"key-feature\" class=\"s-header t-cloudy\">\n<div class=\"c-heading\">\n<div class=\"c-heading__block\">\n<div class=\"c-heading__block__header\">\n<h3>Key features<\/h3>\n<\/div>\n<\/div>\n<\/div>\n<\/section>\n<section id=\"key-feature-57822-1\" class=\"section-key_features s-keyFeature s-keyFeature--posTR\"><picture class=\"e-picture s-keyFeature__image\"><source srcset=\"https:\/\/media.kingston.com\/kingston\/key-features\/ktc-keyfeatures-usb-dt70-1-sm.jpg\" media=\"(max-width:32em)\" \/><source srcset=\"https:\/\/media.kingston.com\/kingston\/key-features\/ktc-keyfeatures-usb-dt70-1-md.jpg\" media=\"(max-width:64em)\" \/><img decoding=\"async\" title=\"Image of DT70 with USB-C tablet and phone\" src=\"https:\/\/media.kingston.com\/kingston\/key-features\/ktc-keyfeatures-usb-dt70-1-lg.jpg\" alt=\"Image of DT70 with USB-C tablet and phone\" \/><\/picture>\n<div class=\"l-inner u-p0\">\n<article class=\"s-keyFeature__content u-p\">\n<h4>Stocare USB-C<\/h4>\n<p>Pentru utilizare cu dispozitive USB-C precum notebook-uri, tablete \u0219i smartphone-uri.<\/p>\n<\/article>\n<\/div>\n<\/section>\n<section id=\"key-feature-57822-2\" class=\"section-key_features s-keyFeature s-keyFeature--txtWhite s-keyFeature--posMR\"><picture class=\"e-picture s-keyFeature__image\"><source srcset=\"https:\/\/media.kingston.com\/kingston\/key-features\/ktc-keyfeatures-usb-dt70-2-sm.jpg\" media=\"(max-width:32em)\" \/><source srcset=\"https:\/\/media.kingston.com\/kingston\/key-features\/ktc-keyfeatures-usb-dt70-2-md.jpg\" media=\"(max-width:64em)\" \/><img decoding=\"async\" title=\"Image of DT70 with notebook\" src=\"https:\/\/media.kingston.com\/kingston\/key-features\/ktc-keyfeatures-usb-dt70-2-lg.jpg\" alt=\"Image of DT70 with notebook\" \/><\/picture>\n<div class=\"l-inner u-p0\">\n<article class=\"s-keyFeature__content u-p\">\n<h4>Conform USB 3.2 Gen 1<\/h4>\n<p>Ofer\u0103 viteze de transfer de p\u00e2n\u0103 la 10 ori mai mari dec\u00e2t USB 2.0<\/p>\n<\/article>\n<\/div>\n<\/section>\n<section id=\"specifications\" class=\"s-header t-stone\">\n<div class=\"c-heading\">\n<div class=\"c-heading__block\">\n<div class=\"c-heading__block__header\">\n<h3>Specifica\u021bii<\/h3>\n<\/div>\n<\/div>\n<\/div>\n<\/section>\n<section class=\"section-tech_specs s-tech_specs t-stone\">\n<div class=\"l-tabView\" data-id=\"tab-s7sw4a\">\n<div class=\"l-tabView__panels\">\n<div id=\"tabContent0_0\" class=\"l-tabView__panels__panel l-inner l-tabView__panels__panel--active\" role=\"tabpanel\" aria-labelledby=\"tab0_0\">\n<div class=\"c-table c-table--striped c-table--sideKeys c-table--2col\">\n<div class=\"c-table__main\">\n<table>\n<tbody>\n<tr>\n<td>Capacit\u0103\u021bi<\/td>\n<td>64GB, 128GB, 256GB<\/td>\n<\/tr>\n<tr>\n<td>size<\/td>\n<td>59.00mm x 18.50mm x 9.00mm<\/td>\n<\/tr>\n<tr>\n<td>Greutate<\/td>\n<td>7g<\/td>\n<\/tr>\n<tr>\n<td>Temperatura de operare<\/td>\n<td>0\u00b0C~60\u00b0C<\/td>\n<\/tr>\n<tr>\n<td>Temperatura de stocare<\/td>\n<td>-20\u00b0C~85\u00b0C<\/td>\n<\/tr>\n<tr>\n<td><\/td>\n<td><\/td>\n<\/tr>\n<tr>\n<td>Compatibil cu<\/td>\n<td>Windows<sup class=\"u-txt-registered\">\u00ae<\/sup>\u00a011\/10\/8.1, macOS (v. 10.15.x +), Linux (v. 4.4.x +), Chrome OS<sup class=\"u-txt-trademark\">\u2122<\/sup><\/td>\n<\/tr>\n<\/tbody>\n<\/table>\n<\/div>\n<\/div>\n<\/div>\n<\/div>\n<\/div>\n<\/section>\n<div class=\"c-table c-table--striped c-table--sideKeys c-table--2col\">\n<p>For more information click <a href=\"https:\/\/www.kingston.com\/en\/usb-flash-drives\/datatraveler-70-usb-c-flash-drive?capacity=256gb\">here.<\/a><\/p>\n<\/div>\n<\/div>\n<\/div>\n<\/div>\n<\/section>","protected":false},"excerpt":{"rendered":"<ul>\n<li>Unitate de stocare (Stick) USB compatibil\u0103 cu USB 3.2 Gen 1<\/li>\n<li>Functioneaza si cu USB 2.0 sau 3.0<\/li>\n<li>Viteze marite datorita USB 3.2 Gen 1<\/li>\n<li>Portabilitate crescuta<\/li>\n<\/ul>","protected":false},"featured_media":14153,"template":"","meta":[],"product_brand":[],"product_cat":[728,679,15],"product_tag":[],"class_list":{"0":"post-14138","1":"product","2":"type-product","3":"status-publish","4":"has-post-thumbnail","6":"product_cat-memorii-stick-usb","7":"product_cat-pc-componente-si-periferice","8":"product_cat-toate-produsele","10":"first","11":"outofstock","12":"sale","13":"featured","14":"taxable","15":"shipping-taxable","16":"purchasable","17":"product-type-variable","18":"has-default-attributes"},"yoast_head":"<!-- This site is optimized with the Yoast SEO Premium plugin v21.9 (Yoast SEO v27.6) - https:\/\/yoast.com\/product\/yoast-seo-premium-wordpress\/ -->\n<title>Kingston DataTraveler 70 de 64\/128\/256GB - Peruvision<\/title>\n<meta name=\"description\" content=\"Descopera Kingston DataTraveler 70 de 64\/128\/256GB la Peruvision. Preturi speciale pentru echipamentele achizitionate\" \/>\n<meta name=\"robots\" content=\"index, follow, max-snippet:-1, max-image-preview:large, max-video-preview:-1\" \/>\n<link rel=\"canonical\" href=\"https:\/\/peruvision.ro\/en\/product\/kingston-datatraveler-70-de-64-128-256gb\/\" \/>\n<meta property=\"og:locale\" content=\"en_GB\" \/>\n<meta property=\"og:type\" content=\"article\" \/>\n<meta property=\"og:title\" content=\"Kingston DataTraveler 70 de 64\/128\/256GB\" \/>\n<meta property=\"og:description\" content=\"Descopera Kingston DataTraveler 70 de 64\/128\/256GB la Peruvision. Preturi speciale pentru echipamentele achizitionate\" \/>\n<meta property=\"og:url\" content=\"https:\/\/peruvision.ro\/en\/product\/kingston-datatraveler-70-de-64-128-256gb\/\" \/>\n<meta property=\"og:site_name\" content=\"Peruvision\" \/>\n<meta property=\"article:publisher\" content=\"https:\/\/www.facebook.com\/profile.php?id=100040871665118\" \/>\n<meta property=\"article:modified_time\" content=\"2026-03-17T09:37:49+00:00\" \/>\n<meta property=\"og:image\" content=\"https:\/\/peruvision.ro\/wp-content\/uploads\/2024\/03\/DataTraveler-64128256GB.jpg\" \/>\n\t<meta property=\"og:image:width\" content=\"1024\" \/>\n\t<meta property=\"og:image:height\" content=\"1024\" \/>\n\t<meta property=\"og:image:type\" content=\"image\/jpeg\" \/>\n<meta name=\"twitter:card\" content=\"summary_large_image\" \/>\n<meta name=\"twitter:label1\" content=\"Estimated reading time\" \/>\n\t<meta name=\"twitter:data1\" content=\"2 minutes\" \/>\n<script type=\"application\/ld+json\" class=\"yoast-schema-graph\">{\"@context\":\"https:\\\/\\\/schema.org\",\"@graph\":[{\"@type\":\"WebPage\",\"@id\":\"https:\\\/\\\/peruvision.ro\\\/produs\\\/kingston-datatraveler-70-de-64-128-256gb\\\/\",\"url\":\"https:\\\/\\\/peruvision.ro\\\/produs\\\/kingston-datatraveler-70-de-64-128-256gb\\\/\",\"name\":\"Kingston DataTraveler 70 de 64\\\/128\\\/256GB - Peruvision\",\"isPartOf\":{\"@id\":\"https:\\\/\\\/peruvision.ro\\\/#website\"},\"primaryImageOfPage\":{\"@id\":\"https:\\\/\\\/peruvision.ro\\\/produs\\\/kingston-datatraveler-70-de-64-128-256gb\\\/#primaryimage\"},\"image\":{\"@id\":\"https:\\\/\\\/peruvision.ro\\\/produs\\\/kingston-datatraveler-70-de-64-128-256gb\\\/#primaryimage\"},\"thumbnailUrl\":\"https:\\\/\\\/peruvision.ro\\\/wp-content\\\/uploads\\\/2024\\\/03\\\/DataTraveler-64128256GB.jpg\",\"datePublished\":\"2024-03-20T06:38:18+00:00\",\"dateModified\":\"2026-03-17T09:37:49+00:00\",\"description\":\"Descopera Kingston DataTraveler 70 de 64\\\/128\\\/256GB la Peruvision. Preturi speciale pentru echipamentele achizitionate\",\"breadcrumb\":{\"@id\":\"https:\\\/\\\/peruvision.ro\\\/produs\\\/kingston-datatraveler-70-de-64-128-256gb\\\/#breadcrumb\"},\"inLanguage\":\"en-GB\",\"potentialAction\":[{\"@type\":\"ReadAction\",\"target\":[\"https:\\\/\\\/peruvision.ro\\\/produs\\\/kingston-datatraveler-70-de-64-128-256gb\\\/\"]}]},{\"@type\":\"ImageObject\",\"inLanguage\":\"en-GB\",\"@id\":\"https:\\\/\\\/peruvision.ro\\\/produs\\\/kingston-datatraveler-70-de-64-128-256gb\\\/#primaryimage\",\"url\":\"https:\\\/\\\/peruvision.ro\\\/wp-content\\\/uploads\\\/2024\\\/03\\\/DataTraveler-64128256GB.jpg\",\"contentUrl\":\"https:\\\/\\\/peruvision.ro\\\/wp-content\\\/uploads\\\/2024\\\/03\\\/DataTraveler-64128256GB.jpg\",\"width\":1024,\"height\":1024},{\"@type\":\"BreadcrumbList\",\"@id\":\"https:\\\/\\\/peruvision.ro\\\/produs\\\/kingston-datatraveler-70-de-64-128-256gb\\\/#breadcrumb\",\"itemListElement\":[{\"@type\":\"ListItem\",\"position\":1,\"name\":\"Prima pagin\u0103\",\"item\":\"https:\\\/\\\/peruvision.ro\\\/\"},{\"@type\":\"ListItem\",\"position\":2,\"name\":\"Produse\",\"item\":\"https:\\\/\\\/peruvision.ro\\\/produse\\\/\"},{\"@type\":\"ListItem\",\"position\":3,\"name\":\"Kingston DataTraveler 70 de 64\\\/128\\\/256GB\"}]},{\"@type\":\"WebSite\",\"@id\":\"https:\\\/\\\/peruvision.ro\\\/#website\",\"url\":\"https:\\\/\\\/peruvision.ro\\\/\",\"name\":\"Peruvision\",\"description\":\"Site-ul firmei Peruvision, specializata in distributia de echipamente de telecomunicatii si servicii aferente.\",\"publisher\":{\"@id\":\"https:\\\/\\\/peruvision.ro\\\/#organization\"},\"potentialAction\":[{\"@type\":\"SearchAction\",\"target\":{\"@type\":\"EntryPoint\",\"urlTemplate\":\"https:\\\/\\\/peruvision.ro\\\/?s={search_term_string}\"},\"query-input\":{\"@type\":\"PropertyValueSpecification\",\"valueRequired\":true,\"valueName\":\"search_term_string\"}}],\"inLanguage\":\"en-GB\"},{\"@type\":\"Organization\",\"@id\":\"https:\\\/\\\/peruvision.ro\\\/#organization\",\"name\":\"Peruvision\",\"url\":\"https:\\\/\\\/peruvision.ro\\\/\",\"logo\":{\"@type\":\"ImageObject\",\"inLanguage\":\"en-GB\",\"@id\":\"https:\\\/\\\/peruvision.ro\\\/#\\\/schema\\\/logo\\\/image\\\/\",\"url\":\"https:\\\/\\\/peruvision.ro\\\/wp-content\\\/uploads\\\/2021\\\/09\\\/3biss-negru.png\",\"contentUrl\":\"https:\\\/\\\/peruvision.ro\\\/wp-content\\\/uploads\\\/2021\\\/09\\\/3biss-negru.png\",\"width\":2035,\"height\":432,\"caption\":\"Peruvision\"},\"image\":{\"@id\":\"https:\\\/\\\/peruvision.ro\\\/#\\\/schema\\\/logo\\\/image\\\/\"},\"sameAs\":[\"https:\\\/\\\/www.facebook.com\\\/profile.php?id=100040871665118\"]}]}<\/script>\n<!-- \/ Yoast SEO Premium plugin. -->","yoast_head_json":{"title":"Kingston DataTraveler 70 de 64\/128\/256GB - Peruvision","description":"Descopera Kingston DataTraveler 70 de 64\/128\/256GB la Peruvision. Preturi speciale pentru echipamentele achizitionate","robots":{"index":"index","follow":"follow","max-snippet":"max-snippet:-1","max-image-preview":"max-image-preview:large","max-video-preview":"max-video-preview:-1"},"canonical":"https:\/\/peruvision.ro\/en\/product\/kingston-datatraveler-70-de-64-128-256gb\/","og_locale":"en_GB","og_type":"article","og_title":"Kingston DataTraveler 70 de 64\/128\/256GB","og_description":"Descopera Kingston DataTraveler 70 de 64\/128\/256GB la Peruvision. Preturi speciale pentru echipamentele achizitionate","og_url":"https:\/\/peruvision.ro\/en\/product\/kingston-datatraveler-70-de-64-128-256gb\/","og_site_name":"Peruvision","article_publisher":"https:\/\/www.facebook.com\/profile.php?id=100040871665118","article_modified_time":"2026-03-17T09:37:49+00:00","og_image":[{"width":1024,"height":1024,"url":"https:\/\/peruvision.ro\/wp-content\/uploads\/2024\/03\/DataTraveler-64128256GB.jpg","type":"image\/jpeg"}],"twitter_card":"summary_large_image","twitter_misc":{"Estimated reading time":"2 minutes"},"schema":{"@context":"https:\/\/schema.org","@graph":[{"@type":"WebPage","@id":"https:\/\/peruvision.ro\/produs\/kingston-datatraveler-70-de-64-128-256gb\/","url":"https:\/\/peruvision.ro\/produs\/kingston-datatraveler-70-de-64-128-256gb\/","name":"Kingston DataTraveler 70 de 64\/128\/256GB - Peruvision","isPartOf":{"@id":"https:\/\/peruvision.ro\/#website"},"primaryImageOfPage":{"@id":"https:\/\/peruvision.ro\/produs\/kingston-datatraveler-70-de-64-128-256gb\/#primaryimage"},"image":{"@id":"https:\/\/peruvision.ro\/produs\/kingston-datatraveler-70-de-64-128-256gb\/#primaryimage"},"thumbnailUrl":"https:\/\/peruvision.ro\/wp-content\/uploads\/2024\/03\/DataTraveler-64128256GB.jpg","datePublished":"2024-03-20T06:38:18+00:00","dateModified":"2026-03-17T09:37:49+00:00","description":"Descopera Kingston DataTraveler 70 de 64\/128\/256GB la Peruvision. Preturi speciale pentru echipamentele achizitionate","breadcrumb":{"@id":"https:\/\/peruvision.ro\/produs\/kingston-datatraveler-70-de-64-128-256gb\/#breadcrumb"},"inLanguage":"en-GB","potentialAction":[{"@type":"ReadAction","target":["https:\/\/peruvision.ro\/produs\/kingston-datatraveler-70-de-64-128-256gb\/"]}]},{"@type":"ImageObject","inLanguage":"en-GB","@id":"https:\/\/peruvision.ro\/produs\/kingston-datatraveler-70-de-64-128-256gb\/#primaryimage","url":"https:\/\/peruvision.ro\/wp-content\/uploads\/2024\/03\/DataTraveler-64128256GB.jpg","contentUrl":"https:\/\/peruvision.ro\/wp-content\/uploads\/2024\/03\/DataTraveler-64128256GB.jpg","width":1024,"height":1024},{"@type":"BreadcrumbList","@id":"https:\/\/peruvision.ro\/produs\/kingston-datatraveler-70-de-64-128-256gb\/#breadcrumb","itemListElement":[{"@type":"ListItem","position":1,"name":"Prima pagin\u0103","item":"https:\/\/peruvision.ro\/"},{"@type":"ListItem","position":2,"name":"Produse","item":"https:\/\/peruvision.ro\/produse\/"},{"@type":"ListItem","position":3,"name":"Kingston DataTraveler 70 de 64\/128\/256GB"}]},{"@type":"WebSite","@id":"https:\/\/peruvision.ro\/#website","url":"https:\/\/peruvision.ro\/","name":"Peruvision","description":"Site-ul firmei Peruvision, specializata in distributia de echipamente de telecomunicatii si servicii aferente.","publisher":{"@id":"https:\/\/peruvision.ro\/#organization"},"potentialAction":[{"@type":"SearchAction","target":{"@type":"EntryPoint","urlTemplate":"https:\/\/peruvision.ro\/?s={search_term_string}"},"query-input":{"@type":"PropertyValueSpecification","valueRequired":true,"valueName":"search_term_string"}}],"inLanguage":"en-GB"},{"@type":"Organization","@id":"https:\/\/peruvision.ro\/#organization","name":"Peruvision","url":"https:\/\/peruvision.ro\/","logo":{"@type":"ImageObject","inLanguage":"en-GB","@id":"https:\/\/peruvision.ro\/#\/schema\/logo\/image\/","url":"https:\/\/peruvision.ro\/wp-content\/uploads\/2021\/09\/3biss-negru.png","contentUrl":"https:\/\/peruvision.ro\/wp-content\/uploads\/2021\/09\/3biss-negru.png","width":2035,"height":432,"caption":"Peruvision"},"image":{"@id":"https:\/\/peruvision.ro\/#\/schema\/logo\/image\/"},"sameAs":["https:\/\/www.facebook.com\/profile.php?id=100040871665118"]}]}},"jetpack_sharing_enabled":true,"_links":{"self":[{"href":"https:\/\/peruvision.ro\/en\/wp-json\/wp\/v2\/product\/14138","targetHints":{"allow":["GET"]}}],"collection":[{"href":"https:\/\/peruvision.ro\/en\/wp-json\/wp\/v2\/product"}],"about":[{"href":"https:\/\/peruvision.ro\/en\/wp-json\/wp\/v2\/types\/product"}],"version-history":[{"count":1,"href":"https:\/\/peruvision.ro\/en\/wp-json\/wp\/v2\/product\/14138\/revisions"}],"predecessor-version":[{"id":17891,"href":"https:\/\/peruvision.ro\/en\/wp-json\/wp\/v2\/product\/14138\/revisions\/17891"}],"wp:featuredmedia":[{"embeddable":true,"href":"https:\/\/peruvision.ro\/en\/wp-json\/wp\/v2\/media\/14153"}],"wp:attachment":[{"href":"https:\/\/peruvision.ro\/en\/wp-json\/wp\/v2\/media?parent=14138"}],"wp:term":[{"taxonomy":"product_brand","embeddable":true,"href":"https:\/\/peruvision.ro\/en\/wp-json\/wp\/v2\/product_brand?post=14138"},{"taxonomy":"product_cat","embeddable":true,"href":"https:\/\/peruvision.ro\/en\/wp-json\/wp\/v2\/product_cat?post=14138"},{"taxonomy":"product_tag","embeddable":true,"href":"https:\/\/peruvision.ro\/en\/wp-json\/wp\/v2\/product_tag?post=14138"}],"curies":[{"name":"wp","href":"https:\/\/api.w.org\/{rel}","templated":true}]}}