{"id":14112,"date":"2024-03-19T10:19:19","date_gmt":"2024-03-19T08:19:19","guid":{"rendered":"https:\/\/peruvision.ro\/?post_type=product&#038;p=14112"},"modified":"2026-03-17T11:37:38","modified_gmt":"2026-03-17T09:37:38","slug":"kingston-datatraveler-exodia-m-64-128-256gb","status":"publish","type":"product","link":"https:\/\/peruvision.ro\/en\/product\/kingston-datatraveler-exodia-m-64-128-256gb\/","title":{"rendered":"Kingston DataTraveler Exodia M 64\/128\/256GB"},"content":{"rendered":"<section id=\"product-features\" class=\"s-productLite u-list-unstyled t-pearl\" data-click-location=\"features\">\n<div class=\"c-heading\">\n<div class=\"c-heading__block\">\n<div class=\"c-heading__block__header\">\n<h3 id=\"headline\">Unitate flash USB DataTraveler Exodia M cu capac mobil \u00een mai multe culori<\/h3>\n<\/div>\n<\/div>\n<\/div>\n<div class=\"l-inner\">\n<div class=\"s-productLite__intro\">Kingston DataTraveler\u00ae Exodia\u2122 M este o solu\u021bie de stocare compatibil\u0103 cu USB 3.2 Gen 1 pentru laptopuri, computere desktop, monitoare \u0219i alte dispozitive digitale. DT Exodia M permite transferuri rapide \u0219i stocare convenabil\u0103 a documentelor, muzicii, videoclipurilor \u0219i multe altele. Este disponibil \u00een mai multe op\u021biuni de culoare elegante, care corespund cu capacit\u0103\u021bi de p\u00e2n\u0103 la 256 GB1. Designul s\u0103u practic \u00eel face o solu\u021bie ideal\u0103 de depozitare \u00een mi\u0219care, fie la serviciu, acas\u0103 sau la \u0219coal\u0103. DT Exodia M este sus\u021binut de o garan\u021bie de cinci ani, suport tehnic gratuit \u0219i fiabilitatea legendar\u0103 Kingston\u00ae.<\/div>\n<ul id=\"features\" class=\"u-m0 u-p0 u-list-unstyled s-productLite__features\">\n<li>\n<div class=\"svg-bullet\">Designul capacului mobil protejeaz\u0103 conectorul USB<\/div>\n<\/li>\n<li>\n<div class=\"svg-bullet\">Op\u021biuni de culoare multiple \u00een func\u021bie de capacitate<\/div>\n<\/li>\n<li>\n<div class=\"svg-bullet\">Gaura pentru ata\u0219are cu u\u0219urin\u021b\u0103 la brelocuri<\/div>\n<\/li>\n<\/ul>\n<\/div>\n<\/section>\n<section id=\"key-feature\" class=\"s-header t-cloudy\">\n<div class=\"c-heading\">\n<div class=\"c-heading__block\">\n<div class=\"c-heading__block__header\">\n<h3>Functii de baza<\/h3>\n<\/div>\n<\/div>\n<\/div>\n<\/section>\n<section id=\"key-feature-66068-1\" class=\"section-key_features s-keyFeature s-keyFeature--txtWhite s-keyFeature--posBC\"><picture class=\"e-picture s-keyFeature__image\"><source srcset=\"https:\/\/media.kingston.com\/kingston\/key-features\/ktc-keyfeatures-usb-dtxm-1-sm.jpg\" media=\"(max-width:32em)\" \/><source srcset=\"https:\/\/media.kingston.com\/kingston\/key-features\/ktc-keyfeatures-usb-dtxm-1-md.jpg\" media=\"(max-width:64em)\" \/><img decoding=\"async\" title=\"Functional design\" src=\"https:\/\/media.kingston.com\/kingston\/key-features\/ktc-keyfeatures-usb-dtxm-1-lg.jpg\" alt=\"Functional design\" \/><\/picture>\n<div class=\"l-inner u-p0\">\n<article class=\"s-keyFeature__content u-p\">\n<h3>Design func\u021bional<\/h3>\n<p>Designul capacului mobil protejeaz\u0103 conectorul USB \u0219i datele dvs. atunci c\u00e2nd nu sunt utilizate.<\/p>\n<\/article>\n<\/div>\n<\/section>\n<section id=\"key-feature-66068-2\" class=\"section-key_features s-keyFeature s-keyFeature--txtWhite s-keyFeature--posBR\"><picture class=\"e-picture s-keyFeature__image\"><source srcset=\"https:\/\/media.kingston.com\/kingston\/key-features\/ktc-keyfeatures-usb-dtxm-2-sm.jpg\" media=\"(max-width:32em)\" \/><source srcset=\"https:\/\/media.kingston.com\/kingston\/key-features\/ktc-keyfeatures-usb-dtxm-2-md.jpg\" media=\"(max-width:64em)\" \/><img decoding=\"async\" title=\"Convenience at your fingertips\" src=\"https:\/\/media.kingston.com\/kingston\/key-features\/ktc-keyfeatures-usb-dtxm-2-lg.jpg\" alt=\"Convenience at your fingertips\" \/><\/picture>\n<div class=\"l-inner u-p0\">\n<article class=\"s-keyFeature__content u-p\">\n<h3>Comoditate la \u00eendem\u00e2n\u0103<\/h3>\n<p>Solu\u021bia de stocare u\u0219oar\u0103 compatibil\u0103 cu USB 3.2 Gen 1 ofer\u0103 transferuri rapide de fi\u0219iere.<\/p>\n<\/article>\n<\/div>\n<\/section>\n<section id=\"key-feature-66068-3\" class=\"section-key_features s-keyFeature s-keyFeature--txtWhite s-keyFeature--posTR\"><picture class=\"e-picture s-keyFeature__image\"><source srcset=\"https:\/\/media.kingston.com\/kingston\/key-features\/ktc-keyfeatures-usb-dtxm-3-sm.jpg\" media=\"(max-width:32em)\" \/><source srcset=\"https:\/\/media.kingston.com\/kingston\/key-features\/ktc-keyfeatures-usb-dtxm-3-md.jpg\" media=\"(max-width:64em)\" \/><img decoding=\"async\" title=\"Ultimate portability\" src=\"https:\/\/media.kingston.com\/kingston\/key-features\/ktc-keyfeatures-usb-dtxm-3-lg.jpg\" alt=\"Ultimate portability\" \/><\/picture>\n<div class=\"l-inner u-p0\">\n<article class=\"s-keyFeature__content u-p\">\n<h3>Portabilitate suprem\u0103<\/h3>\n<p>Gam\u0103 de capacit\u0103\u021bi cu capac colorat \u0219i o bucl\u0103 care se ata\u0219eaz\u0103 cu u\u0219urin\u021b\u0103 la brelocuri.<\/p>\n<\/article>\n<\/div>\n<\/section>\n<section id=\"Saa350f4a-4ff2-48f6-85a2-6cbba505596b\" class=\"section-ecommerce s-ecommerce no-header t-pearl view-partners\" data-click-location=\"product page ecommerce\" data-product=\"66072\">\n<div class=\"l-inner\">\n<div class=\"l-row\">\n<div class=\"l-row__col l-1\/2@md\">\n<div class=\"s-ecommerce__details atc-selections\">\n<ul class=\"s-ecommerce__details__features ecommerce-features\" data-pn-bullet=\"Part Number:\">\n<li>Compatibil cu USB 3.2 Gen 1<\/li>\n<\/ul>\n<\/div>\n<\/div>\n<\/div>\n<\/div>\n<\/section>\n<section id=\"specifications\" class=\"s-header t-stone\">\n<div class=\"c-heading\">\n<div class=\"c-heading__block\">\n<div class=\"c-heading__block__header\">\n<h3>Specifica\u021bii<\/h3>\n<\/div>\n<\/div>\n<\/div>\n<\/section>\n<section class=\"section-tech_specs s-tech_specs t-stone\">\n<div class=\"l-tabView\" data-id=\"tab-bk6my7\">\n<div class=\"l-tabView__panels\">\n<div id=\"tabContent0_0\" class=\"l-tabView__panels__panel l-inner l-tabView__panels__panel--active\" role=\"tabpanel\" aria-labelledby=\"tab0_0\">\n<div class=\"c-table c-table--striped c-table--sideKeys c-table--2col\">\n<div class=\"c-table__main\">\n<table>\n<tbody>\n<tr>\n<td>Capacitate<\/td>\n<td>64GB, 128GB, 256GB<\/td>\n<\/tr>\n<tr>\n<td>Viteza<\/td>\n<td>Compatibil USB 3.2 Gen 1<\/td>\n<\/tr>\n<tr>\n<td>size<\/td>\n<td>67.4mm x 21.8mm x 11.6mm<\/td>\n<\/tr>\n<tr>\n<td>Greutate<\/td>\n<td>10g<\/td>\n<\/tr>\n<tr>\n<td>Operating temperature<\/td>\n<td>0\u00b0C~60\u00b0C<\/td>\n<\/tr>\n<tr>\n<td>Temperatura de depozitare<\/td>\n<td>-20\u00b0C~85\u00b0C<\/td>\n<\/tr>\n<tr>\n<td><\/td>\n<td><\/td>\n<\/tr>\n<tr>\n<td>Compatibil cu<\/td>\n<td>Windows<sup class=\"u-txt-registered\">\u00ae<\/sup>\u00a011, 10, macOS (v.10.15.x +), Linux (v. 4.4 +), Chrome OS<sup class=\"u-txt-trademark\">\u2122<\/sup><\/td>\n<\/tr>\n<\/tbody>\n<\/table>\n<\/div>\n<p>For more information click <a href=\"https:\/\/www.kingston.com\/en\/usb-flash-drives\/datatraveler-exodia-m-moving-usb-3-2-usb-flash-drive\">here.<\/a><\/p>\n<\/div>\n<\/div>\n<\/div>\n<\/div>\n<\/section>","protected":false},"excerpt":{"rendered":"<ul>\n<li>Unitate de stocare (Stick) USB compatibil\u0103 cu USB 3.2 Gen 1<\/li>\n<li>Functioneaza si cu USB 2.0 sau 3.0<\/li>\n<li>Viteze marite datorita USB 3.2 Gen 1<\/li>\n<li>Portabilitate crescuta<\/li>\n<\/ul>","protected":false},"featured_media":14120,"template":"","meta":[],"product_brand":[],"product_cat":[728,679,15],"product_tag":[],"class_list":{"0":"post-14112","1":"product","2":"type-product","3":"status-publish","4":"has-post-thumbnail","6":"product_cat-memorii-stick-usb","7":"product_cat-pc-componente-si-periferice","8":"product_cat-toate-produsele","10":"first","11":"outofstock","12":"sale","13":"featured","14":"taxable","15":"shipping-taxable","16":"purchasable","17":"product-type-variable","18":"has-default-attributes"},"yoast_head":"<!-- This site is optimized with the Yoast SEO Premium plugin v21.9 (Yoast SEO v27.6) - https:\/\/yoast.com\/product\/yoast-seo-premium-wordpress\/ -->\n<title>Kingston DataTraveler Exodia M 64\/128\/256GB - Peruvision<\/title>\n<meta name=\"description\" content=\"Descopera Kingston DataTraveler Exodia M 64\/128\/256GB la Peruvision. Preturi speciale pentru echipamentele achizitionate\" \/>\n<meta name=\"robots\" content=\"index, follow, max-snippet:-1, max-image-preview:large, max-video-preview:-1\" \/>\n<link rel=\"canonical\" href=\"https:\/\/peruvision.ro\/en\/product\/kingston-datatraveler-exodia-m-64-128-256gb\/\" \/>\n<meta property=\"og:locale\" content=\"en_GB\" \/>\n<meta property=\"og:type\" content=\"article\" \/>\n<meta property=\"og:title\" content=\"Kingston DataTraveler Exodia M 64\/128\/256GB\" \/>\n<meta property=\"og:description\" content=\"Descopera Kingston DataTraveler Exodia M 64\/128\/256GB la Peruvision. Preturi speciale pentru echipamentele achizitionate\" \/>\n<meta property=\"og:url\" content=\"https:\/\/peruvision.ro\/en\/product\/kingston-datatraveler-exodia-m-64-128-256gb\/\" \/>\n<meta property=\"og:site_name\" content=\"Peruvision\" \/>\n<meta property=\"article:publisher\" content=\"https:\/\/www.facebook.com\/profile.php?id=100040871665118\" \/>\n<meta property=\"article:modified_time\" content=\"2026-03-17T09:37:38+00:00\" \/>\n<meta property=\"og:image\" content=\"https:\/\/peruvision.ro\/wp-content\/uploads\/2024\/03\/DATATRAVELER-EXODIA-1.jpg\" \/>\n\t<meta property=\"og:image:width\" content=\"1024\" \/>\n\t<meta property=\"og:image:height\" content=\"1024\" \/>\n\t<meta property=\"og:image:type\" content=\"image\/jpeg\" \/>\n<meta name=\"twitter:card\" content=\"summary_large_image\" \/>\n<meta name=\"twitter:label1\" content=\"Estimated reading time\" \/>\n\t<meta name=\"twitter:data1\" content=\"3 minutes\" \/>\n<script type=\"application\/ld+json\" class=\"yoast-schema-graph\">{\"@context\":\"https:\\\/\\\/schema.org\",\"@graph\":[{\"@type\":\"WebPage\",\"@id\":\"https:\\\/\\\/peruvision.ro\\\/produs\\\/kingston-datatraveler-exodia-m-64-128-256gb\\\/\",\"url\":\"https:\\\/\\\/peruvision.ro\\\/produs\\\/kingston-datatraveler-exodia-m-64-128-256gb\\\/\",\"name\":\"Kingston DataTraveler Exodia M 64\\\/128\\\/256GB - Peruvision\",\"isPartOf\":{\"@id\":\"https:\\\/\\\/peruvision.ro\\\/#website\"},\"primaryImageOfPage\":{\"@id\":\"https:\\\/\\\/peruvision.ro\\\/produs\\\/kingston-datatraveler-exodia-m-64-128-256gb\\\/#primaryimage\"},\"image\":{\"@id\":\"https:\\\/\\\/peruvision.ro\\\/produs\\\/kingston-datatraveler-exodia-m-64-128-256gb\\\/#primaryimage\"},\"thumbnailUrl\":\"https:\\\/\\\/peruvision.ro\\\/wp-content\\\/uploads\\\/2024\\\/03\\\/DATATRAVELER-EXODIA-1.jpg\",\"datePublished\":\"2024-03-19T08:19:19+00:00\",\"dateModified\":\"2026-03-17T09:37:38+00:00\",\"description\":\"Descopera Kingston DataTraveler Exodia M 64\\\/128\\\/256GB la Peruvision. Preturi speciale pentru echipamentele achizitionate\",\"breadcrumb\":{\"@id\":\"https:\\\/\\\/peruvision.ro\\\/produs\\\/kingston-datatraveler-exodia-m-64-128-256gb\\\/#breadcrumb\"},\"inLanguage\":\"en-GB\",\"potentialAction\":[{\"@type\":\"ReadAction\",\"target\":[\"https:\\\/\\\/peruvision.ro\\\/produs\\\/kingston-datatraveler-exodia-m-64-128-256gb\\\/\"]}]},{\"@type\":\"ImageObject\",\"inLanguage\":\"en-GB\",\"@id\":\"https:\\\/\\\/peruvision.ro\\\/produs\\\/kingston-datatraveler-exodia-m-64-128-256gb\\\/#primaryimage\",\"url\":\"https:\\\/\\\/peruvision.ro\\\/wp-content\\\/uploads\\\/2024\\\/03\\\/DATATRAVELER-EXODIA-1.jpg\",\"contentUrl\":\"https:\\\/\\\/peruvision.ro\\\/wp-content\\\/uploads\\\/2024\\\/03\\\/DATATRAVELER-EXODIA-1.jpg\",\"width\":1024,\"height\":1024},{\"@type\":\"BreadcrumbList\",\"@id\":\"https:\\\/\\\/peruvision.ro\\\/produs\\\/kingston-datatraveler-exodia-m-64-128-256gb\\\/#breadcrumb\",\"itemListElement\":[{\"@type\":\"ListItem\",\"position\":1,\"name\":\"Prima pagin\u0103\",\"item\":\"https:\\\/\\\/peruvision.ro\\\/\"},{\"@type\":\"ListItem\",\"position\":2,\"name\":\"Produse\",\"item\":\"https:\\\/\\\/peruvision.ro\\\/produse\\\/\"},{\"@type\":\"ListItem\",\"position\":3,\"name\":\"Kingston DataTraveler Exodia M 64\\\/128\\\/256GB\"}]},{\"@type\":\"WebSite\",\"@id\":\"https:\\\/\\\/peruvision.ro\\\/#website\",\"url\":\"https:\\\/\\\/peruvision.ro\\\/\",\"name\":\"Peruvision\",\"description\":\"Site-ul firmei Peruvision, specializata in distributia de echipamente de telecomunicatii si servicii aferente.\",\"publisher\":{\"@id\":\"https:\\\/\\\/peruvision.ro\\\/#organization\"},\"potentialAction\":[{\"@type\":\"SearchAction\",\"target\":{\"@type\":\"EntryPoint\",\"urlTemplate\":\"https:\\\/\\\/peruvision.ro\\\/?s={search_term_string}\"},\"query-input\":{\"@type\":\"PropertyValueSpecification\",\"valueRequired\":true,\"valueName\":\"search_term_string\"}}],\"inLanguage\":\"en-GB\"},{\"@type\":\"Organization\",\"@id\":\"https:\\\/\\\/peruvision.ro\\\/#organization\",\"name\":\"Peruvision\",\"url\":\"https:\\\/\\\/peruvision.ro\\\/\",\"logo\":{\"@type\":\"ImageObject\",\"inLanguage\":\"en-GB\",\"@id\":\"https:\\\/\\\/peruvision.ro\\\/#\\\/schema\\\/logo\\\/image\\\/\",\"url\":\"https:\\\/\\\/peruvision.ro\\\/wp-content\\\/uploads\\\/2021\\\/09\\\/3biss-negru.png\",\"contentUrl\":\"https:\\\/\\\/peruvision.ro\\\/wp-content\\\/uploads\\\/2021\\\/09\\\/3biss-negru.png\",\"width\":2035,\"height\":432,\"caption\":\"Peruvision\"},\"image\":{\"@id\":\"https:\\\/\\\/peruvision.ro\\\/#\\\/schema\\\/logo\\\/image\\\/\"},\"sameAs\":[\"https:\\\/\\\/www.facebook.com\\\/profile.php?id=100040871665118\"]}]}<\/script>\n<!-- \/ Yoast SEO Premium plugin. -->","yoast_head_json":{"title":"Kingston DataTraveler Exodia M 64\/128\/256GB - Peruvision","description":"Descopera Kingston DataTraveler Exodia M 64\/128\/256GB la Peruvision. Preturi speciale pentru echipamentele achizitionate","robots":{"index":"index","follow":"follow","max-snippet":"max-snippet:-1","max-image-preview":"max-image-preview:large","max-video-preview":"max-video-preview:-1"},"canonical":"https:\/\/peruvision.ro\/en\/product\/kingston-datatraveler-exodia-m-64-128-256gb\/","og_locale":"en_GB","og_type":"article","og_title":"Kingston DataTraveler Exodia M 64\/128\/256GB","og_description":"Descopera Kingston DataTraveler Exodia M 64\/128\/256GB la Peruvision. Preturi speciale pentru echipamentele achizitionate","og_url":"https:\/\/peruvision.ro\/en\/product\/kingston-datatraveler-exodia-m-64-128-256gb\/","og_site_name":"Peruvision","article_publisher":"https:\/\/www.facebook.com\/profile.php?id=100040871665118","article_modified_time":"2026-03-17T09:37:38+00:00","og_image":[{"width":1024,"height":1024,"url":"https:\/\/peruvision.ro\/wp-content\/uploads\/2024\/03\/DATATRAVELER-EXODIA-1.jpg","type":"image\/jpeg"}],"twitter_card":"summary_large_image","twitter_misc":{"Estimated reading time":"3 minutes"},"schema":{"@context":"https:\/\/schema.org","@graph":[{"@type":"WebPage","@id":"https:\/\/peruvision.ro\/produs\/kingston-datatraveler-exodia-m-64-128-256gb\/","url":"https:\/\/peruvision.ro\/produs\/kingston-datatraveler-exodia-m-64-128-256gb\/","name":"Kingston DataTraveler Exodia M 64\/128\/256GB - Peruvision","isPartOf":{"@id":"https:\/\/peruvision.ro\/#website"},"primaryImageOfPage":{"@id":"https:\/\/peruvision.ro\/produs\/kingston-datatraveler-exodia-m-64-128-256gb\/#primaryimage"},"image":{"@id":"https:\/\/peruvision.ro\/produs\/kingston-datatraveler-exodia-m-64-128-256gb\/#primaryimage"},"thumbnailUrl":"https:\/\/peruvision.ro\/wp-content\/uploads\/2024\/03\/DATATRAVELER-EXODIA-1.jpg","datePublished":"2024-03-19T08:19:19+00:00","dateModified":"2026-03-17T09:37:38+00:00","description":"Descopera Kingston DataTraveler Exodia M 64\/128\/256GB la Peruvision. Preturi speciale pentru echipamentele achizitionate","breadcrumb":{"@id":"https:\/\/peruvision.ro\/produs\/kingston-datatraveler-exodia-m-64-128-256gb\/#breadcrumb"},"inLanguage":"en-GB","potentialAction":[{"@type":"ReadAction","target":["https:\/\/peruvision.ro\/produs\/kingston-datatraveler-exodia-m-64-128-256gb\/"]}]},{"@type":"ImageObject","inLanguage":"en-GB","@id":"https:\/\/peruvision.ro\/produs\/kingston-datatraveler-exodia-m-64-128-256gb\/#primaryimage","url":"https:\/\/peruvision.ro\/wp-content\/uploads\/2024\/03\/DATATRAVELER-EXODIA-1.jpg","contentUrl":"https:\/\/peruvision.ro\/wp-content\/uploads\/2024\/03\/DATATRAVELER-EXODIA-1.jpg","width":1024,"height":1024},{"@type":"BreadcrumbList","@id":"https:\/\/peruvision.ro\/produs\/kingston-datatraveler-exodia-m-64-128-256gb\/#breadcrumb","itemListElement":[{"@type":"ListItem","position":1,"name":"Prima pagin\u0103","item":"https:\/\/peruvision.ro\/"},{"@type":"ListItem","position":2,"name":"Produse","item":"https:\/\/peruvision.ro\/produse\/"},{"@type":"ListItem","position":3,"name":"Kingston DataTraveler Exodia M 64\/128\/256GB"}]},{"@type":"WebSite","@id":"https:\/\/peruvision.ro\/#website","url":"https:\/\/peruvision.ro\/","name":"Peruvision","description":"Site-ul firmei Peruvision, specializata in distributia de echipamente de telecomunicatii si servicii aferente.","publisher":{"@id":"https:\/\/peruvision.ro\/#organization"},"potentialAction":[{"@type":"SearchAction","target":{"@type":"EntryPoint","urlTemplate":"https:\/\/peruvision.ro\/?s={search_term_string}"},"query-input":{"@type":"PropertyValueSpecification","valueRequired":true,"valueName":"search_term_string"}}],"inLanguage":"en-GB"},{"@type":"Organization","@id":"https:\/\/peruvision.ro\/#organization","name":"Peruvision","url":"https:\/\/peruvision.ro\/","logo":{"@type":"ImageObject","inLanguage":"en-GB","@id":"https:\/\/peruvision.ro\/#\/schema\/logo\/image\/","url":"https:\/\/peruvision.ro\/wp-content\/uploads\/2021\/09\/3biss-negru.png","contentUrl":"https:\/\/peruvision.ro\/wp-content\/uploads\/2021\/09\/3biss-negru.png","width":2035,"height":432,"caption":"Peruvision"},"image":{"@id":"https:\/\/peruvision.ro\/#\/schema\/logo\/image\/"},"sameAs":["https:\/\/www.facebook.com\/profile.php?id=100040871665118"]}]}},"jetpack_sharing_enabled":true,"_links":{"self":[{"href":"https:\/\/peruvision.ro\/en\/wp-json\/wp\/v2\/product\/14112","targetHints":{"allow":["GET"]}}],"collection":[{"href":"https:\/\/peruvision.ro\/en\/wp-json\/wp\/v2\/product"}],"about":[{"href":"https:\/\/peruvision.ro\/en\/wp-json\/wp\/v2\/types\/product"}],"version-history":[{"count":1,"href":"https:\/\/peruvision.ro\/en\/wp-json\/wp\/v2\/product\/14112\/revisions"}],"predecessor-version":[{"id":17890,"href":"https:\/\/peruvision.ro\/en\/wp-json\/wp\/v2\/product\/14112\/revisions\/17890"}],"wp:featuredmedia":[{"embeddable":true,"href":"https:\/\/peruvision.ro\/en\/wp-json\/wp\/v2\/media\/14120"}],"wp:attachment":[{"href":"https:\/\/peruvision.ro\/en\/wp-json\/wp\/v2\/media?parent=14112"}],"wp:term":[{"taxonomy":"product_brand","embeddable":true,"href":"https:\/\/peruvision.ro\/en\/wp-json\/wp\/v2\/product_brand?post=14112"},{"taxonomy":"product_cat","embeddable":true,"href":"https:\/\/peruvision.ro\/en\/wp-json\/wp\/v2\/product_cat?post=14112"},{"taxonomy":"product_tag","embeddable":true,"href":"https:\/\/peruvision.ro\/en\/wp-json\/wp\/v2\/product_tag?post=14112"}],"curies":[{"name":"wp","href":"https:\/\/api.w.org\/{rel}","templated":true}]}}