{"id":14076,"date":"2024-03-14T11:34:30","date_gmt":"2024-03-14T09:34:30","guid":{"rendered":"https:\/\/peruvision.ro\/?post_type=product&#038;p=14076"},"modified":"2026-03-17T11:37:34","modified_gmt":"2026-03-17T09:37:34","slug":"tapo-t110-senzor-usa-fereastra","status":"publish","type":"product","link":"https:\/\/peruvision.ro\/en\/product\/tapo-t110-senzor-usa-fereastra\/","title":{"rendered":"SENZOR TAPO T110 USA\/FEREASTRA"},"content":{"rendered":"<div class=\"box highlights\">\n<section class=\"all-in-one-app\">\n<div class=\"w-container\">\n<div class=\"text\">\n<section class=\"smart-contact-sensor\">\n<div class=\"w-container\">\n<div class=\"text\">\n<h3>Senzor de contact<\/h3>\n<h4>Securitate pentru ferestre \u0219i u\u0219i<\/h4>\n<p><span class=\"model\">Tapo T110<\/span><\/p>\n<\/div>\n<\/div>\n<\/section>\n<section class=\"tapo-t110-sellpoint\">\n<div class=\"w-container\">\n<div class=\"feature-icon\">\n<ul>\n<li class=\"li-1\">Monitorizare \u00een timp real<\/li>\n<li class=\"li-2\">Notific\u0103ri pe telefon<\/li>\n<li class=\"li-3\">Automatizare inteligent\u0103<\/li>\n<li class=\"li-4\">Utilizare versatil\u0103<\/li>\n<li class=\"li-5\">Montare u\u0219oar\u0103<\/li>\n<\/ul>\n<\/div>\n<\/div>\n<\/section>\n<section class=\"know-status\">\n<div class=\"w-container\">\n<div class=\"text\">\n<h3>Monitorizare din aplica\u021bie<\/h3>\n<p>Nu trebuie s\u0103 mai stai cu grij\u0103 c\u0103 ai uitat s\u0103 \u00eenchizi ferestrele atunci\u00a0c\u00e2nd e\u0219ti plecat \u0219i se aproprie ploaia.\u00a0Po\u021bi afla instant dac\u0103 sunt \u00eenchise sau nu, direct din aplica\u021bia Tapo<\/p>\n<\/div>\n<\/div>\n<\/section>\n<section class=\"turn-lights-on-automatically\">\n<div class=\"w-container\">\n<div class=\"text\">\n<h3>Aprinde luminile automat<\/h3>\n<p>Seteaz\u0103 senzorul s\u0103 declan\u0219eze un Smart Action pentru luminile Tapo, ca acestea s\u0103 se aprind\u0103 atunci c\u00e2nd deschizi u\u0219a unei camere.<\/p>\n<div class=\"smart-action-wrap\"><span class=\"info-1\">Smart Action<\/span><span class=\"info-2\">U\u0219\u0103 deschis\u0103<\/span>\u00a0<span class=\"info-3\">Bec Tapo<\/span><\/div>\n<\/div>\n<\/div>\n<\/section>\n<section class=\"go-beyond\">\n<div class=\"w-container\">\n<div class=\"text\">\n<h3>Utiliz\u0103ri versatile<\/h3>\n<p>Po\u021bi plasa senzorul\u00a0de contact \u0219i \u00een alte loca\u021bii, <strong>nu doar pe ferestre \u0219i u\u0219i<\/strong>. Spre exemplu, po\u021bi avea grij\u0103 c\u0103 frigiderul nu r\u0103m\u00e2ne deschis.<\/p>\n<\/div>\n<\/div>\n<ul class=\"info\">\n<li class=\"li li-1\">U\u0219i\u021ba animalului de companie<\/li>\n<li class=\"li li-2\">U\u0219a frigiderului<\/li>\n<li class=\"li li-2\">Locurile cu obiecte importante<\/li>\n<\/ul>\n<\/section>\n<section class=\"instant-push-notifications\">\n<div class=\"w-container\">\n<div class=\"text\">\n<h3>Protejeaz\u0103-\u021bi locuin\u021ba<\/h3>\n<p>Senzorul te poate \u00een\u0219tiin\u021ba atunci c\u00e2nd u\u0219a sau fereastra pe care este conectat se deschide.\u00a0Iar \u00eempreun\u0103 cu un Hub Tapo \u0219i difuzorul acestuia, senzorul poate porni o alarm\u0103 pentru a descuraja musafirii nepofti\u021bi.<\/p>\n<p class=\"notice\">Not\u0103: Hub-ul Tapo este v\u00e2ndut separat.<\/p>\n<\/div>\n<\/div>\n<\/section>\n<section class=\"long-lasting-performance\">\n<div class=\"text\">\n<div class=\"contain\">\n<h3>Utilizare \u00eendelungat\u0103<\/h3>\n<p>Senzorul de contact Tapo este eficient energetic, oferind o speran\u021b\u0103 lung\u0103 de via\u021b\u0103 bateriei sale.*<\/p>\n<p class=\"tips\">*\u00cen baza testelor din laborator, simul\u00e2nd 30\u00a0de detect\u0103ri pe zi, cu un total de 22.000.<\/p>\n<\/div>\n<\/div>\n<div class=\"img\"><\/div>\n<\/section>\n<section class=\"easy-installation\">\n<div class=\"img\">\n<p class=\"info\">Distan\u021b\u0103 de p\u00e2n\u0103 la\u00a0<span class=\"num\">1.5 cm<\/span><\/p>\n<\/div>\n<div class=\"text\">\n<div class=\"contain\">\n<h3>Montare u\u0219oar\u0103<\/h3>\n<p>Poate fi instalat foarte u\u0219or, pe numeroase tipuri de suprafe\u021be plane, folosind adezivul 3M inclus \u00een pachet. Distan\u021ba maxim\u0103 de func\u021bionare dintre elementele senzorului este de p\u00e2n\u0103 la 1.5 cm.<\/p>\n<\/div>\n<\/div>\n<\/section>\n<section class=\"all-in-one-app\">\n<div class=\"w-container\">\n<div class=\"text\">\n<h3>Totul printr-o singur\u0103 aplica\u021bie<\/h3>\n<p>Controleaz\u0103-\u021bi toate dispozitivele Tapo Smart Home direct de pe telefonul sau tableta ta, din aplica\u021bia Tapo.<\/p>\n<\/div>\n<table>\n<thead>\n<tr id=\"tr_1529\">\n<th colspan=\"2\"><a>GENERAL<\/a><\/th>\n<\/tr>\n<\/thead>\n<tbody>\n<tr id=\"tr_5831\">\n<th width=\"35%\">Temperatur\u0103 de operare<\/th>\n<td width=\"65%\">0~40\u00b0C<\/td>\n<\/tr>\n<tr id=\"tr_1564\">\n<th width=\"35%\">Dimensiuni (H x L x l)<\/th>\n<td width=\"65%\">61.4 x 37.5 x 12.3 mm<\/td>\n<\/tr>\n<tr id=\"tr_5751\">\n<th width=\"35%\">Cerinte de alimentare<\/th>\n<td width=\"65%\">Baterie CR2032<\/td>\n<\/tr>\n<\/tbody>\n<\/table>\n<table>\n<thead>\n<tr id=\"tr_5819\">\n<th colspan=\"2\"><a>SYSTEM<\/a><\/th>\n<\/tr>\n<\/thead>\n<tbody>\n<tr id=\"tr_5822\">\n<th width=\"35%\">Hub Required<\/th>\n<td width=\"65%\">Yes<\/td>\n<\/tr>\n<\/tbody>\n<\/table>\n<table>\n<thead>\n<tr id=\"tr_5823\">\n<th colspan=\"2\"><a>ENVIRONMENT<\/a><\/th>\n<\/tr>\n<\/thead>\n<tbody>\n<tr id=\"tr_5824\">\n<th width=\"35%\">Temperatur\u0103 de operare<\/th>\n<td width=\"65%\">0~40\u00b0C<\/td>\n<\/tr>\n<\/tbody>\n<\/table>\n<table>\n<thead>\n<tr id=\"tr_5828\">\n<th colspan=\"2\"><a>PACKAGE CONTENTS<\/a><\/th>\n<\/tr>\n<\/thead>\n<tbody>\n<tr id=\"tr_5829\">\n<th width=\"35%\">Con\u021binut pachet<\/th>\n<td width=\"65%\">Tapo T110<br \/>\nGhid de instalare rapid\u0103<br \/>\n1x Baterie CR2032<br \/>\nAdeziv 3M<\/td>\n<\/tr>\n<\/tbody>\n<\/table>\n<table>\n<thead>\n<tr id=\"tr_5793\">\n<th colspan=\"2\"><a>HARDWARE<\/a><\/th>\n<\/tr>\n<\/thead>\n<tbody>\n<tr id=\"tr_5795\">\n<th width=\"35%\">Indicator LED<\/th>\n<td width=\"65%\">Yes<\/td>\n<\/tr>\n<\/tbody>\n<\/table>\n<table>\n<thead>\n<tr id=\"tr_5873\">\n<th colspan=\"2\"><a>SPECIFICA\u021aII TEHNICE<\/a><\/th>\n<\/tr>\n<\/thead>\n<tbody>\n<tr id=\"tr_6095\">\n<th width=\"35%\">Wireless<\/th>\n<td width=\"65%\">868 \/ 922 MHz<\/td>\n<\/tr>\n<\/tbody>\n<\/table>\n<\/div>\n<\/section>\n<\/div>\n<\/div>\n<\/section>\n<p>Click for more details <a href=\"https:\/\/www.tp-link.com\/ro\/smart-home\/smart-sensor\/tapo-t100\/\">here.<\/a><\/p>\n<\/div>","protected":false},"excerpt":{"rendered":"<ul>\n<li><b>Securitate pentru ferestre \u0219i u\u0219i<\/b>\u2014Senzorul poate monitoriza deschiderea\/\u00eenchiderea ferestrelor \u0219i a u\u0219ilor din locuin\u021ba ta.<\/li>\n<li><strong>Notific\u0103ri pe telefon<\/strong>\u2014Po\u021bi afla instant dac\u0103 o fereastr\u0103 a r\u0103mas deschis\u0103, direct de pe telefon.<\/li>\n<li><b>Smart Actions<\/b>\u2014Seteaz\u0103 senzorul s\u0103\u00a0declan\u0219eze\u00a0Smart Actions pentru alte dispozitive inteligente Tapo atunci c\u00e2nd intri pe u\u0219\u0103, revenind acas\u0103. De exemplu, poate porni luminile Tapo din cas\u0103.<\/li>\n<li><b>Montare u\u0219oar\u0103<\/b>\u2014Poate fi instalat foarte u\u0219or,\u00a0folosind adezivul 3M.<\/li>\n<li><b>Ecosistemul Tapo<\/b>\u2014Senzorul este o parte a ecosistemului Tapo, creat pentru a oferi\u00a0o experien\u021b\u0103 Smart Home pe m\u0103sura a\u0219tept\u0103rilor tale.<\/li>\n<li><strong>Control via Hub<\/strong>\u2014Dispozitivul este controlat prin hub-urile Tapo (ne inclus).<\/li>\n<\/ul>","protected":false},"featured_media":14079,"template":"","meta":[],"product_brand":[],"product_cat":[718,242,15],"product_tag":[],"class_list":{"0":"post-14076","1":"product","2":"type-product","3":"status-publish","4":"has-post-thumbnail","6":"product_cat-hub-uri-si-senzori-smart","7":"product_cat-smarthome-alte-echipamente","8":"product_cat-toate-produsele","10":"first","11":"instock","12":"featured","13":"taxable","14":"shipping-taxable","15":"purchasable","16":"product-type-simple"},"yoast_head":"<!-- This site is optimized with the Yoast SEO Premium plugin v21.9 (Yoast SEO v27.4) - https:\/\/yoast.com\/product\/yoast-seo-premium-wordpress\/ -->\n<title>SENZOR TAPO T110 USA\/FEREASTRA - Peruvision<\/title>\n<meta name=\"description\" content=\"Descopera SENZOR TAPO T110 USA\/FEREASTRA la Peruvision. Preturi speciale pentru echipamentele achizitionate\" \/>\n<meta name=\"robots\" content=\"index, follow, max-snippet:-1, max-image-preview:large, max-video-preview:-1\" \/>\n<link rel=\"canonical\" href=\"https:\/\/peruvision.ro\/en\/product\/tapo-t110-senzor-usa-fereastra\/\" \/>\n<meta property=\"og:locale\" content=\"en_GB\" \/>\n<meta property=\"og:type\" content=\"article\" \/>\n<meta property=\"og:title\" content=\"SENZOR TAPO T110 USA\/FEREASTRA\" \/>\n<meta property=\"og:description\" content=\"Descopera SENZOR TAPO T110 USA\/FEREASTRA la Peruvision. Preturi speciale pentru echipamentele achizitionate\" \/>\n<meta property=\"og:url\" content=\"https:\/\/peruvision.ro\/en\/product\/tapo-t110-senzor-usa-fereastra\/\" \/>\n<meta property=\"og:site_name\" content=\"Peruvision\" \/>\n<meta property=\"article:publisher\" content=\"https:\/\/www.facebook.com\/profile.php?id=100040871665118\" \/>\n<meta property=\"article:modified_time\" content=\"2026-03-17T09:37:34+00:00\" \/>\n<meta property=\"og:image\" content=\"https:\/\/peruvision.ro\/wp-content\/uploads\/2024\/03\/Tapo-T110-senzor-usa-fereastra-1-1.jpg\" \/>\n\t<meta property=\"og:image:width\" content=\"1000\" \/>\n\t<meta property=\"og:image:height\" content=\"1000\" \/>\n\t<meta property=\"og:image:type\" content=\"image\/jpeg\" \/>\n<meta name=\"twitter:card\" content=\"summary_large_image\" \/>\n<meta name=\"twitter:label1\" content=\"Estimated reading time\" \/>\n\t<meta name=\"twitter:data1\" content=\"2 minutes\" \/>\n<script type=\"application\/ld+json\" class=\"yoast-schema-graph\">{\"@context\":\"https:\\\/\\\/schema.org\",\"@graph\":[{\"@type\":\"WebPage\",\"@id\":\"https:\\\/\\\/peruvision.ro\\\/produs\\\/tapo-t110-senzor-usa-fereastra\\\/\",\"url\":\"https:\\\/\\\/peruvision.ro\\\/produs\\\/tapo-t110-senzor-usa-fereastra\\\/\",\"name\":\"SENZOR TAPO T110 USA\\\/FEREASTRA - Peruvision\",\"isPartOf\":{\"@id\":\"https:\\\/\\\/peruvision.ro\\\/#website\"},\"primaryImageOfPage\":{\"@id\":\"https:\\\/\\\/peruvision.ro\\\/produs\\\/tapo-t110-senzor-usa-fereastra\\\/#primaryimage\"},\"image\":{\"@id\":\"https:\\\/\\\/peruvision.ro\\\/produs\\\/tapo-t110-senzor-usa-fereastra\\\/#primaryimage\"},\"thumbnailUrl\":\"https:\\\/\\\/peruvision.ro\\\/wp-content\\\/uploads\\\/2024\\\/03\\\/Tapo-T110-senzor-usa-fereastra-1-1.jpg\",\"datePublished\":\"2024-03-14T09:34:30+00:00\",\"dateModified\":\"2026-03-17T09:37:34+00:00\",\"description\":\"Descopera SENZOR TAPO T110 USA\\\/FEREASTRA la Peruvision. Preturi speciale pentru echipamentele achizitionate\",\"breadcrumb\":{\"@id\":\"https:\\\/\\\/peruvision.ro\\\/produs\\\/tapo-t110-senzor-usa-fereastra\\\/#breadcrumb\"},\"inLanguage\":\"en-GB\",\"potentialAction\":[{\"@type\":\"ReadAction\",\"target\":[\"https:\\\/\\\/peruvision.ro\\\/produs\\\/tapo-t110-senzor-usa-fereastra\\\/\"]}]},{\"@type\":\"ImageObject\",\"inLanguage\":\"en-GB\",\"@id\":\"https:\\\/\\\/peruvision.ro\\\/produs\\\/tapo-t110-senzor-usa-fereastra\\\/#primaryimage\",\"url\":\"https:\\\/\\\/peruvision.ro\\\/wp-content\\\/uploads\\\/2024\\\/03\\\/Tapo-T110-senzor-usa-fereastra-1-1.jpg\",\"contentUrl\":\"https:\\\/\\\/peruvision.ro\\\/wp-content\\\/uploads\\\/2024\\\/03\\\/Tapo-T110-senzor-usa-fereastra-1-1.jpg\",\"width\":1000,\"height\":1000},{\"@type\":\"BreadcrumbList\",\"@id\":\"https:\\\/\\\/peruvision.ro\\\/produs\\\/tapo-t110-senzor-usa-fereastra\\\/#breadcrumb\",\"itemListElement\":[{\"@type\":\"ListItem\",\"position\":1,\"name\":\"Prima pagin\u0103\",\"item\":\"https:\\\/\\\/peruvision.ro\\\/\"},{\"@type\":\"ListItem\",\"position\":2,\"name\":\"Produse\",\"item\":\"https:\\\/\\\/peruvision.ro\\\/produse\\\/\"},{\"@type\":\"ListItem\",\"position\":3,\"name\":\"SENZOR TAPO T110 USA\\\/FEREASTRA\"}]},{\"@type\":\"WebSite\",\"@id\":\"https:\\\/\\\/peruvision.ro\\\/#website\",\"url\":\"https:\\\/\\\/peruvision.ro\\\/\",\"name\":\"Peruvision\",\"description\":\"Site-ul firmei Peruvision, specializata in distributia de echipamente de telecomunicatii si servicii aferente.\",\"publisher\":{\"@id\":\"https:\\\/\\\/peruvision.ro\\\/#organization\"},\"potentialAction\":[{\"@type\":\"SearchAction\",\"target\":{\"@type\":\"EntryPoint\",\"urlTemplate\":\"https:\\\/\\\/peruvision.ro\\\/?s={search_term_string}\"},\"query-input\":{\"@type\":\"PropertyValueSpecification\",\"valueRequired\":true,\"valueName\":\"search_term_string\"}}],\"inLanguage\":\"en-GB\"},{\"@type\":\"Organization\",\"@id\":\"https:\\\/\\\/peruvision.ro\\\/#organization\",\"name\":\"Peruvision\",\"url\":\"https:\\\/\\\/peruvision.ro\\\/\",\"logo\":{\"@type\":\"ImageObject\",\"inLanguage\":\"en-GB\",\"@id\":\"https:\\\/\\\/peruvision.ro\\\/#\\\/schema\\\/logo\\\/image\\\/\",\"url\":\"https:\\\/\\\/peruvision.ro\\\/wp-content\\\/uploads\\\/2021\\\/09\\\/3biss-negru.png\",\"contentUrl\":\"https:\\\/\\\/peruvision.ro\\\/wp-content\\\/uploads\\\/2021\\\/09\\\/3biss-negru.png\",\"width\":2035,\"height\":432,\"caption\":\"Peruvision\"},\"image\":{\"@id\":\"https:\\\/\\\/peruvision.ro\\\/#\\\/schema\\\/logo\\\/image\\\/\"},\"sameAs\":[\"https:\\\/\\\/www.facebook.com\\\/profile.php?id=100040871665118\"]}]}<\/script>\n<!-- \/ Yoast SEO Premium plugin. -->","yoast_head_json":{"title":"SENZOR TAPO T110 USA\/FEREASTRA - Peruvision","description":"Descopera SENZOR TAPO T110 USA\/FEREASTRA la Peruvision. Preturi speciale pentru echipamentele achizitionate","robots":{"index":"index","follow":"follow","max-snippet":"max-snippet:-1","max-image-preview":"max-image-preview:large","max-video-preview":"max-video-preview:-1"},"canonical":"https:\/\/peruvision.ro\/en\/product\/tapo-t110-senzor-usa-fereastra\/","og_locale":"en_GB","og_type":"article","og_title":"SENZOR TAPO T110 USA\/FEREASTRA","og_description":"Descopera SENZOR TAPO T110 USA\/FEREASTRA la Peruvision. Preturi speciale pentru echipamentele achizitionate","og_url":"https:\/\/peruvision.ro\/en\/product\/tapo-t110-senzor-usa-fereastra\/","og_site_name":"Peruvision","article_publisher":"https:\/\/www.facebook.com\/profile.php?id=100040871665118","article_modified_time":"2026-03-17T09:37:34+00:00","og_image":[{"width":1000,"height":1000,"url":"https:\/\/peruvision.ro\/wp-content\/uploads\/2024\/03\/Tapo-T110-senzor-usa-fereastra-1-1.jpg","type":"image\/jpeg"}],"twitter_card":"summary_large_image","twitter_misc":{"Estimated reading time":"2 minutes"},"schema":{"@context":"https:\/\/schema.org","@graph":[{"@type":"WebPage","@id":"https:\/\/peruvision.ro\/produs\/tapo-t110-senzor-usa-fereastra\/","url":"https:\/\/peruvision.ro\/produs\/tapo-t110-senzor-usa-fereastra\/","name":"SENZOR TAPO T110 USA\/FEREASTRA - Peruvision","isPartOf":{"@id":"https:\/\/peruvision.ro\/#website"},"primaryImageOfPage":{"@id":"https:\/\/peruvision.ro\/produs\/tapo-t110-senzor-usa-fereastra\/#primaryimage"},"image":{"@id":"https:\/\/peruvision.ro\/produs\/tapo-t110-senzor-usa-fereastra\/#primaryimage"},"thumbnailUrl":"https:\/\/peruvision.ro\/wp-content\/uploads\/2024\/03\/Tapo-T110-senzor-usa-fereastra-1-1.jpg","datePublished":"2024-03-14T09:34:30+00:00","dateModified":"2026-03-17T09:37:34+00:00","description":"Descopera SENZOR TAPO T110 USA\/FEREASTRA la Peruvision. Preturi speciale pentru echipamentele achizitionate","breadcrumb":{"@id":"https:\/\/peruvision.ro\/produs\/tapo-t110-senzor-usa-fereastra\/#breadcrumb"},"inLanguage":"en-GB","potentialAction":[{"@type":"ReadAction","target":["https:\/\/peruvision.ro\/produs\/tapo-t110-senzor-usa-fereastra\/"]}]},{"@type":"ImageObject","inLanguage":"en-GB","@id":"https:\/\/peruvision.ro\/produs\/tapo-t110-senzor-usa-fereastra\/#primaryimage","url":"https:\/\/peruvision.ro\/wp-content\/uploads\/2024\/03\/Tapo-T110-senzor-usa-fereastra-1-1.jpg","contentUrl":"https:\/\/peruvision.ro\/wp-content\/uploads\/2024\/03\/Tapo-T110-senzor-usa-fereastra-1-1.jpg","width":1000,"height":1000},{"@type":"BreadcrumbList","@id":"https:\/\/peruvision.ro\/produs\/tapo-t110-senzor-usa-fereastra\/#breadcrumb","itemListElement":[{"@type":"ListItem","position":1,"name":"Prima pagin\u0103","item":"https:\/\/peruvision.ro\/"},{"@type":"ListItem","position":2,"name":"Produse","item":"https:\/\/peruvision.ro\/produse\/"},{"@type":"ListItem","position":3,"name":"SENZOR TAPO T110 USA\/FEREASTRA"}]},{"@type":"WebSite","@id":"https:\/\/peruvision.ro\/#website","url":"https:\/\/peruvision.ro\/","name":"Peruvision","description":"Site-ul firmei Peruvision, specializata in distributia de echipamente de telecomunicatii si servicii aferente.","publisher":{"@id":"https:\/\/peruvision.ro\/#organization"},"potentialAction":[{"@type":"SearchAction","target":{"@type":"EntryPoint","urlTemplate":"https:\/\/peruvision.ro\/?s={search_term_string}"},"query-input":{"@type":"PropertyValueSpecification","valueRequired":true,"valueName":"search_term_string"}}],"inLanguage":"en-GB"},{"@type":"Organization","@id":"https:\/\/peruvision.ro\/#organization","name":"Peruvision","url":"https:\/\/peruvision.ro\/","logo":{"@type":"ImageObject","inLanguage":"en-GB","@id":"https:\/\/peruvision.ro\/#\/schema\/logo\/image\/","url":"https:\/\/peruvision.ro\/wp-content\/uploads\/2021\/09\/3biss-negru.png","contentUrl":"https:\/\/peruvision.ro\/wp-content\/uploads\/2021\/09\/3biss-negru.png","width":2035,"height":432,"caption":"Peruvision"},"image":{"@id":"https:\/\/peruvision.ro\/#\/schema\/logo\/image\/"},"sameAs":["https:\/\/www.facebook.com\/profile.php?id=100040871665118"]}]}},"jetpack_sharing_enabled":true,"_links":{"self":[{"href":"https:\/\/peruvision.ro\/en\/wp-json\/wp\/v2\/product\/14076","targetHints":{"allow":["GET"]}}],"collection":[{"href":"https:\/\/peruvision.ro\/en\/wp-json\/wp\/v2\/product"}],"about":[{"href":"https:\/\/peruvision.ro\/en\/wp-json\/wp\/v2\/types\/product"}],"version-history":[{"count":2,"href":"https:\/\/peruvision.ro\/en\/wp-json\/wp\/v2\/product\/14076\/revisions"}],"predecessor-version":[{"id":18273,"href":"https:\/\/peruvision.ro\/en\/wp-json\/wp\/v2\/product\/14076\/revisions\/18273"}],"wp:featuredmedia":[{"embeddable":true,"href":"https:\/\/peruvision.ro\/en\/wp-json\/wp\/v2\/media\/14079"}],"wp:attachment":[{"href":"https:\/\/peruvision.ro\/en\/wp-json\/wp\/v2\/media?parent=14076"}],"wp:term":[{"taxonomy":"product_brand","embeddable":true,"href":"https:\/\/peruvision.ro\/en\/wp-json\/wp\/v2\/product_brand?post=14076"},{"taxonomy":"product_cat","embeddable":true,"href":"https:\/\/peruvision.ro\/en\/wp-json\/wp\/v2\/product_cat?post=14076"},{"taxonomy":"product_tag","embeddable":true,"href":"https:\/\/peruvision.ro\/en\/wp-json\/wp\/v2\/product_tag?post=14076"}],"curies":[{"name":"wp","href":"https:\/\/api.w.org\/{rel}","templated":true}]}}