{"id":14058,"date":"2024-03-13T11:00:29","date_gmt":"2024-03-13T09:00:29","guid":{"rendered":"https:\/\/peruvision.ro\/?post_type=product&#038;p=14058"},"modified":"2026-03-17T11:37:17","modified_gmt":"2026-03-17T09:37:17","slug":"tp-link-archer-ax23-wi-fi-6","status":"publish","type":"product","link":"https:\/\/peruvision.ro\/en\/product\/tp-link-archer-ax23-wi-fi-6\/","title":{"rendered":"ROUTER TPLINK ARCHER AX23"},"content":{"rendered":"<p>Explore the new era of Wi-Fi | WiFi 6<br \/>\nWi-Fi 6 Dual-Band AX1800 Router.<br \/>\nFaster speeds. Multiple connected devices.<br \/>\nPowerful processing.<br \/>\nWi-Fi 6 Dual-Band;<br \/>\nSpeed up to 1.8 Gbps;<br \/>\nConnect multiple devices, running at high speeds;<br \/>\nCPU Dual-Core;<br \/>\nLow energy consumption;<br \/>\nWPA3 encryption for password security.<\/p>\n<p>Wi-Fi 6 optimizes performance<br \/>\nThe newest generation of Wi-Fi brings faster speeds, less lag and greater connection capacity, which allows simultaneous access of devices to the home network.<\/p>\n<p>Wi-Fi 6 Dual-Band up to 1.8 Gbps<br \/>\nEvery application works seamlessly with improved Wi-Fi speeds. Both the 2.4 GHz band and the 5 GHz band are updated to the latest Wi-Fi standard \u2013 perfect for 4K streaming, online gaming and fast file downloads.<\/p>\n<p>Extended Wi-Fi coverage thanks to advanced technologies<br \/>\nThe Beamforming technology, the independent Front-End module and the four High Gain antennas optimize the Wi-Fi coverage to perfectly fit your home and to concentrate the signal strength to the connected devices.<\/p>\n<p>Connect multiple devices<br \/>\nEasily manage dozens of devices streaming and connected to games at the same time. OFDMA technology represents the future of home networks, offering greater capacity to connect more devices.<\/p>\n<p>OFDMA<br \/>\nOFDMA technology separates a single spectrum into several units and allows different devices to share a single transmission stream, increasing efficiency and reducing latency.<\/p>\n<p>CPU Dual-Core de 1.5 GHz &#8211; Procesare puternica pentru latenta minima<br \/>\nProcesorul Dual-Core puternic scade latenta catre minimum retelei tale, chiar si atunci cand transmite mai multe date. Raspuns instant la fiecare click\/touch pe laptop si telefon.<br \/>\nDiversified connection<br \/>\nFile sharing \u2013 Share music, movies and documents easily on every device on your home network.<br \/>\nFull Gigabit Ports \u2013 Connect to devices using a wired network for better stability.<\/p>\n<p>Equipped with the new cyber security protocol: WPA3<br \/>\nThe latest Wi-Fi security protocol, WPA3, brings new features to improve the cyber security of personal networks. More secure Wi-Fi password encryption and increased protection against online attacks protect your home Wi-Fi network.<\/p>\n<p>Easy configuration and administration<br \/>\nRegardless of whether you prefer the TP-Link Tether application or the web interface, you can configure the Archer AX20 in a few minutes. The TP-Link Tether application allows you to manage network settings from any Android or iOS device.<\/p>\n<p>Click for more details <a href=\"https:\/\/www.tp-link.com\/ro\/home-networking\/wifi-router\/archer-ax20\/\">here.<\/a><\/p>","protected":false},"excerpt":{"rendered":"<ul>\n<li><b>Wi-Fi performance 6 - <\/b>Archer AX23 este echipat cu tehnologia wireless Wi-Fi 6, pentru viteze mai rapide, capacitate mai mare \u0219i congestionare redus\u0103 a re\u021belei<\/li>\n<li><b>Speeds up to 1.8 Gbps -\u00a0<\/b>The Archer AX20 Dual-Band Router reaches even faster speeds of up to 1.8 Gbps (1201 Mbps in the 5 GHz band and 574 Mbps in the 2.4 GHz band)<\/li>\n<li><b>Connect dozens of devices - <\/b>Wi-Fi 6 technology transmits more data to multiple devices, using revolutionary OFDMA technology, while reducing lag<\/li>\n<li><b>Procesor Dual-Core \u2013 <\/b>Procesorul Dual-Core asigur\u0103 comunicarea dintre router \u0219i toate dispozitivele conectate, oferind conexiuni f\u0103r\u0103 \u00eentreruperi<\/li>\n<li><strong>Enlarged coverage area <\/strong><b>-<\/b> Beamforming technology, independent FEM and four antennas provide Wi-Fi signal for connected devices, even remotely<\/li>\n<li><b>Protects the battery of connected devices -\u00a0<\/b>Target Wake Time technology reduces the power consumption of devices connected to the router to extend the life of their batteries *<\/li>\n<li><strong>WPA3 security <\/strong><b>-<\/b> The latest Wi-Fi security protocol, WPA3, brings new features to improve personal network cybersecurity<\/li>\n<li><b>Gigabit Ports -\u00a0<\/b>Connect to devices using a wired network for better stability<\/li>\n<li><strong>Parental control<\/strong> <b>-<\/b> URL filtering and time controls<\/li>\n<li><strong>Easy setup<\/strong> <b>-<\/b> Set up the router in minutes with the TP-Link Tether application<\/li>\n<li><strong>Compatibility<\/strong> <b>-\u00a0<\/b> Supports all previous 802.11 standards and all Wi-Fi devices<\/li>\n<\/ul>","protected":false},"featured_media":10122,"template":"","meta":[],"product_brand":[],"product_cat":[289,291,15],"product_tag":[],"class_list":{"0":"post-14058","1":"product","2":"type-product","3":"status-publish","4":"has-post-thumbnail","6":"product_cat-retelistica","7":"product_cat-routere-wireless","8":"product_cat-toate-produsele","10":"first","11":"outofstock","12":"taxable","13":"shipping-taxable","14":"purchasable","15":"product-type-simple"},"yoast_head":"<!-- This site is optimized with the Yoast SEO Premium plugin v21.9 (Yoast SEO v27.3) - https:\/\/yoast.com\/product\/yoast-seo-premium-wordpress\/ -->\n<title>ROUTER TPLINK ARCHER AX23 - Peruvision<\/title>\n<meta name=\"description\" content=\"Descopera ROUTER TPLINK ARCHER AX23 la Peruvision. Preturi speciale pentru echipamentele achizitionate\" \/>\n<meta name=\"robots\" content=\"index, follow, max-snippet:-1, max-image-preview:large, max-video-preview:-1\" \/>\n<link rel=\"canonical\" href=\"https:\/\/peruvision.ro\/en\/product\/tp-link-archer-ax23-wi-fi-6\/\" \/>\n<meta property=\"og:locale\" content=\"en_GB\" \/>\n<meta property=\"og:type\" content=\"article\" \/>\n<meta property=\"og:title\" content=\"ROUTER TPLINK ARCHER AX23\" \/>\n<meta property=\"og:description\" content=\"Descopera ROUTER TPLINK ARCHER AX23 la Peruvision. Preturi speciale pentru echipamentele achizitionate\" \/>\n<meta property=\"og:url\" content=\"https:\/\/peruvision.ro\/en\/product\/tp-link-archer-ax23-wi-fi-6\/\" \/>\n<meta property=\"og:site_name\" content=\"Peruvision\" \/>\n<meta property=\"article:publisher\" content=\"https:\/\/www.facebook.com\/profile.php?id=100040871665118\" \/>\n<meta property=\"article:modified_time\" content=\"2026-03-17T09:37:17+00:00\" \/>\n<meta property=\"og:image\" content=\"https:\/\/peruvision.ro\/wp-content\/uploads\/2022\/07\/Archer-AX20_1.jpg\" \/>\n\t<meta property=\"og:image:width\" content=\"590\" \/>\n\t<meta property=\"og:image:height\" content=\"590\" \/>\n\t<meta property=\"og:image:type\" content=\"image\/jpeg\" \/>\n<meta name=\"twitter:card\" content=\"summary_large_image\" \/>\n<meta name=\"twitter:label1\" content=\"Estimated reading time\" \/>\n\t<meta name=\"twitter:data1\" content=\"3 minutes\" \/>\n<script type=\"application\/ld+json\" class=\"yoast-schema-graph\">{\"@context\":\"https:\\\/\\\/schema.org\",\"@graph\":[{\"@type\":\"WebPage\",\"@id\":\"https:\\\/\\\/peruvision.ro\\\/produs\\\/tp-link-archer-ax23-wi-fi-6\\\/\",\"url\":\"https:\\\/\\\/peruvision.ro\\\/produs\\\/tp-link-archer-ax23-wi-fi-6\\\/\",\"name\":\"ROUTER TPLINK ARCHER AX23 - Peruvision\",\"isPartOf\":{\"@id\":\"https:\\\/\\\/peruvision.ro\\\/#website\"},\"primaryImageOfPage\":{\"@id\":\"https:\\\/\\\/peruvision.ro\\\/produs\\\/tp-link-archer-ax23-wi-fi-6\\\/#primaryimage\"},\"image\":{\"@id\":\"https:\\\/\\\/peruvision.ro\\\/produs\\\/tp-link-archer-ax23-wi-fi-6\\\/#primaryimage\"},\"thumbnailUrl\":\"https:\\\/\\\/peruvision.ro\\\/wp-content\\\/uploads\\\/2022\\\/07\\\/Archer-AX20_1.jpg\",\"datePublished\":\"2024-03-13T09:00:29+00:00\",\"dateModified\":\"2026-03-17T09:37:17+00:00\",\"description\":\"Descopera ROUTER TPLINK ARCHER AX23 la Peruvision. Preturi speciale pentru echipamentele achizitionate\",\"breadcrumb\":{\"@id\":\"https:\\\/\\\/peruvision.ro\\\/produs\\\/tp-link-archer-ax23-wi-fi-6\\\/#breadcrumb\"},\"inLanguage\":\"en-GB\",\"potentialAction\":[{\"@type\":\"ReadAction\",\"target\":[\"https:\\\/\\\/peruvision.ro\\\/produs\\\/tp-link-archer-ax23-wi-fi-6\\\/\"]}]},{\"@type\":\"ImageObject\",\"inLanguage\":\"en-GB\",\"@id\":\"https:\\\/\\\/peruvision.ro\\\/produs\\\/tp-link-archer-ax23-wi-fi-6\\\/#primaryimage\",\"url\":\"https:\\\/\\\/peruvision.ro\\\/wp-content\\\/uploads\\\/2022\\\/07\\\/Archer-AX20_1.jpg\",\"contentUrl\":\"https:\\\/\\\/peruvision.ro\\\/wp-content\\\/uploads\\\/2022\\\/07\\\/Archer-AX20_1.jpg\",\"width\":590,\"height\":590},{\"@type\":\"BreadcrumbList\",\"@id\":\"https:\\\/\\\/peruvision.ro\\\/produs\\\/tp-link-archer-ax23-wi-fi-6\\\/#breadcrumb\",\"itemListElement\":[{\"@type\":\"ListItem\",\"position\":1,\"name\":\"Prima pagin\u0103\",\"item\":\"https:\\\/\\\/peruvision.ro\\\/\"},{\"@type\":\"ListItem\",\"position\":2,\"name\":\"Produse\",\"item\":\"https:\\\/\\\/peruvision.ro\\\/produse\\\/\"},{\"@type\":\"ListItem\",\"position\":3,\"name\":\"ROUTER TPLINK ARCHER AX23\"}]},{\"@type\":\"WebSite\",\"@id\":\"https:\\\/\\\/peruvision.ro\\\/#website\",\"url\":\"https:\\\/\\\/peruvision.ro\\\/\",\"name\":\"Peruvision\",\"description\":\"Site-ul firmei Peruvision, specializata in distributia de echipamente de telecomunicatii si servicii aferente.\",\"publisher\":{\"@id\":\"https:\\\/\\\/peruvision.ro\\\/#organization\"},\"potentialAction\":[{\"@type\":\"SearchAction\",\"target\":{\"@type\":\"EntryPoint\",\"urlTemplate\":\"https:\\\/\\\/peruvision.ro\\\/?s={search_term_string}\"},\"query-input\":{\"@type\":\"PropertyValueSpecification\",\"valueRequired\":true,\"valueName\":\"search_term_string\"}}],\"inLanguage\":\"en-GB\"},{\"@type\":\"Organization\",\"@id\":\"https:\\\/\\\/peruvision.ro\\\/#organization\",\"name\":\"Peruvision\",\"url\":\"https:\\\/\\\/peruvision.ro\\\/\",\"logo\":{\"@type\":\"ImageObject\",\"inLanguage\":\"en-GB\",\"@id\":\"https:\\\/\\\/peruvision.ro\\\/#\\\/schema\\\/logo\\\/image\\\/\",\"url\":\"https:\\\/\\\/peruvision.ro\\\/wp-content\\\/uploads\\\/2021\\\/09\\\/3biss-negru.png\",\"contentUrl\":\"https:\\\/\\\/peruvision.ro\\\/wp-content\\\/uploads\\\/2021\\\/09\\\/3biss-negru.png\",\"width\":2035,\"height\":432,\"caption\":\"Peruvision\"},\"image\":{\"@id\":\"https:\\\/\\\/peruvision.ro\\\/#\\\/schema\\\/logo\\\/image\\\/\"},\"sameAs\":[\"https:\\\/\\\/www.facebook.com\\\/profile.php?id=100040871665118\"]}]}<\/script>\n<!-- \/ Yoast SEO Premium plugin. -->","yoast_head_json":{"title":"ROUTER TPLINK ARCHER AX23 - Peruvision","description":"Descopera ROUTER TPLINK ARCHER AX23 la Peruvision. Preturi speciale pentru echipamentele achizitionate","robots":{"index":"index","follow":"follow","max-snippet":"max-snippet:-1","max-image-preview":"max-image-preview:large","max-video-preview":"max-video-preview:-1"},"canonical":"https:\/\/peruvision.ro\/en\/product\/tp-link-archer-ax23-wi-fi-6\/","og_locale":"en_GB","og_type":"article","og_title":"ROUTER TPLINK ARCHER AX23","og_description":"Descopera ROUTER TPLINK ARCHER AX23 la Peruvision. Preturi speciale pentru echipamentele achizitionate","og_url":"https:\/\/peruvision.ro\/en\/product\/tp-link-archer-ax23-wi-fi-6\/","og_site_name":"Peruvision","article_publisher":"https:\/\/www.facebook.com\/profile.php?id=100040871665118","article_modified_time":"2026-03-17T09:37:17+00:00","og_image":[{"width":590,"height":590,"url":"https:\/\/peruvision.ro\/wp-content\/uploads\/2022\/07\/Archer-AX20_1.jpg","type":"image\/jpeg"}],"twitter_card":"summary_large_image","twitter_misc":{"Estimated reading time":"3 minutes"},"schema":{"@context":"https:\/\/schema.org","@graph":[{"@type":"WebPage","@id":"https:\/\/peruvision.ro\/produs\/tp-link-archer-ax23-wi-fi-6\/","url":"https:\/\/peruvision.ro\/produs\/tp-link-archer-ax23-wi-fi-6\/","name":"ROUTER TPLINK ARCHER AX23 - Peruvision","isPartOf":{"@id":"https:\/\/peruvision.ro\/#website"},"primaryImageOfPage":{"@id":"https:\/\/peruvision.ro\/produs\/tp-link-archer-ax23-wi-fi-6\/#primaryimage"},"image":{"@id":"https:\/\/peruvision.ro\/produs\/tp-link-archer-ax23-wi-fi-6\/#primaryimage"},"thumbnailUrl":"https:\/\/peruvision.ro\/wp-content\/uploads\/2022\/07\/Archer-AX20_1.jpg","datePublished":"2024-03-13T09:00:29+00:00","dateModified":"2026-03-17T09:37:17+00:00","description":"Descopera ROUTER TPLINK ARCHER AX23 la Peruvision. Preturi speciale pentru echipamentele achizitionate","breadcrumb":{"@id":"https:\/\/peruvision.ro\/produs\/tp-link-archer-ax23-wi-fi-6\/#breadcrumb"},"inLanguage":"en-GB","potentialAction":[{"@type":"ReadAction","target":["https:\/\/peruvision.ro\/produs\/tp-link-archer-ax23-wi-fi-6\/"]}]},{"@type":"ImageObject","inLanguage":"en-GB","@id":"https:\/\/peruvision.ro\/produs\/tp-link-archer-ax23-wi-fi-6\/#primaryimage","url":"https:\/\/peruvision.ro\/wp-content\/uploads\/2022\/07\/Archer-AX20_1.jpg","contentUrl":"https:\/\/peruvision.ro\/wp-content\/uploads\/2022\/07\/Archer-AX20_1.jpg","width":590,"height":590},{"@type":"BreadcrumbList","@id":"https:\/\/peruvision.ro\/produs\/tp-link-archer-ax23-wi-fi-6\/#breadcrumb","itemListElement":[{"@type":"ListItem","position":1,"name":"Prima pagin\u0103","item":"https:\/\/peruvision.ro\/"},{"@type":"ListItem","position":2,"name":"Produse","item":"https:\/\/peruvision.ro\/produse\/"},{"@type":"ListItem","position":3,"name":"ROUTER TPLINK ARCHER AX23"}]},{"@type":"WebSite","@id":"https:\/\/peruvision.ro\/#website","url":"https:\/\/peruvision.ro\/","name":"Peruvision","description":"Site-ul firmei Peruvision, specializata in distributia de echipamente de telecomunicatii si servicii aferente.","publisher":{"@id":"https:\/\/peruvision.ro\/#organization"},"potentialAction":[{"@type":"SearchAction","target":{"@type":"EntryPoint","urlTemplate":"https:\/\/peruvision.ro\/?s={search_term_string}"},"query-input":{"@type":"PropertyValueSpecification","valueRequired":true,"valueName":"search_term_string"}}],"inLanguage":"en-GB"},{"@type":"Organization","@id":"https:\/\/peruvision.ro\/#organization","name":"Peruvision","url":"https:\/\/peruvision.ro\/","logo":{"@type":"ImageObject","inLanguage":"en-GB","@id":"https:\/\/peruvision.ro\/#\/schema\/logo\/image\/","url":"https:\/\/peruvision.ro\/wp-content\/uploads\/2021\/09\/3biss-negru.png","contentUrl":"https:\/\/peruvision.ro\/wp-content\/uploads\/2021\/09\/3biss-negru.png","width":2035,"height":432,"caption":"Peruvision"},"image":{"@id":"https:\/\/peruvision.ro\/#\/schema\/logo\/image\/"},"sameAs":["https:\/\/www.facebook.com\/profile.php?id=100040871665118"]}]}},"jetpack_sharing_enabled":true,"_links":{"self":[{"href":"https:\/\/peruvision.ro\/en\/wp-json\/wp\/v2\/product\/14058","targetHints":{"allow":["GET"]}}],"collection":[{"href":"https:\/\/peruvision.ro\/en\/wp-json\/wp\/v2\/product"}],"about":[{"href":"https:\/\/peruvision.ro\/en\/wp-json\/wp\/v2\/types\/product"}],"version-history":[{"count":2,"href":"https:\/\/peruvision.ro\/en\/wp-json\/wp\/v2\/product\/14058\/revisions"}],"predecessor-version":[{"id":18293,"href":"https:\/\/peruvision.ro\/en\/wp-json\/wp\/v2\/product\/14058\/revisions\/18293"}],"wp:featuredmedia":[{"embeddable":true,"href":"https:\/\/peruvision.ro\/en\/wp-json\/wp\/v2\/media\/10122"}],"wp:attachment":[{"href":"https:\/\/peruvision.ro\/en\/wp-json\/wp\/v2\/media?parent=14058"}],"wp:term":[{"taxonomy":"product_brand","embeddable":true,"href":"https:\/\/peruvision.ro\/en\/wp-json\/wp\/v2\/product_brand?post=14058"},{"taxonomy":"product_cat","embeddable":true,"href":"https:\/\/peruvision.ro\/en\/wp-json\/wp\/v2\/product_cat?post=14058"},{"taxonomy":"product_tag","embeddable":true,"href":"https:\/\/peruvision.ro\/en\/wp-json\/wp\/v2\/product_tag?post=14058"}],"curies":[{"name":"wp","href":"https:\/\/api.w.org\/{rel}","templated":true}]}}