{"id":14048,"date":"2024-03-13T10:08:08","date_gmt":"2024-03-13T08:08:08","guid":{"rendered":"https:\/\/peruvision.ro\/?post_type=product&#038;p=14048"},"modified":"2026-04-22T14:45:04","modified_gmt":"2026-04-22T11:45:04","slug":"amazon-echo-dot-5-negru-alb-albastru","status":"publish","type":"product","link":"https:\/\/peruvision.ro\/en\/product\/amazon-echo-dot-5-negru-alb-albastru\/","title":{"rendered":"Amazon Echo Dot 5"},"content":{"rendered":"<p><strong>ECHO DOT PENTRU CEL MAI SUNET<\/strong><br \/>\nBucura\u021bi-v\u0103 de o experien\u021b\u0103 audio \u00eembun\u0103t\u0103\u021bit\u0103 \u00een compara\u021bie cu orice Echo Dot anterioa cu Alexa pentru o voce mai clar\u0103, bass mai profund \u0219i sunet vibrant \u00een orice camer\u0103.<\/p>\n<p><strong>MUZICA \u0218I CON\u021aINUTUL TA PREFERATE <\/strong><br \/>\nRed\u0103 muzic\u0103, c\u0103r\u021bi audio \u0219i podcasturi de pe Amazon Music, Apple Music, Spotify \u0219i altele sau prin Bluetooth \u00een toat\u0103 casa ta.<\/p>\n<p><strong>ALEXA ESTE FERICIT\u0102 DE AJUTOR<\/strong><br \/>\nCere\u021bi-i lui Alexa actualiz\u0103ri despre vreme \u0219i s\u0103 seta\u021bi cronometre hands-free, s\u0103 ob\u021bine\u021bi r\u0103spunsuri la \u00eentreb\u0103rile dvs. \u0219i chiar s\u0103 auzi glume. Ai nevoie de c\u00e2teva minute \u00een plus diminea\u021ba? Doar atinge\u021bi Echo Dot pentru a am\u00e2na alarma.<\/p>\n<p><strong>P\u0102STRA\u021aI-V\u0102 CASA COMOD\u0102 <\/strong><br \/>\nControla\u021bi dispozitivele inteligente compatibile cu vocea \u0219i rutinele dvs. declan\u0219ate de senzorii de mi\u0219care sau de temperatur\u0103 interioar\u0103 \u00eencorpora\u021bi. Creeaz\u0103 rutine pentru a aprinde automat luminile atunci c\u00e2nd intri \u00eentr-o camer\u0103 sau porne\u0219te un ventilator dac\u0103 temperatura interioar\u0103 dep\u0103\u0219e\u0219te zona ta de confort.<\/p>\n<p><strong>CONCEPUT PENTRU A-\u021aI PROTEJA CONFIDEN\u021aIALITATEA <\/strong><br \/>\nAmazon nu are o activitate de a vinde informa\u021biile tale personale altora. Construit cu mai multe straturi de comenzi de confiden\u021bialitate, inclusiv un buton de oprire a microfonului.<\/p>\n<p><strong>FACE\u021aI MAI MULT CU ASOCIAREA DISPOZITIVELOR<\/strong><br \/>\nUmple\u021bi-v\u0103 casa cu muzic\u0103 folosind dispozitive Echo compatibile \u00een camere diferite, crea\u021bi un sistem home theater cu Fire TV sau extinde\u021bi acoperirea Wi-Fi cu o re\u021bea compatibil\u0103 eero, astfel \u00eenc\u00e2t s\u0103 pute\u021bi lua r\u0103mas bun de la sc\u0103deri \u0219i buffering.<\/p>\n<p><strong>CLIMATE PLEDGE FRIENDLY:<\/strong><br \/>\nAm integrat sustenabilitatea \u00een designul acestui dispozitiv, cu 99% din ambalaje provenind din p\u0103duri gestionate responsabil sau din surse reciclate, 95% utilizare de \u021bes\u0103turi reciclate post-consum \u0219i 55% din plastic reciclat post-consum.<\/p>\n<p><strong>Specifications:<\/strong><br \/>\nDimensiune: 3,9\u201d x 3,9\u201d x 3,5\u201d (100 mm x 100 mm x 89 mm)<br \/>\nCuloare: Negru sau Alb (pozele au caracter informativ)<br \/>\nGreutate: 10,7 oz (304 g)<br \/>\nAudio: difuzor frontal de 1,73 inchi (44 mm), Lossless High Definition<br \/>\nAfi\u0219aj: Afi\u0219aj LED<br \/>\nConectivitate Wifi: Wi-Fi cu band\u0103 dual\u0103 accept\u0103 re\u021bele 802.11a\/b\/g\/n\/ac (2,4 \u0219i 5 GHz).<br \/>\nConectivitate Bluetooth: A2DP (Advanced Audio Distribution Profile) suport pentru streaming audio de pe dispozitivul mobil la Echo Dot sau de la Echo Dot la difuzorul Bluetooth. Profil de control la distan\u021b\u0103 audio\/video (AVRCP) pentru controlul vocal al dispozitivelor mobile conectate. Controlul vocal f\u0103r\u0103 m\u00e2ini nu este acceptat pentru dispozitivele Mac OS X. Difuzoarele Bluetooth care necesit\u0103 coduri PIN nu sunt acceptate.<\/p>","protected":false},"excerpt":{"rendered":"<ul>\n<li>ECHO DOT PENTRU CEL MAI SUNET<\/li>\n<li>MUZICA \u0218I CON\u021aINUTUL TA PREFERATE<\/li>\n<li>ALEXA ESTE FERICIT\u0102 DE AJUTOR<\/li>\n<li>P\u0102STRA\u021aI-V\u0102 CASA COMOD\u0102<\/li>\n<li>CONCEPUT PENTRU A-\u021aI PROTEJA CONFIDEN\u021aIALITATEA<\/li>\n<li>FACE\u021aI MAI MULT CU ASOCIAREA DISPOZITIVELOR<\/li>\n<\/ul>","protected":false},"featured_media":14057,"template":"","meta":[],"product_brand":[],"product_cat":[711,242,15],"product_tag":[],"class_list":{"0":"post-14048","1":"product","2":"type-product","3":"status-publish","4":"has-post-thumbnail","6":"product_cat-boxe-inteligente","7":"product_cat-smarthome-alte-echipamente","8":"product_cat-toate-produsele","10":"first","11":"outofstock","12":"sale","13":"featured","14":"taxable","15":"shipping-taxable","16":"purchasable","17":"product-type-variable","18":"has-default-attributes"},"yoast_head":"<!-- This site is optimized with the Yoast SEO Premium plugin v21.9 (Yoast SEO v27.4) - https:\/\/yoast.com\/product\/yoast-seo-premium-wordpress\/ -->\n<title>Amazon Echo Dot 5 - Peruvision<\/title>\n<meta name=\"description\" content=\"Descopera Amazon Echo Dot 5 la Peruvision. Preturi speciale pentru echipamentele achizitionate\" \/>\n<meta name=\"robots\" content=\"index, follow, max-snippet:-1, max-image-preview:large, max-video-preview:-1\" \/>\n<link rel=\"canonical\" href=\"https:\/\/peruvision.ro\/en\/product\/amazon-echo-dot-5-negru-alb-albastru\/\" \/>\n<meta property=\"og:locale\" content=\"en_GB\" \/>\n<meta property=\"og:type\" content=\"article\" \/>\n<meta property=\"og:title\" content=\"Amazon Echo Dot 5\" \/>\n<meta property=\"og:description\" content=\"Descopera Amazon Echo Dot 5 la Peruvision. Preturi speciale pentru echipamentele achizitionate\" \/>\n<meta property=\"og:url\" content=\"https:\/\/peruvision.ro\/en\/product\/amazon-echo-dot-5-negru-alb-albastru\/\" \/>\n<meta property=\"og:site_name\" content=\"Peruvision\" \/>\n<meta property=\"article:publisher\" content=\"https:\/\/www.facebook.com\/profile.php?id=100040871665118\" \/>\n<meta property=\"article:modified_time\" content=\"2026-04-22T11:45:04+00:00\" \/>\n<meta property=\"og:image\" content=\"https:\/\/peruvision.ro\/wp-content\/uploads\/2024\/03\/Amazon-echo-dot-5-combinat.jpg\" \/>\n\t<meta property=\"og:image:width\" content=\"1024\" \/>\n\t<meta property=\"og:image:height\" content=\"1024\" \/>\n\t<meta property=\"og:image:type\" content=\"image\/jpeg\" \/>\n<meta name=\"twitter:card\" content=\"summary_large_image\" \/>\n<meta name=\"twitter:label1\" content=\"Estimated reading time\" \/>\n\t<meta name=\"twitter:data1\" content=\"3 minutes\" \/>\n<script type=\"application\/ld+json\" class=\"yoast-schema-graph\">{\"@context\":\"https:\\\/\\\/schema.org\",\"@graph\":[{\"@type\":\"WebPage\",\"@id\":\"https:\\\/\\\/peruvision.ro\\\/produs\\\/amazon-echo-dot-5-negru-alb-albastru\\\/\",\"url\":\"https:\\\/\\\/peruvision.ro\\\/produs\\\/amazon-echo-dot-5-negru-alb-albastru\\\/\",\"name\":\"Amazon Echo Dot 5 - Peruvision\",\"isPartOf\":{\"@id\":\"https:\\\/\\\/peruvision.ro\\\/#website\"},\"primaryImageOfPage\":{\"@id\":\"https:\\\/\\\/peruvision.ro\\\/produs\\\/amazon-echo-dot-5-negru-alb-albastru\\\/#primaryimage\"},\"image\":{\"@id\":\"https:\\\/\\\/peruvision.ro\\\/produs\\\/amazon-echo-dot-5-negru-alb-albastru\\\/#primaryimage\"},\"thumbnailUrl\":\"https:\\\/\\\/peruvision.ro\\\/wp-content\\\/uploads\\\/2024\\\/03\\\/Amazon-echo-dot-5-combinat.jpg\",\"datePublished\":\"2024-03-13T08:08:08+00:00\",\"dateModified\":\"2026-04-22T11:45:04+00:00\",\"description\":\"Descopera Amazon Echo Dot 5 la Peruvision. Preturi speciale pentru echipamentele achizitionate\",\"breadcrumb\":{\"@id\":\"https:\\\/\\\/peruvision.ro\\\/produs\\\/amazon-echo-dot-5-negru-alb-albastru\\\/#breadcrumb\"},\"inLanguage\":\"en-GB\",\"potentialAction\":[{\"@type\":\"ReadAction\",\"target\":[\"https:\\\/\\\/peruvision.ro\\\/produs\\\/amazon-echo-dot-5-negru-alb-albastru\\\/\"]}]},{\"@type\":\"ImageObject\",\"inLanguage\":\"en-GB\",\"@id\":\"https:\\\/\\\/peruvision.ro\\\/produs\\\/amazon-echo-dot-5-negru-alb-albastru\\\/#primaryimage\",\"url\":\"https:\\\/\\\/peruvision.ro\\\/wp-content\\\/uploads\\\/2024\\\/03\\\/Amazon-echo-dot-5-combinat.jpg\",\"contentUrl\":\"https:\\\/\\\/peruvision.ro\\\/wp-content\\\/uploads\\\/2024\\\/03\\\/Amazon-echo-dot-5-combinat.jpg\",\"width\":1024,\"height\":1024},{\"@type\":\"BreadcrumbList\",\"@id\":\"https:\\\/\\\/peruvision.ro\\\/produs\\\/amazon-echo-dot-5-negru-alb-albastru\\\/#breadcrumb\",\"itemListElement\":[{\"@type\":\"ListItem\",\"position\":1,\"name\":\"Prima pagin\u0103\",\"item\":\"https:\\\/\\\/peruvision.ro\\\/\"},{\"@type\":\"ListItem\",\"position\":2,\"name\":\"Produse\",\"item\":\"https:\\\/\\\/peruvision.ro\\\/produse\\\/\"},{\"@type\":\"ListItem\",\"position\":3,\"name\":\"Amazon Echo Dot 5\"}]},{\"@type\":\"WebSite\",\"@id\":\"https:\\\/\\\/peruvision.ro\\\/#website\",\"url\":\"https:\\\/\\\/peruvision.ro\\\/\",\"name\":\"Peruvision\",\"description\":\"Site-ul firmei Peruvision, specializata in distributia de echipamente de telecomunicatii si servicii aferente.\",\"publisher\":{\"@id\":\"https:\\\/\\\/peruvision.ro\\\/#organization\"},\"potentialAction\":[{\"@type\":\"SearchAction\",\"target\":{\"@type\":\"EntryPoint\",\"urlTemplate\":\"https:\\\/\\\/peruvision.ro\\\/?s={search_term_string}\"},\"query-input\":{\"@type\":\"PropertyValueSpecification\",\"valueRequired\":true,\"valueName\":\"search_term_string\"}}],\"inLanguage\":\"en-GB\"},{\"@type\":\"Organization\",\"@id\":\"https:\\\/\\\/peruvision.ro\\\/#organization\",\"name\":\"Peruvision\",\"url\":\"https:\\\/\\\/peruvision.ro\\\/\",\"logo\":{\"@type\":\"ImageObject\",\"inLanguage\":\"en-GB\",\"@id\":\"https:\\\/\\\/peruvision.ro\\\/#\\\/schema\\\/logo\\\/image\\\/\",\"url\":\"https:\\\/\\\/peruvision.ro\\\/wp-content\\\/uploads\\\/2021\\\/09\\\/3biss-negru.png\",\"contentUrl\":\"https:\\\/\\\/peruvision.ro\\\/wp-content\\\/uploads\\\/2021\\\/09\\\/3biss-negru.png\",\"width\":2035,\"height\":432,\"caption\":\"Peruvision\"},\"image\":{\"@id\":\"https:\\\/\\\/peruvision.ro\\\/#\\\/schema\\\/logo\\\/image\\\/\"},\"sameAs\":[\"https:\\\/\\\/www.facebook.com\\\/profile.php?id=100040871665118\"]}]}<\/script>\n<!-- \/ Yoast SEO Premium plugin. -->","yoast_head_json":{"title":"Amazon Echo Dot 5 - Peruvision","description":"Descopera Amazon Echo Dot 5 la Peruvision. Preturi speciale pentru echipamentele achizitionate","robots":{"index":"index","follow":"follow","max-snippet":"max-snippet:-1","max-image-preview":"max-image-preview:large","max-video-preview":"max-video-preview:-1"},"canonical":"https:\/\/peruvision.ro\/en\/product\/amazon-echo-dot-5-negru-alb-albastru\/","og_locale":"en_GB","og_type":"article","og_title":"Amazon Echo Dot 5","og_description":"Descopera Amazon Echo Dot 5 la Peruvision. Preturi speciale pentru echipamentele achizitionate","og_url":"https:\/\/peruvision.ro\/en\/product\/amazon-echo-dot-5-negru-alb-albastru\/","og_site_name":"Peruvision","article_publisher":"https:\/\/www.facebook.com\/profile.php?id=100040871665118","article_modified_time":"2026-04-22T11:45:04+00:00","og_image":[{"width":1024,"height":1024,"url":"https:\/\/peruvision.ro\/wp-content\/uploads\/2024\/03\/Amazon-echo-dot-5-combinat.jpg","type":"image\/jpeg"}],"twitter_card":"summary_large_image","twitter_misc":{"Estimated reading time":"3 minutes"},"schema":{"@context":"https:\/\/schema.org","@graph":[{"@type":"WebPage","@id":"https:\/\/peruvision.ro\/produs\/amazon-echo-dot-5-negru-alb-albastru\/","url":"https:\/\/peruvision.ro\/produs\/amazon-echo-dot-5-negru-alb-albastru\/","name":"Amazon Echo Dot 5 - Peruvision","isPartOf":{"@id":"https:\/\/peruvision.ro\/#website"},"primaryImageOfPage":{"@id":"https:\/\/peruvision.ro\/produs\/amazon-echo-dot-5-negru-alb-albastru\/#primaryimage"},"image":{"@id":"https:\/\/peruvision.ro\/produs\/amazon-echo-dot-5-negru-alb-albastru\/#primaryimage"},"thumbnailUrl":"https:\/\/peruvision.ro\/wp-content\/uploads\/2024\/03\/Amazon-echo-dot-5-combinat.jpg","datePublished":"2024-03-13T08:08:08+00:00","dateModified":"2026-04-22T11:45:04+00:00","description":"Descopera Amazon Echo Dot 5 la Peruvision. Preturi speciale pentru echipamentele achizitionate","breadcrumb":{"@id":"https:\/\/peruvision.ro\/produs\/amazon-echo-dot-5-negru-alb-albastru\/#breadcrumb"},"inLanguage":"en-GB","potentialAction":[{"@type":"ReadAction","target":["https:\/\/peruvision.ro\/produs\/amazon-echo-dot-5-negru-alb-albastru\/"]}]},{"@type":"ImageObject","inLanguage":"en-GB","@id":"https:\/\/peruvision.ro\/produs\/amazon-echo-dot-5-negru-alb-albastru\/#primaryimage","url":"https:\/\/peruvision.ro\/wp-content\/uploads\/2024\/03\/Amazon-echo-dot-5-combinat.jpg","contentUrl":"https:\/\/peruvision.ro\/wp-content\/uploads\/2024\/03\/Amazon-echo-dot-5-combinat.jpg","width":1024,"height":1024},{"@type":"BreadcrumbList","@id":"https:\/\/peruvision.ro\/produs\/amazon-echo-dot-5-negru-alb-albastru\/#breadcrumb","itemListElement":[{"@type":"ListItem","position":1,"name":"Prima pagin\u0103","item":"https:\/\/peruvision.ro\/"},{"@type":"ListItem","position":2,"name":"Produse","item":"https:\/\/peruvision.ro\/produse\/"},{"@type":"ListItem","position":3,"name":"Amazon Echo Dot 5"}]},{"@type":"WebSite","@id":"https:\/\/peruvision.ro\/#website","url":"https:\/\/peruvision.ro\/","name":"Peruvision","description":"Site-ul firmei Peruvision, specializata in distributia de echipamente de telecomunicatii si servicii aferente.","publisher":{"@id":"https:\/\/peruvision.ro\/#organization"},"potentialAction":[{"@type":"SearchAction","target":{"@type":"EntryPoint","urlTemplate":"https:\/\/peruvision.ro\/?s={search_term_string}"},"query-input":{"@type":"PropertyValueSpecification","valueRequired":true,"valueName":"search_term_string"}}],"inLanguage":"en-GB"},{"@type":"Organization","@id":"https:\/\/peruvision.ro\/#organization","name":"Peruvision","url":"https:\/\/peruvision.ro\/","logo":{"@type":"ImageObject","inLanguage":"en-GB","@id":"https:\/\/peruvision.ro\/#\/schema\/logo\/image\/","url":"https:\/\/peruvision.ro\/wp-content\/uploads\/2021\/09\/3biss-negru.png","contentUrl":"https:\/\/peruvision.ro\/wp-content\/uploads\/2021\/09\/3biss-negru.png","width":2035,"height":432,"caption":"Peruvision"},"image":{"@id":"https:\/\/peruvision.ro\/#\/schema\/logo\/image\/"},"sameAs":["https:\/\/www.facebook.com\/profile.php?id=100040871665118"]}]}},"jetpack_sharing_enabled":true,"_links":{"self":[{"href":"https:\/\/peruvision.ro\/en\/wp-json\/wp\/v2\/product\/14048","targetHints":{"allow":["GET"]}}],"collection":[{"href":"https:\/\/peruvision.ro\/en\/wp-json\/wp\/v2\/product"}],"about":[{"href":"https:\/\/peruvision.ro\/en\/wp-json\/wp\/v2\/types\/product"}],"version-history":[{"count":1,"href":"https:\/\/peruvision.ro\/en\/wp-json\/wp\/v2\/product\/14048\/revisions"}],"predecessor-version":[{"id":17884,"href":"https:\/\/peruvision.ro\/en\/wp-json\/wp\/v2\/product\/14048\/revisions\/17884"}],"wp:featuredmedia":[{"embeddable":true,"href":"https:\/\/peruvision.ro\/en\/wp-json\/wp\/v2\/media\/14057"}],"wp:attachment":[{"href":"https:\/\/peruvision.ro\/en\/wp-json\/wp\/v2\/media?parent=14048"}],"wp:term":[{"taxonomy":"product_brand","embeddable":true,"href":"https:\/\/peruvision.ro\/en\/wp-json\/wp\/v2\/product_brand?post=14048"},{"taxonomy":"product_cat","embeddable":true,"href":"https:\/\/peruvision.ro\/en\/wp-json\/wp\/v2\/product_cat?post=14048"},{"taxonomy":"product_tag","embeddable":true,"href":"https:\/\/peruvision.ro\/en\/wp-json\/wp\/v2\/product_tag?post=14048"}],"curies":[{"name":"wp","href":"https:\/\/api.w.org\/{rel}","templated":true}]}}