{"id":13887,"date":"2024-02-13T09:54:40","date_gmt":"2024-02-13T07:54:40","guid":{"rendered":"https:\/\/peruvision.ro\/?post_type=product&#038;p=13887"},"modified":"2026-03-17T11:37:14","modified_gmt":"2026-03-17T09:37:14","slug":"xiaomi-mi-tv-stick","status":"publish","type":"product","link":"https:\/\/peruvision.ro\/en\/product\/xiaomi-mi-tv-stick\/","title":{"rendered":"XIAOMI MI TV STICK FULL HD"},"content":{"rendered":"<div class=\"product-long-description\">\n<div class=\"xiaomi-description\">\n<section class=\"xiaomi-section section-03 section-float\">\n<div class=\"text-wrapper\">\n<div class=\"product-long-description\">\n<div class=\"xiaomi_container simple_desc\">\n<div class=\"xiaomi_content intro\">\n<div class=\"xiaomi_wrapper flex\">\n<div>\n<h3 class=\"black\">Mi TV Stick<\/h3>\n<h4 class=\"font-regular\">Smart TV mic si compact!<\/h4>\n<p class=\"font-regular width720\">Player media portabil echipat cu sistemul Android TV. Operare simpl\u0103 folosind Google Assistant \u0219i Smart Cast.<\/p>\n<\/div>\n<p><img decoding=\"async\" class=\"mi-block\" src=\"https:\/\/media.mi-home.pl\/v1\/cms\/products\/mi-tv-stick\/1tvstick-v3.jpg\" \/><\/p>\n<\/div>\n<\/div>\n<div class=\"xiaomi_content txt-center\">\n<div class=\"xiaomi_wrapper\">\n<h4 class=\"font-medium\">U\u0219or \u0219i portabil.<\/h4>\n<p class=\"font-regular width800 mi-center\">Cu mai pu\u021bin de 30g, Mi TV Stick este mai u\u0219or dec\u00e2t o ro\u0219ie \u0219i este suficient de compact pentru a se potrivi cu u\u0219urin\u021b\u0103 \u00een buzunar. Uita\u021bi de cabluri, conecta\u021bi dispozitivul Mi TV Stick la orice televizor, monitor sau proiector cu un port HDMI pentru a-l face un televizor inteligent!<\/p>\n<div class=\"item\"><img decoding=\"async\" class=\"mi-block\" src=\"https:\/\/media.mi-home.pl\/v1\/cms\/products\/mi-tv-stick\/section_02-01_pc_02_v2.jpg\" \/><\/div>\n<\/div>\n<\/div>\n<div class=\"xiaomi_content txt-center\">\n<div class=\"xiaomi_wrapper\">\n<h4 class=\"font-regular\">Divertisment nelimitat.<\/h4>\n<p class=\"font-light width800 mi-center\">Folosi\u021bi Magazinul Google Play pentru a v\u0103 desc\u0103rca preferatele aplica\u021bii de streaming, jocuri \u0219i video \u0219i bucura\u021bi-v\u0103 de divertisment nelimitat.<\/p>\n<\/div>\n<\/div>\n<div class=\"xiaomi_content txt-center\">\n<div class=\"xiaomi_wrapper\">\n<h4 class=\"font-medium\">Experien\u021b\u0103 Android TV mai pl\u0103cut\u0103.<\/h4>\n<p class=\"font-regular width800 mi-center\">Mi TV Stick este alimentat de Android TV 9.0 pe care \u00eel accept\u0103 c\u0103utarea vocal\u0103 \u0219i ChromeCast v\u0103 conecteaz\u0103 la lumea con\u021binutului. Urm\u0103ri\u021bi emisiunile TV preferate, juca\u021bi jocuri, verifica\u021bi \u0219tirile sau porni\u021bi radio pe internet. Controlul inteligent al Mi TV Stick recomand\u0103, de asemenea, videoclipuri pe baza preferin\u021belor personale de pe YouTube \u0219i Google Play!<\/p>\n<\/div>\n<p><img decoding=\"async\" class=\"mi-block\" src=\"https:\/\/media.mi-home.pl\/v1\/cms\/products\/mi-tv-stick\/section_05_pc_v2.jpg\" \/><\/p>\n<\/div>\n<div class=\"xiaomi_content txt-center\">\n<div class=\"xiaomi_wrapper\">\n<h4 class=\"font-regular\">Un echipament de luat in vacanta.<\/h4>\n<p class=\"font-light width800 mi-center\">Nu pierde\u021bi niciodat\u0103 un episod din emisiunea preferat\u0103, filmul pe care \u00eel a\u0219tepta\u021bi sau anime-ul preferat atunci c\u00e2nd sunte\u021bi departe de cas\u0103. Lua\u021bi Mi TV Stick cu dvs. oriunde merge\u021bi.<\/p>\n<\/div>\n<\/div>\n<div class=\"xiaomi_content\">\n<div class=\"xiaomi_wrapper\">\n<p class=\"font-light\"><span class=\"txt-small\">Comentarii:<\/span><\/p>\n<ul class=\"simple-list comments\">\n<li class=\"txt-small font-light\">Android TV, Google Cast \u0219i alte m\u0103rci sunt m\u0103rci comerciale ale Google Inc.<\/li>\n<\/ul>\n<\/div>\n<\/div>\n<\/div>\n<\/div>\n<div class=\"product-technical-data page-width\">\n<h3 class=\"h2\">Specifica\u021bii<\/h3>\n<div class=\"additional-attributes-wrapper\" data-role=\"content\">\n<table id=\"product-attribute-specs-table\" class=\"data table additional-attributes\">\n<tbody>\n<tr>\n<th class=\"col label\" scope=\"row\">RAM<\/th>\n<td class=\"col data\" data-th=\"RAM\">1 GB<\/td>\n<\/tr>\n<tr>\n<th class=\"col label\" scope=\"row\">Culoare<\/th>\n<td class=\"col data\" data-th=\"Culoare\">Negru<\/td>\n<\/tr>\n<tr>\n<th class=\"col label\" scope=\"row\">L\u0103\u0163ime<\/th>\n<td class=\"col data\" data-th=\"L\u0103\u0163ime\">30,2 mm<\/td>\n<\/tr>\n<tr>\n<th class=\"col label\" scope=\"row\">Processor<\/th>\n<td class=\"col data\" data-th=\"Procesor\">ARM Cortex A53 (4 nuclee, 64 de bi\u021bi)<\/td>\n<\/tr>\n<tr>\n<th class=\"col label\" scope=\"row\">Tip produs<\/th>\n<td class=\"col data\" data-th=\"Tip produs\">Media Player<\/td>\n<\/tr>\n<tr>\n<th class=\"col label\" scope=\"row\">Greutate<\/th>\n<td class=\"col data\" data-th=\"Greutate\">28,5 g<\/td>\n<\/tr>\n<tr>\n<th class=\"col label\" scope=\"row\">Procesor grafic<\/th>\n<td class=\"col data\" data-th=\"Procesor grafic\">Mali 450<\/td>\n<\/tr>\n<tr>\n<th class=\"col label\" scope=\"row\">Memorie \u00cencorporat\u0103<\/th>\n<td class=\"col data\" data-th=\"Memorie \u00cencorporat\u0103\">8 GB<\/td>\n<\/tr>\n<tr>\n<th class=\"col label\" scope=\"row\">Rezolu\u021bia ecranului<\/th>\n<td class=\"col data\" data-th=\"Rezolu\u021bia ecranului\">1920 x 1080 px<\/td>\n<\/tr>\n<tr>\n<th class=\"col label\" scope=\"row\">Con\u021binut<\/th>\n<td class=\"col data\" data-th=\"Con\u021binut\">Manual de instruc\u021biuni<br \/>\nMedia Player<br \/>\nRemote<\/td>\n<\/tr>\n<tr>\n<th class=\"col label\" scope=\"row\">Sunet<\/th>\n<td class=\"col data\" data-th=\"Sunet\">Dolby<br \/>\nDTS<\/td>\n<\/tr>\n<tr>\n<th class=\"col label\" scope=\"row\">\u00cen\u0103l\u0163ime<\/th>\n<td class=\"col data\" data-th=\"\u00cen\u0103l\u0163ime\">92,4 mm<\/td>\n<\/tr>\n<tr>\n<th class=\"col label\" scope=\"row\">Grosime<\/th>\n<td class=\"col data\" data-th=\"Grosime\">15,2 mm<\/td>\n<\/tr>\n<tr>\n<th class=\"col label\" scope=\"row\">Connectivity<\/th>\n<td class=\"col data\" data-th=\"Conectivitate\">HDMI<br \/>\nMicro USB &#8211; 1 buc<\/td>\n<\/tr>\n<tr>\n<th class=\"col label\" scope=\"row\">Comunicare<\/th>\n<td class=\"col data\" data-th=\"Comunicare\">2.4GHz<br \/>\nWi-Fi<br \/>\n5GHz<br \/>\n802.11 a\/b\/g\/n\/ac<br \/>\nBluetooth 4.2<\/td>\n<\/tr>\n<tr>\n<th class=\"col label\" scope=\"row\">Operating system<\/th>\n<td class=\"col data\" data-th=\"Sistem de operare\">Android TV 9.0<\/td>\n<\/tr>\n<tr>\n<th class=\"col label\" scope=\"row\">Func\u021bii Smart TV<\/th>\n<td class=\"col data\" data-th=\"Func\u021bii Smart TV\">Amazon Prime<br \/>\nGoogle Chromecast<br \/>\nGoogle Play<br \/>\nNetflix<\/td>\n<\/tr>\n<tr>\n<th class=\"col label\" scope=\"row\">Accesorii incluse<\/th>\n<td class=\"col data\" data-th=\"Accesorii incluse\">Alimentare electric\u0103<\/td>\n<\/tr>\n<tr>\n<th class=\"col label\" scope=\"row\">Formate video acceptate<\/th>\n<td class=\"col data\" data-th=\"Formate video acceptate\">AVI<br \/>\nH.265<br \/>\nMKV<br \/>\nMOV<br \/>\nMP4<br \/>\nMPEG1\/2\/4<br \/>\nRM\/RMVB (Real 8\/9\/10)<br \/>\nVC-1<br \/>\nVP9<br \/>\nWMV<br \/>\nTS<br \/>\nVP10<br \/>\nVOB<\/td>\n<\/tr>\n<\/tbody>\n<\/table>\n<p>Click for more details <a href=\"https:\/\/www.mi.com\/global\/product\/mi-tv-stick\/\">here.<\/a><\/p>\n<\/div>\n<\/div>\n<\/div>\n<\/section>\n<\/div>\n<\/div>\n<div class=\"product-technical-data page-width\">\n<div class=\"additional-attributes-wrapper\" data-role=\"content\"><\/div>\n<\/div>","protected":false},"excerpt":{"rendered":"<ul>\n<li>Xiaomi MI TV Stick\/Dongle<\/li>\n<li>Player media cu Android<\/li>\n<li>Usor si portabil pentru orice excursie<\/li>\n<li>Conectare la orice TV cu port HDMI<\/li>\n<\/ul>","protected":false},"featured_media":13891,"template":"","meta":[],"product_brand":[],"product_cat":[244,234,15],"product_tag":[],"class_list":{"0":"post-13887","1":"product","2":"type-product","3":"status-publish","4":"has-post-thumbnail","6":"product_cat-ott-box-uri-android","7":"product_cat-receptoare","8":"product_cat-toate-produsele","10":"first","11":"instock","12":"taxable","13":"shipping-taxable","14":"purchasable","15":"product-type-simple"},"yoast_head":"<!-- This site is optimized with the Yoast SEO Premium plugin v21.9 (Yoast SEO v27.6) - https:\/\/yoast.com\/product\/yoast-seo-premium-wordpress\/ -->\n<title>XIAOMI MI TV STICK FULL HD - Peruvision<\/title>\n<meta name=\"description\" content=\"Descopera XIAOMI MI TV STICK FULL HD la Peruvision. Preturi speciale pentru echipamentele achizitionate\" \/>\n<meta name=\"robots\" content=\"index, follow, max-snippet:-1, max-image-preview:large, max-video-preview:-1\" \/>\n<link rel=\"canonical\" href=\"https:\/\/peruvision.ro\/en\/product\/xiaomi-mi-tv-stick\/\" \/>\n<meta property=\"og:locale\" content=\"en_GB\" \/>\n<meta property=\"og:type\" content=\"article\" \/>\n<meta property=\"og:title\" content=\"XIAOMI MI TV STICK FULL HD\" \/>\n<meta property=\"og:description\" content=\"Descopera XIAOMI MI TV STICK FULL HD la Peruvision. Preturi speciale pentru echipamentele achizitionate\" \/>\n<meta property=\"og:url\" content=\"https:\/\/peruvision.ro\/en\/product\/xiaomi-mi-tv-stick\/\" \/>\n<meta property=\"og:site_name\" content=\"Peruvision\" \/>\n<meta property=\"article:publisher\" content=\"https:\/\/www.facebook.com\/profile.php?id=100040871665118\" \/>\n<meta property=\"article:modified_time\" content=\"2026-03-17T09:37:14+00:00\" \/>\n<meta property=\"og:image\" content=\"https:\/\/peruvision.ro\/wp-content\/uploads\/2024\/02\/Xiaomi-MI-TV-1.jpg\" \/>\n\t<meta property=\"og:image:width\" content=\"1024\" \/>\n\t<meta property=\"og:image:height\" content=\"1024\" \/>\n\t<meta property=\"og:image:type\" content=\"image\/jpeg\" \/>\n<meta name=\"twitter:card\" content=\"summary_large_image\" \/>\n<meta name=\"twitter:label1\" content=\"Estimated reading time\" \/>\n\t<meta name=\"twitter:data1\" content=\"3 minutes\" \/>\n<script type=\"application\/ld+json\" class=\"yoast-schema-graph\">{\"@context\":\"https:\\\/\\\/schema.org\",\"@graph\":[{\"@type\":\"WebPage\",\"@id\":\"https:\\\/\\\/peruvision.ro\\\/produs\\\/xiaomi-mi-tv-stick\\\/\",\"url\":\"https:\\\/\\\/peruvision.ro\\\/produs\\\/xiaomi-mi-tv-stick\\\/\",\"name\":\"XIAOMI MI TV STICK FULL HD - Peruvision\",\"isPartOf\":{\"@id\":\"https:\\\/\\\/peruvision.ro\\\/#website\"},\"primaryImageOfPage\":{\"@id\":\"https:\\\/\\\/peruvision.ro\\\/produs\\\/xiaomi-mi-tv-stick\\\/#primaryimage\"},\"image\":{\"@id\":\"https:\\\/\\\/peruvision.ro\\\/produs\\\/xiaomi-mi-tv-stick\\\/#primaryimage\"},\"thumbnailUrl\":\"https:\\\/\\\/peruvision.ro\\\/wp-content\\\/uploads\\\/2024\\\/02\\\/Xiaomi-MI-TV-1.jpg\",\"datePublished\":\"2024-02-13T07:54:40+00:00\",\"dateModified\":\"2026-03-17T09:37:14+00:00\",\"description\":\"Descopera XIAOMI MI TV STICK FULL HD la Peruvision. Preturi speciale pentru echipamentele achizitionate\",\"breadcrumb\":{\"@id\":\"https:\\\/\\\/peruvision.ro\\\/produs\\\/xiaomi-mi-tv-stick\\\/#breadcrumb\"},\"inLanguage\":\"en-GB\",\"potentialAction\":[{\"@type\":\"ReadAction\",\"target\":[\"https:\\\/\\\/peruvision.ro\\\/produs\\\/xiaomi-mi-tv-stick\\\/\"]}]},{\"@type\":\"ImageObject\",\"inLanguage\":\"en-GB\",\"@id\":\"https:\\\/\\\/peruvision.ro\\\/produs\\\/xiaomi-mi-tv-stick\\\/#primaryimage\",\"url\":\"https:\\\/\\\/peruvision.ro\\\/wp-content\\\/uploads\\\/2024\\\/02\\\/Xiaomi-MI-TV-1.jpg\",\"contentUrl\":\"https:\\\/\\\/peruvision.ro\\\/wp-content\\\/uploads\\\/2024\\\/02\\\/Xiaomi-MI-TV-1.jpg\",\"width\":1024,\"height\":1024},{\"@type\":\"BreadcrumbList\",\"@id\":\"https:\\\/\\\/peruvision.ro\\\/produs\\\/xiaomi-mi-tv-stick\\\/#breadcrumb\",\"itemListElement\":[{\"@type\":\"ListItem\",\"position\":1,\"name\":\"Prima pagin\u0103\",\"item\":\"https:\\\/\\\/peruvision.ro\\\/\"},{\"@type\":\"ListItem\",\"position\":2,\"name\":\"Produse\",\"item\":\"https:\\\/\\\/peruvision.ro\\\/produse\\\/\"},{\"@type\":\"ListItem\",\"position\":3,\"name\":\"XIAOMI MI TV STICK FULL HD\"}]},{\"@type\":\"WebSite\",\"@id\":\"https:\\\/\\\/peruvision.ro\\\/#website\",\"url\":\"https:\\\/\\\/peruvision.ro\\\/\",\"name\":\"Peruvision\",\"description\":\"Site-ul firmei Peruvision, specializata in distributia de echipamente de telecomunicatii si servicii aferente.\",\"publisher\":{\"@id\":\"https:\\\/\\\/peruvision.ro\\\/#organization\"},\"potentialAction\":[{\"@type\":\"SearchAction\",\"target\":{\"@type\":\"EntryPoint\",\"urlTemplate\":\"https:\\\/\\\/peruvision.ro\\\/?s={search_term_string}\"},\"query-input\":{\"@type\":\"PropertyValueSpecification\",\"valueRequired\":true,\"valueName\":\"search_term_string\"}}],\"inLanguage\":\"en-GB\"},{\"@type\":\"Organization\",\"@id\":\"https:\\\/\\\/peruvision.ro\\\/#organization\",\"name\":\"Peruvision\",\"url\":\"https:\\\/\\\/peruvision.ro\\\/\",\"logo\":{\"@type\":\"ImageObject\",\"inLanguage\":\"en-GB\",\"@id\":\"https:\\\/\\\/peruvision.ro\\\/#\\\/schema\\\/logo\\\/image\\\/\",\"url\":\"https:\\\/\\\/peruvision.ro\\\/wp-content\\\/uploads\\\/2021\\\/09\\\/3biss-negru.png\",\"contentUrl\":\"https:\\\/\\\/peruvision.ro\\\/wp-content\\\/uploads\\\/2021\\\/09\\\/3biss-negru.png\",\"width\":2035,\"height\":432,\"caption\":\"Peruvision\"},\"image\":{\"@id\":\"https:\\\/\\\/peruvision.ro\\\/#\\\/schema\\\/logo\\\/image\\\/\"},\"sameAs\":[\"https:\\\/\\\/www.facebook.com\\\/profile.php?id=100040871665118\"]}]}<\/script>\n<!-- \/ Yoast SEO Premium plugin. -->","yoast_head_json":{"title":"XIAOMI MI TV STICK FULL HD - Peruvision","description":"Descopera XIAOMI MI TV STICK FULL HD la Peruvision. Preturi speciale pentru echipamentele achizitionate","robots":{"index":"index","follow":"follow","max-snippet":"max-snippet:-1","max-image-preview":"max-image-preview:large","max-video-preview":"max-video-preview:-1"},"canonical":"https:\/\/peruvision.ro\/en\/product\/xiaomi-mi-tv-stick\/","og_locale":"en_GB","og_type":"article","og_title":"XIAOMI MI TV STICK FULL HD","og_description":"Descopera XIAOMI MI TV STICK FULL HD la Peruvision. Preturi speciale pentru echipamentele achizitionate","og_url":"https:\/\/peruvision.ro\/en\/product\/xiaomi-mi-tv-stick\/","og_site_name":"Peruvision","article_publisher":"https:\/\/www.facebook.com\/profile.php?id=100040871665118","article_modified_time":"2026-03-17T09:37:14+00:00","og_image":[{"width":1024,"height":1024,"url":"https:\/\/peruvision.ro\/wp-content\/uploads\/2024\/02\/Xiaomi-MI-TV-1.jpg","type":"image\/jpeg"}],"twitter_card":"summary_large_image","twitter_misc":{"Estimated reading time":"3 minutes"},"schema":{"@context":"https:\/\/schema.org","@graph":[{"@type":"WebPage","@id":"https:\/\/peruvision.ro\/produs\/xiaomi-mi-tv-stick\/","url":"https:\/\/peruvision.ro\/produs\/xiaomi-mi-tv-stick\/","name":"XIAOMI MI TV STICK FULL HD - Peruvision","isPartOf":{"@id":"https:\/\/peruvision.ro\/#website"},"primaryImageOfPage":{"@id":"https:\/\/peruvision.ro\/produs\/xiaomi-mi-tv-stick\/#primaryimage"},"image":{"@id":"https:\/\/peruvision.ro\/produs\/xiaomi-mi-tv-stick\/#primaryimage"},"thumbnailUrl":"https:\/\/peruvision.ro\/wp-content\/uploads\/2024\/02\/Xiaomi-MI-TV-1.jpg","datePublished":"2024-02-13T07:54:40+00:00","dateModified":"2026-03-17T09:37:14+00:00","description":"Descopera XIAOMI MI TV STICK FULL HD la Peruvision. Preturi speciale pentru echipamentele achizitionate","breadcrumb":{"@id":"https:\/\/peruvision.ro\/produs\/xiaomi-mi-tv-stick\/#breadcrumb"},"inLanguage":"en-GB","potentialAction":[{"@type":"ReadAction","target":["https:\/\/peruvision.ro\/produs\/xiaomi-mi-tv-stick\/"]}]},{"@type":"ImageObject","inLanguage":"en-GB","@id":"https:\/\/peruvision.ro\/produs\/xiaomi-mi-tv-stick\/#primaryimage","url":"https:\/\/peruvision.ro\/wp-content\/uploads\/2024\/02\/Xiaomi-MI-TV-1.jpg","contentUrl":"https:\/\/peruvision.ro\/wp-content\/uploads\/2024\/02\/Xiaomi-MI-TV-1.jpg","width":1024,"height":1024},{"@type":"BreadcrumbList","@id":"https:\/\/peruvision.ro\/produs\/xiaomi-mi-tv-stick\/#breadcrumb","itemListElement":[{"@type":"ListItem","position":1,"name":"Prima pagin\u0103","item":"https:\/\/peruvision.ro\/"},{"@type":"ListItem","position":2,"name":"Produse","item":"https:\/\/peruvision.ro\/produse\/"},{"@type":"ListItem","position":3,"name":"XIAOMI MI TV STICK FULL HD"}]},{"@type":"WebSite","@id":"https:\/\/peruvision.ro\/#website","url":"https:\/\/peruvision.ro\/","name":"Peruvision","description":"Site-ul firmei Peruvision, specializata in distributia de echipamente de telecomunicatii si servicii aferente.","publisher":{"@id":"https:\/\/peruvision.ro\/#organization"},"potentialAction":[{"@type":"SearchAction","target":{"@type":"EntryPoint","urlTemplate":"https:\/\/peruvision.ro\/?s={search_term_string}"},"query-input":{"@type":"PropertyValueSpecification","valueRequired":true,"valueName":"search_term_string"}}],"inLanguage":"en-GB"},{"@type":"Organization","@id":"https:\/\/peruvision.ro\/#organization","name":"Peruvision","url":"https:\/\/peruvision.ro\/","logo":{"@type":"ImageObject","inLanguage":"en-GB","@id":"https:\/\/peruvision.ro\/#\/schema\/logo\/image\/","url":"https:\/\/peruvision.ro\/wp-content\/uploads\/2021\/09\/3biss-negru.png","contentUrl":"https:\/\/peruvision.ro\/wp-content\/uploads\/2021\/09\/3biss-negru.png","width":2035,"height":432,"caption":"Peruvision"},"image":{"@id":"https:\/\/peruvision.ro\/#\/schema\/logo\/image\/"},"sameAs":["https:\/\/www.facebook.com\/profile.php?id=100040871665118"]}]}},"jetpack_sharing_enabled":true,"_links":{"self":[{"href":"https:\/\/peruvision.ro\/en\/wp-json\/wp\/v2\/product\/13887","targetHints":{"allow":["GET"]}}],"collection":[{"href":"https:\/\/peruvision.ro\/en\/wp-json\/wp\/v2\/product"}],"about":[{"href":"https:\/\/peruvision.ro\/en\/wp-json\/wp\/v2\/types\/product"}],"version-history":[{"count":2,"href":"https:\/\/peruvision.ro\/en\/wp-json\/wp\/v2\/product\/13887\/revisions"}],"predecessor-version":[{"id":18258,"href":"https:\/\/peruvision.ro\/en\/wp-json\/wp\/v2\/product\/13887\/revisions\/18258"}],"wp:featuredmedia":[{"embeddable":true,"href":"https:\/\/peruvision.ro\/en\/wp-json\/wp\/v2\/media\/13891"}],"wp:attachment":[{"href":"https:\/\/peruvision.ro\/en\/wp-json\/wp\/v2\/media?parent=13887"}],"wp:term":[{"taxonomy":"product_brand","embeddable":true,"href":"https:\/\/peruvision.ro\/en\/wp-json\/wp\/v2\/product_brand?post=13887"},{"taxonomy":"product_cat","embeddable":true,"href":"https:\/\/peruvision.ro\/en\/wp-json\/wp\/v2\/product_cat?post=13887"},{"taxonomy":"product_tag","embeddable":true,"href":"https:\/\/peruvision.ro\/en\/wp-json\/wp\/v2\/product_tag?post=13887"}],"curies":[{"name":"wp","href":"https:\/\/api.w.org\/{rel}","templated":true}]}}