{"id":13879,"date":"2024-02-12T14:57:21","date_gmt":"2024-02-12T12:57:21","guid":{"rendered":"https:\/\/peruvision.ro\/?post_type=product&#038;p=13879"},"modified":"2026-03-17T11:37:17","modified_gmt":"2026-03-17T09:37:17","slug":"xiaomi-tv-box-s-2nd-gen","status":"publish","type":"product","link":"https:\/\/peruvision.ro\/en\/product\/xiaomi-tv-box-s-2nd-gen\/","title":{"rendered":"XIAOMI TV BOX S 2nd GEN (Timbru verde 0,75 lei)"},"content":{"rendered":"<div class=\"product-long-description\">\n<div class=\"xiaomi-description\">\n<section class=\"xiaomi-section section-03 section-float\">\n<div class=\"text-wrapper\">\n<h3>Xiaomi TV Box S 2nd Gen<\/h3>\n<h4>Player media 4K Ultra HD.<\/h4>\n<\/div>\n<div class=\"image-wrapper\"><img decoding=\"async\" src=\"https:\/\/media.mi-home.pl\/products\/xiaomi-tv-box-s-2nd-gen\/tvbox2ndgen1.JPG\" alt=\"\" \/><\/div>\n<\/section>\n<section class=\"xiaomi-section section-02\">\n<div class=\"text-wrapper\">\n<h4>Calitatea imaginii 4K Ultra HD<br \/>\nO imagine mai detaliat\u0103 \u0219i mai vie<\/h4>\n<p>4K Ultra HD ofer\u0103 o imagine \u00eembun\u0103t\u0103\u021bit\u0103 \u00een care v\u0103 ve\u021bi bucura de imersiune. Calitate superb\u0103 a imaginii pentru un con\u021binut multimedia de aceast\u0103 calitate. Vede\u021bi mai multe detalii, fi\u021bi mai aproape de ac\u021biune. \u00cencerca\u021bi Google Chromecast pentru distrac\u021bie f\u0103r\u0103 fir.<\/p>\n<\/div>\n<div class=\"image-wrapper image-wrapper--one\"><img decoding=\"async\" src=\"https:\/\/media.mi-home.pl\/products\/xiaomi-tv-box-s-2nd-gen\/tvbox2ndgen2.JPG\" alt=\"\" \/><\/div>\n<\/section>\n<section class=\"xiaomi-section section-04 section-float --reverse\">\n<div class=\"text-wrapper\">\n<h4>Telecomanda 360\u00b0 cu Bluetooth<br \/>\nControl de la distan\u021b\u0103 prin IR<\/h4>\n<p>Dispunerea intuitiv\u0103 a butoanelor \u0219i func\u021bia Bluetooth permit accesul mult mai rapid la con\u021binutul dvs. preferat din orice unghi. Cu infraro\u0219u integrat, pute\u021bi, de asemenea, s\u0103 controla\u021bi puterea \u0219i volumul televizorului sau soundbarului cu o singur\u0103 telecomand\u0103.<\/p>\n<\/div>\n<div class=\"image-wrapper\"><img decoding=\"async\" src=\"https:\/\/media.mi-home.pl\/products\/xiaomi-tv-box-s-2nd-gen\/tvbox2ndgen4.JPG\" alt=\"\" \/><\/div>\n<\/section>\n<section class=\"xiaomi-section section-02\">\n<div class=\"text-wrapper\">\n<h4>Dolby Atmos\u00ae \u0219i DTS-HD<br \/>\nExperien\u021b\u0103 sonor\u0103 extraordinar\u0103<\/h4>\n<p>Fiind o tehnologie revolu\u021bionar\u0103 de sunet surround, Dolby Atmos\u00ae aduce experien\u021ba cinematografic\u0103 suprem\u0103 \u00een sufrageria dumneavoastr\u0103, \u00eenv\u0103luindu-v\u0103 cu efecte sonore puternice, precum \u0219i cu DTS-HD pentru un sunet de o calitate excep\u021bional\u0103.<\/p>\n<\/div>\n<div class=\"image-wrapper image-wrapper--one\"><img decoding=\"async\" src=\"https:\/\/media.mi-home.pl\/products\/xiaomi-tv-box-s-2nd-gen\/tvbox2ndgen3.JPG\" alt=\"\" \/><\/div>\n<\/section>\n<section class=\"xiaomi-section section-02\">\n<div class=\"text-wrapper\">\n<h3>Porturi universale multiple pentru o posibilitate de extindere u\u0219oar\u0103 &#8211; zero restric\u021bii<\/h3>\n<p>Ie\u0219irea audio ofer\u0103 o muf\u0103 pentru c\u0103\u0219ti \u0219i posibilitatea de a conecta difuzoare externe. Mufa HDMI permite conectarea la un televizor, pentru a partaja \u00een mod convenabil con\u021binutul. Portul USB v\u0103 permite s\u0103 suporta\u021bi un adaptor Ethernet, asigur\u00e2nd conexiuni stabile la internet. Introduce\u021bi o unitate flash USB pentru a v\u0103 bucura de redare video local\u0103 la cea mai bun\u0103 calitate.<\/p>\n<\/div>\n<div class=\"image-wrapper image-wrapper--one\"><img decoding=\"async\" src=\"https:\/\/media.mi-home.pl\/products\/xiaomi-tv-box-s-2nd-gen\/tvbox2ndgen5.JPG\" alt=\"\" \/><\/div>\n<\/section>\n<\/div>\n<\/div>\n<div class=\"product-technical-data page-width\">\n<h3 class=\"h2\">Specifica\u021bii<\/h3>\n<div class=\"additional-attributes-wrapper\" data-role=\"content\">\n<table id=\"product-attribute-specs-table\" class=\"data table additional-attributes\">\n<tbody>\n<tr>\n<th class=\"col label\" scope=\"row\">\n<h4>Tip produs<\/h4>\n<\/th>\n<td class=\"col data\" data-th=\"Tip produs\">\n<h4>Media Player<\/h4>\n<\/td>\n<\/tr>\n<tr>\n<th class=\"col label\" scope=\"row\">\n<h4>Rezolu\u021bia ecranului<\/h4>\n<\/th>\n<td class=\"col data\" data-th=\"Rezolu\u021bia ecranului\">\n<h4>3840 \u00d7 2160 px<\/h4>\n<\/td>\n<\/tr>\n<tr>\n<th class=\"col label\" scope=\"row\">\n<h4>Rata de re\u00eemprosp\u0103tare a ecranului<\/h4>\n<\/th>\n<td class=\"col data\" data-th=\"Rata de re\u00eemprosp\u0103tare a ecranului\">\n<h4>60 Hz<\/h4>\n<\/td>\n<\/tr>\n<tr>\n<th class=\"col label\" scope=\"row\">\n<h4>Processor<\/h4>\n<\/th>\n<td class=\"col data\" data-th=\"Procesor\">\n<h4>ARM Cortex A55 (4 nuclee, 64 de bi\u021bi)<\/h4>\n<\/td>\n<\/tr>\n<tr>\n<th class=\"col label\" scope=\"row\">\n<h4>RAM<\/h4>\n<\/th>\n<td class=\"col data\" data-th=\"RAM\">\n<h4>2 GB<\/h4>\n<\/td>\n<\/tr>\n<tr>\n<th class=\"col label\" scope=\"row\">\n<h4>Memorie \u00cencorporat\u0103<\/h4>\n<\/th>\n<td class=\"col data\" data-th=\"Memorie \u00cencorporat\u0103\">\n<h4>8 GB<\/h4>\n<\/td>\n<\/tr>\n<tr>\n<th class=\"col label\" scope=\"row\">\n<h4>Procesor grafic<\/h4>\n<\/th>\n<td class=\"col data\" data-th=\"Procesor grafic\">\n<h4>Mali G31 MP2<\/h4>\n<\/td>\n<\/tr>\n<tr>\n<th class=\"col label\" scope=\"row\">\n<h4>Comunicare<\/h4>\n<\/th>\n<td class=\"col data\" data-th=\"Comunicare\">\n<h4>Wi-Fi<br \/>\nBluetooth 5.2<\/h4>\n<\/td>\n<\/tr>\n<tr>\n<th class=\"col label\" scope=\"row\">\n<h4>Sunet<\/h4>\n<\/th>\n<td class=\"col data\" data-th=\"Sunet\">\n<h4>DTS-HD<br \/>\nDolby Atmos\u00ae<\/h4>\n<\/td>\n<\/tr>\n<tr>\n<th class=\"col label\" scope=\"row\">\n<h4>Func\u021bii Smart TV<\/h4>\n<\/th>\n<td class=\"col data\" data-th=\"Func\u021bii Smart TV\">\n<h4>Android TV<br \/>\nGoogle Play<br \/>\nNetflix<br \/>\nYouTube<\/h4>\n<\/td>\n<\/tr>\n<tr>\n<th class=\"col label\" scope=\"row\">\n<h4>Operating system<\/h4>\n<\/th>\n<td class=\"col data\" data-th=\"Sistem de operare\">\n<h4>Google TV<\/h4>\n<\/td>\n<\/tr>\n<tr>\n<th class=\"col label\" scope=\"row\">\n<h4>Connectivity<\/h4>\n<\/th>\n<td class=\"col data\" data-th=\"Conectivitate\">\n<h4>Audio out<br \/>\nUSB 2.0<br \/>\nHDMI output<\/h4>\n<\/td>\n<\/tr>\n<tr>\n<th class=\"col label\" scope=\"row\">\n<h4>Materialul execut\u0103rii<\/h4>\n<\/th>\n<td class=\"col data\" data-th=\"Materialul execut\u0103rii\">\n<h4>Plastic<\/h4>\n<\/td>\n<\/tr>\n<tr>\n<th class=\"col label\" scope=\"row\">\n<h4>\u00cen\u0103l\u0163ime<\/h4>\n<\/th>\n<td class=\"col data\" data-th=\"\u00cen\u0103l\u0163ime\">\n<h4>16,7 mm<\/h4>\n<\/td>\n<\/tr>\n<tr>\n<th class=\"col label\" scope=\"row\">\n<h4>L\u0103\u0163ime<\/h4>\n<\/th>\n<td class=\"col data\" data-th=\"L\u0103\u0163ime\">\n<h4>95,25 mm<\/h4>\n<\/td>\n<\/tr>\n<tr>\n<th class=\"col label\" scope=\"row\">\n<h4>Grosime<\/h4>\n<\/th>\n<td class=\"col data\" data-th=\"Grosime\">\n<h4>95,25 mm<\/h4>\n<\/td>\n<\/tr>\n<tr>\n<th class=\"col label\" scope=\"row\">\n<h4>Greutate<\/h4>\n<\/th>\n<td class=\"col data\" data-th=\"Greutate\">\n<h4>142 g<\/h4>\n<\/td>\n<\/tr>\n<tr>\n<th class=\"col label\" scope=\"row\">\n<h4>Culoare<\/h4>\n<\/th>\n<td class=\"col data\" data-th=\"Culoare\">\n<h4>Negru<\/h4>\n<\/td>\n<\/tr>\n<tr>\n<th class=\"col label\" scope=\"row\">\n<h4>Con\u021binut<\/h4>\n<\/th>\n<td class=\"col data\" data-th=\"Con\u021binut\">\n<h4>Manual de instruc\u021biuni<br \/>\nHDMI cable<br \/>\nRemote<br \/>\n\u00cenc\u0103rc\u0103tor<br \/>\nXiaomi TV Box S 2nd Gen<\/h4>\n<\/td>\n<\/tr>\n<\/tbody>\n<\/table>\n<p>Click for more details <a href=\"https:\/\/www.mi.com\/global\/product\/xiaomi-tv-box-s-2nd-gen\/\">here.<\/a><\/p>\n<\/div>\n<\/div>","protected":false},"excerpt":{"rendered":"<ul>\n<li>Xiaomi TV Box S 2nd Gen<\/li>\n<li>Player media 4K Ultra HD<\/li>\n<li>Calitatea imaginii 4K Ultra HD<\/li>\n<li>Telecomanda 360\u00b0 cu Bluetooth<\/li>\n<li>Dolby Atmos\u00ae \u0219i DTS-HD<\/li>\n<li>Porturi universale multiple pentru o posibilitate de extindere u\u0219oar\u0103<\/li>\n<\/ul>","protected":false},"featured_media":13882,"template":"","meta":[],"product_brand":[],"product_cat":[244,234,15],"product_tag":[],"class_list":{"0":"post-13879","1":"product","2":"type-product","3":"status-publish","4":"has-post-thumbnail","6":"product_cat-ott-box-uri-android","7":"product_cat-receptoare","8":"product_cat-toate-produsele","10":"first","11":"instock","12":"featured","13":"taxable","14":"shipping-taxable","15":"purchasable","16":"product-type-simple"},"yoast_head":"<!-- This site is optimized with the Yoast SEO Premium plugin v21.9 (Yoast SEO v27.6) - https:\/\/yoast.com\/product\/yoast-seo-premium-wordpress\/ -->\n<title>XIAOMI TV BOX S 2nd GEN (Timbru verde 0,75 lei) - Peruvision<\/title>\n<meta name=\"description\" content=\"Descopera XIAOMI TV BOX S 2nd GEN (Timbru verde 0,75 lei) la Peruvision. Preturi speciale pentru echipamentele achizitionate\" \/>\n<meta name=\"robots\" content=\"index, follow, max-snippet:-1, max-image-preview:large, max-video-preview:-1\" \/>\n<link rel=\"canonical\" href=\"https:\/\/peruvision.ro\/en\/product\/xiaomi-tv-box-s-2nd-gen\/\" \/>\n<meta property=\"og:locale\" content=\"en_GB\" \/>\n<meta property=\"og:type\" content=\"article\" \/>\n<meta property=\"og:title\" content=\"XIAOMI TV BOX S 2nd GEN (Timbru verde 0,75 lei)\" \/>\n<meta property=\"og:description\" content=\"Descopera XIAOMI TV BOX S 2nd GEN (Timbru verde 0,75 lei) la Peruvision. Preturi speciale pentru echipamentele achizitionate\" \/>\n<meta property=\"og:url\" content=\"https:\/\/peruvision.ro\/en\/product\/xiaomi-tv-box-s-2nd-gen\/\" \/>\n<meta property=\"og:site_name\" content=\"Peruvision\" \/>\n<meta property=\"article:publisher\" content=\"https:\/\/www.facebook.com\/profile.php?id=100040871665118\" \/>\n<meta property=\"article:modified_time\" content=\"2026-03-17T09:37:17+00:00\" \/>\n<meta property=\"og:image\" content=\"https:\/\/peruvision.ro\/wp-content\/uploads\/2024\/02\/Xiaomi-TV-BOX-S-gen-2-1.jpg\" \/>\n\t<meta property=\"og:image:width\" content=\"1024\" \/>\n\t<meta property=\"og:image:height\" content=\"1024\" \/>\n\t<meta property=\"og:image:type\" content=\"image\/jpeg\" \/>\n<meta name=\"twitter:card\" content=\"summary_large_image\" \/>\n<meta name=\"twitter:label1\" content=\"Estimated reading time\" \/>\n\t<meta name=\"twitter:data1\" content=\"3 minutes\" \/>\n<script type=\"application\/ld+json\" class=\"yoast-schema-graph\">{\"@context\":\"https:\\\/\\\/schema.org\",\"@graph\":[{\"@type\":\"WebPage\",\"@id\":\"https:\\\/\\\/peruvision.ro\\\/produs\\\/xiaomi-tv-box-s-2nd-gen\\\/\",\"url\":\"https:\\\/\\\/peruvision.ro\\\/produs\\\/xiaomi-tv-box-s-2nd-gen\\\/\",\"name\":\"XIAOMI TV BOX S 2nd GEN (Timbru verde 0,75 lei) - Peruvision\",\"isPartOf\":{\"@id\":\"https:\\\/\\\/peruvision.ro\\\/#website\"},\"primaryImageOfPage\":{\"@id\":\"https:\\\/\\\/peruvision.ro\\\/produs\\\/xiaomi-tv-box-s-2nd-gen\\\/#primaryimage\"},\"image\":{\"@id\":\"https:\\\/\\\/peruvision.ro\\\/produs\\\/xiaomi-tv-box-s-2nd-gen\\\/#primaryimage\"},\"thumbnailUrl\":\"https:\\\/\\\/peruvision.ro\\\/wp-content\\\/uploads\\\/2024\\\/02\\\/Xiaomi-TV-BOX-S-gen-2-1.jpg\",\"datePublished\":\"2024-02-12T12:57:21+00:00\",\"dateModified\":\"2026-03-17T09:37:17+00:00\",\"description\":\"Descopera XIAOMI TV BOX S 2nd GEN (Timbru verde 0,75 lei) la Peruvision. Preturi speciale pentru echipamentele achizitionate\",\"breadcrumb\":{\"@id\":\"https:\\\/\\\/peruvision.ro\\\/produs\\\/xiaomi-tv-box-s-2nd-gen\\\/#breadcrumb\"},\"inLanguage\":\"en-GB\",\"potentialAction\":[{\"@type\":\"ReadAction\",\"target\":[\"https:\\\/\\\/peruvision.ro\\\/produs\\\/xiaomi-tv-box-s-2nd-gen\\\/\"]}]},{\"@type\":\"ImageObject\",\"inLanguage\":\"en-GB\",\"@id\":\"https:\\\/\\\/peruvision.ro\\\/produs\\\/xiaomi-tv-box-s-2nd-gen\\\/#primaryimage\",\"url\":\"https:\\\/\\\/peruvision.ro\\\/wp-content\\\/uploads\\\/2024\\\/02\\\/Xiaomi-TV-BOX-S-gen-2-1.jpg\",\"contentUrl\":\"https:\\\/\\\/peruvision.ro\\\/wp-content\\\/uploads\\\/2024\\\/02\\\/Xiaomi-TV-BOX-S-gen-2-1.jpg\",\"width\":1024,\"height\":1024},{\"@type\":\"BreadcrumbList\",\"@id\":\"https:\\\/\\\/peruvision.ro\\\/produs\\\/xiaomi-tv-box-s-2nd-gen\\\/#breadcrumb\",\"itemListElement\":[{\"@type\":\"ListItem\",\"position\":1,\"name\":\"Prima pagin\u0103\",\"item\":\"https:\\\/\\\/peruvision.ro\\\/\"},{\"@type\":\"ListItem\",\"position\":2,\"name\":\"Produse\",\"item\":\"https:\\\/\\\/peruvision.ro\\\/produse\\\/\"},{\"@type\":\"ListItem\",\"position\":3,\"name\":\"XIAOMI TV BOX S 2nd GEN (Timbru verde 0,75 lei)\"}]},{\"@type\":\"WebSite\",\"@id\":\"https:\\\/\\\/peruvision.ro\\\/#website\",\"url\":\"https:\\\/\\\/peruvision.ro\\\/\",\"name\":\"Peruvision\",\"description\":\"Site-ul firmei Peruvision, specializata in distributia de echipamente de telecomunicatii si servicii aferente.\",\"publisher\":{\"@id\":\"https:\\\/\\\/peruvision.ro\\\/#organization\"},\"potentialAction\":[{\"@type\":\"SearchAction\",\"target\":{\"@type\":\"EntryPoint\",\"urlTemplate\":\"https:\\\/\\\/peruvision.ro\\\/?s={search_term_string}\"},\"query-input\":{\"@type\":\"PropertyValueSpecification\",\"valueRequired\":true,\"valueName\":\"search_term_string\"}}],\"inLanguage\":\"en-GB\"},{\"@type\":\"Organization\",\"@id\":\"https:\\\/\\\/peruvision.ro\\\/#organization\",\"name\":\"Peruvision\",\"url\":\"https:\\\/\\\/peruvision.ro\\\/\",\"logo\":{\"@type\":\"ImageObject\",\"inLanguage\":\"en-GB\",\"@id\":\"https:\\\/\\\/peruvision.ro\\\/#\\\/schema\\\/logo\\\/image\\\/\",\"url\":\"https:\\\/\\\/peruvision.ro\\\/wp-content\\\/uploads\\\/2021\\\/09\\\/3biss-negru.png\",\"contentUrl\":\"https:\\\/\\\/peruvision.ro\\\/wp-content\\\/uploads\\\/2021\\\/09\\\/3biss-negru.png\",\"width\":2035,\"height\":432,\"caption\":\"Peruvision\"},\"image\":{\"@id\":\"https:\\\/\\\/peruvision.ro\\\/#\\\/schema\\\/logo\\\/image\\\/\"},\"sameAs\":[\"https:\\\/\\\/www.facebook.com\\\/profile.php?id=100040871665118\"]}]}<\/script>\n<!-- \/ Yoast SEO Premium plugin. -->","yoast_head_json":{"title":"XIAOMI TV BOX S 2nd GEN (Timbru verde 0,75 lei) - Peruvision","description":"Descopera XIAOMI TV BOX S 2nd GEN (Timbru verde 0,75 lei) la Peruvision. Preturi speciale pentru echipamentele achizitionate","robots":{"index":"index","follow":"follow","max-snippet":"max-snippet:-1","max-image-preview":"max-image-preview:large","max-video-preview":"max-video-preview:-1"},"canonical":"https:\/\/peruvision.ro\/en\/product\/xiaomi-tv-box-s-2nd-gen\/","og_locale":"en_GB","og_type":"article","og_title":"XIAOMI TV BOX S 2nd GEN (Timbru verde 0,75 lei)","og_description":"Descopera XIAOMI TV BOX S 2nd GEN (Timbru verde 0,75 lei) la Peruvision. Preturi speciale pentru echipamentele achizitionate","og_url":"https:\/\/peruvision.ro\/en\/product\/xiaomi-tv-box-s-2nd-gen\/","og_site_name":"Peruvision","article_publisher":"https:\/\/www.facebook.com\/profile.php?id=100040871665118","article_modified_time":"2026-03-17T09:37:17+00:00","og_image":[{"width":1024,"height":1024,"url":"https:\/\/peruvision.ro\/wp-content\/uploads\/2024\/02\/Xiaomi-TV-BOX-S-gen-2-1.jpg","type":"image\/jpeg"}],"twitter_card":"summary_large_image","twitter_misc":{"Estimated reading time":"3 minutes"},"schema":{"@context":"https:\/\/schema.org","@graph":[{"@type":"WebPage","@id":"https:\/\/peruvision.ro\/produs\/xiaomi-tv-box-s-2nd-gen\/","url":"https:\/\/peruvision.ro\/produs\/xiaomi-tv-box-s-2nd-gen\/","name":"XIAOMI TV BOX S 2nd GEN (Timbru verde 0,75 lei) - Peruvision","isPartOf":{"@id":"https:\/\/peruvision.ro\/#website"},"primaryImageOfPage":{"@id":"https:\/\/peruvision.ro\/produs\/xiaomi-tv-box-s-2nd-gen\/#primaryimage"},"image":{"@id":"https:\/\/peruvision.ro\/produs\/xiaomi-tv-box-s-2nd-gen\/#primaryimage"},"thumbnailUrl":"https:\/\/peruvision.ro\/wp-content\/uploads\/2024\/02\/Xiaomi-TV-BOX-S-gen-2-1.jpg","datePublished":"2024-02-12T12:57:21+00:00","dateModified":"2026-03-17T09:37:17+00:00","description":"Descopera XIAOMI TV BOX S 2nd GEN (Timbru verde 0,75 lei) la Peruvision. Preturi speciale pentru echipamentele achizitionate","breadcrumb":{"@id":"https:\/\/peruvision.ro\/produs\/xiaomi-tv-box-s-2nd-gen\/#breadcrumb"},"inLanguage":"en-GB","potentialAction":[{"@type":"ReadAction","target":["https:\/\/peruvision.ro\/produs\/xiaomi-tv-box-s-2nd-gen\/"]}]},{"@type":"ImageObject","inLanguage":"en-GB","@id":"https:\/\/peruvision.ro\/produs\/xiaomi-tv-box-s-2nd-gen\/#primaryimage","url":"https:\/\/peruvision.ro\/wp-content\/uploads\/2024\/02\/Xiaomi-TV-BOX-S-gen-2-1.jpg","contentUrl":"https:\/\/peruvision.ro\/wp-content\/uploads\/2024\/02\/Xiaomi-TV-BOX-S-gen-2-1.jpg","width":1024,"height":1024},{"@type":"BreadcrumbList","@id":"https:\/\/peruvision.ro\/produs\/xiaomi-tv-box-s-2nd-gen\/#breadcrumb","itemListElement":[{"@type":"ListItem","position":1,"name":"Prima pagin\u0103","item":"https:\/\/peruvision.ro\/"},{"@type":"ListItem","position":2,"name":"Produse","item":"https:\/\/peruvision.ro\/produse\/"},{"@type":"ListItem","position":3,"name":"XIAOMI TV BOX S 2nd GEN (Timbru verde 0,75 lei)"}]},{"@type":"WebSite","@id":"https:\/\/peruvision.ro\/#website","url":"https:\/\/peruvision.ro\/","name":"Peruvision","description":"Site-ul firmei Peruvision, specializata in distributia de echipamente de telecomunicatii si servicii aferente.","publisher":{"@id":"https:\/\/peruvision.ro\/#organization"},"potentialAction":[{"@type":"SearchAction","target":{"@type":"EntryPoint","urlTemplate":"https:\/\/peruvision.ro\/?s={search_term_string}"},"query-input":{"@type":"PropertyValueSpecification","valueRequired":true,"valueName":"search_term_string"}}],"inLanguage":"en-GB"},{"@type":"Organization","@id":"https:\/\/peruvision.ro\/#organization","name":"Peruvision","url":"https:\/\/peruvision.ro\/","logo":{"@type":"ImageObject","inLanguage":"en-GB","@id":"https:\/\/peruvision.ro\/#\/schema\/logo\/image\/","url":"https:\/\/peruvision.ro\/wp-content\/uploads\/2021\/09\/3biss-negru.png","contentUrl":"https:\/\/peruvision.ro\/wp-content\/uploads\/2021\/09\/3biss-negru.png","width":2035,"height":432,"caption":"Peruvision"},"image":{"@id":"https:\/\/peruvision.ro\/#\/schema\/logo\/image\/"},"sameAs":["https:\/\/www.facebook.com\/profile.php?id=100040871665118"]}]}},"jetpack_sharing_enabled":true,"_links":{"self":[{"href":"https:\/\/peruvision.ro\/en\/wp-json\/wp\/v2\/product\/13879","targetHints":{"allow":["GET"]}}],"collection":[{"href":"https:\/\/peruvision.ro\/en\/wp-json\/wp\/v2\/product"}],"about":[{"href":"https:\/\/peruvision.ro\/en\/wp-json\/wp\/v2\/types\/product"}],"version-history":[{"count":2,"href":"https:\/\/peruvision.ro\/en\/wp-json\/wp\/v2\/product\/13879\/revisions"}],"predecessor-version":[{"id":18259,"href":"https:\/\/peruvision.ro\/en\/wp-json\/wp\/v2\/product\/13879\/revisions\/18259"}],"wp:featuredmedia":[{"embeddable":true,"href":"https:\/\/peruvision.ro\/en\/wp-json\/wp\/v2\/media\/13882"}],"wp:attachment":[{"href":"https:\/\/peruvision.ro\/en\/wp-json\/wp\/v2\/media?parent=13879"}],"wp:term":[{"taxonomy":"product_brand","embeddable":true,"href":"https:\/\/peruvision.ro\/en\/wp-json\/wp\/v2\/product_brand?post=13879"},{"taxonomy":"product_cat","embeddable":true,"href":"https:\/\/peruvision.ro\/en\/wp-json\/wp\/v2\/product_cat?post=13879"},{"taxonomy":"product_tag","embeddable":true,"href":"https:\/\/peruvision.ro\/en\/wp-json\/wp\/v2\/product_tag?post=13879"}],"curies":[{"name":"wp","href":"https:\/\/api.w.org\/{rel}","templated":true}]}}