{"id":13870,"date":"2024-02-12T13:37:31","date_gmt":"2024-02-12T11:37:31","guid":{"rendered":"https:\/\/peruvision.ro\/?post_type=product&#038;p=13870"},"modified":"2026-03-17T11:37:48","modified_gmt":"2026-03-17T09:37:48","slug":"tp-link-tapo-p110-priza-inteligenta","status":"publish","type":"product","link":"https:\/\/peruvision.ro\/en\/product\/tp-link-tapo-p110-priza-inteligenta\/","title":{"rendered":"PRIZA TAPO P110 TP-LINK INTELI"},"content":{"rendered":"<p><strong>Tapo P110<\/strong><br \/>\n<strong>Mini Priz\u0103 Wi-Fi Smart cu monitorizarea consumului de energie<\/strong><\/p>\n<ul>\n<li><strong>Monitorizarea consumului de energie<\/strong>\u2014Monitorizeaz\u0103\u00a0consumul de energie \u00een timp real, prin intermediul aplica\u021biei TP-Link Tapo. Economise\u0219te bani \u0219i energie \u00een mod inteligent, administr\u00e2nd aparatele \u0219i dispozitivele conectate la priz\u0103, dup\u0103 cum ai nevoie<\/li>\n<li><b>Remote control<\/b>\u2014Po\u021bi porni\/opri instantaneu, cu ajutorul aplica\u021biei TP-Link Tapo,\u00a0dispozitivele conectate la priz\u0103, de\u00a0oriunde te-ai afla<\/li>\n<li><b>Program<\/b>\u2014Stabile\u0219te\u00a0un program pentru a administra automat dispozitivele<\/li>\n<li><strong>Cronometru<\/strong>\u2014Creeaz\u0103 liste cu num\u0103r\u0103toare invers\u0103 pentru electronicele conectate<\/li>\n<li><b>Control Vocal<\/b>\u2014Administreaz\u0103 priza\u00a0inteligent\u0103 cu ajutorul comenzilor vocale, utiliz\u00e2nd Amazon Alexa sau Google Assistant<\/li>\n<li><b>Modul Away<\/b>\u2014Porne\u0219te\/opre\u0219te automat dispozitivele, \u00een intervale de timp diferite, pentru a da senza\u021bia c\u0103 cineva este acas\u0103<\/li>\n<li><strong>No hub required<\/strong>\u2014Conecteaz\u0103 priza direct la re\u021beaua ta Wi-Fi, f\u0103r\u0103 a fi nevoie de un hub sau alte dispozitive.<\/li>\n<li><strong>Simple setup<\/strong>\u2014Doar urmeaz\u0103 pa\u0219ii din aplica\u021bia Tapo \u0219i vei termina configurarea \u00een c\u00e2teva minute.<\/li>\n<\/ul>\n<p><strong>SPECIFICATII TEHNICE:<\/strong><\/p>\n<table>\n<thead>\n<tr id=\"tr_1524\">\n<th colspan=\"2\"><a>RE\u021aEA<\/a><\/th>\n<\/tr>\n<\/thead>\n<tbody>\n<tr id=\"tr_5311\">\n<th width=\"35%\">Protocol<\/th>\n<td width=\"65%\">IEEE 802.11b\/g\/n, Bluetooth 4.2 (doar pentru onboarding)<\/td>\n<\/tr>\n<tr id=\"tr_5313\">\n<th width=\"35%\">Cerin\u021be de sistem<\/th>\n<td width=\"65%\">Android 5.0 sau o versiune mai recent\u0103, iOS 10.0 sau o versiune mai recent\u0103<\/td>\n<\/tr>\n<tr id=\"tr_5312\">\n<th width=\"35%\">Tip wireless<\/th>\n<td width=\"65%\">2.4 GHz<\/td>\n<\/tr>\n<\/tbody>\n<\/table>\n<table>\n<thead>\n<tr id=\"tr_1529\">\n<th colspan=\"2\"><a>GENERAL<\/a><\/th>\n<\/tr>\n<\/thead>\n<tbody>\n<tr id=\"tr_1564\">\n<th width=\"35%\">Dimensiuni (H x L x l)<\/th>\n<td width=\"65%\">2.0* 2.8* 1.6 in (51*72.0*40 mm)<\/td>\n<\/tr>\n<tr id=\"tr_5314\">\n<th width=\"35%\">Materie<\/th>\n<td width=\"65%\">PC<\/td>\n<\/tr>\n<tr id=\"tr_5315\">\n<th width=\"35%\">Butoane<\/th>\n<td width=\"65%\">Buton pornire<br \/>\nStatus LED<\/td>\n<\/tr>\n<tr id=\"tr_5751\">\n<th width=\"35%\">Cerinte de alimentare<\/th>\n<td width=\"65%\">AC 220-240 V~50\/60 Hz 10 A<\/td>\n<\/tr>\n<tr id=\"tr_6005\">\n<th width=\"35%\">Power Consumption<\/th>\n<td width=\"65%\">Power Consumption (Relay ON): 1.64 W<br \/>\nStandby Power Consumption (Relay OFF): 0.64 W<\/td>\n<\/tr>\n<\/tbody>\n<\/table>\n<table>\n<thead>\n<tr id=\"tr_5306\">\n<th colspan=\"2\"><a>INFORMA\u021aII FUNC\u021aIONARE<\/a><\/th>\n<\/tr>\n<\/thead>\n<tbody>\n<tr id=\"tr_5309\">\n<th width=\"35%\">Maximum Load<\/th>\n<td width=\"65%\">3680W, 16A<\/td>\n<\/tr>\n<\/tbody>\n<\/table>\n<table>\n<thead>\n<tr id=\"tr_606\">\n<th colspan=\"2\"><a>ALTELE<\/a><\/th>\n<\/tr>\n<\/thead>\n<tbody>\n<tr id=\"tr_715\">\n<th width=\"35%\">Package Contents<\/th>\n<td width=\"65%\">Priz\u0103 Wi-Fi inteligent\u0103 cu monitorizarea energiei Tapo P110<br \/>\nGhid de instalare rapid\u0103<\/td>\n<\/tr>\n<tr id=\"tr_5206\">\n<th width=\"35%\">CERTIFICATION<\/th>\n<td width=\"65%\">CE, RoHS<\/td>\n<\/tr>\n<tr id=\"tr_717\">\n<th width=\"35%\">environment<\/th>\n<td width=\"65%\">Temperatur\u0103 de operare: 0 \u00baC\u201335 \u00baC<br \/>\nUmiditate de operare: 10%\u201390%RH, f\u0103r\u0103 condens<\/td>\n<\/tr>\n<\/tbody>\n<\/table>\n<p>Click for more details <a href=\"https:\/\/www.tp-link.com\/ro\/home-networking\/smart-plug\/tapo-p110\/v1%20(1-pack)\/#specifications\">here.<\/a><\/p>\n<p>&nbsp;<\/p>","protected":false},"excerpt":{"rendered":"<ul>\n<li><strong>Tapo P110 <\/strong><strong>Mini Priz\u0103 Wi-Fi Smart cu monitorizarea consumului de energie<\/strong><\/li>\n<li><strong>Remote control<\/strong><\/li>\n<li><strong>Programming &amp; Timer<\/strong><\/li>\n<li><strong>Energy monitoring<\/strong><\/li>\n<li><strong>Voice control<\/strong><\/li>\n<li><strong>Away mode<\/strong><\/li>\n<li><strong>No hub required<\/strong><\/li>\n<li><strong>Simple setup<\/strong><\/li>\n<\/ul>","protected":false},"featured_media":13872,"template":"","meta":[],"product_brand":[],"product_cat":[707,242,15],"product_tag":[],"class_list":{"0":"post-13870","1":"product","2":"type-product","3":"status-publish","4":"has-post-thumbnail","6":"product_cat-prize-inteligente","7":"product_cat-smarthome-alte-echipamente","8":"product_cat-toate-produsele","10":"first","11":"instock","12":"featured","13":"taxable","14":"shipping-taxable","15":"purchasable","16":"product-type-simple"},"yoast_head":"<!-- This site is optimized with the Yoast SEO Premium plugin v21.9 (Yoast SEO v27.6) - https:\/\/yoast.com\/product\/yoast-seo-premium-wordpress\/ -->\n<title>PRIZA TAPO P110 TP-LINK INTELI - Peruvision<\/title>\n<meta name=\"description\" content=\"Descopera PRIZA TAPO P110 TP-LINK INTELI la Peruvision. Preturi speciale pentru echipamentele achizitionate\" \/>\n<meta name=\"robots\" content=\"index, follow, max-snippet:-1, max-image-preview:large, max-video-preview:-1\" \/>\n<link rel=\"canonical\" href=\"https:\/\/peruvision.ro\/en\/product\/tp-link-tapo-p110-priza-inteligenta\/\" \/>\n<meta property=\"og:locale\" content=\"en_GB\" \/>\n<meta property=\"og:type\" content=\"article\" \/>\n<meta property=\"og:title\" content=\"PRIZA TAPO P110 TP-LINK INTELI\" \/>\n<meta property=\"og:description\" content=\"Descopera PRIZA TAPO P110 TP-LINK INTELI la Peruvision. Preturi speciale pentru echipamentele achizitionate\" \/>\n<meta property=\"og:url\" content=\"https:\/\/peruvision.ro\/en\/product\/tp-link-tapo-p110-priza-inteligenta\/\" \/>\n<meta property=\"og:site_name\" content=\"Peruvision\" \/>\n<meta property=\"article:publisher\" content=\"https:\/\/www.facebook.com\/profile.php?id=100040871665118\" \/>\n<meta property=\"article:modified_time\" content=\"2026-03-17T09:37:48+00:00\" \/>\n<meta property=\"og:image\" content=\"https:\/\/peruvision.ro\/wp-content\/uploads\/2024\/02\/Tapo-P110-1.jpg\" \/>\n\t<meta property=\"og:image:width\" content=\"1024\" \/>\n\t<meta property=\"og:image:height\" content=\"1024\" \/>\n\t<meta property=\"og:image:type\" content=\"image\/jpeg\" \/>\n<meta name=\"twitter:card\" content=\"summary_large_image\" \/>\n<meta name=\"twitter:label1\" content=\"Estimated reading time\" \/>\n\t<meta name=\"twitter:data1\" content=\"2 minutes\" \/>\n<script type=\"application\/ld+json\" class=\"yoast-schema-graph\">{\"@context\":\"https:\\\/\\\/schema.org\",\"@graph\":[{\"@type\":\"WebPage\",\"@id\":\"https:\\\/\\\/peruvision.ro\\\/produs\\\/tp-link-tapo-p110-priza-inteligenta\\\/\",\"url\":\"https:\\\/\\\/peruvision.ro\\\/produs\\\/tp-link-tapo-p110-priza-inteligenta\\\/\",\"name\":\"PRIZA TAPO P110 TP-LINK INTELI - Peruvision\",\"isPartOf\":{\"@id\":\"https:\\\/\\\/peruvision.ro\\\/#website\"},\"primaryImageOfPage\":{\"@id\":\"https:\\\/\\\/peruvision.ro\\\/produs\\\/tp-link-tapo-p110-priza-inteligenta\\\/#primaryimage\"},\"image\":{\"@id\":\"https:\\\/\\\/peruvision.ro\\\/produs\\\/tp-link-tapo-p110-priza-inteligenta\\\/#primaryimage\"},\"thumbnailUrl\":\"https:\\\/\\\/peruvision.ro\\\/wp-content\\\/uploads\\\/2024\\\/02\\\/Tapo-P110-1.jpg\",\"datePublished\":\"2024-02-12T11:37:31+00:00\",\"dateModified\":\"2026-03-17T09:37:48+00:00\",\"description\":\"Descopera PRIZA TAPO P110 TP-LINK INTELI la Peruvision. Preturi speciale pentru echipamentele achizitionate\",\"breadcrumb\":{\"@id\":\"https:\\\/\\\/peruvision.ro\\\/produs\\\/tp-link-tapo-p110-priza-inteligenta\\\/#breadcrumb\"},\"inLanguage\":\"en-GB\",\"potentialAction\":[{\"@type\":\"ReadAction\",\"target\":[\"https:\\\/\\\/peruvision.ro\\\/produs\\\/tp-link-tapo-p110-priza-inteligenta\\\/\"]}]},{\"@type\":\"ImageObject\",\"inLanguage\":\"en-GB\",\"@id\":\"https:\\\/\\\/peruvision.ro\\\/produs\\\/tp-link-tapo-p110-priza-inteligenta\\\/#primaryimage\",\"url\":\"https:\\\/\\\/peruvision.ro\\\/wp-content\\\/uploads\\\/2024\\\/02\\\/Tapo-P110-1.jpg\",\"contentUrl\":\"https:\\\/\\\/peruvision.ro\\\/wp-content\\\/uploads\\\/2024\\\/02\\\/Tapo-P110-1.jpg\",\"width\":1024,\"height\":1024},{\"@type\":\"BreadcrumbList\",\"@id\":\"https:\\\/\\\/peruvision.ro\\\/produs\\\/tp-link-tapo-p110-priza-inteligenta\\\/#breadcrumb\",\"itemListElement\":[{\"@type\":\"ListItem\",\"position\":1,\"name\":\"Prima pagin\u0103\",\"item\":\"https:\\\/\\\/peruvision.ro\\\/\"},{\"@type\":\"ListItem\",\"position\":2,\"name\":\"Produse\",\"item\":\"https:\\\/\\\/peruvision.ro\\\/produse\\\/\"},{\"@type\":\"ListItem\",\"position\":3,\"name\":\"PRIZA TAPO P110 TP-LINK INTELI\"}]},{\"@type\":\"WebSite\",\"@id\":\"https:\\\/\\\/peruvision.ro\\\/#website\",\"url\":\"https:\\\/\\\/peruvision.ro\\\/\",\"name\":\"Peruvision\",\"description\":\"Site-ul firmei Peruvision, specializata in distributia de echipamente de telecomunicatii si servicii aferente.\",\"publisher\":{\"@id\":\"https:\\\/\\\/peruvision.ro\\\/#organization\"},\"potentialAction\":[{\"@type\":\"SearchAction\",\"target\":{\"@type\":\"EntryPoint\",\"urlTemplate\":\"https:\\\/\\\/peruvision.ro\\\/?s={search_term_string}\"},\"query-input\":{\"@type\":\"PropertyValueSpecification\",\"valueRequired\":true,\"valueName\":\"search_term_string\"}}],\"inLanguage\":\"en-GB\"},{\"@type\":\"Organization\",\"@id\":\"https:\\\/\\\/peruvision.ro\\\/#organization\",\"name\":\"Peruvision\",\"url\":\"https:\\\/\\\/peruvision.ro\\\/\",\"logo\":{\"@type\":\"ImageObject\",\"inLanguage\":\"en-GB\",\"@id\":\"https:\\\/\\\/peruvision.ro\\\/#\\\/schema\\\/logo\\\/image\\\/\",\"url\":\"https:\\\/\\\/peruvision.ro\\\/wp-content\\\/uploads\\\/2021\\\/09\\\/3biss-negru.png\",\"contentUrl\":\"https:\\\/\\\/peruvision.ro\\\/wp-content\\\/uploads\\\/2021\\\/09\\\/3biss-negru.png\",\"width\":2035,\"height\":432,\"caption\":\"Peruvision\"},\"image\":{\"@id\":\"https:\\\/\\\/peruvision.ro\\\/#\\\/schema\\\/logo\\\/image\\\/\"},\"sameAs\":[\"https:\\\/\\\/www.facebook.com\\\/profile.php?id=100040871665118\"]}]}<\/script>\n<!-- \/ Yoast SEO Premium plugin. -->","yoast_head_json":{"title":"PRIZA TAPO P110 TP-LINK INTELI - Peruvision","description":"Descopera PRIZA TAPO P110 TP-LINK INTELI la Peruvision. Preturi speciale pentru echipamentele achizitionate","robots":{"index":"index","follow":"follow","max-snippet":"max-snippet:-1","max-image-preview":"max-image-preview:large","max-video-preview":"max-video-preview:-1"},"canonical":"https:\/\/peruvision.ro\/en\/product\/tp-link-tapo-p110-priza-inteligenta\/","og_locale":"en_GB","og_type":"article","og_title":"PRIZA TAPO P110 TP-LINK INTELI","og_description":"Descopera PRIZA TAPO P110 TP-LINK INTELI la Peruvision. Preturi speciale pentru echipamentele achizitionate","og_url":"https:\/\/peruvision.ro\/en\/product\/tp-link-tapo-p110-priza-inteligenta\/","og_site_name":"Peruvision","article_publisher":"https:\/\/www.facebook.com\/profile.php?id=100040871665118","article_modified_time":"2026-03-17T09:37:48+00:00","og_image":[{"width":1024,"height":1024,"url":"https:\/\/peruvision.ro\/wp-content\/uploads\/2024\/02\/Tapo-P110-1.jpg","type":"image\/jpeg"}],"twitter_card":"summary_large_image","twitter_misc":{"Estimated reading time":"2 minutes"},"schema":{"@context":"https:\/\/schema.org","@graph":[{"@type":"WebPage","@id":"https:\/\/peruvision.ro\/produs\/tp-link-tapo-p110-priza-inteligenta\/","url":"https:\/\/peruvision.ro\/produs\/tp-link-tapo-p110-priza-inteligenta\/","name":"PRIZA TAPO P110 TP-LINK INTELI - Peruvision","isPartOf":{"@id":"https:\/\/peruvision.ro\/#website"},"primaryImageOfPage":{"@id":"https:\/\/peruvision.ro\/produs\/tp-link-tapo-p110-priza-inteligenta\/#primaryimage"},"image":{"@id":"https:\/\/peruvision.ro\/produs\/tp-link-tapo-p110-priza-inteligenta\/#primaryimage"},"thumbnailUrl":"https:\/\/peruvision.ro\/wp-content\/uploads\/2024\/02\/Tapo-P110-1.jpg","datePublished":"2024-02-12T11:37:31+00:00","dateModified":"2026-03-17T09:37:48+00:00","description":"Descopera PRIZA TAPO P110 TP-LINK INTELI la Peruvision. Preturi speciale pentru echipamentele achizitionate","breadcrumb":{"@id":"https:\/\/peruvision.ro\/produs\/tp-link-tapo-p110-priza-inteligenta\/#breadcrumb"},"inLanguage":"en-GB","potentialAction":[{"@type":"ReadAction","target":["https:\/\/peruvision.ro\/produs\/tp-link-tapo-p110-priza-inteligenta\/"]}]},{"@type":"ImageObject","inLanguage":"en-GB","@id":"https:\/\/peruvision.ro\/produs\/tp-link-tapo-p110-priza-inteligenta\/#primaryimage","url":"https:\/\/peruvision.ro\/wp-content\/uploads\/2024\/02\/Tapo-P110-1.jpg","contentUrl":"https:\/\/peruvision.ro\/wp-content\/uploads\/2024\/02\/Tapo-P110-1.jpg","width":1024,"height":1024},{"@type":"BreadcrumbList","@id":"https:\/\/peruvision.ro\/produs\/tp-link-tapo-p110-priza-inteligenta\/#breadcrumb","itemListElement":[{"@type":"ListItem","position":1,"name":"Prima pagin\u0103","item":"https:\/\/peruvision.ro\/"},{"@type":"ListItem","position":2,"name":"Produse","item":"https:\/\/peruvision.ro\/produse\/"},{"@type":"ListItem","position":3,"name":"PRIZA TAPO P110 TP-LINK INTELI"}]},{"@type":"WebSite","@id":"https:\/\/peruvision.ro\/#website","url":"https:\/\/peruvision.ro\/","name":"Peruvision","description":"Site-ul firmei Peruvision, specializata in distributia de echipamente de telecomunicatii si servicii aferente.","publisher":{"@id":"https:\/\/peruvision.ro\/#organization"},"potentialAction":[{"@type":"SearchAction","target":{"@type":"EntryPoint","urlTemplate":"https:\/\/peruvision.ro\/?s={search_term_string}"},"query-input":{"@type":"PropertyValueSpecification","valueRequired":true,"valueName":"search_term_string"}}],"inLanguage":"en-GB"},{"@type":"Organization","@id":"https:\/\/peruvision.ro\/#organization","name":"Peruvision","url":"https:\/\/peruvision.ro\/","logo":{"@type":"ImageObject","inLanguage":"en-GB","@id":"https:\/\/peruvision.ro\/#\/schema\/logo\/image\/","url":"https:\/\/peruvision.ro\/wp-content\/uploads\/2021\/09\/3biss-negru.png","contentUrl":"https:\/\/peruvision.ro\/wp-content\/uploads\/2021\/09\/3biss-negru.png","width":2035,"height":432,"caption":"Peruvision"},"image":{"@id":"https:\/\/peruvision.ro\/#\/schema\/logo\/image\/"},"sameAs":["https:\/\/www.facebook.com\/profile.php?id=100040871665118"]}]}},"jetpack_sharing_enabled":true,"_links":{"self":[{"href":"https:\/\/peruvision.ro\/en\/wp-json\/wp\/v2\/product\/13870","targetHints":{"allow":["GET"]}}],"collection":[{"href":"https:\/\/peruvision.ro\/en\/wp-json\/wp\/v2\/product"}],"about":[{"href":"https:\/\/peruvision.ro\/en\/wp-json\/wp\/v2\/types\/product"}],"version-history":[{"count":2,"href":"https:\/\/peruvision.ro\/en\/wp-json\/wp\/v2\/product\/13870\/revisions"}],"predecessor-version":[{"id":18316,"href":"https:\/\/peruvision.ro\/en\/wp-json\/wp\/v2\/product\/13870\/revisions\/18316"}],"wp:featuredmedia":[{"embeddable":true,"href":"https:\/\/peruvision.ro\/en\/wp-json\/wp\/v2\/media\/13872"}],"wp:attachment":[{"href":"https:\/\/peruvision.ro\/en\/wp-json\/wp\/v2\/media?parent=13870"}],"wp:term":[{"taxonomy":"product_brand","embeddable":true,"href":"https:\/\/peruvision.ro\/en\/wp-json\/wp\/v2\/product_brand?post=13870"},{"taxonomy":"product_cat","embeddable":true,"href":"https:\/\/peruvision.ro\/en\/wp-json\/wp\/v2\/product_cat?post=13870"},{"taxonomy":"product_tag","embeddable":true,"href":"https:\/\/peruvision.ro\/en\/wp-json\/wp\/v2\/product_tag?post=13870"}],"curies":[{"name":"wp","href":"https:\/\/api.w.org\/{rel}","templated":true}]}}