{"id":13786,"date":"2024-01-29T10:32:03","date_gmt":"2024-01-29T08:32:03","guid":{"rendered":"https:\/\/peruvision.ro\/?post_type=product&#038;p=13786"},"modified":"2026-03-30T10:02:02","modified_gmt":"2026-03-30T07:02:02","slug":"card-de-memorie-sandisk-ultra-64gb-fara-adaptor","status":"publish","type":"product","link":"https:\/\/peruvision.ro\/en\/product\/card-de-memorie-sandisk-ultra-64gb-fara-adaptor\/","title":{"rendered":"CARD SANDISK ULTRA 64GB F.ADAP"},"content":{"rendered":"<p>Card de memorie SanDisk Ultra 64Gb fara adaptor<\/p>\n<p>Rapid pentru imagini mai bune, performan\u021b\u0103 a aplica\u021biei \u0219i videoclipuri Full HD<\/p>\n<p>Cardul SanDisk Ultra microSD\u2122 UHS-I fara adaptor SD v\u0103 ofer\u0103 libertatea de a fotografia, salva \u0219i partaja mai mult ca niciodat\u0103. Cu capacit\u0103\u021bi de p\u00e2n\u0103 la 1TB (acesta are 64GB), cardul nostru microSD SanDisk Ultra are spa\u021biu pentru \u0219i mai multe ore de video Full HD4 \u0219i ofer\u0103 viteze de transfer de p\u00e2n\u0103 la 120 MB\/s2 pentru a v\u0103 ajuta s\u0103 muta\u021bi rapid acel con\u021binut. Ideal pentru smartphone-uri \u0219i tablete Android\u2122, cardul \u00eencarc\u0103 aplica\u021biile mai rapid, cu performan\u021b\u0103 A1. 3<\/p>\n<p>Ideal pentru telefoane inteligente \u0219i tablete Android\u2122<br \/>\nCardurile SanDisk sunt compatibile cu smartphone-urile \u0219i tabletele Android.<\/p>\n<p>Captura\u021bi \u0219i stoca\u021bi \u0219i mai multe ore de video Full HD<br \/>\nCu capacit\u0103\u021bi de p\u00e2n\u0103 la 1TB (acesta are 64GB), pute\u021bi stoca \u0219i mai multe ore de video Full HD4 pe card \u0219i \u00eenc\u0103 mai ave\u021bi loc pentru videoclipuri, fotografii, muzic\u0103, filme \u0219i alte fi\u0219iere pe care dori\u021bi s\u0103 le \u00eenregistra\u021bi, s\u0103 le salva\u021bi \u0219i s\u0103 le partaja\u021bi.<\/p>\n<p>Viteze de transfer de p\u00e2n\u0103 la 120 MB\/s2<br \/>\nVitezele de transfer uimitoare \u00eenseamn\u0103 c\u0103 con\u021binutul se mi\u0219c\u0103 rapid, permi\u021b\u00e2ndu-v\u0103 s\u0103 muta\u021bi p\u00e2n\u0103 la 1000 de fotografii \u00eentr-un minut [32 GB-1 TB].7<\/p>\n<p>\u00cenc\u0103rca\u021bi aplica\u021biile mai rapid cu performan\u021b\u0103 A13<br \/>\nEvaluat A1, cardul microSD SanDisk Ultra este optimizat pentru aplica\u021bii, oferind o lansare mai rapid\u0103 a aplica\u021biei \u0219i o performan\u021b\u0103 care ofer\u0103 o experien\u021b\u0103 mai bun\u0103 pentru smartphone.<\/p>\n<p>Aplica\u021bia SanDisk Memory ZoneTM pentru gestionarea u\u0219oar\u0103 a fi\u0219ierelor<br \/>\nDisponibil\u0103 din magazinul Google Play\u2122, aplica\u021bia SanDisk Memory Zone v\u0103 permite s\u0103 vizualiza\u021bi, s\u0103 accesa\u021bi \u0219i s\u0103 face\u021bi copii de rezerv\u0103 pentru fi\u0219ierele telefonului dvs. \u00eentr-o singur\u0103 loca\u021bie. De asemenea, poate muta automat fi\u0219ierele de pe dispozitiv pe cardul de memorie pentru a elibera spa\u021biu.7<\/p>\n<p>Compatibil cu MobileMate\u00ae USB 3.0 Reader8<br \/>\nUtiliza\u021bi cu cititorul de carduri microSD MobileMate USB 3.0, astfel \u00eenc\u00e2t s\u0103 pute\u021bi muta rapid fi\u0219iere mari, s\u0103 muta\u021bi o mul\u021bime de fi\u0219iere rapid sau pur \u0219i simplu s\u0103 face\u021bi transferuri frecvente de fi\u0219iere mult mai rapide.<\/p>\n<p>Caracteristici<br \/>\nIdeal pentru smartphone-uri \u0219i tablete Android\u2122 \u0219i camere MIL<br \/>\nViteze de transfer de p\u00e2n\u0103 la 120 MB\/s [32 GB-1 TB]<br \/>\nViteze de transfer de p\u00e2n\u0103 la 98 MB\/s [16 GB]<br \/>\nCapacitate: 64 GB<br \/>\nPerforman\u021b\u0103 de citire secven\u021bial\u0103<br \/>\nP\u00e2n\u0103 la 120 MB\/s<br \/>\nDimensiuni: 0,04&#8243; x 0,59&#8243; x 0,43&#8243;<br \/>\nGreutate: 4,54 grame<br \/>\nTemperatura de Operare: -25\u00b0C p\u00e2n\u0103 la 85\u00b0C<br \/>\nTemperatura de nefunc\u021bionare: -40\u00b0C p\u00e2n\u0103 la 85\u00b0C<br \/>\nCertificari: CE, FCC, C-Tick\/RCM, UKCA, EAC, ICES<\/p>\n<p>Pentru mai multe detalii apasa <a href=\"https:\/\/www.westerndigital.com\/products\/memory-cards\/sandisk-ultra-uhs-i-microsd-120-mbps?sku=SDSQUA4-064G-AN6MA\">aici.<\/a><\/p>\n","protected":false},"excerpt":{"rendered":"<ul>\n<li>Card de memorie SanDisk Ultra 64Gb fara adaptor<\/li>\n<li>Rapid pentru imagini mai bune, performan\u021b\u0103 a aplica\u021biei \u0219i videoclipuri Full HD<\/li>\n<li>Cardul SanDisk Ultra microSD\u2122 UHS-I cu adaptor SD v\u0103 ofer\u0103 libertatea de a fotografia, salva \u0219i partaja mai mult ca niciodat\u0103.<\/li>\n<li>Ideal pentru telefoane inteligente \u0219i tablete Android\u2122<\/li>\n<li>Captura\u021bi \u0219i stoca\u021bi \u0219i mai multe ore de video Full HD<\/li>\n<li>Viteze de transfer de p\u00e2n\u0103 la 120 MB\/s2<\/li>\n<\/ul>","protected":false},"featured_media":13247,"template":"","meta":[],"product_brand":[],"product_cat":[717,289,15],"product_tag":[],"class_list":{"0":"post-13786","1":"product","2":"type-product","3":"status-publish","4":"has-post-thumbnail","6":"product_cat-carduri-memorie-stocare","7":"product_cat-retelistica","8":"product_cat-toate-produsele","10":"first","11":"outofstock","12":"featured","13":"taxable","14":"shipping-taxable","15":"purchasable","16":"product-type-simple"},"yoast_head":"<!-- This site is optimized with the Yoast SEO Premium plugin v21.9 (Yoast SEO v27.4) - https:\/\/yoast.com\/product\/yoast-seo-premium-wordpress\/ -->\n<title>CARD SANDISK ULTRA 64GB F.ADAP - Peruvision<\/title>\n<meta name=\"description\" content=\"Descopera CARD SANDISK ULTRA 64GB F.ADAP la Peruvision. Preturi speciale pentru echipamentele achizitionate\" \/>\n<meta name=\"robots\" content=\"index, follow, max-snippet:-1, max-image-preview:large, max-video-preview:-1\" \/>\n<link rel=\"canonical\" href=\"https:\/\/peruvision.ro\/en\/product\/card-de-memorie-sandisk-ultra-64gb-fara-adaptor\/\" \/>\n<meta property=\"og:locale\" content=\"en_GB\" \/>\n<meta property=\"og:type\" content=\"article\" \/>\n<meta property=\"og:title\" content=\"CARD SANDISK ULTRA 64GB F.ADAP\" \/>\n<meta property=\"og:description\" content=\"Descopera CARD SANDISK ULTRA 64GB F.ADAP la Peruvision. Preturi speciale pentru echipamentele achizitionate\" \/>\n<meta property=\"og:url\" content=\"https:\/\/peruvision.ro\/en\/product\/card-de-memorie-sandisk-ultra-64gb-fara-adaptor\/\" \/>\n<meta property=\"og:site_name\" content=\"Peruvision\" \/>\n<meta property=\"article:publisher\" content=\"https:\/\/www.facebook.com\/profile.php?id=100040871665118\" \/>\n<meta property=\"article:modified_time\" content=\"2026-03-30T07:02:02+00:00\" \/>\n<meta property=\"og:image\" content=\"https:\/\/peruvision.ro\/wp-content\/uploads\/2023\/11\/SanDisk-Ultra-64-GB-v1.jpg\" \/>\n\t<meta property=\"og:image:width\" content=\"1024\" \/>\n\t<meta property=\"og:image:height\" content=\"1024\" \/>\n\t<meta property=\"og:image:type\" content=\"image\/jpeg\" \/>\n<meta name=\"twitter:card\" content=\"summary_large_image\" \/>\n<meta name=\"twitter:label1\" content=\"Estimated reading time\" \/>\n\t<meta name=\"twitter:data1\" content=\"3 minutes\" \/>\n<script type=\"application\/ld+json\" class=\"yoast-schema-graph\">{\"@context\":\"https:\\\/\\\/schema.org\",\"@graph\":[{\"@type\":\"WebPage\",\"@id\":\"https:\\\/\\\/peruvision.ro\\\/produs\\\/card-de-memorie-sandisk-ultra-64gb-fara-adaptor\\\/\",\"url\":\"https:\\\/\\\/peruvision.ro\\\/produs\\\/card-de-memorie-sandisk-ultra-64gb-fara-adaptor\\\/\",\"name\":\"CARD SANDISK ULTRA 64GB F.ADAP - Peruvision\",\"isPartOf\":{\"@id\":\"https:\\\/\\\/peruvision.ro\\\/#website\"},\"primaryImageOfPage\":{\"@id\":\"https:\\\/\\\/peruvision.ro\\\/produs\\\/card-de-memorie-sandisk-ultra-64gb-fara-adaptor\\\/#primaryimage\"},\"image\":{\"@id\":\"https:\\\/\\\/peruvision.ro\\\/produs\\\/card-de-memorie-sandisk-ultra-64gb-fara-adaptor\\\/#primaryimage\"},\"thumbnailUrl\":\"https:\\\/\\\/peruvision.ro\\\/wp-content\\\/uploads\\\/2023\\\/11\\\/SanDisk-Ultra-64-GB-v1.jpg\",\"datePublished\":\"2024-01-29T08:32:03+00:00\",\"dateModified\":\"2026-03-30T07:02:02+00:00\",\"description\":\"Descopera CARD SANDISK ULTRA 64GB F.ADAP la Peruvision. Preturi speciale pentru echipamentele achizitionate\",\"breadcrumb\":{\"@id\":\"https:\\\/\\\/peruvision.ro\\\/produs\\\/card-de-memorie-sandisk-ultra-64gb-fara-adaptor\\\/#breadcrumb\"},\"inLanguage\":\"en-GB\",\"potentialAction\":[{\"@type\":\"ReadAction\",\"target\":[\"https:\\\/\\\/peruvision.ro\\\/produs\\\/card-de-memorie-sandisk-ultra-64gb-fara-adaptor\\\/\"]}]},{\"@type\":\"ImageObject\",\"inLanguage\":\"en-GB\",\"@id\":\"https:\\\/\\\/peruvision.ro\\\/produs\\\/card-de-memorie-sandisk-ultra-64gb-fara-adaptor\\\/#primaryimage\",\"url\":\"https:\\\/\\\/peruvision.ro\\\/wp-content\\\/uploads\\\/2023\\\/11\\\/SanDisk-Ultra-64-GB-v1.jpg\",\"contentUrl\":\"https:\\\/\\\/peruvision.ro\\\/wp-content\\\/uploads\\\/2023\\\/11\\\/SanDisk-Ultra-64-GB-v1.jpg\",\"width\":1024,\"height\":1024},{\"@type\":\"BreadcrumbList\",\"@id\":\"https:\\\/\\\/peruvision.ro\\\/produs\\\/card-de-memorie-sandisk-ultra-64gb-fara-adaptor\\\/#breadcrumb\",\"itemListElement\":[{\"@type\":\"ListItem\",\"position\":1,\"name\":\"Prima pagin\u0103\",\"item\":\"https:\\\/\\\/peruvision.ro\\\/\"},{\"@type\":\"ListItem\",\"position\":2,\"name\":\"Produse\",\"item\":\"https:\\\/\\\/peruvision.ro\\\/produse\\\/\"},{\"@type\":\"ListItem\",\"position\":3,\"name\":\"CARD SANDISK ULTRA 64GB F.ADAP\"}]},{\"@type\":\"WebSite\",\"@id\":\"https:\\\/\\\/peruvision.ro\\\/#website\",\"url\":\"https:\\\/\\\/peruvision.ro\\\/\",\"name\":\"Peruvision\",\"description\":\"Site-ul firmei Peruvision, specializata in distributia de echipamente de telecomunicatii si servicii aferente.\",\"publisher\":{\"@id\":\"https:\\\/\\\/peruvision.ro\\\/#organization\"},\"potentialAction\":[{\"@type\":\"SearchAction\",\"target\":{\"@type\":\"EntryPoint\",\"urlTemplate\":\"https:\\\/\\\/peruvision.ro\\\/?s={search_term_string}\"},\"query-input\":{\"@type\":\"PropertyValueSpecification\",\"valueRequired\":true,\"valueName\":\"search_term_string\"}}],\"inLanguage\":\"en-GB\"},{\"@type\":\"Organization\",\"@id\":\"https:\\\/\\\/peruvision.ro\\\/#organization\",\"name\":\"Peruvision\",\"url\":\"https:\\\/\\\/peruvision.ro\\\/\",\"logo\":{\"@type\":\"ImageObject\",\"inLanguage\":\"en-GB\",\"@id\":\"https:\\\/\\\/peruvision.ro\\\/#\\\/schema\\\/logo\\\/image\\\/\",\"url\":\"https:\\\/\\\/peruvision.ro\\\/wp-content\\\/uploads\\\/2021\\\/09\\\/3biss-negru.png\",\"contentUrl\":\"https:\\\/\\\/peruvision.ro\\\/wp-content\\\/uploads\\\/2021\\\/09\\\/3biss-negru.png\",\"width\":2035,\"height\":432,\"caption\":\"Peruvision\"},\"image\":{\"@id\":\"https:\\\/\\\/peruvision.ro\\\/#\\\/schema\\\/logo\\\/image\\\/\"},\"sameAs\":[\"https:\\\/\\\/www.facebook.com\\\/profile.php?id=100040871665118\"]}]}<\/script>\n<!-- \/ Yoast SEO Premium plugin. -->","yoast_head_json":{"title":"CARD SANDISK ULTRA 64GB F.ADAP - Peruvision","description":"Descopera CARD SANDISK ULTRA 64GB F.ADAP la Peruvision. Preturi speciale pentru echipamentele achizitionate","robots":{"index":"index","follow":"follow","max-snippet":"max-snippet:-1","max-image-preview":"max-image-preview:large","max-video-preview":"max-video-preview:-1"},"canonical":"https:\/\/peruvision.ro\/en\/product\/card-de-memorie-sandisk-ultra-64gb-fara-adaptor\/","og_locale":"en_GB","og_type":"article","og_title":"CARD SANDISK ULTRA 64GB F.ADAP","og_description":"Descopera CARD SANDISK ULTRA 64GB F.ADAP la Peruvision. Preturi speciale pentru echipamentele achizitionate","og_url":"https:\/\/peruvision.ro\/en\/product\/card-de-memorie-sandisk-ultra-64gb-fara-adaptor\/","og_site_name":"Peruvision","article_publisher":"https:\/\/www.facebook.com\/profile.php?id=100040871665118","article_modified_time":"2026-03-30T07:02:02+00:00","og_image":[{"width":1024,"height":1024,"url":"https:\/\/peruvision.ro\/wp-content\/uploads\/2023\/11\/SanDisk-Ultra-64-GB-v1.jpg","type":"image\/jpeg"}],"twitter_card":"summary_large_image","twitter_misc":{"Estimated reading time":"3 minutes"},"schema":{"@context":"https:\/\/schema.org","@graph":[{"@type":"WebPage","@id":"https:\/\/peruvision.ro\/produs\/card-de-memorie-sandisk-ultra-64gb-fara-adaptor\/","url":"https:\/\/peruvision.ro\/produs\/card-de-memorie-sandisk-ultra-64gb-fara-adaptor\/","name":"CARD SANDISK ULTRA 64GB F.ADAP - Peruvision","isPartOf":{"@id":"https:\/\/peruvision.ro\/#website"},"primaryImageOfPage":{"@id":"https:\/\/peruvision.ro\/produs\/card-de-memorie-sandisk-ultra-64gb-fara-adaptor\/#primaryimage"},"image":{"@id":"https:\/\/peruvision.ro\/produs\/card-de-memorie-sandisk-ultra-64gb-fara-adaptor\/#primaryimage"},"thumbnailUrl":"https:\/\/peruvision.ro\/wp-content\/uploads\/2023\/11\/SanDisk-Ultra-64-GB-v1.jpg","datePublished":"2024-01-29T08:32:03+00:00","dateModified":"2026-03-30T07:02:02+00:00","description":"Descopera CARD SANDISK ULTRA 64GB F.ADAP la Peruvision. Preturi speciale pentru echipamentele achizitionate","breadcrumb":{"@id":"https:\/\/peruvision.ro\/produs\/card-de-memorie-sandisk-ultra-64gb-fara-adaptor\/#breadcrumb"},"inLanguage":"en-GB","potentialAction":[{"@type":"ReadAction","target":["https:\/\/peruvision.ro\/produs\/card-de-memorie-sandisk-ultra-64gb-fara-adaptor\/"]}]},{"@type":"ImageObject","inLanguage":"en-GB","@id":"https:\/\/peruvision.ro\/produs\/card-de-memorie-sandisk-ultra-64gb-fara-adaptor\/#primaryimage","url":"https:\/\/peruvision.ro\/wp-content\/uploads\/2023\/11\/SanDisk-Ultra-64-GB-v1.jpg","contentUrl":"https:\/\/peruvision.ro\/wp-content\/uploads\/2023\/11\/SanDisk-Ultra-64-GB-v1.jpg","width":1024,"height":1024},{"@type":"BreadcrumbList","@id":"https:\/\/peruvision.ro\/produs\/card-de-memorie-sandisk-ultra-64gb-fara-adaptor\/#breadcrumb","itemListElement":[{"@type":"ListItem","position":1,"name":"Prima pagin\u0103","item":"https:\/\/peruvision.ro\/"},{"@type":"ListItem","position":2,"name":"Produse","item":"https:\/\/peruvision.ro\/produse\/"},{"@type":"ListItem","position":3,"name":"CARD SANDISK ULTRA 64GB F.ADAP"}]},{"@type":"WebSite","@id":"https:\/\/peruvision.ro\/#website","url":"https:\/\/peruvision.ro\/","name":"Peruvision","description":"Site-ul firmei Peruvision, specializata in distributia de echipamente de telecomunicatii si servicii aferente.","publisher":{"@id":"https:\/\/peruvision.ro\/#organization"},"potentialAction":[{"@type":"SearchAction","target":{"@type":"EntryPoint","urlTemplate":"https:\/\/peruvision.ro\/?s={search_term_string}"},"query-input":{"@type":"PropertyValueSpecification","valueRequired":true,"valueName":"search_term_string"}}],"inLanguage":"en-GB"},{"@type":"Organization","@id":"https:\/\/peruvision.ro\/#organization","name":"Peruvision","url":"https:\/\/peruvision.ro\/","logo":{"@type":"ImageObject","inLanguage":"en-GB","@id":"https:\/\/peruvision.ro\/#\/schema\/logo\/image\/","url":"https:\/\/peruvision.ro\/wp-content\/uploads\/2021\/09\/3biss-negru.png","contentUrl":"https:\/\/peruvision.ro\/wp-content\/uploads\/2021\/09\/3biss-negru.png","width":2035,"height":432,"caption":"Peruvision"},"image":{"@id":"https:\/\/peruvision.ro\/#\/schema\/logo\/image\/"},"sameAs":["https:\/\/www.facebook.com\/profile.php?id=100040871665118"]}]}},"jetpack_sharing_enabled":true,"_links":{"self":[{"href":"https:\/\/peruvision.ro\/en\/wp-json\/wp\/v2\/product\/13786","targetHints":{"allow":["GET"]}}],"collection":[{"href":"https:\/\/peruvision.ro\/en\/wp-json\/wp\/v2\/product"}],"about":[{"href":"https:\/\/peruvision.ro\/en\/wp-json\/wp\/v2\/types\/product"}],"version-history":[{"count":2,"href":"https:\/\/peruvision.ro\/en\/wp-json\/wp\/v2\/product\/13786\/revisions"}],"predecessor-version":[{"id":18376,"href":"https:\/\/peruvision.ro\/en\/wp-json\/wp\/v2\/product\/13786\/revisions\/18376"}],"wp:featuredmedia":[{"embeddable":true,"href":"https:\/\/peruvision.ro\/en\/wp-json\/wp\/v2\/media\/13247"}],"wp:attachment":[{"href":"https:\/\/peruvision.ro\/en\/wp-json\/wp\/v2\/media?parent=13786"}],"wp:term":[{"taxonomy":"product_brand","embeddable":true,"href":"https:\/\/peruvision.ro\/en\/wp-json\/wp\/v2\/product_brand?post=13786"},{"taxonomy":"product_cat","embeddable":true,"href":"https:\/\/peruvision.ro\/en\/wp-json\/wp\/v2\/product_cat?post=13786"},{"taxonomy":"product_tag","embeddable":true,"href":"https:\/\/peruvision.ro\/en\/wp-json\/wp\/v2\/product_tag?post=13786"}],"curies":[{"name":"wp","href":"https:\/\/api.w.org\/{rel}","templated":true}]}}