{"id":13702,"date":"2024-01-10T12:12:55","date_gmt":"2024-01-10T10:12:55","guid":{"rendered":"https:\/\/peruvision.ro\/?post_type=product&#038;p=13702"},"modified":"2026-03-17T11:37:38","modified_gmt":"2026-03-17T09:37:38","slug":"canvas-select-plus-microsd-256gb-card-memorie-cu-adaptor","status":"publish","type":"product","link":"https:\/\/peruvision.ro\/en\/product\/canvas-select-plus-microsd-256gb-card-memorie-cu-adaptor\/","title":{"rendered":"CARD MicroSD KINGSTON256GB C.A"},"content":{"rendered":"<h3><strong>Card de memorie microSD Canvas Select Plus <\/strong>cu clasa de performanta Android A1<\/h3>\n<p>MicroSD Canvas Select Plus de la Kingston este compatibil cu dispozitivele Android \u0219i este proiectat cu performan\u021b\u0103 A1.<\/p>\n<p>Ofer\u0103 vitez\u0103 \u0219i capacitate \u00eembun\u0103t\u0103\u021bite pentru \u00eenc\u0103rcarea mai rapid\u0103 a aplica\u021biilor \u0219i capturarea de imagini \u0219i videoclipuri \u00een capacit\u0103\u021bi multiple de p\u00e2n\u0103 la 512 GB (modelul de fata este de 128 GB).<\/p>\n<p>Puternic \u00een performan\u021b\u0103, vitez\u0103 \u0219i durabilitate, microSD Canvas Select Plus este proiectat pentru fiabilitate atunci c\u00e2nd fotografia\u021bi \u0219i dezvolta\u021bi fotografii de \u00eenalt\u0103 rezolu\u021bie sau filma\u021bi \u0219i edita\u021bi videoclipuri full HD.<\/p>\n<p>Cardurile Kingston Canvas sunt testate pentru a fi durabile \u00een cele mai dure medii \u0219i condi\u021bii, astfel \u00eenc\u00e2t s\u0103 le pute\u021bi duce oriunde cu \u00eencredere c\u0103 fotografiile, videoclipurile \u0219i fi\u0219ierele dvs. vor fi protejate.<\/p>\n<p>Viteze UHS-I clasa 10 de p\u00e2n\u0103 la 100 MB\/s2<br \/>\nOptimizat pentru utilizare cu dispozitive Android si nu numai<br \/>\nCapacitate de 256 GB<br \/>\nDurabil<\/p>\n<p>Capacitate: 256 GB<br \/>\nPerforman\u021b\u0103: citire 100\/85MB\/s, clasa de vitez\u0103 UHS-I, U3, V30 (256GB-512GB)<br \/>\nDimensiuni: 11 mm x 15 mm x 1 mm (microSD)<br \/>\n24 mm x 32 mm x 2,1 mm (cu adaptor SD)<br \/>\nFormat: FAT32 (32 GB), exFAT (64 GB-512 GB)<br \/>\nTemperatura de func\u021bionare: -25 \u00b0C~85 \u00b0C<br \/>\nTemperatura de depozitare: -40 \u00b0C~85 \u00b0C<br \/>\nTensiune: 3,3 V<\/p>\n<p>Click for more details <a href=\"https:\/\/www.kingston.com\/en\/memory-cards\/canvas-select-plus-microsd-card?capacity=128gb&amp;adapter=none&amp;packaging=single%20pack\">here.<\/a><\/p>","protected":false},"excerpt":{"rendered":"<ul>\n<li>Card de memorie microSD Canvas Select Plus cu clasa de performanta Android A1<\/li>\n<li>MicroSD Canvas Select Plus de la Kingston este compatibil cu dispozitivele Android \u0219i este proiectat cu performan\u021b\u0103 A1.<\/li>\n<li>Ofer\u0103 vitez\u0103 \u0219i capacitate \u00eembun\u0103t\u0103\u021bite pentru \u00eenc\u0103rcarea mai rapid\u0103 a aplica\u021biilor \u0219i capturarea de imagini \u0219i videoclipuri \u00een capacit\u0103\u021bi multiple de p\u00e2n\u0103 la 512 GB (modelul de fata este de 256 GB).<\/li>\n<li>Puternic \u00een performan\u021b\u0103, vitez\u0103 \u0219i durabilitate, microSD Canvas Select Plus este proiectat pentru fiabilitate atunci c\u00e2nd fotografia\u021bi \u0219i dezvolta\u021bi fotografii de \u00eenalt\u0103 rezolu\u021bie sau filma\u021bi \u0219i edita\u021bi videoclipuri full HD.<\/li>\n<li>Cardurile Kingston Canvas sunt testate pentru a fi durabile \u00een cele mai dure medii \u0219i condi\u021bii, astfel \u00eenc\u00e2t s\u0103 le pute\u021bi duce oriunde cu \u00eencredere c\u0103 fotografiile, videoclipurile \u0219i fi\u0219ierele dvs. vor fi protejate.<\/li>\n<\/ul>","protected":false},"featured_media":13703,"template":"","meta":[],"product_brand":[],"product_cat":[717,289,15],"product_tag":[],"class_list":{"0":"post-13702","1":"product","2":"type-product","3":"status-publish","4":"has-post-thumbnail","6":"product_cat-carduri-memorie-stocare","7":"product_cat-retelistica","8":"product_cat-toate-produsele","10":"first","11":"outofstock","12":"featured","13":"taxable","14":"shipping-taxable","15":"purchasable","16":"product-type-simple"},"yoast_head":"<!-- This site is optimized with the Yoast SEO Premium plugin v21.9 (Yoast SEO v27.4) - https:\/\/yoast.com\/product\/yoast-seo-premium-wordpress\/ -->\n<title>CARD MicroSD KINGSTON256GB C.A - Peruvision<\/title>\n<meta name=\"description\" content=\"Descopera CARD MicroSD KINGSTON256GB C.A la Peruvision. Preturi speciale pentru echipamentele achizitionate\" \/>\n<meta name=\"robots\" content=\"index, follow, max-snippet:-1, max-image-preview:large, max-video-preview:-1\" \/>\n<link rel=\"canonical\" href=\"https:\/\/peruvision.ro\/en\/product\/canvas-select-plus-microsd-256gb-card-memorie-cu-adaptor\/\" \/>\n<meta property=\"og:locale\" content=\"en_GB\" \/>\n<meta property=\"og:type\" content=\"article\" \/>\n<meta property=\"og:title\" content=\"CARD MicroSD KINGSTON256GB C.A\" \/>\n<meta property=\"og:description\" content=\"Descopera CARD MicroSD KINGSTON256GB C.A la Peruvision. Preturi speciale pentru echipamentele achizitionate\" \/>\n<meta property=\"og:url\" content=\"https:\/\/peruvision.ro\/en\/product\/canvas-select-plus-microsd-256gb-card-memorie-cu-adaptor\/\" \/>\n<meta property=\"og:site_name\" content=\"Peruvision\" \/>\n<meta property=\"article:publisher\" content=\"https:\/\/www.facebook.com\/profile.php?id=100040871665118\" \/>\n<meta property=\"article:modified_time\" content=\"2026-03-17T09:37:38+00:00\" \/>\n<meta property=\"og:image\" content=\"https:\/\/peruvision.ro\/wp-content\/uploads\/2024\/01\/Card-Kingston-Canvas-select-plus-256-GB.jpg\" \/>\n\t<meta property=\"og:image:width\" content=\"1024\" \/>\n\t<meta property=\"og:image:height\" content=\"1024\" \/>\n\t<meta property=\"og:image:type\" content=\"image\/jpeg\" \/>\n<meta name=\"twitter:card\" content=\"summary_large_image\" \/>\n<meta name=\"twitter:label1\" content=\"Estimated reading time\" \/>\n\t<meta name=\"twitter:data1\" content=\"2 minutes\" \/>\n<script type=\"application\/ld+json\" class=\"yoast-schema-graph\">{\"@context\":\"https:\\\/\\\/schema.org\",\"@graph\":[{\"@type\":\"WebPage\",\"@id\":\"https:\\\/\\\/peruvision.ro\\\/produs\\\/canvas-select-plus-microsd-256gb-card-memorie-cu-adaptor\\\/\",\"url\":\"https:\\\/\\\/peruvision.ro\\\/produs\\\/canvas-select-plus-microsd-256gb-card-memorie-cu-adaptor\\\/\",\"name\":\"CARD MicroSD KINGSTON256GB C.A - Peruvision\",\"isPartOf\":{\"@id\":\"https:\\\/\\\/peruvision.ro\\\/#website\"},\"primaryImageOfPage\":{\"@id\":\"https:\\\/\\\/peruvision.ro\\\/produs\\\/canvas-select-plus-microsd-256gb-card-memorie-cu-adaptor\\\/#primaryimage\"},\"image\":{\"@id\":\"https:\\\/\\\/peruvision.ro\\\/produs\\\/canvas-select-plus-microsd-256gb-card-memorie-cu-adaptor\\\/#primaryimage\"},\"thumbnailUrl\":\"https:\\\/\\\/peruvision.ro\\\/wp-content\\\/uploads\\\/2024\\\/01\\\/Card-Kingston-Canvas-select-plus-256-GB.jpg\",\"datePublished\":\"2024-01-10T10:12:55+00:00\",\"dateModified\":\"2026-03-17T09:37:38+00:00\",\"description\":\"Descopera CARD MicroSD KINGSTON256GB C.A la Peruvision. Preturi speciale pentru echipamentele achizitionate\",\"breadcrumb\":{\"@id\":\"https:\\\/\\\/peruvision.ro\\\/produs\\\/canvas-select-plus-microsd-256gb-card-memorie-cu-adaptor\\\/#breadcrumb\"},\"inLanguage\":\"en-GB\",\"potentialAction\":[{\"@type\":\"ReadAction\",\"target\":[\"https:\\\/\\\/peruvision.ro\\\/produs\\\/canvas-select-plus-microsd-256gb-card-memorie-cu-adaptor\\\/\"]}]},{\"@type\":\"ImageObject\",\"inLanguage\":\"en-GB\",\"@id\":\"https:\\\/\\\/peruvision.ro\\\/produs\\\/canvas-select-plus-microsd-256gb-card-memorie-cu-adaptor\\\/#primaryimage\",\"url\":\"https:\\\/\\\/peruvision.ro\\\/wp-content\\\/uploads\\\/2024\\\/01\\\/Card-Kingston-Canvas-select-plus-256-GB.jpg\",\"contentUrl\":\"https:\\\/\\\/peruvision.ro\\\/wp-content\\\/uploads\\\/2024\\\/01\\\/Card-Kingston-Canvas-select-plus-256-GB.jpg\",\"width\":1024,\"height\":1024},{\"@type\":\"BreadcrumbList\",\"@id\":\"https:\\\/\\\/peruvision.ro\\\/produs\\\/canvas-select-plus-microsd-256gb-card-memorie-cu-adaptor\\\/#breadcrumb\",\"itemListElement\":[{\"@type\":\"ListItem\",\"position\":1,\"name\":\"Prima pagin\u0103\",\"item\":\"https:\\\/\\\/peruvision.ro\\\/\"},{\"@type\":\"ListItem\",\"position\":2,\"name\":\"Produse\",\"item\":\"https:\\\/\\\/peruvision.ro\\\/produse\\\/\"},{\"@type\":\"ListItem\",\"position\":3,\"name\":\"CARD MicroSD KINGSTON256GB C.A\"}]},{\"@type\":\"WebSite\",\"@id\":\"https:\\\/\\\/peruvision.ro\\\/#website\",\"url\":\"https:\\\/\\\/peruvision.ro\\\/\",\"name\":\"Peruvision\",\"description\":\"Site-ul firmei Peruvision, specializata in distributia de echipamente de telecomunicatii si servicii aferente.\",\"publisher\":{\"@id\":\"https:\\\/\\\/peruvision.ro\\\/#organization\"},\"potentialAction\":[{\"@type\":\"SearchAction\",\"target\":{\"@type\":\"EntryPoint\",\"urlTemplate\":\"https:\\\/\\\/peruvision.ro\\\/?s={search_term_string}\"},\"query-input\":{\"@type\":\"PropertyValueSpecification\",\"valueRequired\":true,\"valueName\":\"search_term_string\"}}],\"inLanguage\":\"en-GB\"},{\"@type\":\"Organization\",\"@id\":\"https:\\\/\\\/peruvision.ro\\\/#organization\",\"name\":\"Peruvision\",\"url\":\"https:\\\/\\\/peruvision.ro\\\/\",\"logo\":{\"@type\":\"ImageObject\",\"inLanguage\":\"en-GB\",\"@id\":\"https:\\\/\\\/peruvision.ro\\\/#\\\/schema\\\/logo\\\/image\\\/\",\"url\":\"https:\\\/\\\/peruvision.ro\\\/wp-content\\\/uploads\\\/2021\\\/09\\\/3biss-negru.png\",\"contentUrl\":\"https:\\\/\\\/peruvision.ro\\\/wp-content\\\/uploads\\\/2021\\\/09\\\/3biss-negru.png\",\"width\":2035,\"height\":432,\"caption\":\"Peruvision\"},\"image\":{\"@id\":\"https:\\\/\\\/peruvision.ro\\\/#\\\/schema\\\/logo\\\/image\\\/\"},\"sameAs\":[\"https:\\\/\\\/www.facebook.com\\\/profile.php?id=100040871665118\"]}]}<\/script>\n<!-- \/ Yoast SEO Premium plugin. -->","yoast_head_json":{"title":"CARD MicroSD KINGSTON256GB C.A - Peruvision","description":"Descopera CARD MicroSD KINGSTON256GB C.A la Peruvision. Preturi speciale pentru echipamentele achizitionate","robots":{"index":"index","follow":"follow","max-snippet":"max-snippet:-1","max-image-preview":"max-image-preview:large","max-video-preview":"max-video-preview:-1"},"canonical":"https:\/\/peruvision.ro\/en\/product\/canvas-select-plus-microsd-256gb-card-memorie-cu-adaptor\/","og_locale":"en_GB","og_type":"article","og_title":"CARD MicroSD KINGSTON256GB C.A","og_description":"Descopera CARD MicroSD KINGSTON256GB C.A la Peruvision. Preturi speciale pentru echipamentele achizitionate","og_url":"https:\/\/peruvision.ro\/en\/product\/canvas-select-plus-microsd-256gb-card-memorie-cu-adaptor\/","og_site_name":"Peruvision","article_publisher":"https:\/\/www.facebook.com\/profile.php?id=100040871665118","article_modified_time":"2026-03-17T09:37:38+00:00","og_image":[{"width":1024,"height":1024,"url":"https:\/\/peruvision.ro\/wp-content\/uploads\/2024\/01\/Card-Kingston-Canvas-select-plus-256-GB.jpg","type":"image\/jpeg"}],"twitter_card":"summary_large_image","twitter_misc":{"Estimated reading time":"2 minutes"},"schema":{"@context":"https:\/\/schema.org","@graph":[{"@type":"WebPage","@id":"https:\/\/peruvision.ro\/produs\/canvas-select-plus-microsd-256gb-card-memorie-cu-adaptor\/","url":"https:\/\/peruvision.ro\/produs\/canvas-select-plus-microsd-256gb-card-memorie-cu-adaptor\/","name":"CARD MicroSD KINGSTON256GB C.A - Peruvision","isPartOf":{"@id":"https:\/\/peruvision.ro\/#website"},"primaryImageOfPage":{"@id":"https:\/\/peruvision.ro\/produs\/canvas-select-plus-microsd-256gb-card-memorie-cu-adaptor\/#primaryimage"},"image":{"@id":"https:\/\/peruvision.ro\/produs\/canvas-select-plus-microsd-256gb-card-memorie-cu-adaptor\/#primaryimage"},"thumbnailUrl":"https:\/\/peruvision.ro\/wp-content\/uploads\/2024\/01\/Card-Kingston-Canvas-select-plus-256-GB.jpg","datePublished":"2024-01-10T10:12:55+00:00","dateModified":"2026-03-17T09:37:38+00:00","description":"Descopera CARD MicroSD KINGSTON256GB C.A la Peruvision. Preturi speciale pentru echipamentele achizitionate","breadcrumb":{"@id":"https:\/\/peruvision.ro\/produs\/canvas-select-plus-microsd-256gb-card-memorie-cu-adaptor\/#breadcrumb"},"inLanguage":"en-GB","potentialAction":[{"@type":"ReadAction","target":["https:\/\/peruvision.ro\/produs\/canvas-select-plus-microsd-256gb-card-memorie-cu-adaptor\/"]}]},{"@type":"ImageObject","inLanguage":"en-GB","@id":"https:\/\/peruvision.ro\/produs\/canvas-select-plus-microsd-256gb-card-memorie-cu-adaptor\/#primaryimage","url":"https:\/\/peruvision.ro\/wp-content\/uploads\/2024\/01\/Card-Kingston-Canvas-select-plus-256-GB.jpg","contentUrl":"https:\/\/peruvision.ro\/wp-content\/uploads\/2024\/01\/Card-Kingston-Canvas-select-plus-256-GB.jpg","width":1024,"height":1024},{"@type":"BreadcrumbList","@id":"https:\/\/peruvision.ro\/produs\/canvas-select-plus-microsd-256gb-card-memorie-cu-adaptor\/#breadcrumb","itemListElement":[{"@type":"ListItem","position":1,"name":"Prima pagin\u0103","item":"https:\/\/peruvision.ro\/"},{"@type":"ListItem","position":2,"name":"Produse","item":"https:\/\/peruvision.ro\/produse\/"},{"@type":"ListItem","position":3,"name":"CARD MicroSD KINGSTON256GB C.A"}]},{"@type":"WebSite","@id":"https:\/\/peruvision.ro\/#website","url":"https:\/\/peruvision.ro\/","name":"Peruvision","description":"Site-ul firmei Peruvision, specializata in distributia de echipamente de telecomunicatii si servicii aferente.","publisher":{"@id":"https:\/\/peruvision.ro\/#organization"},"potentialAction":[{"@type":"SearchAction","target":{"@type":"EntryPoint","urlTemplate":"https:\/\/peruvision.ro\/?s={search_term_string}"},"query-input":{"@type":"PropertyValueSpecification","valueRequired":true,"valueName":"search_term_string"}}],"inLanguage":"en-GB"},{"@type":"Organization","@id":"https:\/\/peruvision.ro\/#organization","name":"Peruvision","url":"https:\/\/peruvision.ro\/","logo":{"@type":"ImageObject","inLanguage":"en-GB","@id":"https:\/\/peruvision.ro\/#\/schema\/logo\/image\/","url":"https:\/\/peruvision.ro\/wp-content\/uploads\/2021\/09\/3biss-negru.png","contentUrl":"https:\/\/peruvision.ro\/wp-content\/uploads\/2021\/09\/3biss-negru.png","width":2035,"height":432,"caption":"Peruvision"},"image":{"@id":"https:\/\/peruvision.ro\/#\/schema\/logo\/image\/"},"sameAs":["https:\/\/www.facebook.com\/profile.php?id=100040871665118"]}]}},"jetpack_sharing_enabled":true,"_links":{"self":[{"href":"https:\/\/peruvision.ro\/en\/wp-json\/wp\/v2\/product\/13702","targetHints":{"allow":["GET"]}}],"collection":[{"href":"https:\/\/peruvision.ro\/en\/wp-json\/wp\/v2\/product"}],"about":[{"href":"https:\/\/peruvision.ro\/en\/wp-json\/wp\/v2\/types\/product"}],"version-history":[{"count":2,"href":"https:\/\/peruvision.ro\/en\/wp-json\/wp\/v2\/product\/13702\/revisions"}],"predecessor-version":[{"id":18374,"href":"https:\/\/peruvision.ro\/en\/wp-json\/wp\/v2\/product\/13702\/revisions\/18374"}],"wp:featuredmedia":[{"embeddable":true,"href":"https:\/\/peruvision.ro\/en\/wp-json\/wp\/v2\/media\/13703"}],"wp:attachment":[{"href":"https:\/\/peruvision.ro\/en\/wp-json\/wp\/v2\/media?parent=13702"}],"wp:term":[{"taxonomy":"product_brand","embeddable":true,"href":"https:\/\/peruvision.ro\/en\/wp-json\/wp\/v2\/product_brand?post=13702"},{"taxonomy":"product_cat","embeddable":true,"href":"https:\/\/peruvision.ro\/en\/wp-json\/wp\/v2\/product_cat?post=13702"},{"taxonomy":"product_tag","embeddable":true,"href":"https:\/\/peruvision.ro\/en\/wp-json\/wp\/v2\/product_tag?post=13702"}],"curies":[{"name":"wp","href":"https:\/\/api.w.org\/{rel}","templated":true}]}}