{"id":13604,"date":"2023-12-20T14:22:06","date_gmt":"2023-12-20T12:22:06","guid":{"rendered":"https:\/\/peruvision.ro\/?post_type=product&#038;p=13604"},"modified":"2026-03-17T11:37:11","modified_gmt":"2026-03-17T09:37:11","slug":"strong-srt-41-dongle-4k-google-tv-certificat-google","status":"publish","type":"product","link":"https:\/\/peruvision.ro\/en\/product\/strong-srt-41-dongle-4k-google-tv-certificat-google\/","title":{"rendered":"STRONG DONGLE SRT41 4K ANDROID (Timbru verde 0,15 lei)"},"content":{"rendered":"<p>Strong LEAP-S3 4K Google TV box certificat Google<\/p>\n<p>Conecta\u021bi-v\u0103 stick-ul\/dongle-ul Google TV 4K HDMI pentru a v\u0103 actualiza televizorul la un Smart TV cu acces direct la Magazinul Google Play!<br \/>\nEchipat cu cea mai recent\u0103 versiune Google TV, este certificat Google \u0219i ofer\u0103 acces la numeroase aplica\u021bii, jocuri, servicii de streaming \u0219i multe altele.<br \/>\nBucura\u021bi-v\u0103 de filmele preferate direct de pe Netflix, Youtube, Prime Video sau Disney+*. SRT41 vine, de asemenea, cu elemente obligatorii, cum ar fi rezolu\u021bia 4K UHD, decodare H.265, Wi-Fi \u00een band\u0103 dubl\u0103, func\u021bie Chromecast \u0219i multe altele.<br \/>\nCu Asistentul Google complet, pute\u021bi controla redarea, reda sau relua emisiunile TV \u0219i filmele cu comenzi vocale \u0219i pute\u021bi ob\u021bine r\u0103spunsuri la \u00eentreb\u0103ri triviale.<\/p>\n<p>Characteristics:<\/p>\n<p>Google TV HDMI TV dongle\/stick certificat de Google<br \/>\nBazat pe Android 11<br \/>\nListare \u0219i navigare convenabil\u0103 a con\u021binutului \u0219i a aplica\u021biilor, \u00eencep\u00e2nd cu con\u021binutul recomandat Android TV<br \/>\nVideo resolution up to 4K UHD (3840 x 2160 pixels)<br \/>\nCertificari DRM: DRM Google Widevine Nivel 1, Microsoft Playready, certificat Netflix, certificat Prime Video<br \/>\nInterfa\u021b\u0103 u\u0219or de utilizat \u0219i u\u0219or de manevrat<br \/>\nConvenient remote control with Bluetooth and voice control functions<br \/>\nAsistentul Google v\u0103 permite s\u0103 g\u0103si\u021bi rapid cel mai recent blockbuster \u0219i multe altele<br \/>\nChromecast \u00eencorporat pentru streaming de filme HD de pe telefonul mobil pe ecranul televizorului<br \/>\nVideo streaming from the Internet<br \/>\nDesc\u0103rcare \u0219i instalare simpl\u0103 a aplica\u021biilor din Magazinul Play cu sortare individual\u0103(1)<br \/>\nAcces la aplica\u021bii, jocuri, servicii de streaming \u0219i multe altele prin Google Play(1)<br \/>\nTelecomanda cu 4 taste rapide, Bluetooth 5.0 si control vocal<br \/>\nWi-Fi dual band de p\u00e2n\u0103 la 1200 Mbit\/s<br \/>\nConecta\u021bi-v\u0103 la alte dispozitive \u0219i partaja\u021bi date prin Bluetooth<br \/>\nPartajarea media digitale \u00eentre dispozitive multimedia<br \/>\nActualiz\u0103ri de software prin internet \u0219i prin dispozitive USB externe<br \/>\nConexiuni: HDMI 2.1 cu CEC, adaptor de alimentare DC 5V\/1 A, Wi-Fi, Bluetooth<\/p>\n<p>Click for more details <a href=\"https:\/\/ro.strong-eu.com\/products\/ip-tv-receivers\/srt-41\/\">here.<\/a><\/p>","protected":false},"excerpt":{"rendered":"<ul>\n<li>\u00a0Google TV dongle certificat de Google (Android 11)<\/li>\n<li>Decodare video 4K Ultra HD (3840 x 2160p)<\/li>\n<li>Suport HDR, HDR10, HDR10+, HLG, H.264\/AVC, H.265\/HEVC, AV1, VP9 Profile-2<\/li>\n<li>Telecomanda cu 4 taste rapide, Bluetooth \u0219i control vocal<\/li>\n<li>Streaming video: Netflix, Youtube, Amazon Prime Video, Disney+<\/li>\n<\/ul>","protected":false},"featured_media":13610,"template":"","meta":[],"product_brand":[],"product_cat":[244,234,15],"product_tag":[],"class_list":{"0":"post-13604","1":"product","2":"type-product","3":"status-publish","4":"has-post-thumbnail","6":"product_cat-ott-box-uri-android","7":"product_cat-receptoare","8":"product_cat-toate-produsele","10":"first","11":"outofstock","12":"sale","13":"featured","14":"taxable","15":"shipping-taxable","16":"purchasable","17":"product-type-simple"},"yoast_head":"<!-- This site is optimized with the Yoast SEO Premium plugin v21.9 (Yoast SEO v27.4) - https:\/\/yoast.com\/product\/yoast-seo-premium-wordpress\/ -->\n<title>STRONG DONGLE SRT41 4K ANDROID (Timbru verde 0,15 lei) - Peruvision<\/title>\n<meta name=\"description\" content=\"Descopera STRONG DONGLE SRT41 4K ANDROID (Timbru verde 0,15 lei) la Peruvision. Preturi speciale pentru echipamentele achizitionate\" \/>\n<meta name=\"robots\" content=\"index, follow, max-snippet:-1, max-image-preview:large, max-video-preview:-1\" \/>\n<link rel=\"canonical\" href=\"https:\/\/peruvision.ro\/en\/product\/strong-srt-41-dongle-4k-google-tv-certificat-google\/\" \/>\n<meta property=\"og:locale\" content=\"en_GB\" \/>\n<meta property=\"og:type\" content=\"article\" \/>\n<meta property=\"og:title\" content=\"STRONG DONGLE SRT41 4K ANDROID (Timbru verde 0,15 lei)\" \/>\n<meta property=\"og:description\" content=\"Descopera STRONG DONGLE SRT41 4K ANDROID (Timbru verde 0,15 lei) la Peruvision. Preturi speciale pentru echipamentele achizitionate\" \/>\n<meta property=\"og:url\" content=\"https:\/\/peruvision.ro\/en\/product\/strong-srt-41-dongle-4k-google-tv-certificat-google\/\" \/>\n<meta property=\"og:site_name\" content=\"Peruvision\" \/>\n<meta property=\"article:publisher\" content=\"https:\/\/www.facebook.com\/profile.php?id=100040871665118\" \/>\n<meta property=\"article:modified_time\" content=\"2026-03-17T09:37:11+00:00\" \/>\n<meta property=\"og:image\" content=\"https:\/\/peruvision.ro\/wp-content\/uploads\/2023\/12\/Srtong-SRT-41-1.jpg\" \/>\n\t<meta property=\"og:image:width\" content=\"1000\" \/>\n\t<meta property=\"og:image:height\" content=\"1000\" \/>\n\t<meta property=\"og:image:type\" content=\"image\/jpeg\" \/>\n<meta name=\"twitter:card\" content=\"summary_large_image\" \/>\n<meta name=\"twitter:label1\" content=\"Estimated reading time\" \/>\n\t<meta name=\"twitter:data1\" content=\"2 minutes\" \/>\n<script type=\"application\/ld+json\" class=\"yoast-schema-graph\">{\"@context\":\"https:\\\/\\\/schema.org\",\"@graph\":[{\"@type\":\"WebPage\",\"@id\":\"https:\\\/\\\/peruvision.ro\\\/produs\\\/strong-srt-41-dongle-4k-google-tv-certificat-google\\\/\",\"url\":\"https:\\\/\\\/peruvision.ro\\\/produs\\\/strong-srt-41-dongle-4k-google-tv-certificat-google\\\/\",\"name\":\"STRONG DONGLE SRT41 4K ANDROID (Timbru verde 0,15 lei) - Peruvision\",\"isPartOf\":{\"@id\":\"https:\\\/\\\/peruvision.ro\\\/#website\"},\"primaryImageOfPage\":{\"@id\":\"https:\\\/\\\/peruvision.ro\\\/produs\\\/strong-srt-41-dongle-4k-google-tv-certificat-google\\\/#primaryimage\"},\"image\":{\"@id\":\"https:\\\/\\\/peruvision.ro\\\/produs\\\/strong-srt-41-dongle-4k-google-tv-certificat-google\\\/#primaryimage\"},\"thumbnailUrl\":\"https:\\\/\\\/peruvision.ro\\\/wp-content\\\/uploads\\\/2023\\\/12\\\/Srtong-SRT-41-1.jpg\",\"datePublished\":\"2023-12-20T12:22:06+00:00\",\"dateModified\":\"2026-03-17T09:37:11+00:00\",\"description\":\"Descopera STRONG DONGLE SRT41 4K ANDROID (Timbru verde 0,15 lei) la Peruvision. Preturi speciale pentru echipamentele achizitionate\",\"breadcrumb\":{\"@id\":\"https:\\\/\\\/peruvision.ro\\\/produs\\\/strong-srt-41-dongle-4k-google-tv-certificat-google\\\/#breadcrumb\"},\"inLanguage\":\"en-GB\",\"potentialAction\":[{\"@type\":\"ReadAction\",\"target\":[\"https:\\\/\\\/peruvision.ro\\\/produs\\\/strong-srt-41-dongle-4k-google-tv-certificat-google\\\/\"]}]},{\"@type\":\"ImageObject\",\"inLanguage\":\"en-GB\",\"@id\":\"https:\\\/\\\/peruvision.ro\\\/produs\\\/strong-srt-41-dongle-4k-google-tv-certificat-google\\\/#primaryimage\",\"url\":\"https:\\\/\\\/peruvision.ro\\\/wp-content\\\/uploads\\\/2023\\\/12\\\/Srtong-SRT-41-1.jpg\",\"contentUrl\":\"https:\\\/\\\/peruvision.ro\\\/wp-content\\\/uploads\\\/2023\\\/12\\\/Srtong-SRT-41-1.jpg\",\"width\":1000,\"height\":1000},{\"@type\":\"BreadcrumbList\",\"@id\":\"https:\\\/\\\/peruvision.ro\\\/produs\\\/strong-srt-41-dongle-4k-google-tv-certificat-google\\\/#breadcrumb\",\"itemListElement\":[{\"@type\":\"ListItem\",\"position\":1,\"name\":\"Prima pagin\u0103\",\"item\":\"https:\\\/\\\/peruvision.ro\\\/\"},{\"@type\":\"ListItem\",\"position\":2,\"name\":\"Produse\",\"item\":\"https:\\\/\\\/peruvision.ro\\\/produse\\\/\"},{\"@type\":\"ListItem\",\"position\":3,\"name\":\"STRONG DONGLE SRT41 4K ANDROID (Timbru verde 0,15 lei)\"}]},{\"@type\":\"WebSite\",\"@id\":\"https:\\\/\\\/peruvision.ro\\\/#website\",\"url\":\"https:\\\/\\\/peruvision.ro\\\/\",\"name\":\"Peruvision\",\"description\":\"Site-ul firmei Peruvision, specializata in distributia de echipamente de telecomunicatii si servicii aferente.\",\"publisher\":{\"@id\":\"https:\\\/\\\/peruvision.ro\\\/#organization\"},\"potentialAction\":[{\"@type\":\"SearchAction\",\"target\":{\"@type\":\"EntryPoint\",\"urlTemplate\":\"https:\\\/\\\/peruvision.ro\\\/?s={search_term_string}\"},\"query-input\":{\"@type\":\"PropertyValueSpecification\",\"valueRequired\":true,\"valueName\":\"search_term_string\"}}],\"inLanguage\":\"en-GB\"},{\"@type\":\"Organization\",\"@id\":\"https:\\\/\\\/peruvision.ro\\\/#organization\",\"name\":\"Peruvision\",\"url\":\"https:\\\/\\\/peruvision.ro\\\/\",\"logo\":{\"@type\":\"ImageObject\",\"inLanguage\":\"en-GB\",\"@id\":\"https:\\\/\\\/peruvision.ro\\\/#\\\/schema\\\/logo\\\/image\\\/\",\"url\":\"https:\\\/\\\/peruvision.ro\\\/wp-content\\\/uploads\\\/2021\\\/09\\\/3biss-negru.png\",\"contentUrl\":\"https:\\\/\\\/peruvision.ro\\\/wp-content\\\/uploads\\\/2021\\\/09\\\/3biss-negru.png\",\"width\":2035,\"height\":432,\"caption\":\"Peruvision\"},\"image\":{\"@id\":\"https:\\\/\\\/peruvision.ro\\\/#\\\/schema\\\/logo\\\/image\\\/\"},\"sameAs\":[\"https:\\\/\\\/www.facebook.com\\\/profile.php?id=100040871665118\"]}]}<\/script>\n<!-- \/ Yoast SEO Premium plugin. -->","yoast_head_json":{"title":"STRONG DONGLE SRT41 4K ANDROID (Timbru verde 0,15 lei) - Peruvision","description":"Descopera STRONG DONGLE SRT41 4K ANDROID (Timbru verde 0,15 lei) la Peruvision. Preturi speciale pentru echipamentele achizitionate","robots":{"index":"index","follow":"follow","max-snippet":"max-snippet:-1","max-image-preview":"max-image-preview:large","max-video-preview":"max-video-preview:-1"},"canonical":"https:\/\/peruvision.ro\/en\/product\/strong-srt-41-dongle-4k-google-tv-certificat-google\/","og_locale":"en_GB","og_type":"article","og_title":"STRONG DONGLE SRT41 4K ANDROID (Timbru verde 0,15 lei)","og_description":"Descopera STRONG DONGLE SRT41 4K ANDROID (Timbru verde 0,15 lei) la Peruvision. Preturi speciale pentru echipamentele achizitionate","og_url":"https:\/\/peruvision.ro\/en\/product\/strong-srt-41-dongle-4k-google-tv-certificat-google\/","og_site_name":"Peruvision","article_publisher":"https:\/\/www.facebook.com\/profile.php?id=100040871665118","article_modified_time":"2026-03-17T09:37:11+00:00","og_image":[{"width":1000,"height":1000,"url":"https:\/\/peruvision.ro\/wp-content\/uploads\/2023\/12\/Srtong-SRT-41-1.jpg","type":"image\/jpeg"}],"twitter_card":"summary_large_image","twitter_misc":{"Estimated reading time":"2 minutes"},"schema":{"@context":"https:\/\/schema.org","@graph":[{"@type":"WebPage","@id":"https:\/\/peruvision.ro\/produs\/strong-srt-41-dongle-4k-google-tv-certificat-google\/","url":"https:\/\/peruvision.ro\/produs\/strong-srt-41-dongle-4k-google-tv-certificat-google\/","name":"STRONG DONGLE SRT41 4K ANDROID (Timbru verde 0,15 lei) - Peruvision","isPartOf":{"@id":"https:\/\/peruvision.ro\/#website"},"primaryImageOfPage":{"@id":"https:\/\/peruvision.ro\/produs\/strong-srt-41-dongle-4k-google-tv-certificat-google\/#primaryimage"},"image":{"@id":"https:\/\/peruvision.ro\/produs\/strong-srt-41-dongle-4k-google-tv-certificat-google\/#primaryimage"},"thumbnailUrl":"https:\/\/peruvision.ro\/wp-content\/uploads\/2023\/12\/Srtong-SRT-41-1.jpg","datePublished":"2023-12-20T12:22:06+00:00","dateModified":"2026-03-17T09:37:11+00:00","description":"Descopera STRONG DONGLE SRT41 4K ANDROID (Timbru verde 0,15 lei) la Peruvision. Preturi speciale pentru echipamentele achizitionate","breadcrumb":{"@id":"https:\/\/peruvision.ro\/produs\/strong-srt-41-dongle-4k-google-tv-certificat-google\/#breadcrumb"},"inLanguage":"en-GB","potentialAction":[{"@type":"ReadAction","target":["https:\/\/peruvision.ro\/produs\/strong-srt-41-dongle-4k-google-tv-certificat-google\/"]}]},{"@type":"ImageObject","inLanguage":"en-GB","@id":"https:\/\/peruvision.ro\/produs\/strong-srt-41-dongle-4k-google-tv-certificat-google\/#primaryimage","url":"https:\/\/peruvision.ro\/wp-content\/uploads\/2023\/12\/Srtong-SRT-41-1.jpg","contentUrl":"https:\/\/peruvision.ro\/wp-content\/uploads\/2023\/12\/Srtong-SRT-41-1.jpg","width":1000,"height":1000},{"@type":"BreadcrumbList","@id":"https:\/\/peruvision.ro\/produs\/strong-srt-41-dongle-4k-google-tv-certificat-google\/#breadcrumb","itemListElement":[{"@type":"ListItem","position":1,"name":"Prima pagin\u0103","item":"https:\/\/peruvision.ro\/"},{"@type":"ListItem","position":2,"name":"Produse","item":"https:\/\/peruvision.ro\/produse\/"},{"@type":"ListItem","position":3,"name":"STRONG DONGLE SRT41 4K ANDROID (Timbru verde 0,15 lei)"}]},{"@type":"WebSite","@id":"https:\/\/peruvision.ro\/#website","url":"https:\/\/peruvision.ro\/","name":"Peruvision","description":"Site-ul firmei Peruvision, specializata in distributia de echipamente de telecomunicatii si servicii aferente.","publisher":{"@id":"https:\/\/peruvision.ro\/#organization"},"potentialAction":[{"@type":"SearchAction","target":{"@type":"EntryPoint","urlTemplate":"https:\/\/peruvision.ro\/?s={search_term_string}"},"query-input":{"@type":"PropertyValueSpecification","valueRequired":true,"valueName":"search_term_string"}}],"inLanguage":"en-GB"},{"@type":"Organization","@id":"https:\/\/peruvision.ro\/#organization","name":"Peruvision","url":"https:\/\/peruvision.ro\/","logo":{"@type":"ImageObject","inLanguage":"en-GB","@id":"https:\/\/peruvision.ro\/#\/schema\/logo\/image\/","url":"https:\/\/peruvision.ro\/wp-content\/uploads\/2021\/09\/3biss-negru.png","contentUrl":"https:\/\/peruvision.ro\/wp-content\/uploads\/2021\/09\/3biss-negru.png","width":2035,"height":432,"caption":"Peruvision"},"image":{"@id":"https:\/\/peruvision.ro\/#\/schema\/logo\/image\/"},"sameAs":["https:\/\/www.facebook.com\/profile.php?id=100040871665118"]}]}},"jetpack_sharing_enabled":true,"_links":{"self":[{"href":"https:\/\/peruvision.ro\/en\/wp-json\/wp\/v2\/product\/13604","targetHints":{"allow":["GET"]}}],"collection":[{"href":"https:\/\/peruvision.ro\/en\/wp-json\/wp\/v2\/product"}],"about":[{"href":"https:\/\/peruvision.ro\/en\/wp-json\/wp\/v2\/types\/product"}],"version-history":[{"count":2,"href":"https:\/\/peruvision.ro\/en\/wp-json\/wp\/v2\/product\/13604\/revisions"}],"predecessor-version":[{"id":18275,"href":"https:\/\/peruvision.ro\/en\/wp-json\/wp\/v2\/product\/13604\/revisions\/18275"}],"wp:featuredmedia":[{"embeddable":true,"href":"https:\/\/peruvision.ro\/en\/wp-json\/wp\/v2\/media\/13610"}],"wp:attachment":[{"href":"https:\/\/peruvision.ro\/en\/wp-json\/wp\/v2\/media?parent=13604"}],"wp:term":[{"taxonomy":"product_brand","embeddable":true,"href":"https:\/\/peruvision.ro\/en\/wp-json\/wp\/v2\/product_brand?post=13604"},{"taxonomy":"product_cat","embeddable":true,"href":"https:\/\/peruvision.ro\/en\/wp-json\/wp\/v2\/product_cat?post=13604"},{"taxonomy":"product_tag","embeddable":true,"href":"https:\/\/peruvision.ro\/en\/wp-json\/wp\/v2\/product_tag?post=13604"}],"curies":[{"name":"wp","href":"https:\/\/api.w.org\/{rel}","templated":true}]}}