{"id":13596,"date":"2023-12-20T13:47:35","date_gmt":"2023-12-20T11:47:35","guid":{"rendered":"https:\/\/peruvision.ro\/?post_type=product&#038;p=13596"},"modified":"2026-03-17T11:37:25","modified_gmt":"2026-03-17T09:37:25","slug":"strong-leap-s3-4k-google-tv-box-certificat-google","status":"publish","type":"product","link":"https:\/\/peruvision.ro\/en\/product\/strong-leap-s3-4k-google-tv-box-certificat-google\/","title":{"rendered":"STRONG BOX LEAP-S3 4K ANDROID (Timbru verde 0,75 lei)"},"content":{"rendered":"<p>Strong LEAP-S3 4K Google TV box certificat Google<\/p>\n<p>Aceast\u0103 box inteligent Google TV mic \u0219i compact este alegerea potrivit\u0103 pentru televizorul dvs.<br \/>\nConecta\u021bi STRONG LEAP-S3 pentru a v\u0103 actualiza televizorul la un Smart TV cu acces direct la Google Play Store! Aceast box Google TV este echipat cu cea mai recent\u0103 versiune de Android 11 \u0219i v\u0103 ofer\u0103 o experien\u021b\u0103 excelent\u0103 de utilizare.<br \/>\n\u00cen plus, este certificat Google \u0219i ofer\u0103 acces la numeroase aplica\u021bii, servicii de streaming \u0219i multe altele.<br \/>\nBucura\u021bi-v\u0103 de filmele preferate direct de pe Netflix, YouTube, Prime Video sau Disney+.<br \/>\nCu o interfa\u021b\u0103 de utilizator eficient\u0103, pute\u021bi g\u0103si rapid \u0219i v\u0103 pute\u021bi bucura de divertismentul dorit.<br \/>\nLEAP-S3 vine \u0219i cu elemente indispensabile, cum ar fi rezolu\u021bia 4K UHD, decodare H.265, Wi-Fi 5 Dual Band, func\u021bie Chromecast \u0219i multe altele.<br \/>\nDolby Vision-Atmos asigur\u0103 cea mai bun\u0103 imagine \u0219i sunet pe care le-a\u021bi v\u0103zut vreodat\u0103 pentru filmul dvs. preferat.<br \/>\nCu Asistentul Google complet, pute\u021bi controla redarea, reda sau relua emisiunile TV \u0219i filmele cu comenzi vocale \u0219i pute\u021bi ob\u021bine r\u0103spunsuri la \u00eentreb\u0103ri triviale.<br \/>\nPortul USB, Bluetooth 5.0, versiunea HDMI 2.1 \u0219i portul Ethernet fac pachetul complet \u0219i v\u0103 ofer\u0103 o experien\u021b\u0103 TV f\u0103r\u0103 precedent.<\/p>\n<p>Characteristics:<br \/>\nGoogle TV box certificat de Google (cea mai recent\u0103 versiune Android)<br \/>\nListare \u0219i navigare convenabil\u0103 a con\u021binutului \u0219i a aplica\u021biilor, \u00eencep\u00e2nd cu con\u021binutul recomandat de Google TV<br \/>\nRezolu\u021bie video de p\u00e2n\u0103 la 4K UHD (3840 x 2160 pixeli)<br \/>\nQuad Core Cortex-A35, 2.0 GH<br \/>\nMemorie: 2GB RAM<br \/>\nSpatiu de stocare: Flash eMMC 16GB<br \/>\nInterfa\u021b\u0103 u\u0219or de utilizat \u0219i u\u0219or de manevrat<br \/>\nConexiune u\u0219oar\u0103 la Internet prin Wi-Fi sau LAN \u00eencorporat<br \/>\nTelecomand\u0103 convenabil\u0103 cu Bluetooth \u0219i func\u021bii de control vocal<br \/>\nAsistentul Google v\u0103 permite s\u0103 g\u0103si\u021bi rapid cel mai recent blockbuster \u0219i multe altele<br \/>\nChromecast \u00eencorporat pentru streaming de filme HD de pe telefonul mobil pe ecranul televizorului<br \/>\nStreaming video de pe Internet<br \/>\nDesc\u0103rcare \u0219i instalare simpl\u0103 a aplica\u021biilor din Magazinul Play cu sortare individual\u0103<br \/>\nAcces la aplica\u021bii, jocuri, servicii de streaming \u0219i multe altele prin Google Play<br \/>\nSuport\u0103 Dolby Vision\u00ae \u0219i Dolby Atmos\u00ae<br \/>\nConecta\u021bi-v\u0103 la alte dispozitive \u0219i partaja\u021bi date prin Bluetooth<br \/>\nPartajarea media digitale \u00eentre dispozitive multimedia<br \/>\n1x port USB 2.0 pentru redare<br \/>\nActualiz\u0103ri de software prin internet \u0219i prin dispozitive USB externe<br \/>\nSuport\u0103 MPEG-4, H.264\/AVC, H.265\/HEVC (4K Ultra HD)<br \/>\nSuport\u0103 gam\u0103 dinamic\u0103 ridicat\u0103 cu HDR<br \/>\nSuporta HTML5<br \/>\nConexiuni: S\/PDIF, HDMI, USB 2.0, LAN \/ INTERNET, adaptor de alimentare DC 12V\/1 A, Wi-Fi, Bluetooth<\/p>\n<p>Click for more details <a href=\"https:\/\/ro.strong-eu.com\/products\/ip-tv-receivers\/leap-s3\/\">here.<\/a><\/p>","protected":false},"excerpt":{"rendered":"<ul>\n<li>\u00a0Google TV box certificat de Google (Android 11)<\/li>\n<li>Decodare video 4K Ultra HD (3840 x 2160p)<\/li>\n<li>Memorie: 2GB RAM<\/li>\n<li>Spatiu de stocare: Flash eMMC 16GB<\/li>\n<li>Conexiune u\u0219oar\u0103 la Internet prin Wi-Fi sau LAN \u00eencorporat<\/li>\n<li>Suporta HDR<\/li>\n<li>Acces la aplica\u021bii, jocuri, servicii de streaming \u0219i multe altele<\/li>\n<\/ul>","protected":false},"featured_media":13598,"template":"","meta":[],"product_brand":[],"product_cat":[244,234,15],"product_tag":[],"class_list":{"0":"post-13596","1":"product","2":"type-product","3":"status-publish","4":"has-post-thumbnail","6":"product_cat-ott-box-uri-android","7":"product_cat-receptoare","8":"product_cat-toate-produsele","10":"first","11":"outofstock","12":"sale","13":"featured","14":"taxable","15":"shipping-taxable","16":"purchasable","17":"product-type-simple"},"yoast_head":"<!-- This site is optimized with the Yoast SEO Premium plugin v21.9 (Yoast SEO v27.3) - https:\/\/yoast.com\/product\/yoast-seo-premium-wordpress\/ -->\n<title>STRONG BOX LEAP-S3 4K ANDROID (Timbru verde 0,75 lei) - Peruvision<\/title>\n<meta name=\"description\" content=\"Descopera STRONG BOX LEAP-S3 4K ANDROID (Timbru verde 0,75 lei) la Peruvision. Preturi speciale pentru echipamentele achizitionate\" \/>\n<meta name=\"robots\" content=\"index, follow, max-snippet:-1, max-image-preview:large, max-video-preview:-1\" \/>\n<link rel=\"canonical\" href=\"https:\/\/peruvision.ro\/en\/product\/strong-leap-s3-4k-google-tv-box-certificat-google\/\" \/>\n<meta property=\"og:locale\" content=\"en_GB\" \/>\n<meta property=\"og:type\" content=\"article\" \/>\n<meta property=\"og:title\" content=\"STRONG BOX LEAP-S3 4K ANDROID (Timbru verde 0,75 lei)\" \/>\n<meta property=\"og:description\" content=\"Descopera STRONG BOX LEAP-S3 4K ANDROID (Timbru verde 0,75 lei) la Peruvision. Preturi speciale pentru echipamentele achizitionate\" \/>\n<meta property=\"og:url\" content=\"https:\/\/peruvision.ro\/en\/product\/strong-leap-s3-4k-google-tv-box-certificat-google\/\" \/>\n<meta property=\"og:site_name\" content=\"Peruvision\" \/>\n<meta property=\"article:publisher\" content=\"https:\/\/www.facebook.com\/profile.php?id=100040871665118\" \/>\n<meta property=\"article:modified_time\" content=\"2026-03-17T09:37:25+00:00\" \/>\n<meta property=\"og:image\" content=\"https:\/\/peruvision.ro\/wp-content\/uploads\/2023\/12\/LEAP-S3_0.jpg\" \/>\n\t<meta property=\"og:image:width\" content=\"1000\" \/>\n\t<meta property=\"og:image:height\" content=\"1000\" \/>\n\t<meta property=\"og:image:type\" content=\"image\/jpeg\" \/>\n<meta name=\"twitter:card\" content=\"summary_large_image\" \/>\n<meta name=\"twitter:label1\" content=\"Estimated reading time\" \/>\n\t<meta name=\"twitter:data1\" content=\"3 minutes\" \/>\n<script type=\"application\/ld+json\" class=\"yoast-schema-graph\">{\"@context\":\"https:\\\/\\\/schema.org\",\"@graph\":[{\"@type\":\"WebPage\",\"@id\":\"https:\\\/\\\/peruvision.ro\\\/produs\\\/strong-leap-s3-4k-google-tv-box-certificat-google\\\/\",\"url\":\"https:\\\/\\\/peruvision.ro\\\/produs\\\/strong-leap-s3-4k-google-tv-box-certificat-google\\\/\",\"name\":\"STRONG BOX LEAP-S3 4K ANDROID (Timbru verde 0,75 lei) - Peruvision\",\"isPartOf\":{\"@id\":\"https:\\\/\\\/peruvision.ro\\\/#website\"},\"primaryImageOfPage\":{\"@id\":\"https:\\\/\\\/peruvision.ro\\\/produs\\\/strong-leap-s3-4k-google-tv-box-certificat-google\\\/#primaryimage\"},\"image\":{\"@id\":\"https:\\\/\\\/peruvision.ro\\\/produs\\\/strong-leap-s3-4k-google-tv-box-certificat-google\\\/#primaryimage\"},\"thumbnailUrl\":\"https:\\\/\\\/peruvision.ro\\\/wp-content\\\/uploads\\\/2023\\\/12\\\/LEAP-S3_0.jpg\",\"datePublished\":\"2023-12-20T11:47:35+00:00\",\"dateModified\":\"2026-03-17T09:37:25+00:00\",\"description\":\"Descopera STRONG BOX LEAP-S3 4K ANDROID (Timbru verde 0,75 lei) la Peruvision. Preturi speciale pentru echipamentele achizitionate\",\"breadcrumb\":{\"@id\":\"https:\\\/\\\/peruvision.ro\\\/produs\\\/strong-leap-s3-4k-google-tv-box-certificat-google\\\/#breadcrumb\"},\"inLanguage\":\"en-GB\",\"potentialAction\":[{\"@type\":\"ReadAction\",\"target\":[\"https:\\\/\\\/peruvision.ro\\\/produs\\\/strong-leap-s3-4k-google-tv-box-certificat-google\\\/\"]}]},{\"@type\":\"ImageObject\",\"inLanguage\":\"en-GB\",\"@id\":\"https:\\\/\\\/peruvision.ro\\\/produs\\\/strong-leap-s3-4k-google-tv-box-certificat-google\\\/#primaryimage\",\"url\":\"https:\\\/\\\/peruvision.ro\\\/wp-content\\\/uploads\\\/2023\\\/12\\\/LEAP-S3_0.jpg\",\"contentUrl\":\"https:\\\/\\\/peruvision.ro\\\/wp-content\\\/uploads\\\/2023\\\/12\\\/LEAP-S3_0.jpg\",\"width\":1000,\"height\":1000},{\"@type\":\"BreadcrumbList\",\"@id\":\"https:\\\/\\\/peruvision.ro\\\/produs\\\/strong-leap-s3-4k-google-tv-box-certificat-google\\\/#breadcrumb\",\"itemListElement\":[{\"@type\":\"ListItem\",\"position\":1,\"name\":\"Prima pagin\u0103\",\"item\":\"https:\\\/\\\/peruvision.ro\\\/\"},{\"@type\":\"ListItem\",\"position\":2,\"name\":\"Produse\",\"item\":\"https:\\\/\\\/peruvision.ro\\\/produse\\\/\"},{\"@type\":\"ListItem\",\"position\":3,\"name\":\"STRONG BOX LEAP-S3 4K ANDROID (Timbru verde 0,75 lei)\"}]},{\"@type\":\"WebSite\",\"@id\":\"https:\\\/\\\/peruvision.ro\\\/#website\",\"url\":\"https:\\\/\\\/peruvision.ro\\\/\",\"name\":\"Peruvision\",\"description\":\"Site-ul firmei Peruvision, specializata in distributia de echipamente de telecomunicatii si servicii aferente.\",\"publisher\":{\"@id\":\"https:\\\/\\\/peruvision.ro\\\/#organization\"},\"potentialAction\":[{\"@type\":\"SearchAction\",\"target\":{\"@type\":\"EntryPoint\",\"urlTemplate\":\"https:\\\/\\\/peruvision.ro\\\/?s={search_term_string}\"},\"query-input\":{\"@type\":\"PropertyValueSpecification\",\"valueRequired\":true,\"valueName\":\"search_term_string\"}}],\"inLanguage\":\"en-GB\"},{\"@type\":\"Organization\",\"@id\":\"https:\\\/\\\/peruvision.ro\\\/#organization\",\"name\":\"Peruvision\",\"url\":\"https:\\\/\\\/peruvision.ro\\\/\",\"logo\":{\"@type\":\"ImageObject\",\"inLanguage\":\"en-GB\",\"@id\":\"https:\\\/\\\/peruvision.ro\\\/#\\\/schema\\\/logo\\\/image\\\/\",\"url\":\"https:\\\/\\\/peruvision.ro\\\/wp-content\\\/uploads\\\/2021\\\/09\\\/3biss-negru.png\",\"contentUrl\":\"https:\\\/\\\/peruvision.ro\\\/wp-content\\\/uploads\\\/2021\\\/09\\\/3biss-negru.png\",\"width\":2035,\"height\":432,\"caption\":\"Peruvision\"},\"image\":{\"@id\":\"https:\\\/\\\/peruvision.ro\\\/#\\\/schema\\\/logo\\\/image\\\/\"},\"sameAs\":[\"https:\\\/\\\/www.facebook.com\\\/profile.php?id=100040871665118\"]}]}<\/script>\n<!-- \/ Yoast SEO Premium plugin. -->","yoast_head_json":{"title":"STRONG BOX LEAP-S3 4K ANDROID (Timbru verde 0,75 lei) - Peruvision","description":"Descopera STRONG BOX LEAP-S3 4K ANDROID (Timbru verde 0,75 lei) la Peruvision. Preturi speciale pentru echipamentele achizitionate","robots":{"index":"index","follow":"follow","max-snippet":"max-snippet:-1","max-image-preview":"max-image-preview:large","max-video-preview":"max-video-preview:-1"},"canonical":"https:\/\/peruvision.ro\/en\/product\/strong-leap-s3-4k-google-tv-box-certificat-google\/","og_locale":"en_GB","og_type":"article","og_title":"STRONG BOX LEAP-S3 4K ANDROID (Timbru verde 0,75 lei)","og_description":"Descopera STRONG BOX LEAP-S3 4K ANDROID (Timbru verde 0,75 lei) la Peruvision. Preturi speciale pentru echipamentele achizitionate","og_url":"https:\/\/peruvision.ro\/en\/product\/strong-leap-s3-4k-google-tv-box-certificat-google\/","og_site_name":"Peruvision","article_publisher":"https:\/\/www.facebook.com\/profile.php?id=100040871665118","article_modified_time":"2026-03-17T09:37:25+00:00","og_image":[{"width":1000,"height":1000,"url":"https:\/\/peruvision.ro\/wp-content\/uploads\/2023\/12\/LEAP-S3_0.jpg","type":"image\/jpeg"}],"twitter_card":"summary_large_image","twitter_misc":{"Estimated reading time":"3 minutes"},"schema":{"@context":"https:\/\/schema.org","@graph":[{"@type":"WebPage","@id":"https:\/\/peruvision.ro\/produs\/strong-leap-s3-4k-google-tv-box-certificat-google\/","url":"https:\/\/peruvision.ro\/produs\/strong-leap-s3-4k-google-tv-box-certificat-google\/","name":"STRONG BOX LEAP-S3 4K ANDROID (Timbru verde 0,75 lei) - Peruvision","isPartOf":{"@id":"https:\/\/peruvision.ro\/#website"},"primaryImageOfPage":{"@id":"https:\/\/peruvision.ro\/produs\/strong-leap-s3-4k-google-tv-box-certificat-google\/#primaryimage"},"image":{"@id":"https:\/\/peruvision.ro\/produs\/strong-leap-s3-4k-google-tv-box-certificat-google\/#primaryimage"},"thumbnailUrl":"https:\/\/peruvision.ro\/wp-content\/uploads\/2023\/12\/LEAP-S3_0.jpg","datePublished":"2023-12-20T11:47:35+00:00","dateModified":"2026-03-17T09:37:25+00:00","description":"Descopera STRONG BOX LEAP-S3 4K ANDROID (Timbru verde 0,75 lei) la Peruvision. Preturi speciale pentru echipamentele achizitionate","breadcrumb":{"@id":"https:\/\/peruvision.ro\/produs\/strong-leap-s3-4k-google-tv-box-certificat-google\/#breadcrumb"},"inLanguage":"en-GB","potentialAction":[{"@type":"ReadAction","target":["https:\/\/peruvision.ro\/produs\/strong-leap-s3-4k-google-tv-box-certificat-google\/"]}]},{"@type":"ImageObject","inLanguage":"en-GB","@id":"https:\/\/peruvision.ro\/produs\/strong-leap-s3-4k-google-tv-box-certificat-google\/#primaryimage","url":"https:\/\/peruvision.ro\/wp-content\/uploads\/2023\/12\/LEAP-S3_0.jpg","contentUrl":"https:\/\/peruvision.ro\/wp-content\/uploads\/2023\/12\/LEAP-S3_0.jpg","width":1000,"height":1000},{"@type":"BreadcrumbList","@id":"https:\/\/peruvision.ro\/produs\/strong-leap-s3-4k-google-tv-box-certificat-google\/#breadcrumb","itemListElement":[{"@type":"ListItem","position":1,"name":"Prima pagin\u0103","item":"https:\/\/peruvision.ro\/"},{"@type":"ListItem","position":2,"name":"Produse","item":"https:\/\/peruvision.ro\/produse\/"},{"@type":"ListItem","position":3,"name":"STRONG BOX LEAP-S3 4K ANDROID (Timbru verde 0,75 lei)"}]},{"@type":"WebSite","@id":"https:\/\/peruvision.ro\/#website","url":"https:\/\/peruvision.ro\/","name":"Peruvision","description":"Site-ul firmei Peruvision, specializata in distributia de echipamente de telecomunicatii si servicii aferente.","publisher":{"@id":"https:\/\/peruvision.ro\/#organization"},"potentialAction":[{"@type":"SearchAction","target":{"@type":"EntryPoint","urlTemplate":"https:\/\/peruvision.ro\/?s={search_term_string}"},"query-input":{"@type":"PropertyValueSpecification","valueRequired":true,"valueName":"search_term_string"}}],"inLanguage":"en-GB"},{"@type":"Organization","@id":"https:\/\/peruvision.ro\/#organization","name":"Peruvision","url":"https:\/\/peruvision.ro\/","logo":{"@type":"ImageObject","inLanguage":"en-GB","@id":"https:\/\/peruvision.ro\/#\/schema\/logo\/image\/","url":"https:\/\/peruvision.ro\/wp-content\/uploads\/2021\/09\/3biss-negru.png","contentUrl":"https:\/\/peruvision.ro\/wp-content\/uploads\/2021\/09\/3biss-negru.png","width":2035,"height":432,"caption":"Peruvision"},"image":{"@id":"https:\/\/peruvision.ro\/#\/schema\/logo\/image\/"},"sameAs":["https:\/\/www.facebook.com\/profile.php?id=100040871665118"]}]}},"jetpack_sharing_enabled":true,"_links":{"self":[{"href":"https:\/\/peruvision.ro\/en\/wp-json\/wp\/v2\/product\/13596","targetHints":{"allow":["GET"]}}],"collection":[{"href":"https:\/\/peruvision.ro\/en\/wp-json\/wp\/v2\/product"}],"about":[{"href":"https:\/\/peruvision.ro\/en\/wp-json\/wp\/v2\/types\/product"}],"version-history":[{"count":2,"href":"https:\/\/peruvision.ro\/en\/wp-json\/wp\/v2\/product\/13596\/revisions"}],"predecessor-version":[{"id":18274,"href":"https:\/\/peruvision.ro\/en\/wp-json\/wp\/v2\/product\/13596\/revisions\/18274"}],"wp:featuredmedia":[{"embeddable":true,"href":"https:\/\/peruvision.ro\/en\/wp-json\/wp\/v2\/media\/13598"}],"wp:attachment":[{"href":"https:\/\/peruvision.ro\/en\/wp-json\/wp\/v2\/media?parent=13596"}],"wp:term":[{"taxonomy":"product_brand","embeddable":true,"href":"https:\/\/peruvision.ro\/en\/wp-json\/wp\/v2\/product_brand?post=13596"},{"taxonomy":"product_cat","embeddable":true,"href":"https:\/\/peruvision.ro\/en\/wp-json\/wp\/v2\/product_cat?post=13596"},{"taxonomy":"product_tag","embeddable":true,"href":"https:\/\/peruvision.ro\/en\/wp-json\/wp\/v2\/product_tag?post=13596"}],"curies":[{"name":"wp","href":"https:\/\/api.w.org\/{rel}","templated":true}]}}