{"id":13577,"date":"2023-12-20T10:49:24","date_gmt":"2023-12-20T08:49:24","guid":{"rendered":"https:\/\/peruvision.ro\/?post_type=product&#038;p=13577"},"modified":"2026-03-17T11:37:40","modified_gmt":"2026-03-17T09:37:40","slug":"strong-atria-mesh-kit-ax1200-2-pack","status":"publish","type":"product","link":"https:\/\/peruvision.ro\/en\/product\/strong-atria-mesh-kit-ax1200-2-pack\/","title":{"rendered":"MESHKIT AX3000STRONG  2BUC (Timbru verde 0,75 lei)"},"content":{"rendered":"<p>Strong ATRIA Mesh Kit AX3000<br \/>\nFolosind solu\u021bia de ultim\u0103 or\u0103 Easy Mesh\u2122, kitul Wi-Fi Mesh Home Kit AX3000 de la STRONG combin\u0103 tehnologia Mesh cu puternicul standard Wi-Fi 6 MU-MIMO pentru vitez\u0103 \u0219i acoperire maxim\u0103 acas\u0103.<br \/>\nAcest pachet de 2 ATRIA Mesh AX3000 \u00eenlocuie\u0219te re\u021beaua dvs. Wi-Fi actual\u0103 f\u0103r\u0103 a v\u0103 schimba modemul sau routerul.<br \/>\nOfer\u0103 o re\u021bea Wi-Fi de roaming super rapid\u0103 \u0219i f\u0103r\u0103 \u00eentreruperi, cu o vitez\u0103 de p\u00e2n\u0103 la 3000 Mbit\/s, cu o acoperire de p\u00e2n\u0103 la 350 m\u00b2.<br \/>\n\u00cen func\u021bie de dimensiunea casei dvs., pute\u021bi ad\u0103uga p\u00e2n\u0103 la 4x ATRIA Mesh AX3000 suplimentar (p\u00e2n\u0103 la 6x ATRIA Mesh AX3000 acoper\u0103 o suprafa\u021b\u0103 de p\u00e2n\u0103 la 1050 m\u00b2).<\/p>\n<p>Characteristics:<br \/>\nPerforman\u021b\u0103 Wi-Fi<br \/>\nAccept\u0103 standardele Wi-Fi 6 (802.11ax\/ac\/n\/g\/n\/b\/a)<br \/>\nVitez\u0103 de p\u00e2n\u0103 la 3000 Mbps<br \/>\nSuport\u0103 tehnologii MU-MIMO \u0219i OFDMA (574 Mbit\/s @2,4GHz + 2402 Mbit\/s @5GHz<br \/>\nSuport\u0103 canale DFS de 5 GHz<\/p>\n<p>Acoperire \u0219i fiabilitate<br \/>\nSuport MESH u\u0219or pentru acoperire, performan\u021b\u0103 \u0219i conectivitate maxime<br \/>\nCapacitate de p\u00e2n\u0103 la 254 de dispozitive conectate<br \/>\nConfigurare mai multe puncte de acces<br \/>\nUn singur nume Wi-Fi \u00een toat\u0103 casa<br \/>\nRoaming inteligent \u00een configura\u021bie Mesh<br \/>\nKitul Wi-Fi Mesh Home AX3000 acoper\u0103 p\u00e2n\u0103 la 350 m2<br \/>\nP\u00e2n\u0103 la 6x acoperire ATRIA Mesh AX3000 de p\u00e2n\u0103 la 1050 m\u00b2 pe mai multe etaje<\/p>\n<p>Securitate<br \/>\nWPA\u2122\/WPA2\u2122\/ WPA3\u2122 pentru securitate Wi-Fi<br \/>\nButon Connect &amp; Secure (WPS) pentru a ad\u0103uga ATRIA Mesh AX3000 ADD-ON la re\u021beaua Mesh existent\u0103 \u00een c\u00e2teva minute<br \/>\nButonul Connect &amp; Secure (WPS) pentru a v\u0103 conecta pur \u0219i simplu dispozitivele Wi-Fi la re\u021beaua Wi-Fi Mesh<\/p>\n<p>Conexiuni<br \/>\n3 porturi Gigabit Ethernet pe fiecare ATRIA Mesh AX3000 pentru a conecta orice computer, set-top-box, Smart TV, NAS, consol\u0103 de jocuri,&#8230;<br \/>\nConform TR069\/TR098\/TR181<br \/>\nCompatibil cu aplica\u021bia ATRIA Mesh pentru a v\u0103 gestiona re\u021beaua Wi-Fi Mesh la o atingere cu degetul<br \/>\nModuri de func\u021bionare Mesh\/Access Point\/Router<br \/>\nFunc\u021bioneaz\u0103 cu orice modem sau router standard<\/p>\n<p>Click for more details <a href=\"https:\/\/ro.strong-eu.com\/products\/wifi-mesh-home-networking\/atria-mesh-kit-ax3000\/\">here.<\/a><\/p>","protected":false},"excerpt":{"rendered":"<ul>\n<li>Ultimate Wi-Fi 6, MU-MIMO dual band \u0219i tehnologii OFDMA \u00een interior<\/li>\n<li>574 Mbps la 2,4 GHz + 2402 Mbps la 5 GHz<\/li>\n<li>Suport\u0103 Wi-Fi 6, compatibil cu Wi-Fi 5 \u0219i mai vechi<\/li>\n<li>Viteza de pana la 3000 Mbit\/s<\/li>\n<\/ul>","protected":false},"featured_media":13580,"template":"","meta":[],"product_brand":[],"product_cat":[289,291,15],"product_tag":[],"class_list":{"0":"post-13577","1":"product","2":"type-product","3":"status-publish","4":"has-post-thumbnail","6":"product_cat-retelistica","7":"product_cat-routere-wireless","8":"product_cat-toate-produsele","10":"first","11":"instock","12":"featured","13":"taxable","14":"shipping-taxable","15":"purchasable","16":"product-type-simple"},"yoast_head":"<!-- This site is optimized with the Yoast SEO Premium plugin v21.9 (Yoast SEO v27.4) - https:\/\/yoast.com\/product\/yoast-seo-premium-wordpress\/ -->\n<title>MESHKIT AX3000STRONG 2BUC (Timbru verde 0,75 lei) - Peruvision<\/title>\n<meta name=\"description\" content=\"Descopera MESHKIT AX3000STRONG 2BUC (Timbru verde 0,75 lei) la Peruvision. Preturi speciale pentru echipamentele achizitionate\" \/>\n<meta name=\"robots\" content=\"index, follow, max-snippet:-1, max-image-preview:large, max-video-preview:-1\" \/>\n<link rel=\"canonical\" href=\"https:\/\/peruvision.ro\/en\/product\/strong-atria-mesh-kit-ax1200-2-pack\/\" \/>\n<meta property=\"og:locale\" content=\"en_GB\" \/>\n<meta property=\"og:type\" content=\"article\" \/>\n<meta property=\"og:title\" content=\"MESHKIT AX3000STRONG 2BUC (Timbru verde 0,75 lei)\" \/>\n<meta property=\"og:description\" content=\"Descopera MESHKIT AX3000STRONG 2BUC (Timbru verde 0,75 lei) la Peruvision. Preturi speciale pentru echipamentele achizitionate\" \/>\n<meta property=\"og:url\" content=\"https:\/\/peruvision.ro\/en\/product\/strong-atria-mesh-kit-ax1200-2-pack\/\" \/>\n<meta property=\"og:site_name\" content=\"Peruvision\" \/>\n<meta property=\"article:publisher\" content=\"https:\/\/www.facebook.com\/profile.php?id=100040871665118\" \/>\n<meta property=\"article:modified_time\" content=\"2026-03-17T09:37:40+00:00\" \/>\n<meta property=\"og:image\" content=\"https:\/\/peruvision.ro\/wp-content\/uploads\/2023\/12\/MESHAX3000_1.jpg\" \/>\n\t<meta property=\"og:image:width\" content=\"1000\" \/>\n\t<meta property=\"og:image:height\" content=\"1000\" \/>\n\t<meta property=\"og:image:type\" content=\"image\/jpeg\" \/>\n<meta name=\"twitter:card\" content=\"summary_large_image\" \/>\n<meta name=\"twitter:label1\" content=\"Estimated reading time\" \/>\n\t<meta name=\"twitter:data1\" content=\"2 minutes\" \/>\n<script type=\"application\/ld+json\" class=\"yoast-schema-graph\">{\"@context\":\"https:\\\/\\\/schema.org\",\"@graph\":[{\"@type\":\"WebPage\",\"@id\":\"https:\\\/\\\/peruvision.ro\\\/produs\\\/strong-atria-mesh-kit-ax1200-2-pack\\\/\",\"url\":\"https:\\\/\\\/peruvision.ro\\\/produs\\\/strong-atria-mesh-kit-ax1200-2-pack\\\/\",\"name\":\"MESHKIT AX3000STRONG 2BUC (Timbru verde 0,75 lei) - Peruvision\",\"isPartOf\":{\"@id\":\"https:\\\/\\\/peruvision.ro\\\/#website\"},\"primaryImageOfPage\":{\"@id\":\"https:\\\/\\\/peruvision.ro\\\/produs\\\/strong-atria-mesh-kit-ax1200-2-pack\\\/#primaryimage\"},\"image\":{\"@id\":\"https:\\\/\\\/peruvision.ro\\\/produs\\\/strong-atria-mesh-kit-ax1200-2-pack\\\/#primaryimage\"},\"thumbnailUrl\":\"https:\\\/\\\/peruvision.ro\\\/wp-content\\\/uploads\\\/2023\\\/12\\\/MESHAX3000_1.jpg\",\"datePublished\":\"2023-12-20T08:49:24+00:00\",\"dateModified\":\"2026-03-17T09:37:40+00:00\",\"description\":\"Descopera MESHKIT AX3000STRONG 2BUC (Timbru verde 0,75 lei) la Peruvision. Preturi speciale pentru echipamentele achizitionate\",\"breadcrumb\":{\"@id\":\"https:\\\/\\\/peruvision.ro\\\/produs\\\/strong-atria-mesh-kit-ax1200-2-pack\\\/#breadcrumb\"},\"inLanguage\":\"en-GB\",\"potentialAction\":[{\"@type\":\"ReadAction\",\"target\":[\"https:\\\/\\\/peruvision.ro\\\/produs\\\/strong-atria-mesh-kit-ax1200-2-pack\\\/\"]}]},{\"@type\":\"ImageObject\",\"inLanguage\":\"en-GB\",\"@id\":\"https:\\\/\\\/peruvision.ro\\\/produs\\\/strong-atria-mesh-kit-ax1200-2-pack\\\/#primaryimage\",\"url\":\"https:\\\/\\\/peruvision.ro\\\/wp-content\\\/uploads\\\/2023\\\/12\\\/MESHAX3000_1.jpg\",\"contentUrl\":\"https:\\\/\\\/peruvision.ro\\\/wp-content\\\/uploads\\\/2023\\\/12\\\/MESHAX3000_1.jpg\",\"width\":1000,\"height\":1000},{\"@type\":\"BreadcrumbList\",\"@id\":\"https:\\\/\\\/peruvision.ro\\\/produs\\\/strong-atria-mesh-kit-ax1200-2-pack\\\/#breadcrumb\",\"itemListElement\":[{\"@type\":\"ListItem\",\"position\":1,\"name\":\"Prima pagin\u0103\",\"item\":\"https:\\\/\\\/peruvision.ro\\\/\"},{\"@type\":\"ListItem\",\"position\":2,\"name\":\"Produse\",\"item\":\"https:\\\/\\\/peruvision.ro\\\/produse\\\/\"},{\"@type\":\"ListItem\",\"position\":3,\"name\":\"MESHKIT AX3000STRONG 2BUC (Timbru verde 0,75 lei)\"}]},{\"@type\":\"WebSite\",\"@id\":\"https:\\\/\\\/peruvision.ro\\\/#website\",\"url\":\"https:\\\/\\\/peruvision.ro\\\/\",\"name\":\"Peruvision\",\"description\":\"Site-ul firmei Peruvision, specializata in distributia de echipamente de telecomunicatii si servicii aferente.\",\"publisher\":{\"@id\":\"https:\\\/\\\/peruvision.ro\\\/#organization\"},\"potentialAction\":[{\"@type\":\"SearchAction\",\"target\":{\"@type\":\"EntryPoint\",\"urlTemplate\":\"https:\\\/\\\/peruvision.ro\\\/?s={search_term_string}\"},\"query-input\":{\"@type\":\"PropertyValueSpecification\",\"valueRequired\":true,\"valueName\":\"search_term_string\"}}],\"inLanguage\":\"en-GB\"},{\"@type\":\"Organization\",\"@id\":\"https:\\\/\\\/peruvision.ro\\\/#organization\",\"name\":\"Peruvision\",\"url\":\"https:\\\/\\\/peruvision.ro\\\/\",\"logo\":{\"@type\":\"ImageObject\",\"inLanguage\":\"en-GB\",\"@id\":\"https:\\\/\\\/peruvision.ro\\\/#\\\/schema\\\/logo\\\/image\\\/\",\"url\":\"https:\\\/\\\/peruvision.ro\\\/wp-content\\\/uploads\\\/2021\\\/09\\\/3biss-negru.png\",\"contentUrl\":\"https:\\\/\\\/peruvision.ro\\\/wp-content\\\/uploads\\\/2021\\\/09\\\/3biss-negru.png\",\"width\":2035,\"height\":432,\"caption\":\"Peruvision\"},\"image\":{\"@id\":\"https:\\\/\\\/peruvision.ro\\\/#\\\/schema\\\/logo\\\/image\\\/\"},\"sameAs\":[\"https:\\\/\\\/www.facebook.com\\\/profile.php?id=100040871665118\"]}]}<\/script>\n<!-- \/ Yoast SEO Premium plugin. -->","yoast_head_json":{"title":"MESHKIT AX3000STRONG 2BUC (Timbru verde 0,75 lei) - Peruvision","description":"Descopera MESHKIT AX3000STRONG 2BUC (Timbru verde 0,75 lei) la Peruvision. Preturi speciale pentru echipamentele achizitionate","robots":{"index":"index","follow":"follow","max-snippet":"max-snippet:-1","max-image-preview":"max-image-preview:large","max-video-preview":"max-video-preview:-1"},"canonical":"https:\/\/peruvision.ro\/en\/product\/strong-atria-mesh-kit-ax1200-2-pack\/","og_locale":"en_GB","og_type":"article","og_title":"MESHKIT AX3000STRONG 2BUC (Timbru verde 0,75 lei)","og_description":"Descopera MESHKIT AX3000STRONG 2BUC (Timbru verde 0,75 lei) la Peruvision. Preturi speciale pentru echipamentele achizitionate","og_url":"https:\/\/peruvision.ro\/en\/product\/strong-atria-mesh-kit-ax1200-2-pack\/","og_site_name":"Peruvision","article_publisher":"https:\/\/www.facebook.com\/profile.php?id=100040871665118","article_modified_time":"2026-03-17T09:37:40+00:00","og_image":[{"width":1000,"height":1000,"url":"https:\/\/peruvision.ro\/wp-content\/uploads\/2023\/12\/MESHAX3000_1.jpg","type":"image\/jpeg"}],"twitter_card":"summary_large_image","twitter_misc":{"Estimated reading time":"2 minutes"},"schema":{"@context":"https:\/\/schema.org","@graph":[{"@type":"WebPage","@id":"https:\/\/peruvision.ro\/produs\/strong-atria-mesh-kit-ax1200-2-pack\/","url":"https:\/\/peruvision.ro\/produs\/strong-atria-mesh-kit-ax1200-2-pack\/","name":"MESHKIT AX3000STRONG 2BUC (Timbru verde 0,75 lei) - Peruvision","isPartOf":{"@id":"https:\/\/peruvision.ro\/#website"},"primaryImageOfPage":{"@id":"https:\/\/peruvision.ro\/produs\/strong-atria-mesh-kit-ax1200-2-pack\/#primaryimage"},"image":{"@id":"https:\/\/peruvision.ro\/produs\/strong-atria-mesh-kit-ax1200-2-pack\/#primaryimage"},"thumbnailUrl":"https:\/\/peruvision.ro\/wp-content\/uploads\/2023\/12\/MESHAX3000_1.jpg","datePublished":"2023-12-20T08:49:24+00:00","dateModified":"2026-03-17T09:37:40+00:00","description":"Descopera MESHKIT AX3000STRONG 2BUC (Timbru verde 0,75 lei) la Peruvision. Preturi speciale pentru echipamentele achizitionate","breadcrumb":{"@id":"https:\/\/peruvision.ro\/produs\/strong-atria-mesh-kit-ax1200-2-pack\/#breadcrumb"},"inLanguage":"en-GB","potentialAction":[{"@type":"ReadAction","target":["https:\/\/peruvision.ro\/produs\/strong-atria-mesh-kit-ax1200-2-pack\/"]}]},{"@type":"ImageObject","inLanguage":"en-GB","@id":"https:\/\/peruvision.ro\/produs\/strong-atria-mesh-kit-ax1200-2-pack\/#primaryimage","url":"https:\/\/peruvision.ro\/wp-content\/uploads\/2023\/12\/MESHAX3000_1.jpg","contentUrl":"https:\/\/peruvision.ro\/wp-content\/uploads\/2023\/12\/MESHAX3000_1.jpg","width":1000,"height":1000},{"@type":"BreadcrumbList","@id":"https:\/\/peruvision.ro\/produs\/strong-atria-mesh-kit-ax1200-2-pack\/#breadcrumb","itemListElement":[{"@type":"ListItem","position":1,"name":"Prima pagin\u0103","item":"https:\/\/peruvision.ro\/"},{"@type":"ListItem","position":2,"name":"Produse","item":"https:\/\/peruvision.ro\/produse\/"},{"@type":"ListItem","position":3,"name":"MESHKIT AX3000STRONG 2BUC (Timbru verde 0,75 lei)"}]},{"@type":"WebSite","@id":"https:\/\/peruvision.ro\/#website","url":"https:\/\/peruvision.ro\/","name":"Peruvision","description":"Site-ul firmei Peruvision, specializata in distributia de echipamente de telecomunicatii si servicii aferente.","publisher":{"@id":"https:\/\/peruvision.ro\/#organization"},"potentialAction":[{"@type":"SearchAction","target":{"@type":"EntryPoint","urlTemplate":"https:\/\/peruvision.ro\/?s={search_term_string}"},"query-input":{"@type":"PropertyValueSpecification","valueRequired":true,"valueName":"search_term_string"}}],"inLanguage":"en-GB"},{"@type":"Organization","@id":"https:\/\/peruvision.ro\/#organization","name":"Peruvision","url":"https:\/\/peruvision.ro\/","logo":{"@type":"ImageObject","inLanguage":"en-GB","@id":"https:\/\/peruvision.ro\/#\/schema\/logo\/image\/","url":"https:\/\/peruvision.ro\/wp-content\/uploads\/2021\/09\/3biss-negru.png","contentUrl":"https:\/\/peruvision.ro\/wp-content\/uploads\/2021\/09\/3biss-negru.png","width":2035,"height":432,"caption":"Peruvision"},"image":{"@id":"https:\/\/peruvision.ro\/#\/schema\/logo\/image\/"},"sameAs":["https:\/\/www.facebook.com\/profile.php?id=100040871665118"]}]}},"jetpack_sharing_enabled":true,"_links":{"self":[{"href":"https:\/\/peruvision.ro\/en\/wp-json\/wp\/v2\/product\/13577","targetHints":{"allow":["GET"]}}],"collection":[{"href":"https:\/\/peruvision.ro\/en\/wp-json\/wp\/v2\/product"}],"about":[{"href":"https:\/\/peruvision.ro\/en\/wp-json\/wp\/v2\/types\/product"}],"version-history":[{"count":2,"href":"https:\/\/peruvision.ro\/en\/wp-json\/wp\/v2\/product\/13577\/revisions"}],"predecessor-version":[{"id":18322,"href":"https:\/\/peruvision.ro\/en\/wp-json\/wp\/v2\/product\/13577\/revisions\/18322"}],"wp:featuredmedia":[{"embeddable":true,"href":"https:\/\/peruvision.ro\/en\/wp-json\/wp\/v2\/media\/13580"}],"wp:attachment":[{"href":"https:\/\/peruvision.ro\/en\/wp-json\/wp\/v2\/media?parent=13577"}],"wp:term":[{"taxonomy":"product_brand","embeddable":true,"href":"https:\/\/peruvision.ro\/en\/wp-json\/wp\/v2\/product_brand?post=13577"},{"taxonomy":"product_cat","embeddable":true,"href":"https:\/\/peruvision.ro\/en\/wp-json\/wp\/v2\/product_cat?post=13577"},{"taxonomy":"product_tag","embeddable":true,"href":"https:\/\/peruvision.ro\/en\/wp-json\/wp\/v2\/product_tag?post=13577"}],"curies":[{"name":"wp","href":"https:\/\/api.w.org\/{rel}","templated":true}]}}