{"id":13324,"date":"2023-11-29T12:54:29","date_gmt":"2023-11-29T10:54:29","guid":{"rendered":"https:\/\/peruvision.ro\/?post_type=product&#038;p=13324"},"modified":"2025-12-17T13:46:54","modified_gmt":"2025-12-17T11:46:54","slug":"panasonic-sc-ux100e-k-300w-cu-bluetooth","status":"publish","type":"product","link":"https:\/\/peruvision.ro\/en\/product\/panasonic-sc-ux100e-k-300w-cu-bluetooth\/","title":{"rendered":"PANASONIC SC-UX100E-K 300W cu Bluetooth"},"content":{"rendered":"<div class=\"overview overviewsection\">\n<div id=\"overview\" class=\"product-overview\" data-scroll=\"in\">\n<div class=\"product-overview__in\">\n<section class=\"product-overview__overview\">\n<div class=\"product-overview__overview__keycopy style-dark\">\n<div class=\"pagecontainer\">\n<div class=\"pagelayoutframe\">\n<div class=\"col-xs-12 col-sm-8\">\n<h3 class=\"extra-logo-pnum\"><span class=\"pnum subtitle-1 typenum\">Sistem audio PANASONIC SC-UX100 (E-K)<\/span><\/h3>\n<h3 class=\"keycopy-title heading-2 colorbar\">O experien\u0163\u0103 Urban Audio complet nou\u0103<\/h3>\n<div class=\"keycopy-body typ-body-1\">Sistemul UX100 din noua serie Urban Audio reprezint\u0103 alegerea ideal\u0103 pentru stilul dvs. de via\u0163\u0103 elegant. Sunetul puternic, care umple \u00eenc\u0103perea, emis de difuzorul cu design compact rafinat \u00eensufle\u0163e\u015fte orice petrecere.<\/div>\n<\/div>\n<\/div>\n<\/div>\n<\/div>\n<\/section>\n<\/div>\n<\/div>\n<\/div>\n<section id=\"feature\" class=\"product-features pagesection style-dark\" data-scroll=\"out\">\n<div class=\"sectiontitle\">\n<div class=\"sectiontitle__in pagecontainer\">\n<h3 class=\"heading-1\">Caracteristici<\/h3>\n<\/div>\n<\/div>\n<div class=\"sectioncontent nopadding\">\n<div id=\"feature_p-1\" class=\"product-features__layoutframe\">\n<div class=\"product-features__layoutframe__in layout-1fwimg\">\n<div class=\"contents-title pagecontainer\">\n<div class=\"contents-title__in\">\n<h3 class=\"contents-title__title heading-2\">Emite un sunet puternic \u015fi cuprinz\u0103tor<\/h3>\n<\/div>\n<\/div>\n<div class=\"contents-img\"><picture><source srcset=\"\/content\/dam\/pim\/ro\/ro\/SC\/SC-UX1\/SC-UX100E\/ast-1833623.jpg.pub.crop.pc.thumb.640.1200.jpg\" media=\"(min-width: 641px), (min-device-width: 1281px), print\" \/><source srcset=\"\/content\/dam\/pim\/ro\/ro\/SC\/SC-UX1\/SC-UX100E\/ast-1833623.jpg.pub.crop.basic.thumb.640.1200.jpg\" media=\"(max-width: 640px) and (max-device-width: 1280px)\" \/><img decoding=\"async\" class=\"lazy\" src=\"https:\/\/www.panasonic.com\/content\/dam\/pim\/ro\/ro\/SC\/SC-UX1\/SC-UX100E\/ast-1833623.jpg.pub.crop.pc.thumb.640.1200.jpg\" alt=\"Emite un sunet puternic \u015fi cuprinz\u0103tor\" data-src=\"\/content\/dam\/pim\/ro\/ro\/SC\/SC-UX1\/SC-UX100E\/ast-1833623.jpg.pub.crop.pc.thumb.640.1200.jpg\" data-lazy-loaded=\"true\" \/><\/picture><\/div>\n<div class=\"contents-block pagecontainer\">\n<div class=\"contents-block__in\">\n<div class=\"contents-block__title-body-btn\">\n<div class=\"contents-block__body\">\n<div class=\"typ-body-1\">Nivelul de putere de 300 W \u015fi difuzorul cu design nou asigur\u0103 sunet de bas cu mult\u0103 energie \u015fi un sunet bine echilibrat per total. Unitatea de difuzoare dispune de un woofer de 13 cm \u015fi de un tweeter de 5 cm, optimizate pentru sistemul bidirec\u0163ional. Iar prin extinderea semnificativ\u0103 a p\u0103r\u0163ii frontale a unit\u0103\u0163ii de difuzoare, sunetul prime\u015fte caracteristici generoase de direc\u0163ionare.<\/div>\n<\/div>\n<\/div>\n<\/div>\n<\/div>\n<\/div>\n<\/div>\n<div id=\"feature_p-2\" class=\"product-features__layoutframe\">\n<div class=\"product-features__layoutframe__in layout-1img-1blk effect-xs reverse\">\n<div class=\"contents-block pagecontainer\">\n<div class=\"contents-block__in\">\n<div class=\"contents-block__title-body-btn\">\n<h3 class=\"contents-block__title heading-2\">Design simplu \u015fi elegant<\/h3>\n<div class=\"contents-block__body\">\n<div class=\"contents-block__body__body typ-body-1\">Sistemul UX100 are un design simplu \u015fi elegant care se potrive\u015fte \u00eentr-o mare varietate de spa\u0163ii. Prin \u00eembun\u0103t\u0103\u0163irea texturii suprafe\u0163ei cu un finisaj mat \u015fi cu linii fine, se ob\u0163ine un design simplu, dar elegant. De asemenea, unitatea principal\u0103 dispune de iluminare \u00een albastru. Aceast\u0103 lumin\u0103 albastr\u0103 bl\u00e2nd\u0103 se potrive\u015fte cu bun gust cu zona \u00eenconjur\u0103toare.<\/div>\n<\/div>\n<\/div>\n<\/div>\n<\/div>\n<div class=\"contents-img\" data-scroll=\"out\"><img decoding=\"async\" class=\"lazy\" src=\"https:\/\/www.panasonic.com\/content\/dam\/pim\/ro\/ro\/SC\/SC-UX1\/SC-UX100E\/ast-2052729.jpg.pub.thumb.644.644.jpg\" alt=\"Design simplu \u015fi elegant\" data-src=\"\/content\/dam\/pim\/ro\/ro\/SC\/SC-UX1\/SC-UX100E\/ast-2052729.jpg.pub.thumb.644.644.jpg\" data-lazy-loaded=\"true\" \/><\/div>\n<\/div>\n<\/div>\n<div id=\"feature_p-3\" class=\"product-features__layoutframe\">\n<div class=\"product-features__layoutframe__in layout-1img-1blk effect-xs\">\n<div class=\"contents-block pagecontainer\">\n<div class=\"contents-block__in\">\n<div class=\"contents-block__title-body-btn\">\n<h3 class=\"contents-block__title heading-2\">Bucura\u0163i-v\u0103 de muzica preferat\u0103 cu cel mai bun sunet<\/h3>\n<div class=\"contents-block__body\">\n<div class=\"contents-block__body__body typ-body-1\">Cu versatilitatea ridicat\u0103 a egalizatorului presetat local pute\u0163i optimiza redarea diferitelor genuri muzicale, cum ar fi rock, salsa \u015fi multe altele. Modul Football (Fotbal) face vizionarea programelor TV mai distractiv\u0103. Pute\u0163i selecta sunetul care se potrive\u015fte situa\u0163iei, indiferent ce viziona\u0163i.<\/div>\n<\/div>\n<\/div>\n<\/div>\n<\/div>\n<div class=\"contents-img\" data-scroll=\"out\"><img decoding=\"async\" class=\"lazy\" src=\"https:\/\/www.panasonic.com\/content\/dam\/pim\/ro\/ro\/SC\/SC-UX1\/SC-UX100E\/ast-1833621.jpg.pub.thumb.644.644.jpg\" alt=\"Bucura\u0163i-v\u0103 de muzica preferat\u0103 cu cel mai bun sunet\" data-src=\"\/content\/dam\/pim\/ro\/ro\/SC\/SC-UX1\/SC-UX100E\/ast-1833621.jpg.pub.thumb.644.644.jpg\" data-lazy-loaded=\"true\" \/><\/div>\n<\/div>\n<\/div>\n<div id=\"feature_p-4\" class=\"product-features__layoutframe\">\n<div class=\"product-features__layoutframe__in layout-1img-1blk effect-xs reverse\">\n<div class=\"contents-block pagecontainer\">\n<div class=\"contents-block__in\">\n<div class=\"contents-block__title-body-btn\">\n<h3 class=\"contents-block__title heading-2\">Bucura\u0163i-v\u0103 de colec\u0163ia dvs. de muzic\u0103<\/h3>\n<div class=\"contents-block__body\">\n<div class=\"contents-block__body__body typ-body-1\">Func\u0163ia DJ Jukebox red\u0103 melodii de pe dispozitive USB cu modul Mix Play (Redare combinat\u0103). De asemenea, pute\u0163i accesa liste de redare \u015fi solicit\u0103ri de redare cu aplica\u0163ia Panasonic MAX Juke.<\/div>\n<\/div>\n<\/div>\n<\/div>\n<\/div>\n<div class=\"contents-img\" data-scroll=\"out\"><img decoding=\"async\" class=\"lazy\" src=\"https:\/\/www.panasonic.com\/content\/dam\/pim\/ro\/ro\/SC\/SC-UX1\/SC-UX100E\/ast-1833622.jpg.pub.thumb.644.644.jpg\" alt=\"Bucura\u0163i-v\u0103 de colec\u0163ia dvs. de muzic\u0103\" data-src=\"\/content\/dam\/pim\/ro\/ro\/SC\/SC-UX1\/SC-UX100E\/ast-1833622.jpg.pub.thumb.644.644.jpg\" data-lazy-loaded=\"true\" \/><\/div>\n<\/div>\n<\/div>\n<\/div>\n<\/section>\n<section id=\"specs\" class=\"product-specs pagesection\" data-scroll=\"out\">\n<div class=\"sectiontitle\">\n<div class=\"sectiontitle__in pagecontainer\">\n<h3 class=\"heading-1\">Specifica\u0163ii<\/h3>\n<\/div>\n<\/div>\n<div class=\"sectioncontent\">\n<div class=\"pagecontainer\">\n<div class=\"pagelayoutframe\">\n<div class=\"product-specs__basis col-sm-8 col-xs-12\">\n<div class=\"product-specs__basis__in\">\n<div class=\"product-specs__img-colors\">\n<div class=\"product-specs__img-colors__default\">\n<div class=\"product-specs__img\"><img decoding=\"async\" class=\"lazy alignright\" src=\"https:\/\/www.panasonic.com\/content\/dam\/pim\/ro\/ro\/SC\/SC-UX1\/SC-UX100E\/ast-1833203.png.pub.thumb.644.644.png\" alt=\"Fotografie cu SC-UX100 Minisistem\" data-src=\"\/content\/dam\/pim\/ro\/ro\/SC\/SC-UX1\/SC-UX100E\/ast-1833203.png.pub.thumb.644.644.png\" data-lazy-loaded=\"true\" \/><\/div>\n<\/div>\n<div class=\"colorvariation\"><\/div>\n<\/div>\n<div class=\"product-specs__sizeweight\">\n<div class=\"product-specs__sizeweight__ttl\">\n<h3 class=\"subtitle-1\">Dimensiuni \u0219i greutate<\/h3>\n<\/div>\n<div class=\"product-specs__sizeweight__data\">\n<div class=\"product-specs__sizeweight__data__in\">\n<dl class=\"data-item\">\n<dt class=\"data-item__type typ-body-1\">\u00cen\u0103l\u021bime<\/dt>\n<dd class=\"data-item__data typ-body-1\"><span class=\"data-value\">132<\/span><span class=\"data-unit\">mm<\/span><\/dd>\n<\/dl>\n<dl class=\"data-item\">\n<dt class=\"data-item__type typ-body-1\">L\u0103\u021bime<\/dt>\n<dd class=\"data-item__data typ-body-1\"><span class=\"data-value\">250<\/span><span class=\"data-unit\">mm<\/span><\/dd>\n<\/dl>\n<dl class=\"data-item\">\n<dt class=\"data-item__type typ-body-1\">Ad\u00e2ncime<\/dt>\n<dd class=\"data-item__data typ-body-1\"><span class=\"data-value\">227<\/span><span class=\"data-unit\">mm<\/span><\/dd>\n<\/dl>\n<dl class=\"data-item\">\n<dt class=\"data-item__type typ-body-1\">Greutate<\/dt>\n<dd class=\"data-item__data typ-body-1\"><span class=\"data-value\">1.7<\/span><span class=\"data-unit\">kg<\/span><\/dd>\n<\/dl>\n<\/div>\n<\/div>\n<div class=\"product-specs__sizeweight__note\">\n<p class=\"typ-body-2\">Dimensiunile difuzorului sunt H308 \u00d7 L181 \u00d7 A165 mm, iar greutatea sa este de aproximativ 2 kg.<\/p>\n<\/div>\n<\/div>\n<\/div>\n<\/div>\n<div class=\"product-specs__extra col-sm-4 col-xs-12\">\n<div class=\"product-specs__extra__in\">\n<div class=\"product-specs__copy\">\n<p class=\"product-specs__copy__item typ-body-1\">is it correct Tehnologia (technology) D.Bass Beat ?<\/p>\n<p class=\"product-specs__copy__item typ-body-1\">Solicit\u0103 melodii cu ajutorul aplica\u021biei MAX Juke<\/p>\n<p class=\"product-specs__copy__item typ-body-1\">Transmite\u021bi muzic\u0103 f\u0103r\u0103 fir prin Bluetooth\u00ae.<\/p>\n<\/div>\n<\/div>\n<\/div>\n<\/div>\n<\/div>\n<div class=\"product-specs__allspecs\">\n<div id=\"ui-seemore-0\" class=\"ui-seemore active\">\n<div class=\"ui-seemore__in\">\n<div id=\"ui-seemore-0-panel\" class=\"ui-seemore__panelarea\" aria-hidden=\"false\">\n<div class=\"product-specs__allspecs__content\">\n<div class=\"allspecsframes\">\n<div class=\"allspecsframes__frame\">\n<h5><strong style=\"font-size: 16px;\">SISTEM AUDIO<\/strong><\/h5>\n<\/div>\n<\/div>\n<div>\n<p>Canal de ie\u0219ire: 2 canale<\/p>\n<p>Putere de ie\u0219ire (PUTERE TOTAL\u0102): RMS: 300W<\/p>\n<p><strong>CD, CD-R\/-RW<\/strong><\/p>\n<p>CD-DA: Da<\/p>\n<p>MP3: Da<\/p>\n<p><strong>USB<\/strong><\/p>\n<p>Fant\u0103: 1 (Play)<\/p>\n<p>Standard USB: USB 2.0 Full Speed<\/p>\n<p>Redare: MP3 Da<\/p>\n<p><strong>TUNER<\/strong><\/p>\n<p>Preset\u0103ri band\u0103\/ post: FM\/ 30<\/p>\n<p>Sistem de date radio: Da<\/p>\n<p><strong>CONEXIUNI SMART<\/strong><\/p>\n<p>Tehnologie f\u0103r\u0103 fir Bluetooth\u00ae: Da<\/p>\n<p>Compatibil cu aplica\u021bia MAX Juke: Da<\/p>\n<p><strong>SUNET DE \u00ceNALT\u0102 CALITATE<\/strong><\/p>\n<p>Amplificator digital: Da<\/p>\n<p>Ondularea prin presare puternic\u0103: da \uff08Super Woofer)<\/p>\n<p>Egalizator presetat local: Da<\/p>\n<p>Egalizator manual: yes (3 Band + Surround)<\/p>\n<p>Func\u021bie DJ Jukebox: Da<\/p>\n<p>Oprire automat\u0103 a aliment\u0103rii: Da<\/p>\n<p><strong>SISTEM DE DIFUZOARE<\/strong><\/p>\n<p>Sistem de difuzoare: Frontal\u0103 x2<\/p>\n<p><strong>Fa\u0163\u0103<\/strong><\/p>\n<p>Configura\u021bie: 2 c\u0103i \/ 2 difuzoare<\/p>\n<p>Unitate de difuzoare (woofer): Tip conic de 13 cm<\/p>\n<p>Unitate de difuzoare (tweeter): Tip conic de 5 cm<\/p>\n<p><strong>TERMINAL<\/strong><\/p>\n<p>Intrare audio analogic\u0103 (AUX)<\/p>\n<p>Jack: Da<\/p>\n<p><strong>ALTELE<\/strong><\/p>\n<p>Surs\u0103 de alimentare: AC 220-240V, 50Hz<\/p>\n<p>Temporizator programabil: PLAY\/ SLEEP<\/p>\n<p>Afi\u015fa: FL<\/p>\n<p>Telecomand\u0103: Da<\/p>\n<p>Consum de energie<\/p>\n<p>Utilizare normal\u0103 [aprox.]: 49 W<\/p>\n<p>Standby normal [Aprox.]: 0.5W<\/p>\n<p>Lumini<\/p>\n<p>Unitate principal\u0103: Iluminare albastr\u0103<\/p>\n<p><strong>DIMENSIUNI, GREUTATE<\/strong><\/p>\n<p>Unitate principal\u0103<\/p>\n<p>Dimensiuni (L x \u00ce x A): 250 x 132 x 227 mm<\/p>\n<p>Greutate: 1.7 kg<\/p>\n<p>Difuzor frontal<\/p>\n<p>Dimensiuni (L x \u00ce x A): 181 x 308 x 165 mm<\/p>\n<p>Greutate: 2 kg<\/p>\n<p>&nbsp;<\/p>\n<\/div>\n<div class=\"product-specs__allspecs__btn\">Pentru mai multe detalii apasa <a href=\"https:\/\/www.panasonic.com\/ro\/consumer\/audio-video\/power-audio\/sc-ux100.html\">aici.<\/a><\/div>\n<\/div>\n<\/div>\n<\/div>\n<\/div>\n<\/div>\n<\/div>\n<\/section>\n","protected":false},"excerpt":{"rendered":"<ul>\n<li class=\"extra-logo-pnum\"><span class=\"pnum subtitle-1 typenum\">Sistem audio PANASONIC SC-UX100 (E-K)<\/span><\/li>\n<li class=\"keycopy-title heading-2 colorbar\">O experien\u0163\u0103 Urban Audio complet nou\u0103<\/li>\n<li class=\"contents-block__title heading-2\">Design simplu \u015fi elegant<\/li>\n<li class=\"contents-block__title heading-2\">Bucura\u0163i-v\u0103 de muzica preferat\u0103 cu cel mai bun sunet<\/li>\n<li class=\"contents-block__title heading-2\">Bucura\u0163i-v\u0103 de colec\u0163ia dvs. de muzic\u0103<\/li>\n<\/ul>\n<p>&nbsp;<\/p>","protected":false},"featured_media":13326,"template":"","meta":[],"product_brand":[],"product_cat":[723,231,15],"product_tag":[],"class_list":{"0":"post-13324","1":"product","2":"type-product","3":"status-publish","4":"has-post-thumbnail","6":"product_cat-sisteme-audio","7":"product_cat-televizoare","8":"product_cat-toate-produsele","10":"first","11":"outofstock","12":"taxable","13":"shipping-taxable","14":"purchasable","15":"product-type-simple"},"yoast_head":"<!-- This site is optimized with the Yoast SEO Premium plugin v21.9 (Yoast SEO v27.4) - https:\/\/yoast.com\/product\/yoast-seo-premium-wordpress\/ -->\n<title>PANASONIC SC-UX100E-K 300W cu Bluetooth - Peruvision<\/title>\n<meta name=\"description\" content=\"Descopera PANASONIC SC-UX100E-K 300W cu Bluetooth la Peruvision. Preturi speciale pentru echipamentele achizitionate\" \/>\n<meta name=\"robots\" content=\"index, follow, max-snippet:-1, max-image-preview:large, max-video-preview:-1\" \/>\n<link rel=\"canonical\" href=\"https:\/\/peruvision.ro\/en\/product\/panasonic-sc-ux100e-k-300w-cu-bluetooth\/\" \/>\n<meta property=\"og:locale\" content=\"en_GB\" \/>\n<meta property=\"og:type\" content=\"article\" \/>\n<meta property=\"og:title\" content=\"PANASONIC SC-UX100E-K 300W cu Bluetooth\" \/>\n<meta property=\"og:description\" content=\"Descopera PANASONIC SC-UX100E-K 300W cu Bluetooth la Peruvision. Preturi speciale pentru echipamentele achizitionate\" \/>\n<meta property=\"og:url\" content=\"https:\/\/peruvision.ro\/en\/product\/panasonic-sc-ux100e-k-300w-cu-bluetooth\/\" \/>\n<meta property=\"og:site_name\" content=\"Peruvision\" \/>\n<meta property=\"article:publisher\" content=\"https:\/\/www.facebook.com\/profile.php?id=100040871665118\" \/>\n<meta property=\"article:modified_time\" content=\"2025-12-17T11:46:54+00:00\" \/>\n<meta property=\"og:image\" content=\"https:\/\/peruvision.ro\/wp-content\/uploads\/2023\/11\/PANASONIC-SC-UX100E-K-1.jpg\" \/>\n\t<meta property=\"og:image:width\" content=\"1024\" \/>\n\t<meta property=\"og:image:height\" content=\"1024\" \/>\n\t<meta property=\"og:image:type\" content=\"image\/jpeg\" \/>\n<meta name=\"twitter:card\" content=\"summary_large_image\" \/>\n<meta name=\"twitter:label1\" content=\"Estimated reading time\" \/>\n\t<meta name=\"twitter:data1\" content=\"4 minutes\" \/>\n<script type=\"application\/ld+json\" class=\"yoast-schema-graph\">{\"@context\":\"https:\\\/\\\/schema.org\",\"@graph\":[{\"@type\":\"WebPage\",\"@id\":\"https:\\\/\\\/peruvision.ro\\\/produs\\\/panasonic-sc-ux100e-k-300w-cu-bluetooth\\\/\",\"url\":\"https:\\\/\\\/peruvision.ro\\\/produs\\\/panasonic-sc-ux100e-k-300w-cu-bluetooth\\\/\",\"name\":\"PANASONIC SC-UX100E-K 300W cu Bluetooth - Peruvision\",\"isPartOf\":{\"@id\":\"https:\\\/\\\/peruvision.ro\\\/#website\"},\"primaryImageOfPage\":{\"@id\":\"https:\\\/\\\/peruvision.ro\\\/produs\\\/panasonic-sc-ux100e-k-300w-cu-bluetooth\\\/#primaryimage\"},\"image\":{\"@id\":\"https:\\\/\\\/peruvision.ro\\\/produs\\\/panasonic-sc-ux100e-k-300w-cu-bluetooth\\\/#primaryimage\"},\"thumbnailUrl\":\"https:\\\/\\\/peruvision.ro\\\/wp-content\\\/uploads\\\/2023\\\/11\\\/PANASONIC-SC-UX100E-K-1.jpg\",\"datePublished\":\"2023-11-29T10:54:29+00:00\",\"dateModified\":\"2025-12-17T11:46:54+00:00\",\"description\":\"Descopera PANASONIC SC-UX100E-K 300W cu Bluetooth la Peruvision. Preturi speciale pentru echipamentele achizitionate\",\"breadcrumb\":{\"@id\":\"https:\\\/\\\/peruvision.ro\\\/produs\\\/panasonic-sc-ux100e-k-300w-cu-bluetooth\\\/#breadcrumb\"},\"inLanguage\":\"en-GB\",\"potentialAction\":[{\"@type\":\"ReadAction\",\"target\":[\"https:\\\/\\\/peruvision.ro\\\/produs\\\/panasonic-sc-ux100e-k-300w-cu-bluetooth\\\/\"]}]},{\"@type\":\"ImageObject\",\"inLanguage\":\"en-GB\",\"@id\":\"https:\\\/\\\/peruvision.ro\\\/produs\\\/panasonic-sc-ux100e-k-300w-cu-bluetooth\\\/#primaryimage\",\"url\":\"https:\\\/\\\/peruvision.ro\\\/wp-content\\\/uploads\\\/2023\\\/11\\\/PANASONIC-SC-UX100E-K-1.jpg\",\"contentUrl\":\"https:\\\/\\\/peruvision.ro\\\/wp-content\\\/uploads\\\/2023\\\/11\\\/PANASONIC-SC-UX100E-K-1.jpg\",\"width\":1024,\"height\":1024},{\"@type\":\"BreadcrumbList\",\"@id\":\"https:\\\/\\\/peruvision.ro\\\/produs\\\/panasonic-sc-ux100e-k-300w-cu-bluetooth\\\/#breadcrumb\",\"itemListElement\":[{\"@type\":\"ListItem\",\"position\":1,\"name\":\"Prima pagin\u0103\",\"item\":\"https:\\\/\\\/peruvision.ro\\\/\"},{\"@type\":\"ListItem\",\"position\":2,\"name\":\"Produse\",\"item\":\"https:\\\/\\\/peruvision.ro\\\/produse\\\/\"},{\"@type\":\"ListItem\",\"position\":3,\"name\":\"PANASONIC SC-UX100E-K 300W cu Bluetooth\"}]},{\"@type\":\"WebSite\",\"@id\":\"https:\\\/\\\/peruvision.ro\\\/#website\",\"url\":\"https:\\\/\\\/peruvision.ro\\\/\",\"name\":\"Peruvision\",\"description\":\"Site-ul firmei Peruvision, specializata in distributia de echipamente de telecomunicatii si servicii aferente.\",\"publisher\":{\"@id\":\"https:\\\/\\\/peruvision.ro\\\/#organization\"},\"potentialAction\":[{\"@type\":\"SearchAction\",\"target\":{\"@type\":\"EntryPoint\",\"urlTemplate\":\"https:\\\/\\\/peruvision.ro\\\/?s={search_term_string}\"},\"query-input\":{\"@type\":\"PropertyValueSpecification\",\"valueRequired\":true,\"valueName\":\"search_term_string\"}}],\"inLanguage\":\"en-GB\"},{\"@type\":\"Organization\",\"@id\":\"https:\\\/\\\/peruvision.ro\\\/#organization\",\"name\":\"Peruvision\",\"url\":\"https:\\\/\\\/peruvision.ro\\\/\",\"logo\":{\"@type\":\"ImageObject\",\"inLanguage\":\"en-GB\",\"@id\":\"https:\\\/\\\/peruvision.ro\\\/#\\\/schema\\\/logo\\\/image\\\/\",\"url\":\"https:\\\/\\\/peruvision.ro\\\/wp-content\\\/uploads\\\/2021\\\/09\\\/3biss-negru.png\",\"contentUrl\":\"https:\\\/\\\/peruvision.ro\\\/wp-content\\\/uploads\\\/2021\\\/09\\\/3biss-negru.png\",\"width\":2035,\"height\":432,\"caption\":\"Peruvision\"},\"image\":{\"@id\":\"https:\\\/\\\/peruvision.ro\\\/#\\\/schema\\\/logo\\\/image\\\/\"},\"sameAs\":[\"https:\\\/\\\/www.facebook.com\\\/profile.php?id=100040871665118\"]}]}<\/script>\n<!-- \/ Yoast SEO Premium plugin. -->","yoast_head_json":{"title":"PANASONIC SC-UX100E-K 300W cu Bluetooth - Peruvision","description":"Descopera PANASONIC SC-UX100E-K 300W cu Bluetooth la Peruvision. Preturi speciale pentru echipamentele achizitionate","robots":{"index":"index","follow":"follow","max-snippet":"max-snippet:-1","max-image-preview":"max-image-preview:large","max-video-preview":"max-video-preview:-1"},"canonical":"https:\/\/peruvision.ro\/en\/product\/panasonic-sc-ux100e-k-300w-cu-bluetooth\/","og_locale":"en_GB","og_type":"article","og_title":"PANASONIC SC-UX100E-K 300W cu Bluetooth","og_description":"Descopera PANASONIC SC-UX100E-K 300W cu Bluetooth la Peruvision. Preturi speciale pentru echipamentele achizitionate","og_url":"https:\/\/peruvision.ro\/en\/product\/panasonic-sc-ux100e-k-300w-cu-bluetooth\/","og_site_name":"Peruvision","article_publisher":"https:\/\/www.facebook.com\/profile.php?id=100040871665118","article_modified_time":"2025-12-17T11:46:54+00:00","og_image":[{"width":1024,"height":1024,"url":"https:\/\/peruvision.ro\/wp-content\/uploads\/2023\/11\/PANASONIC-SC-UX100E-K-1.jpg","type":"image\/jpeg"}],"twitter_card":"summary_large_image","twitter_misc":{"Estimated reading time":"4 minutes"},"schema":{"@context":"https:\/\/schema.org","@graph":[{"@type":"WebPage","@id":"https:\/\/peruvision.ro\/produs\/panasonic-sc-ux100e-k-300w-cu-bluetooth\/","url":"https:\/\/peruvision.ro\/produs\/panasonic-sc-ux100e-k-300w-cu-bluetooth\/","name":"PANASONIC SC-UX100E-K 300W cu Bluetooth - Peruvision","isPartOf":{"@id":"https:\/\/peruvision.ro\/#website"},"primaryImageOfPage":{"@id":"https:\/\/peruvision.ro\/produs\/panasonic-sc-ux100e-k-300w-cu-bluetooth\/#primaryimage"},"image":{"@id":"https:\/\/peruvision.ro\/produs\/panasonic-sc-ux100e-k-300w-cu-bluetooth\/#primaryimage"},"thumbnailUrl":"https:\/\/peruvision.ro\/wp-content\/uploads\/2023\/11\/PANASONIC-SC-UX100E-K-1.jpg","datePublished":"2023-11-29T10:54:29+00:00","dateModified":"2025-12-17T11:46:54+00:00","description":"Descopera PANASONIC SC-UX100E-K 300W cu Bluetooth la Peruvision. Preturi speciale pentru echipamentele achizitionate","breadcrumb":{"@id":"https:\/\/peruvision.ro\/produs\/panasonic-sc-ux100e-k-300w-cu-bluetooth\/#breadcrumb"},"inLanguage":"en-GB","potentialAction":[{"@type":"ReadAction","target":["https:\/\/peruvision.ro\/produs\/panasonic-sc-ux100e-k-300w-cu-bluetooth\/"]}]},{"@type":"ImageObject","inLanguage":"en-GB","@id":"https:\/\/peruvision.ro\/produs\/panasonic-sc-ux100e-k-300w-cu-bluetooth\/#primaryimage","url":"https:\/\/peruvision.ro\/wp-content\/uploads\/2023\/11\/PANASONIC-SC-UX100E-K-1.jpg","contentUrl":"https:\/\/peruvision.ro\/wp-content\/uploads\/2023\/11\/PANASONIC-SC-UX100E-K-1.jpg","width":1024,"height":1024},{"@type":"BreadcrumbList","@id":"https:\/\/peruvision.ro\/produs\/panasonic-sc-ux100e-k-300w-cu-bluetooth\/#breadcrumb","itemListElement":[{"@type":"ListItem","position":1,"name":"Prima pagin\u0103","item":"https:\/\/peruvision.ro\/"},{"@type":"ListItem","position":2,"name":"Produse","item":"https:\/\/peruvision.ro\/produse\/"},{"@type":"ListItem","position":3,"name":"PANASONIC SC-UX100E-K 300W cu Bluetooth"}]},{"@type":"WebSite","@id":"https:\/\/peruvision.ro\/#website","url":"https:\/\/peruvision.ro\/","name":"Peruvision","description":"Site-ul firmei Peruvision, specializata in distributia de echipamente de telecomunicatii si servicii aferente.","publisher":{"@id":"https:\/\/peruvision.ro\/#organization"},"potentialAction":[{"@type":"SearchAction","target":{"@type":"EntryPoint","urlTemplate":"https:\/\/peruvision.ro\/?s={search_term_string}"},"query-input":{"@type":"PropertyValueSpecification","valueRequired":true,"valueName":"search_term_string"}}],"inLanguage":"en-GB"},{"@type":"Organization","@id":"https:\/\/peruvision.ro\/#organization","name":"Peruvision","url":"https:\/\/peruvision.ro\/","logo":{"@type":"ImageObject","inLanguage":"en-GB","@id":"https:\/\/peruvision.ro\/#\/schema\/logo\/image\/","url":"https:\/\/peruvision.ro\/wp-content\/uploads\/2021\/09\/3biss-negru.png","contentUrl":"https:\/\/peruvision.ro\/wp-content\/uploads\/2021\/09\/3biss-negru.png","width":2035,"height":432,"caption":"Peruvision"},"image":{"@id":"https:\/\/peruvision.ro\/#\/schema\/logo\/image\/"},"sameAs":["https:\/\/www.facebook.com\/profile.php?id=100040871665118"]}]}},"jetpack_sharing_enabled":true,"_links":{"self":[{"href":"https:\/\/peruvision.ro\/en\/wp-json\/wp\/v2\/product\/13324","targetHints":{"allow":["GET"]}}],"collection":[{"href":"https:\/\/peruvision.ro\/en\/wp-json\/wp\/v2\/product"}],"about":[{"href":"https:\/\/peruvision.ro\/en\/wp-json\/wp\/v2\/types\/product"}],"version-history":[{"count":1,"href":"https:\/\/peruvision.ro\/en\/wp-json\/wp\/v2\/product\/13324\/revisions"}],"predecessor-version":[{"id":17866,"href":"https:\/\/peruvision.ro\/en\/wp-json\/wp\/v2\/product\/13324\/revisions\/17866"}],"wp:featuredmedia":[{"embeddable":true,"href":"https:\/\/peruvision.ro\/en\/wp-json\/wp\/v2\/media\/13326"}],"wp:attachment":[{"href":"https:\/\/peruvision.ro\/en\/wp-json\/wp\/v2\/media?parent=13324"}],"wp:term":[{"taxonomy":"product_brand","embeddable":true,"href":"https:\/\/peruvision.ro\/en\/wp-json\/wp\/v2\/product_brand?post=13324"},{"taxonomy":"product_cat","embeddable":true,"href":"https:\/\/peruvision.ro\/en\/wp-json\/wp\/v2\/product_cat?post=13324"},{"taxonomy":"product_tag","embeddable":true,"href":"https:\/\/peruvision.ro\/en\/wp-json\/wp\/v2\/product_tag?post=13324"}],"curies":[{"name":"wp","href":"https:\/\/api.w.org\/{rel}","templated":true}]}}