{"id":13305,"date":"2023-11-28T13:38:34","date_gmt":"2023-11-28T11:38:34","guid":{"rendered":"https:\/\/peruvision.ro\/?post_type=product&#038;p=13305"},"modified":"2025-12-17T13:46:49","modified_gmt":"2025-12-17T11:46:49","slug":"router-wireless-asus-rt-ax82u-ax5400","status":"publish","type":"product","link":"https:\/\/peruvision.ro\/en\/product\/router-wireless-asus-rt-ax82u-ax5400\/","title":{"rendered":"Router Wireless ASUS RT-AX82U, AX5400"},"content":{"rendered":"<div class=\"KvSummary__productHeadiing__UPRDo\">Router de gaming WiFi 6 AX5400 dual band, Compatibil PS5, Mod Mobile Game, ASUS AURA RGB, Securitate internet gratuit\u0103 pe via\u021b\u0103, Suport Mesh WiFi, Gear Accelerator, Gaming Port, Adaptive QoS, Port Forwarding<\/div>\n<div class=\"KvSummary__productIntro__1WXF-\">\n<ul>\n<li>WiFi 6 de genera\u021bie nou\u0103 &#8211; Bucur\u0103-te de viteze ultra-rapide de p\u00e2n\u0103 la 5400 Mbps cu cel mai recent WiFi 6 (802.11ax) \u0219i canale de 160 MHz<\/li>\n<li>Mobile Game Mode \u2013 Minimizeaz\u0103 laten\u021bele pentru jocurile mobile cu doar o singur\u0103 ap\u0103sare \u00een aplica\u021bia ASUS Router<\/li>\n<li>Alege-\u021bi efectul de iluminare \u2013 Dispui de efecte de iluminare ASUS Aura RGB pe care le poti alege dintr-o varietate de efecte \u0219i po\u021bi personaliza iluminarea pentru a o alinia cu anumite moduri de<\/li>\n<li>Suport ASUS AiMesh\u2013 Creeaz\u0103 o re\u021bea mesh perfect\u0103 \u0219i flexibil\u0103, care acoper\u0103 \u00eentreaga cas\u0103, cu routerele compatibile cu AiMesh<\/li>\n<li>Securitate pentru re\u021beaua de acas\u0103 din clasa comercial\u0103 \u2013 Gratuit pe via\u021b\u0103: ASUS AiProtection Pro, cu protec\u021bie Trend Micro\u2122, cu WPA3 \u0219i control parental avansat pentru protec\u021bia casei tale<\/li>\n<\/ul>\n<p>Specifications:<\/p>\n<div class=\"TechSpec__rowTable__1LR9D\">\n<div class=\"rowTableItemViewBox TechSpec__rowTableItemViewBox__edVaL undefined\">\n<div class=\"TechSpec__rowTableItemBox__8tmQd\">\n<div class=\"TechSpec__rowTableItems__KYWXp\">\n<ul>\n<li>Standard de re\u021bea: IEEE 802.11a, IEEE 802.11b, IEEE 802.11g, IEEE 802.11n, IEEE 802.11ac, IEEE 802.11ax, IPv4, IPv6<\/li>\n<li>Segmentul de produs: AX5400 performan\u021be AX de ultim\u0103 genera\u021bie<\/li>\n<li>Rata date802.11a : 6,9,12,12,18,24,36,48,54 Mbps<br \/>\n802.11b : 1, 2, 5,5, 11 Mbps<br \/>\n802.11g : 6,9,12,18,24,24,36,48,54 Mbps<br \/>\n802.11n : p\u00e2n\u0103 la 300 Mbps<br \/>\n802.11n (1024 QAM) : p\u00e2n\u0103 la 500 Mbps<br \/>\n802.11ac (1024 QAM) : p\u00e2n\u0103 la 4333 Mbps<br \/>\n802.11ax (2.4GHz) : p\u00e2n\u0103 la 574 Mbps<br \/>\n802.11ax (5GHz) : p\u00e2n\u0103 la 4804 Mbps<\/li>\n<li>Anten\u0103Anten\u0103 extern\u0103 x 4<\/li>\n<li>Transmisie\/Recep\u021bie:2,4 GHz 2 x 2<br \/>\n5 GHz 4 x 4<\/li>\n<li>Procesor:1.Procesor tri-core de 5 GHz<\/li>\n<li>Memorie:256 MB Flash<br \/>\n512 MB RAM<\/li>\n<li>Tehnologie Wi-Fi:OFDMA (Orthogonal Frequency Division Multiple Access)<\/li>\n<li>Formarea semnalului WIFI:<br \/>\n1024-QAM cu vitez\u0103 mare de transfer de date<br \/>\n20\/40\/80\/160 MHz l\u0103\u021bime de band\u0103<\/li>\n<li>Frecven\u021b\u0103 de operare: 2.4 GHz \/ 5 GHz<\/li>\n<li>Criptare:WPA3-Personal, WPA2-Personal, WPA-Personal, WPA-Enterprise , WPA2-Enterprise , suport WPS<\/li>\n<li>Firewall &amp;; Control accesFirewall: Detectare intruziuni SPI, protec\u021bie DoS<\/li>\n<li>Control acces\uff1aControl parental, filtru servicii de re\u021bea, filtru URL, filtru porturi<\/li>\n<li>Management:UPnP, IGMP v1\/v2\/v3, DNS Proxy, DHCP, NTP Client, DDNS, Port Trigger, Port Forwarding, DMZ, System Event Log<\/li>\n<li>Suport VPN:IPSec Pass-Through<br \/>\nPPTP Pass-Through<br \/>\nL2TP Pass-Through<br \/>\nServerIPSec<br \/>\nServerPPTP<br \/>\nServerPPTP<br \/>\nOpenVPN<br \/>\nClientPPTP<br \/>\nClientL2TP<br \/>\nClient OpenVPN<\/li>\n<li>Tip de conexiune WAN: Tip de conexiune Internet : IP automat, IP static, PPPoE (MPPE acceptat), PPTP, L2TP<\/li>\n<li>Porturi: RJ45 pentru 10\/100\/1000 BaseT pentru WAN x 1, RJ45 pentru 10\/100\/1000 BaseT pentru LAN x 4<\/li>\n<li>USB: 3.2 Gen 1 x 1 x 1<\/li>\n<\/ul>\n<p>Click for more details <a href=\"https:\/\/www.asus.com\/ro\/networking-iot-servers\/wifi-routers\/asus-gaming-routers\/rt-ax82u\/techspec\/\">here.<\/a><\/p>\n<\/div>\n<\/div>\n<\/div>\n<\/div>\n<\/div>","protected":false},"excerpt":{"rendered":"<ul>\n<li>WiFi 6 de genera\u021bie nou\u0103 &#8211; Bucur\u0103-te de viteze ultra-rapide de p\u00e2n\u0103 la 5400 Mbps cu cel mai recent WiFi 6 (802.11ax) \u0219i canale de 160 MHz<\/li>\n<li>Mobile Game Mode \u2013 Minimizeaz\u0103 laten\u021bele pentru jocurile mobile cu doar o singur\u0103 ap\u0103sare \u00een aplica\u021bia ASUS Router<\/li>\n<li>Alege-\u021bi efectul de iluminare \u2013 Dispui de efecte de iluminare ASUS Aura RGB pe care le poti alege dintr-o varietate de efecte \u0219i po\u021bi personaliza iluminarea pentru a o alinia cu anumite moduri de<\/li>\n<li>Suport ASUS AiMesh\u2013 Creeaz\u0103 o re\u021bea mesh perfect\u0103 \u0219i flexibil\u0103, care acoper\u0103 \u00eentreaga cas\u0103, cu routerele compatibile cu AiMesh<\/li>\n<li>Securitate pentru re\u021beaua de acas\u0103 din clasa comercial\u0103 \u2013 Gratuit pe via\u021b\u0103: ASUS AiProtection Pro, cu protec\u021bie Trend Micro\u2122, cu WPA3 \u0219i control parental avansat pentru protec\u021bia casei tale<\/li>\n<\/ul>","protected":false},"featured_media":13310,"template":"","meta":[],"product_brand":[],"product_cat":[289,291,15],"product_tag":[],"class_list":{"0":"post-13305","1":"product","2":"type-product","3":"status-publish","4":"has-post-thumbnail","6":"product_cat-retelistica","7":"product_cat-routere-wireless","8":"product_cat-toate-produsele","10":"first","11":"outofstock","12":"taxable","13":"shipping-taxable","14":"purchasable","15":"product-type-simple"},"yoast_head":"<!-- This site is optimized with the Yoast SEO Premium plugin v21.9 (Yoast SEO v27.4) - https:\/\/yoast.com\/product\/yoast-seo-premium-wordpress\/ -->\n<title>Router Wireless ASUS RT-AX82U, AX5400 - Peruvision<\/title>\n<meta name=\"description\" content=\"Descopera Router Wireless ASUS RT-AX82U, AX5400 la Peruvision. Preturi speciale pentru echipamentele achizitionate\" \/>\n<meta name=\"robots\" content=\"index, follow, max-snippet:-1, max-image-preview:large, max-video-preview:-1\" \/>\n<link rel=\"canonical\" href=\"https:\/\/peruvision.ro\/en\/product\/router-wireless-asus-rt-ax82u-ax5400\/\" \/>\n<meta property=\"og:locale\" content=\"en_GB\" \/>\n<meta property=\"og:type\" content=\"article\" \/>\n<meta property=\"og:title\" content=\"Router Wireless ASUS RT-AX82U, AX5400\" \/>\n<meta property=\"og:description\" content=\"Descopera Router Wireless ASUS RT-AX82U, AX5400 la Peruvision. Preturi speciale pentru echipamentele achizitionate\" \/>\n<meta property=\"og:url\" content=\"https:\/\/peruvision.ro\/en\/product\/router-wireless-asus-rt-ax82u-ax5400\/\" \/>\n<meta property=\"og:site_name\" content=\"Peruvision\" \/>\n<meta property=\"article:publisher\" content=\"https:\/\/www.facebook.com\/profile.php?id=100040871665118\" \/>\n<meta property=\"article:modified_time\" content=\"2025-12-17T11:46:49+00:00\" \/>\n<meta property=\"og:image\" content=\"https:\/\/peruvision.ro\/wp-content\/uploads\/2023\/11\/Asus-RX-82U-1.jpg\" \/>\n\t<meta property=\"og:image:width\" content=\"1024\" \/>\n\t<meta property=\"og:image:height\" content=\"1024\" \/>\n\t<meta property=\"og:image:type\" content=\"image\/jpeg\" \/>\n<meta name=\"twitter:card\" content=\"summary_large_image\" \/>\n<meta name=\"twitter:label1\" content=\"Estimated reading time\" \/>\n\t<meta name=\"twitter:data1\" content=\"3 minutes\" \/>\n<script type=\"application\/ld+json\" class=\"yoast-schema-graph\">{\"@context\":\"https:\\\/\\\/schema.org\",\"@graph\":[{\"@type\":\"WebPage\",\"@id\":\"https:\\\/\\\/peruvision.ro\\\/produs\\\/router-wireless-asus-rt-ax82u-ax5400\\\/\",\"url\":\"https:\\\/\\\/peruvision.ro\\\/produs\\\/router-wireless-asus-rt-ax82u-ax5400\\\/\",\"name\":\"Router Wireless ASUS RT-AX82U, AX5400 - Peruvision\",\"isPartOf\":{\"@id\":\"https:\\\/\\\/peruvision.ro\\\/#website\"},\"primaryImageOfPage\":{\"@id\":\"https:\\\/\\\/peruvision.ro\\\/produs\\\/router-wireless-asus-rt-ax82u-ax5400\\\/#primaryimage\"},\"image\":{\"@id\":\"https:\\\/\\\/peruvision.ro\\\/produs\\\/router-wireless-asus-rt-ax82u-ax5400\\\/#primaryimage\"},\"thumbnailUrl\":\"https:\\\/\\\/peruvision.ro\\\/wp-content\\\/uploads\\\/2023\\\/11\\\/Asus-RX-82U-1.jpg\",\"datePublished\":\"2023-11-28T11:38:34+00:00\",\"dateModified\":\"2025-12-17T11:46:49+00:00\",\"description\":\"Descopera Router Wireless ASUS RT-AX82U, AX5400 la Peruvision. Preturi speciale pentru echipamentele achizitionate\",\"breadcrumb\":{\"@id\":\"https:\\\/\\\/peruvision.ro\\\/produs\\\/router-wireless-asus-rt-ax82u-ax5400\\\/#breadcrumb\"},\"inLanguage\":\"en-GB\",\"potentialAction\":[{\"@type\":\"ReadAction\",\"target\":[\"https:\\\/\\\/peruvision.ro\\\/produs\\\/router-wireless-asus-rt-ax82u-ax5400\\\/\"]}]},{\"@type\":\"ImageObject\",\"inLanguage\":\"en-GB\",\"@id\":\"https:\\\/\\\/peruvision.ro\\\/produs\\\/router-wireless-asus-rt-ax82u-ax5400\\\/#primaryimage\",\"url\":\"https:\\\/\\\/peruvision.ro\\\/wp-content\\\/uploads\\\/2023\\\/11\\\/Asus-RX-82U-1.jpg\",\"contentUrl\":\"https:\\\/\\\/peruvision.ro\\\/wp-content\\\/uploads\\\/2023\\\/11\\\/Asus-RX-82U-1.jpg\",\"width\":1024,\"height\":1024},{\"@type\":\"BreadcrumbList\",\"@id\":\"https:\\\/\\\/peruvision.ro\\\/produs\\\/router-wireless-asus-rt-ax82u-ax5400\\\/#breadcrumb\",\"itemListElement\":[{\"@type\":\"ListItem\",\"position\":1,\"name\":\"Prima pagin\u0103\",\"item\":\"https:\\\/\\\/peruvision.ro\\\/\"},{\"@type\":\"ListItem\",\"position\":2,\"name\":\"Produse\",\"item\":\"https:\\\/\\\/peruvision.ro\\\/produse\\\/\"},{\"@type\":\"ListItem\",\"position\":3,\"name\":\"Router Wireless ASUS RT-AX82U, AX5400\"}]},{\"@type\":\"WebSite\",\"@id\":\"https:\\\/\\\/peruvision.ro\\\/#website\",\"url\":\"https:\\\/\\\/peruvision.ro\\\/\",\"name\":\"Peruvision\",\"description\":\"Site-ul firmei Peruvision, specializata in distributia de echipamente de telecomunicatii si servicii aferente.\",\"publisher\":{\"@id\":\"https:\\\/\\\/peruvision.ro\\\/#organization\"},\"potentialAction\":[{\"@type\":\"SearchAction\",\"target\":{\"@type\":\"EntryPoint\",\"urlTemplate\":\"https:\\\/\\\/peruvision.ro\\\/?s={search_term_string}\"},\"query-input\":{\"@type\":\"PropertyValueSpecification\",\"valueRequired\":true,\"valueName\":\"search_term_string\"}}],\"inLanguage\":\"en-GB\"},{\"@type\":\"Organization\",\"@id\":\"https:\\\/\\\/peruvision.ro\\\/#organization\",\"name\":\"Peruvision\",\"url\":\"https:\\\/\\\/peruvision.ro\\\/\",\"logo\":{\"@type\":\"ImageObject\",\"inLanguage\":\"en-GB\",\"@id\":\"https:\\\/\\\/peruvision.ro\\\/#\\\/schema\\\/logo\\\/image\\\/\",\"url\":\"https:\\\/\\\/peruvision.ro\\\/wp-content\\\/uploads\\\/2021\\\/09\\\/3biss-negru.png\",\"contentUrl\":\"https:\\\/\\\/peruvision.ro\\\/wp-content\\\/uploads\\\/2021\\\/09\\\/3biss-negru.png\",\"width\":2035,\"height\":432,\"caption\":\"Peruvision\"},\"image\":{\"@id\":\"https:\\\/\\\/peruvision.ro\\\/#\\\/schema\\\/logo\\\/image\\\/\"},\"sameAs\":[\"https:\\\/\\\/www.facebook.com\\\/profile.php?id=100040871665118\"]}]}<\/script>\n<!-- \/ Yoast SEO Premium plugin. -->","yoast_head_json":{"title":"Router Wireless ASUS RT-AX82U, AX5400 - Peruvision","description":"Descopera Router Wireless ASUS RT-AX82U, AX5400 la Peruvision. Preturi speciale pentru echipamentele achizitionate","robots":{"index":"index","follow":"follow","max-snippet":"max-snippet:-1","max-image-preview":"max-image-preview:large","max-video-preview":"max-video-preview:-1"},"canonical":"https:\/\/peruvision.ro\/en\/product\/router-wireless-asus-rt-ax82u-ax5400\/","og_locale":"en_GB","og_type":"article","og_title":"Router Wireless ASUS RT-AX82U, AX5400","og_description":"Descopera Router Wireless ASUS RT-AX82U, AX5400 la Peruvision. Preturi speciale pentru echipamentele achizitionate","og_url":"https:\/\/peruvision.ro\/en\/product\/router-wireless-asus-rt-ax82u-ax5400\/","og_site_name":"Peruvision","article_publisher":"https:\/\/www.facebook.com\/profile.php?id=100040871665118","article_modified_time":"2025-12-17T11:46:49+00:00","og_image":[{"width":1024,"height":1024,"url":"https:\/\/peruvision.ro\/wp-content\/uploads\/2023\/11\/Asus-RX-82U-1.jpg","type":"image\/jpeg"}],"twitter_card":"summary_large_image","twitter_misc":{"Estimated reading time":"3 minutes"},"schema":{"@context":"https:\/\/schema.org","@graph":[{"@type":"WebPage","@id":"https:\/\/peruvision.ro\/produs\/router-wireless-asus-rt-ax82u-ax5400\/","url":"https:\/\/peruvision.ro\/produs\/router-wireless-asus-rt-ax82u-ax5400\/","name":"Router Wireless ASUS RT-AX82U, AX5400 - Peruvision","isPartOf":{"@id":"https:\/\/peruvision.ro\/#website"},"primaryImageOfPage":{"@id":"https:\/\/peruvision.ro\/produs\/router-wireless-asus-rt-ax82u-ax5400\/#primaryimage"},"image":{"@id":"https:\/\/peruvision.ro\/produs\/router-wireless-asus-rt-ax82u-ax5400\/#primaryimage"},"thumbnailUrl":"https:\/\/peruvision.ro\/wp-content\/uploads\/2023\/11\/Asus-RX-82U-1.jpg","datePublished":"2023-11-28T11:38:34+00:00","dateModified":"2025-12-17T11:46:49+00:00","description":"Descopera Router Wireless ASUS RT-AX82U, AX5400 la Peruvision. Preturi speciale pentru echipamentele achizitionate","breadcrumb":{"@id":"https:\/\/peruvision.ro\/produs\/router-wireless-asus-rt-ax82u-ax5400\/#breadcrumb"},"inLanguage":"en-GB","potentialAction":[{"@type":"ReadAction","target":["https:\/\/peruvision.ro\/produs\/router-wireless-asus-rt-ax82u-ax5400\/"]}]},{"@type":"ImageObject","inLanguage":"en-GB","@id":"https:\/\/peruvision.ro\/produs\/router-wireless-asus-rt-ax82u-ax5400\/#primaryimage","url":"https:\/\/peruvision.ro\/wp-content\/uploads\/2023\/11\/Asus-RX-82U-1.jpg","contentUrl":"https:\/\/peruvision.ro\/wp-content\/uploads\/2023\/11\/Asus-RX-82U-1.jpg","width":1024,"height":1024},{"@type":"BreadcrumbList","@id":"https:\/\/peruvision.ro\/produs\/router-wireless-asus-rt-ax82u-ax5400\/#breadcrumb","itemListElement":[{"@type":"ListItem","position":1,"name":"Prima pagin\u0103","item":"https:\/\/peruvision.ro\/"},{"@type":"ListItem","position":2,"name":"Produse","item":"https:\/\/peruvision.ro\/produse\/"},{"@type":"ListItem","position":3,"name":"Router Wireless ASUS RT-AX82U, AX5400"}]},{"@type":"WebSite","@id":"https:\/\/peruvision.ro\/#website","url":"https:\/\/peruvision.ro\/","name":"Peruvision","description":"Site-ul firmei Peruvision, specializata in distributia de echipamente de telecomunicatii si servicii aferente.","publisher":{"@id":"https:\/\/peruvision.ro\/#organization"},"potentialAction":[{"@type":"SearchAction","target":{"@type":"EntryPoint","urlTemplate":"https:\/\/peruvision.ro\/?s={search_term_string}"},"query-input":{"@type":"PropertyValueSpecification","valueRequired":true,"valueName":"search_term_string"}}],"inLanguage":"en-GB"},{"@type":"Organization","@id":"https:\/\/peruvision.ro\/#organization","name":"Peruvision","url":"https:\/\/peruvision.ro\/","logo":{"@type":"ImageObject","inLanguage":"en-GB","@id":"https:\/\/peruvision.ro\/#\/schema\/logo\/image\/","url":"https:\/\/peruvision.ro\/wp-content\/uploads\/2021\/09\/3biss-negru.png","contentUrl":"https:\/\/peruvision.ro\/wp-content\/uploads\/2021\/09\/3biss-negru.png","width":2035,"height":432,"caption":"Peruvision"},"image":{"@id":"https:\/\/peruvision.ro\/#\/schema\/logo\/image\/"},"sameAs":["https:\/\/www.facebook.com\/profile.php?id=100040871665118"]}]}},"jetpack_sharing_enabled":true,"_links":{"self":[{"href":"https:\/\/peruvision.ro\/en\/wp-json\/wp\/v2\/product\/13305","targetHints":{"allow":["GET"]}}],"collection":[{"href":"https:\/\/peruvision.ro\/en\/wp-json\/wp\/v2\/product"}],"about":[{"href":"https:\/\/peruvision.ro\/en\/wp-json\/wp\/v2\/types\/product"}],"version-history":[{"count":1,"href":"https:\/\/peruvision.ro\/en\/wp-json\/wp\/v2\/product\/13305\/revisions"}],"predecessor-version":[{"id":17864,"href":"https:\/\/peruvision.ro\/en\/wp-json\/wp\/v2\/product\/13305\/revisions\/17864"}],"wp:featuredmedia":[{"embeddable":true,"href":"https:\/\/peruvision.ro\/en\/wp-json\/wp\/v2\/media\/13310"}],"wp:attachment":[{"href":"https:\/\/peruvision.ro\/en\/wp-json\/wp\/v2\/media?parent=13305"}],"wp:term":[{"taxonomy":"product_brand","embeddable":true,"href":"https:\/\/peruvision.ro\/en\/wp-json\/wp\/v2\/product_brand?post=13305"},{"taxonomy":"product_cat","embeddable":true,"href":"https:\/\/peruvision.ro\/en\/wp-json\/wp\/v2\/product_cat?post=13305"},{"taxonomy":"product_tag","embeddable":true,"href":"https:\/\/peruvision.ro\/en\/wp-json\/wp\/v2\/product_tag?post=13305"}],"curies":[{"name":"wp","href":"https:\/\/api.w.org\/{rel}","templated":true}]}}