{"id":12857,"date":"2023-10-23T12:25:23","date_gmt":"2023-10-23T09:25:23","guid":{"rendered":"https:\/\/peruvision.ro\/?post_type=product&#038;p=12857"},"modified":"2026-03-17T11:37:21","modified_gmt":"2026-03-17T09:37:21","slug":"tapo-h100-tp-link-smart-hub","status":"publish","type":"product","link":"https:\/\/peruvision.ro\/en\/product\/tapo-h100-tp-link-smart-hub\/","title":{"rendered":"SMART HUB TP-LINK TAPO H100"},"content":{"rendered":"<div class=\"box title\">\n<h3>Hub Smart cu difuzor (boxa incorporata)<\/h3>\n<\/div>\n<div class=\"box highlights\">\n<ul>\n<li><strong>Acoperire \u00een toat\u0103 casa<\/strong>\u2014P\u0103streaz\u0103-\u021bi dispozitivele mereu conectate, prin re\u021beaua ta Wi-Fi.<\/li>\n<li><b>Economie de energie<\/b>\u2014Dispozitivele conectate vor folosi mai pu\u021bin\u0103 energie, prin Protocolul Wireless Low-Power.<\/li>\n<li><strong>Alarm\u0103 inteligent\u0103<\/strong>\u2014Hub-ul poate lucra cu senzorii Tapo pentru a te aten\u021biona cu privire la musafirii nepofti\u021bi sau pentru a-i speria.<\/li>\n<li><strong>Sonerie inteligent\u0103<\/strong>\u2014Al\u0103turi de un buton inteligent Tapo, hub-ul poate func\u021biona ca \u0219i sonerie, oferindu-\u021bi 19 ringtonuri diferite din care po\u021bi alege.<\/li>\n<li><b>Ecosistemul Tapo<\/b>\u2014Hub-ul poate controla p\u00e2n\u0103 la 64 de dispozitive inteligente din gama Tapo, pentru o experien\u021b\u0103 Smart Home pe m\u0103sura a\u0219tept\u0103rilor tale.<\/li>\n<\/ul>\n<h3>Controleaz\u0103-\u021bi casa inteligent\u0103<\/h3>\n<p>Hub-ul Tapo este inima casei tale inteligente, conect\u00e2ndu-\u021bi\u00a0toate dispozitivele Tapo. Folosind un protocol wireless low-power, dispozitivele conectate pot consuma mai pu\u021bin\u0103 energie.<\/p>\n<h3>Conexiuni cu acoperire mai mare<\/h3>\n<p>Hub-ul Tapo transmite semnalele c\u0103tre dispozitivele controlate folosind o band\u0103 de o frecven\u021b\u0103 redus\u0103, mai pu\u021bin aglomerat\u0103. Acest lucru \u00eenseamn\u0103 transmisii pe arii mai mari, spre fiecare col\u021b al locuin\u021bei tale.<\/p>\n<h3>Comenzi automatizate, chiar \u0219i f\u0103r\u0103 internet<\/h3>\n<p>Hub-ul Tapo \u00ee\u021bi poate controla dispozitivele, chiar \u0219i atunci c\u00e2nd conexiunea la internet nu mai este disponibil\u0103.<\/p>\n<h3>Protejeaz\u0103-\u021bi locuin\u021ba<\/h3>\n<p>Fiind compatibil cu\u00a0senzori de mi\u0219care Tapo, senzori pentru u\u0219i\/ferestre \u0219i multe altele, hub-ul Tapo poate declan\u0219a o alarm\u0103\u00a0(de p\u00e2n\u0103 la 90 dB) pentru a indica un\u00a0pericol sau pentru a descuraja intru\u0219ii..<\/p>\n<p class=\"notice\">*Senzorul de mi\u0219care \u0219i senzorul de contact se\u00a0v\u00e2nd\u00a0separat.<\/p>\n<h3>Confort sporit \u00een fiecare camer\u0103<\/h3>\n<p>Fiind compatibil cu senzorii de mediu Tapo, hub-ul H100\u00a0te\u00a0ajut\u0103 s\u0103 urm\u0103re\u0219ti\u00a0nivelul de confort din locuin\u021b\u0103. Vei primi o alarm\u0103 instantanee\u00a0atunci c\u00e2nd\u00a0nivelul de temperatur\u0103 \u0219i umiditate nu se \u00eencadreaz\u0103 \u00een limitele tale\u00a0personalizate sau c\u00e2nd sunt detectate scurgeri de ap\u0103*.<\/p>\n<p class=\"notice\">*Senzorul de temperatur\u0103 \u0219i umiditate \u0219i senzorul pentru scurgerile de ap\u0103* se v\u00e2nd separat.<\/p>\n<h2>Toate dispozitivele, un singur hub<\/h2>\n<p>Fiecare Hub Tapo poate conecta p\u00e2n\u0103 la 64 de dispozitive.<\/p>\n<p>Creeaz\u0103-\u021bi \u0219i controleaz\u0103-\u021bi ecosistemul Tapo cu u\u0219urin\u021b\u0103.<\/p>\n<h3><strong>19 Ringtonuri <\/strong><\/h3>\n<p>Alege un rington diferit pentru fiecare func\u021bie \u00een parte.<\/p>\n<p>Seteaz\u0103 volumul<\/p>\n<p>Po\u021bi seta volumul difuzorului pe 4 trepte diferite (Tare, Normal, \u00cencet \u0219i Silen\u021bios).<\/p>\n<h3><strong>Technical specifications:<\/strong><\/h3>\n<table>\n<thead>\n<tr id=\"tr_1524\">\n<th colspan=\"2\"><a>RE\u021aEA<\/a><\/th>\n<\/tr>\n<\/thead>\n<tbody>\n<tr id=\"tr_5311\">\n<th width=\"35%\">Protocol<\/th>\n<td width=\"65%\">868 \/ 922 MHz<\/td>\n<\/tr>\n<tr id=\"tr_5312\">\n<th width=\"35%\">Tip wireless<\/th>\n<td width=\"65%\">2.4GHz Wi-Fi<\/td>\n<\/tr>\n<\/tbody>\n<\/table>\n<table>\n<thead>\n<tr id=\"tr_1529\">\n<th colspan=\"2\"><a>GENERAL<\/a><\/th>\n<\/tr>\n<\/thead>\n<tbody>\n<tr id=\"tr_5831\">\n<th width=\"35%\">Temperatur\u0103 de operare<\/th>\n<td width=\"65%\">0~40\u00b0C<\/td>\n<\/tr>\n<tr id=\"tr_1564\">\n<th width=\"35%\">Dimensiuni (H x L x l)<\/th>\n<td width=\"65%\">72 x 62.5 x 51 mm<br \/>\n(2.8 x 2.5 x 2 inch)<\/td>\n<\/tr>\n<tr id=\"tr_5903\">\n<th width=\"35%\">Material<\/th>\n<td width=\"65%\">UL94-V0 Flame Ratardant<\/td>\n<\/tr>\n<tr id=\"tr_5315\">\n<th width=\"35%\">Butoane<\/th>\n<td width=\"65%\">SYNC\/Mute Button<\/td>\n<\/tr>\n<tr id=\"tr_5751\">\n<th width=\"35%\">Cerinte de alimentare<\/th>\n<td width=\"65%\">AC, 100~240V, 50\/60Hz<\/td>\n<\/tr>\n<\/tbody>\n<\/table>\n<table>\n<thead>\n<tr id=\"tr_5828\">\n<th colspan=\"2\"><a>PACKAGE CONTENTS<\/a><\/th>\n<\/tr>\n<\/thead>\n<tbody>\n<tr id=\"tr_5829\">\n<th width=\"35%\">Con\u021binut pachet<\/th>\n<td width=\"65%\">1 x Tapo H100<br \/>\n1 x Quick Start Guide<\/td>\n<\/tr>\n<\/tbody>\n<\/table>\n<p>Click for more details <a href=\"https:\/\/www.tp-link.com\/ro\/home-networking\/smart-hub\/tapo-h100\/#overview\">here.<\/a><\/p>\n<\/div>","protected":false},"excerpt":{"rendered":"<ul>\n<li><strong>Hub Smart cu difuzor<\/strong> (boxa incorporata)<\/li>\n<li><strong>Acoperire \u00een toat\u0103 casa<\/strong>\u2014P\u0103streaz\u0103-\u021bi dispozitivele mereu conectate, prin re\u021beaua ta Wi-Fi.<\/li>\n<li><b>Economie de energie<\/b>\u2014Dispozitivele conectate vor folosi mai pu\u021bin\u0103 energie, prin Protocolul Wireless Low-Power.<\/li>\n<li><strong>Alarm\u0103 inteligent\u0103<\/strong>\u2014Hub-ul poate lucra cu senzorii Tapo pentru a te aten\u021biona cu privire la musafirii nepofti\u021bi sau pentru a-i speria.<\/li>\n<li><strong>Sonerie inteligent\u0103<\/strong>\u2014Al\u0103turi de un buton inteligent Tapo, hub-ul poate func\u021biona ca \u0219i sonerie, oferindu-\u021bi 19 ringtonuri diferite din care po\u021bi alege.<\/li>\n<li><b>Ecosistemul Tapo<\/b>\u2014Hub-ul poate controla p\u00e2n\u0103 la 64 de dispozitive inteligente din gama Tapo, pentru o experien\u021b\u0103 Smart Home pe m\u0103sura a\u0219tept\u0103rilor tale.<\/li>\n<\/ul>","protected":false},"featured_media":12860,"template":"","meta":[],"product_brand":[],"product_cat":[718,242,15],"product_tag":[],"class_list":{"0":"post-12857","1":"product","2":"type-product","3":"status-publish","4":"has-post-thumbnail","6":"product_cat-hub-uri-si-senzori-smart","7":"product_cat-smarthome-alte-echipamente","8":"product_cat-toate-produsele","10":"first","11":"instock","12":"featured","13":"taxable","14":"shipping-taxable","15":"purchasable","16":"product-type-simple"},"yoast_head":"<!-- This site is optimized with the Yoast SEO Premium plugin v21.9 (Yoast SEO v27.4) - https:\/\/yoast.com\/product\/yoast-seo-premium-wordpress\/ -->\n<title>SMART HUB TP-LINK TAPO H100 - Peruvision<\/title>\n<meta name=\"description\" content=\"Descopera SMART HUB TP-LINK TAPO H100 la Peruvision. Preturi speciale pentru echipamentele achizitionate\" \/>\n<meta name=\"robots\" content=\"index, follow, max-snippet:-1, max-image-preview:large, max-video-preview:-1\" \/>\n<link rel=\"canonical\" href=\"https:\/\/peruvision.ro\/en\/product\/tapo-h100-tp-link-smart-hub\/\" \/>\n<meta property=\"og:locale\" content=\"en_GB\" \/>\n<meta property=\"og:type\" content=\"article\" \/>\n<meta property=\"og:title\" content=\"SMART HUB TP-LINK TAPO H100\" \/>\n<meta property=\"og:description\" content=\"Descopera SMART HUB TP-LINK TAPO H100 la Peruvision. Preturi speciale pentru echipamentele achizitionate\" \/>\n<meta property=\"og:url\" content=\"https:\/\/peruvision.ro\/en\/product\/tapo-h100-tp-link-smart-hub\/\" \/>\n<meta property=\"og:site_name\" content=\"Peruvision\" \/>\n<meta property=\"article:publisher\" content=\"https:\/\/www.facebook.com\/profile.php?id=100040871665118\" \/>\n<meta property=\"article:modified_time\" content=\"2026-03-17T09:37:21+00:00\" \/>\n<meta property=\"og:image\" content=\"https:\/\/peruvision.ro\/wp-content\/uploads\/2023\/10\/Tapo-H100-1.jpg\" \/>\n\t<meta property=\"og:image:width\" content=\"1000\" \/>\n\t<meta property=\"og:image:height\" content=\"1000\" \/>\n\t<meta property=\"og:image:type\" content=\"image\/jpeg\" \/>\n<meta name=\"twitter:card\" content=\"summary_large_image\" \/>\n<meta name=\"twitter:label1\" content=\"Estimated reading time\" \/>\n\t<meta name=\"twitter:data1\" content=\"3 minutes\" \/>\n<script type=\"application\/ld+json\" class=\"yoast-schema-graph\">{\"@context\":\"https:\\\/\\\/schema.org\",\"@graph\":[{\"@type\":\"WebPage\",\"@id\":\"https:\\\/\\\/peruvision.ro\\\/produs\\\/tapo-h100-tp-link-smart-hub\\\/\",\"url\":\"https:\\\/\\\/peruvision.ro\\\/produs\\\/tapo-h100-tp-link-smart-hub\\\/\",\"name\":\"SMART HUB TP-LINK TAPO H100 - Peruvision\",\"isPartOf\":{\"@id\":\"https:\\\/\\\/peruvision.ro\\\/#website\"},\"primaryImageOfPage\":{\"@id\":\"https:\\\/\\\/peruvision.ro\\\/produs\\\/tapo-h100-tp-link-smart-hub\\\/#primaryimage\"},\"image\":{\"@id\":\"https:\\\/\\\/peruvision.ro\\\/produs\\\/tapo-h100-tp-link-smart-hub\\\/#primaryimage\"},\"thumbnailUrl\":\"https:\\\/\\\/peruvision.ro\\\/wp-content\\\/uploads\\\/2023\\\/10\\\/Tapo-H100-1.jpg\",\"datePublished\":\"2023-10-23T09:25:23+00:00\",\"dateModified\":\"2026-03-17T09:37:21+00:00\",\"description\":\"Descopera SMART HUB TP-LINK TAPO H100 la Peruvision. Preturi speciale pentru echipamentele achizitionate\",\"breadcrumb\":{\"@id\":\"https:\\\/\\\/peruvision.ro\\\/produs\\\/tapo-h100-tp-link-smart-hub\\\/#breadcrumb\"},\"inLanguage\":\"en-GB\",\"potentialAction\":[{\"@type\":\"ReadAction\",\"target\":[\"https:\\\/\\\/peruvision.ro\\\/produs\\\/tapo-h100-tp-link-smart-hub\\\/\"]}]},{\"@type\":\"ImageObject\",\"inLanguage\":\"en-GB\",\"@id\":\"https:\\\/\\\/peruvision.ro\\\/produs\\\/tapo-h100-tp-link-smart-hub\\\/#primaryimage\",\"url\":\"https:\\\/\\\/peruvision.ro\\\/wp-content\\\/uploads\\\/2023\\\/10\\\/Tapo-H100-1.jpg\",\"contentUrl\":\"https:\\\/\\\/peruvision.ro\\\/wp-content\\\/uploads\\\/2023\\\/10\\\/Tapo-H100-1.jpg\",\"width\":1000,\"height\":1000},{\"@type\":\"BreadcrumbList\",\"@id\":\"https:\\\/\\\/peruvision.ro\\\/produs\\\/tapo-h100-tp-link-smart-hub\\\/#breadcrumb\",\"itemListElement\":[{\"@type\":\"ListItem\",\"position\":1,\"name\":\"Prima pagin\u0103\",\"item\":\"https:\\\/\\\/peruvision.ro\\\/\"},{\"@type\":\"ListItem\",\"position\":2,\"name\":\"Produse\",\"item\":\"https:\\\/\\\/peruvision.ro\\\/produse\\\/\"},{\"@type\":\"ListItem\",\"position\":3,\"name\":\"SMART HUB TP-LINK TAPO H100\"}]},{\"@type\":\"WebSite\",\"@id\":\"https:\\\/\\\/peruvision.ro\\\/#website\",\"url\":\"https:\\\/\\\/peruvision.ro\\\/\",\"name\":\"Peruvision\",\"description\":\"Site-ul firmei Peruvision, specializata in distributia de echipamente de telecomunicatii si servicii aferente.\",\"publisher\":{\"@id\":\"https:\\\/\\\/peruvision.ro\\\/#organization\"},\"potentialAction\":[{\"@type\":\"SearchAction\",\"target\":{\"@type\":\"EntryPoint\",\"urlTemplate\":\"https:\\\/\\\/peruvision.ro\\\/?s={search_term_string}\"},\"query-input\":{\"@type\":\"PropertyValueSpecification\",\"valueRequired\":true,\"valueName\":\"search_term_string\"}}],\"inLanguage\":\"en-GB\"},{\"@type\":\"Organization\",\"@id\":\"https:\\\/\\\/peruvision.ro\\\/#organization\",\"name\":\"Peruvision\",\"url\":\"https:\\\/\\\/peruvision.ro\\\/\",\"logo\":{\"@type\":\"ImageObject\",\"inLanguage\":\"en-GB\",\"@id\":\"https:\\\/\\\/peruvision.ro\\\/#\\\/schema\\\/logo\\\/image\\\/\",\"url\":\"https:\\\/\\\/peruvision.ro\\\/wp-content\\\/uploads\\\/2021\\\/09\\\/3biss-negru.png\",\"contentUrl\":\"https:\\\/\\\/peruvision.ro\\\/wp-content\\\/uploads\\\/2021\\\/09\\\/3biss-negru.png\",\"width\":2035,\"height\":432,\"caption\":\"Peruvision\"},\"image\":{\"@id\":\"https:\\\/\\\/peruvision.ro\\\/#\\\/schema\\\/logo\\\/image\\\/\"},\"sameAs\":[\"https:\\\/\\\/www.facebook.com\\\/profile.php?id=100040871665118\"]}]}<\/script>\n<!-- \/ Yoast SEO Premium plugin. -->","yoast_head_json":{"title":"SMART HUB TP-LINK TAPO H100 - Peruvision","description":"Descopera SMART HUB TP-LINK TAPO H100 la Peruvision. Preturi speciale pentru echipamentele achizitionate","robots":{"index":"index","follow":"follow","max-snippet":"max-snippet:-1","max-image-preview":"max-image-preview:large","max-video-preview":"max-video-preview:-1"},"canonical":"https:\/\/peruvision.ro\/en\/product\/tapo-h100-tp-link-smart-hub\/","og_locale":"en_GB","og_type":"article","og_title":"SMART HUB TP-LINK TAPO H100","og_description":"Descopera SMART HUB TP-LINK TAPO H100 la Peruvision. Preturi speciale pentru echipamentele achizitionate","og_url":"https:\/\/peruvision.ro\/en\/product\/tapo-h100-tp-link-smart-hub\/","og_site_name":"Peruvision","article_publisher":"https:\/\/www.facebook.com\/profile.php?id=100040871665118","article_modified_time":"2026-03-17T09:37:21+00:00","og_image":[{"width":1000,"height":1000,"url":"https:\/\/peruvision.ro\/wp-content\/uploads\/2023\/10\/Tapo-H100-1.jpg","type":"image\/jpeg"}],"twitter_card":"summary_large_image","twitter_misc":{"Estimated reading time":"3 minutes"},"schema":{"@context":"https:\/\/schema.org","@graph":[{"@type":"WebPage","@id":"https:\/\/peruvision.ro\/produs\/tapo-h100-tp-link-smart-hub\/","url":"https:\/\/peruvision.ro\/produs\/tapo-h100-tp-link-smart-hub\/","name":"SMART HUB TP-LINK TAPO H100 - Peruvision","isPartOf":{"@id":"https:\/\/peruvision.ro\/#website"},"primaryImageOfPage":{"@id":"https:\/\/peruvision.ro\/produs\/tapo-h100-tp-link-smart-hub\/#primaryimage"},"image":{"@id":"https:\/\/peruvision.ro\/produs\/tapo-h100-tp-link-smart-hub\/#primaryimage"},"thumbnailUrl":"https:\/\/peruvision.ro\/wp-content\/uploads\/2023\/10\/Tapo-H100-1.jpg","datePublished":"2023-10-23T09:25:23+00:00","dateModified":"2026-03-17T09:37:21+00:00","description":"Descopera SMART HUB TP-LINK TAPO H100 la Peruvision. Preturi speciale pentru echipamentele achizitionate","breadcrumb":{"@id":"https:\/\/peruvision.ro\/produs\/tapo-h100-tp-link-smart-hub\/#breadcrumb"},"inLanguage":"en-GB","potentialAction":[{"@type":"ReadAction","target":["https:\/\/peruvision.ro\/produs\/tapo-h100-tp-link-smart-hub\/"]}]},{"@type":"ImageObject","inLanguage":"en-GB","@id":"https:\/\/peruvision.ro\/produs\/tapo-h100-tp-link-smart-hub\/#primaryimage","url":"https:\/\/peruvision.ro\/wp-content\/uploads\/2023\/10\/Tapo-H100-1.jpg","contentUrl":"https:\/\/peruvision.ro\/wp-content\/uploads\/2023\/10\/Tapo-H100-1.jpg","width":1000,"height":1000},{"@type":"BreadcrumbList","@id":"https:\/\/peruvision.ro\/produs\/tapo-h100-tp-link-smart-hub\/#breadcrumb","itemListElement":[{"@type":"ListItem","position":1,"name":"Prima pagin\u0103","item":"https:\/\/peruvision.ro\/"},{"@type":"ListItem","position":2,"name":"Produse","item":"https:\/\/peruvision.ro\/produse\/"},{"@type":"ListItem","position":3,"name":"SMART HUB TP-LINK TAPO H100"}]},{"@type":"WebSite","@id":"https:\/\/peruvision.ro\/#website","url":"https:\/\/peruvision.ro\/","name":"Peruvision","description":"Site-ul firmei Peruvision, specializata in distributia de echipamente de telecomunicatii si servicii aferente.","publisher":{"@id":"https:\/\/peruvision.ro\/#organization"},"potentialAction":[{"@type":"SearchAction","target":{"@type":"EntryPoint","urlTemplate":"https:\/\/peruvision.ro\/?s={search_term_string}"},"query-input":{"@type":"PropertyValueSpecification","valueRequired":true,"valueName":"search_term_string"}}],"inLanguage":"en-GB"},{"@type":"Organization","@id":"https:\/\/peruvision.ro\/#organization","name":"Peruvision","url":"https:\/\/peruvision.ro\/","logo":{"@type":"ImageObject","inLanguage":"en-GB","@id":"https:\/\/peruvision.ro\/#\/schema\/logo\/image\/","url":"https:\/\/peruvision.ro\/wp-content\/uploads\/2021\/09\/3biss-negru.png","contentUrl":"https:\/\/peruvision.ro\/wp-content\/uploads\/2021\/09\/3biss-negru.png","width":2035,"height":432,"caption":"Peruvision"},"image":{"@id":"https:\/\/peruvision.ro\/#\/schema\/logo\/image\/"},"sameAs":["https:\/\/www.facebook.com\/profile.php?id=100040871665118"]}]}},"jetpack_sharing_enabled":true,"_links":{"self":[{"href":"https:\/\/peruvision.ro\/en\/wp-json\/wp\/v2\/product\/12857","targetHints":{"allow":["GET"]}}],"collection":[{"href":"https:\/\/peruvision.ro\/en\/wp-json\/wp\/v2\/product"}],"about":[{"href":"https:\/\/peruvision.ro\/en\/wp-json\/wp\/v2\/types\/product"}],"version-history":[{"count":2,"href":"https:\/\/peruvision.ro\/en\/wp-json\/wp\/v2\/product\/12857\/revisions"}],"predecessor-version":[{"id":18225,"href":"https:\/\/peruvision.ro\/en\/wp-json\/wp\/v2\/product\/12857\/revisions\/18225"}],"wp:featuredmedia":[{"embeddable":true,"href":"https:\/\/peruvision.ro\/en\/wp-json\/wp\/v2\/media\/12860"}],"wp:attachment":[{"href":"https:\/\/peruvision.ro\/en\/wp-json\/wp\/v2\/media?parent=12857"}],"wp:term":[{"taxonomy":"product_brand","embeddable":true,"href":"https:\/\/peruvision.ro\/en\/wp-json\/wp\/v2\/product_brand?post=12857"},{"taxonomy":"product_cat","embeddable":true,"href":"https:\/\/peruvision.ro\/en\/wp-json\/wp\/v2\/product_cat?post=12857"},{"taxonomy":"product_tag","embeddable":true,"href":"https:\/\/peruvision.ro\/en\/wp-json\/wp\/v2\/product_tag?post=12857"}],"curies":[{"name":"wp","href":"https:\/\/api.w.org\/{rel}","templated":true}]}}