{"id":12715,"date":"2023-10-11T08:39:41","date_gmt":"2023-10-11T05:39:41","guid":{"rendered":"https:\/\/peruvision.ro\/?post_type=product&#038;p=12715"},"modified":"2025-12-17T13:46:30","modified_gmt":"2025-12-17T11:46:30","slug":"tp-link-deco-m4-wi-fi-mesh-3-pack","status":"publish","type":"product","link":"https:\/\/peruvision.ro\/en\/product\/tp-link-deco-m4-wi-fi-mesh-3-pack\/","title":{"rendered":"TP-Link Deco M4 Wi-Fi Mesh (3-Pack)"},"content":{"rendered":"<p><strong>Sistem Mesh Wi-Fi AC1200 Gigabit cu acoperire completa pentru casa Deco M4(3 pack &#8211; 3 sateliti)<\/strong><br \/>\nFast. Stable. Anywhere \u2013 AC1200 AC1200 Full Coverage Gigabit Wi-Fi Mesh Home Wi-Fi System<\/p>\n<p><strong>Unique Wi-Fi experience<\/strong><br \/>\nDeco M4 uses TP-Link Mesh technology to cover the entire home with powerful Wi-Fi. Several Deco units work without interruption to create a perfect Wi-Fi network for you.<\/p>\n<p><strong>Remove areas without Wi-Fi<\/strong><br \/>\nRoaming without interruption Connect up to 100 devices Two modes in one Easy configuration Parental control Works with all Deco models<\/p>\n<p><strong>Remove areas without Wi-Fi<\/strong><br \/>\nDeco M4 este cel mai simplu mod de a-ti asigura un semnal Wi-Fi puternic in fiecare colt al casei tale, acoperind pana la 370 metri patrati (3 unitati). Conexiunile wireless si backhaul Ethernet optional lucreaza impreuna pentru a conecta unitatile Deco, oferind viteze de retea foarte rapide si o acoperire Wi-Fi constanta. Ai nevoie de mai multa acoperire? Pur si simplu mai adaugi o alta unitate Deco.<\/p>\n<p><strong>Roaming without interruptions<\/strong><br \/>\nTP-Link Mesh means that Deco units work together to form a single network. Your phone or tablet automatically connects to the fastest Deco unit as you move around the house, creating an uninterrupted Wi-Fi connection.<\/p>\n<p><strong>Connect immediately<\/strong><br \/>\nDeco M4 connects up to 100 devices to the Internet and offers network speeds three times faster than those of the previous generation, thanks to 802.11ac wireless technology.<\/p>\n<p><strong>2 in 1 system \u2013 Router and Access Point<\/strong><br \/>\nFlexible and multifunctional, Deco M4 includes a variety of features that allow it to be used as a router or access point. Just choose the right mode for the actual requirements of your network and enjoy the ultra-fast wireless experience.<\/p>\n<p><strong>Parental Control<\/strong><br \/>\nSimple and intuitive parental control helps keep children safe while online. User profile \u2013 Easily create a profile for each family member and set limits for time spent online; Filter levels \u2013 Keep your family safe online with one-touch security settings that block sites based on the user&#039;s age; Time limits \u2013 Sets the time limit that each person can spend online; Statistics \u2013 Check the sites your children visit and how much time they spend on each of them to ensure your children&#039;s safety when they are online; Turn off the connection \u2013 Take a break from Wi-Fi for dinner and family time. Just press a button to suspend internet access for everyone in the house.<\/p>\n<p><strong>All Deco systems can work together<\/strong><br \/>\nDeco M4 is compatible with any other Deco model to form a Mesh network. Extend Mesh Wi-Fi coverage at any time by adding more Deco units.<\/p>\n<p>Click for more details <a href=\"https:\/\/www.tp-link.com\/ro\/home-networking\/deco\/deco-m4\/v4%20(3-pack)\/\">here.<\/a><\/p>","protected":false},"excerpt":{"rendered":"<ul>\n<li>Deco uses a drive system to get uninterrupted Wi-Fi coverage for the entire house - eliminating areas with a weak signal forever!<\/li>\n<li>With advanced Deco Mesh technology, the units work together to form a unique network of the same name. The devices automatically switch between units as you move around the house, for the fastest possible speeds.<\/li>\n<li>Deco M4 (3 pack &#8211; 3 sateliti) ofer\u0103 Wi-Fi pe o suprafa\u021b\u0103 de p\u00e2n\u0103 la 370 m<sup>2.<\/sup>\u00a0If that&#039;s not enough, you can always add more Deco units to your network to increase coverage.<\/li>\n<li>Deco M4 offers connections with speeds of up to 1167 Mbps and can work on most Internet Service Provider (ISP) connections, including modem connections.<\/li>\n<li>Deco can handle traffic on even the busiest networks, providing seamless connections for up to 100 devices.<\/li>\n<li>Parental control limits online time and blocks inappropriate websites, according to unique profiles created for each family member.<\/li>\n<li>The configuration is easy with the help of the TP-Link Deco application that guides you through each step, the application being available in Romanian<\/li>\n<\/ul>","protected":false},"featured_media":12720,"template":"","meta":[],"product_brand":[],"product_cat":[289,291,15],"product_tag":[],"class_list":{"0":"post-12715","1":"product","2":"type-product","3":"status-publish","4":"has-post-thumbnail","6":"product_cat-retelistica","7":"product_cat-routere-wireless","8":"product_cat-toate-produsele","10":"first","11":"outofstock","12":"taxable","13":"shipping-taxable","14":"purchasable","15":"product-type-simple"},"yoast_head":"<!-- This site is optimized with the Yoast SEO Premium plugin v21.9 (Yoast SEO v27.6) - https:\/\/yoast.com\/product\/yoast-seo-premium-wordpress\/ -->\n<title>TP-Link Deco M4 Wi-Fi Mesh (3-Pack) - Peruvision<\/title>\n<meta name=\"description\" content=\"Descopera TP-Link Deco M4 Wi-Fi Mesh (3-Pack) la Peruvision. Preturi speciale pentru echipamentele achizitionate\" \/>\n<meta name=\"robots\" content=\"index, follow, max-snippet:-1, max-image-preview:large, max-video-preview:-1\" \/>\n<link rel=\"canonical\" href=\"https:\/\/peruvision.ro\/en\/product\/tp-link-deco-m4-wi-fi-mesh-3-pack\/\" \/>\n<meta property=\"og:locale\" content=\"en_GB\" \/>\n<meta property=\"og:type\" content=\"article\" \/>\n<meta property=\"og:title\" content=\"TP-Link Deco M4 Wi-Fi Mesh (3-Pack)\" \/>\n<meta property=\"og:description\" content=\"Descopera TP-Link Deco M4 Wi-Fi Mesh (3-Pack) la Peruvision. Preturi speciale pentru echipamentele achizitionate\" \/>\n<meta property=\"og:url\" content=\"https:\/\/peruvision.ro\/en\/product\/tp-link-deco-m4-wi-fi-mesh-3-pack\/\" \/>\n<meta property=\"og:site_name\" content=\"Peruvision\" \/>\n<meta property=\"article:publisher\" content=\"https:\/\/www.facebook.com\/profile.php?id=100040871665118\" \/>\n<meta property=\"article:modified_time\" content=\"2025-12-17T11:46:30+00:00\" \/>\n<meta property=\"og:image\" content=\"https:\/\/peruvision.ro\/wp-content\/uploads\/2023\/10\/DECO-M4-3-sateliti-1.jpg\" \/>\n\t<meta property=\"og:image:width\" content=\"1000\" \/>\n\t<meta property=\"og:image:height\" content=\"1000\" \/>\n\t<meta property=\"og:image:type\" content=\"image\/jpeg\" \/>\n<meta name=\"twitter:card\" content=\"summary_large_image\" \/>\n<meta name=\"twitter:label1\" content=\"Estimated reading time\" \/>\n\t<meta name=\"twitter:data1\" content=\"3 minutes\" \/>\n<script type=\"application\/ld+json\" class=\"yoast-schema-graph\">{\"@context\":\"https:\\\/\\\/schema.org\",\"@graph\":[{\"@type\":\"WebPage\",\"@id\":\"https:\\\/\\\/peruvision.ro\\\/produs\\\/tp-link-deco-m4-wi-fi-mesh-3-pack\\\/\",\"url\":\"https:\\\/\\\/peruvision.ro\\\/produs\\\/tp-link-deco-m4-wi-fi-mesh-3-pack\\\/\",\"name\":\"TP-Link Deco M4 Wi-Fi Mesh (3-Pack) - Peruvision\",\"isPartOf\":{\"@id\":\"https:\\\/\\\/peruvision.ro\\\/#website\"},\"primaryImageOfPage\":{\"@id\":\"https:\\\/\\\/peruvision.ro\\\/produs\\\/tp-link-deco-m4-wi-fi-mesh-3-pack\\\/#primaryimage\"},\"image\":{\"@id\":\"https:\\\/\\\/peruvision.ro\\\/produs\\\/tp-link-deco-m4-wi-fi-mesh-3-pack\\\/#primaryimage\"},\"thumbnailUrl\":\"https:\\\/\\\/peruvision.ro\\\/wp-content\\\/uploads\\\/2023\\\/10\\\/DECO-M4-3-sateliti-1.jpg\",\"datePublished\":\"2023-10-11T05:39:41+00:00\",\"dateModified\":\"2025-12-17T11:46:30+00:00\",\"description\":\"Descopera TP-Link Deco M4 Wi-Fi Mesh (3-Pack) la Peruvision. Preturi speciale pentru echipamentele achizitionate\",\"breadcrumb\":{\"@id\":\"https:\\\/\\\/peruvision.ro\\\/produs\\\/tp-link-deco-m4-wi-fi-mesh-3-pack\\\/#breadcrumb\"},\"inLanguage\":\"en-GB\",\"potentialAction\":[{\"@type\":\"ReadAction\",\"target\":[\"https:\\\/\\\/peruvision.ro\\\/produs\\\/tp-link-deco-m4-wi-fi-mesh-3-pack\\\/\"]}]},{\"@type\":\"ImageObject\",\"inLanguage\":\"en-GB\",\"@id\":\"https:\\\/\\\/peruvision.ro\\\/produs\\\/tp-link-deco-m4-wi-fi-mesh-3-pack\\\/#primaryimage\",\"url\":\"https:\\\/\\\/peruvision.ro\\\/wp-content\\\/uploads\\\/2023\\\/10\\\/DECO-M4-3-sateliti-1.jpg\",\"contentUrl\":\"https:\\\/\\\/peruvision.ro\\\/wp-content\\\/uploads\\\/2023\\\/10\\\/DECO-M4-3-sateliti-1.jpg\",\"width\":1000,\"height\":1000},{\"@type\":\"BreadcrumbList\",\"@id\":\"https:\\\/\\\/peruvision.ro\\\/produs\\\/tp-link-deco-m4-wi-fi-mesh-3-pack\\\/#breadcrumb\",\"itemListElement\":[{\"@type\":\"ListItem\",\"position\":1,\"name\":\"Prima pagin\u0103\",\"item\":\"https:\\\/\\\/peruvision.ro\\\/\"},{\"@type\":\"ListItem\",\"position\":2,\"name\":\"Produse\",\"item\":\"https:\\\/\\\/peruvision.ro\\\/produse\\\/\"},{\"@type\":\"ListItem\",\"position\":3,\"name\":\"TP-Link Deco M4 Wi-Fi Mesh (3-Pack)\"}]},{\"@type\":\"WebSite\",\"@id\":\"https:\\\/\\\/peruvision.ro\\\/#website\",\"url\":\"https:\\\/\\\/peruvision.ro\\\/\",\"name\":\"Peruvision\",\"description\":\"Site-ul firmei Peruvision, specializata in distributia de echipamente de telecomunicatii si servicii aferente.\",\"publisher\":{\"@id\":\"https:\\\/\\\/peruvision.ro\\\/#organization\"},\"potentialAction\":[{\"@type\":\"SearchAction\",\"target\":{\"@type\":\"EntryPoint\",\"urlTemplate\":\"https:\\\/\\\/peruvision.ro\\\/?s={search_term_string}\"},\"query-input\":{\"@type\":\"PropertyValueSpecification\",\"valueRequired\":true,\"valueName\":\"search_term_string\"}}],\"inLanguage\":\"en-GB\"},{\"@type\":\"Organization\",\"@id\":\"https:\\\/\\\/peruvision.ro\\\/#organization\",\"name\":\"Peruvision\",\"url\":\"https:\\\/\\\/peruvision.ro\\\/\",\"logo\":{\"@type\":\"ImageObject\",\"inLanguage\":\"en-GB\",\"@id\":\"https:\\\/\\\/peruvision.ro\\\/#\\\/schema\\\/logo\\\/image\\\/\",\"url\":\"https:\\\/\\\/peruvision.ro\\\/wp-content\\\/uploads\\\/2021\\\/09\\\/3biss-negru.png\",\"contentUrl\":\"https:\\\/\\\/peruvision.ro\\\/wp-content\\\/uploads\\\/2021\\\/09\\\/3biss-negru.png\",\"width\":2035,\"height\":432,\"caption\":\"Peruvision\"},\"image\":{\"@id\":\"https:\\\/\\\/peruvision.ro\\\/#\\\/schema\\\/logo\\\/image\\\/\"},\"sameAs\":[\"https:\\\/\\\/www.facebook.com\\\/profile.php?id=100040871665118\"]}]}<\/script>\n<!-- \/ Yoast SEO Premium plugin. -->","yoast_head_json":{"title":"TP-Link Deco M4 Wi-Fi Mesh (3-Pack) - Peruvision","description":"Descopera TP-Link Deco M4 Wi-Fi Mesh (3-Pack) la Peruvision. Preturi speciale pentru echipamentele achizitionate","robots":{"index":"index","follow":"follow","max-snippet":"max-snippet:-1","max-image-preview":"max-image-preview:large","max-video-preview":"max-video-preview:-1"},"canonical":"https:\/\/peruvision.ro\/en\/product\/tp-link-deco-m4-wi-fi-mesh-3-pack\/","og_locale":"en_GB","og_type":"article","og_title":"TP-Link Deco M4 Wi-Fi Mesh (3-Pack)","og_description":"Descopera TP-Link Deco M4 Wi-Fi Mesh (3-Pack) la Peruvision. Preturi speciale pentru echipamentele achizitionate","og_url":"https:\/\/peruvision.ro\/en\/product\/tp-link-deco-m4-wi-fi-mesh-3-pack\/","og_site_name":"Peruvision","article_publisher":"https:\/\/www.facebook.com\/profile.php?id=100040871665118","article_modified_time":"2025-12-17T11:46:30+00:00","og_image":[{"width":1000,"height":1000,"url":"https:\/\/peruvision.ro\/wp-content\/uploads\/2023\/10\/DECO-M4-3-sateliti-1.jpg","type":"image\/jpeg"}],"twitter_card":"summary_large_image","twitter_misc":{"Estimated reading time":"3 minutes"},"schema":{"@context":"https:\/\/schema.org","@graph":[{"@type":"WebPage","@id":"https:\/\/peruvision.ro\/produs\/tp-link-deco-m4-wi-fi-mesh-3-pack\/","url":"https:\/\/peruvision.ro\/produs\/tp-link-deco-m4-wi-fi-mesh-3-pack\/","name":"TP-Link Deco M4 Wi-Fi Mesh (3-Pack) - Peruvision","isPartOf":{"@id":"https:\/\/peruvision.ro\/#website"},"primaryImageOfPage":{"@id":"https:\/\/peruvision.ro\/produs\/tp-link-deco-m4-wi-fi-mesh-3-pack\/#primaryimage"},"image":{"@id":"https:\/\/peruvision.ro\/produs\/tp-link-deco-m4-wi-fi-mesh-3-pack\/#primaryimage"},"thumbnailUrl":"https:\/\/peruvision.ro\/wp-content\/uploads\/2023\/10\/DECO-M4-3-sateliti-1.jpg","datePublished":"2023-10-11T05:39:41+00:00","dateModified":"2025-12-17T11:46:30+00:00","description":"Descopera TP-Link Deco M4 Wi-Fi Mesh (3-Pack) la Peruvision. Preturi speciale pentru echipamentele achizitionate","breadcrumb":{"@id":"https:\/\/peruvision.ro\/produs\/tp-link-deco-m4-wi-fi-mesh-3-pack\/#breadcrumb"},"inLanguage":"en-GB","potentialAction":[{"@type":"ReadAction","target":["https:\/\/peruvision.ro\/produs\/tp-link-deco-m4-wi-fi-mesh-3-pack\/"]}]},{"@type":"ImageObject","inLanguage":"en-GB","@id":"https:\/\/peruvision.ro\/produs\/tp-link-deco-m4-wi-fi-mesh-3-pack\/#primaryimage","url":"https:\/\/peruvision.ro\/wp-content\/uploads\/2023\/10\/DECO-M4-3-sateliti-1.jpg","contentUrl":"https:\/\/peruvision.ro\/wp-content\/uploads\/2023\/10\/DECO-M4-3-sateliti-1.jpg","width":1000,"height":1000},{"@type":"BreadcrumbList","@id":"https:\/\/peruvision.ro\/produs\/tp-link-deco-m4-wi-fi-mesh-3-pack\/#breadcrumb","itemListElement":[{"@type":"ListItem","position":1,"name":"Prima pagin\u0103","item":"https:\/\/peruvision.ro\/"},{"@type":"ListItem","position":2,"name":"Produse","item":"https:\/\/peruvision.ro\/produse\/"},{"@type":"ListItem","position":3,"name":"TP-Link Deco M4 Wi-Fi Mesh (3-Pack)"}]},{"@type":"WebSite","@id":"https:\/\/peruvision.ro\/#website","url":"https:\/\/peruvision.ro\/","name":"Peruvision","description":"Site-ul firmei Peruvision, specializata in distributia de echipamente de telecomunicatii si servicii aferente.","publisher":{"@id":"https:\/\/peruvision.ro\/#organization"},"potentialAction":[{"@type":"SearchAction","target":{"@type":"EntryPoint","urlTemplate":"https:\/\/peruvision.ro\/?s={search_term_string}"},"query-input":{"@type":"PropertyValueSpecification","valueRequired":true,"valueName":"search_term_string"}}],"inLanguage":"en-GB"},{"@type":"Organization","@id":"https:\/\/peruvision.ro\/#organization","name":"Peruvision","url":"https:\/\/peruvision.ro\/","logo":{"@type":"ImageObject","inLanguage":"en-GB","@id":"https:\/\/peruvision.ro\/#\/schema\/logo\/image\/","url":"https:\/\/peruvision.ro\/wp-content\/uploads\/2021\/09\/3biss-negru.png","contentUrl":"https:\/\/peruvision.ro\/wp-content\/uploads\/2021\/09\/3biss-negru.png","width":2035,"height":432,"caption":"Peruvision"},"image":{"@id":"https:\/\/peruvision.ro\/#\/schema\/logo\/image\/"},"sameAs":["https:\/\/www.facebook.com\/profile.php?id=100040871665118"]}]}},"jetpack_sharing_enabled":true,"_links":{"self":[{"href":"https:\/\/peruvision.ro\/en\/wp-json\/wp\/v2\/product\/12715","targetHints":{"allow":["GET"]}}],"collection":[{"href":"https:\/\/peruvision.ro\/en\/wp-json\/wp\/v2\/product"}],"about":[{"href":"https:\/\/peruvision.ro\/en\/wp-json\/wp\/v2\/types\/product"}],"version-history":[{"count":1,"href":"https:\/\/peruvision.ro\/en\/wp-json\/wp\/v2\/product\/12715\/revisions"}],"predecessor-version":[{"id":17847,"href":"https:\/\/peruvision.ro\/en\/wp-json\/wp\/v2\/product\/12715\/revisions\/17847"}],"wp:featuredmedia":[{"embeddable":true,"href":"https:\/\/peruvision.ro\/en\/wp-json\/wp\/v2\/media\/12720"}],"wp:attachment":[{"href":"https:\/\/peruvision.ro\/en\/wp-json\/wp\/v2\/media?parent=12715"}],"wp:term":[{"taxonomy":"product_brand","embeddable":true,"href":"https:\/\/peruvision.ro\/en\/wp-json\/wp\/v2\/product_brand?post=12715"},{"taxonomy":"product_cat","embeddable":true,"href":"https:\/\/peruvision.ro\/en\/wp-json\/wp\/v2\/product_cat?post=12715"},{"taxonomy":"product_tag","embeddable":true,"href":"https:\/\/peruvision.ro\/en\/wp-json\/wp\/v2\/product_tag?post=12715"}],"curies":[{"name":"wp","href":"https:\/\/api.w.org\/{rel}","templated":true}]}}