{"id":12703,"date":"2023-10-10T12:39:53","date_gmt":"2023-10-10T09:39:53","guid":{"rendered":"https:\/\/peruvision.ro\/?post_type=product&#038;p=12703"},"modified":"2026-03-17T11:37:11","modified_gmt":"2026-03-17T09:37:11","slug":"google-nest-mini-gen-2","status":"publish","type":"product","link":"https:\/\/peruvision.ro\/en\/product\/google-nest-mini-gen-2\/","title":{"rendered":"BOXA GOOGLE NEST MINI V2"},"content":{"rendered":"<h4>Google Nest Mini generatia a 2-a alb<\/h4>\n<p>Google Nest Mini vine cu asistentul Google incorporat. Pentru a va ajuta oricand aveti nevoie<\/p>\n<h4>Cu Google Nest Mini controlati casa cu inteligenta<\/h4>\n<p>Google Nest Mini functioneaza cu peste 1.000 de dispozitive inteligente din acasa de la peste 150 de branduri.<\/p>\n<h4>Obtineti raspunsuri de la Google.<\/h4>\n<p>Aveti la indemana cele mai recente informatii despre vreme, trafic, finante, sport si multe altele printr-o simpla intrebare adresata la Gooogle Nest Mini (in engleza).<\/p>\n<p>Technical specifications:<\/p>\n<p>Dimensiuni &amp; Greutate: Diametru: 98 mm (3,85 inchi) \u2022 \u00cen\u0103l\u021bime: 42 mm (1,65 inchi) \u2022 Greutatea dispozitivului: 183 g<br \/>\nCulori \u0219i materiale: Cret\u0103 \u2022 C\u0103rbune \u2022 Coral \u2022 Cer<br \/>\nConectivitate: Wi-Fi \u2022 Suport Bluetooth\u00ae<br \/>\nPutere \u0219i porturi: Adaptor de alimentare de 15 W \u2022 Muf\u0103 de alimentare DC<br \/>\nDifuzoare \u0219i microfoane: Asistent Google \u2022 Sunet la 360 de grade cu driver de 40 mm<br \/>\nSenzori: Comenzi tactile capacitive \u2022 3 microfoane cu c\u00e2mp \u00eendep\u0103rtat<br \/>\nProcesor: CPU Quad-core pe 64 de bi\u021bi ARM 1,4 GHz \u2022 Motor hardware ML de \u00eenalt\u0103 performan\u021b\u0103<br \/>\nSisteme de operare acceptate pentru aplica\u021bia Google Home: Android \u2022 iOS<\/p>\n<p>Cerin\u021be pentru a utiliza Google Nest mini gen. 2:<br \/>\nUtilizarea Wi-Fi necesit\u0103 un punct de acces 802.11a\/b\/g\/n\/ac (router)<br \/>\nPriz\u0103 \u00een apropiere<br \/>\nAplica\u021bia Google Home ruleaz\u0103 pe un dispozitiv mobil compatibil.<\/p>","protected":false},"excerpt":{"rendered":"<ul>\n<li>Google Nest Mini generatia a 2-a alb<\/li>\n<li>Sunet si un control inteligent pentru o casa inteligenta<\/li>\n<li>Cu Google Nest Mini controlati casa cu inteligenta<\/li>\n<li>Obtineti raspunsuri de la Google.<\/li>\n<\/ul>","protected":false},"featured_media":12705,"template":"","meta":[],"product_brand":[],"product_cat":[711,242,15],"product_tag":[],"class_list":{"0":"post-12703","1":"product","2":"type-product","3":"status-publish","4":"has-post-thumbnail","6":"product_cat-boxe-inteligente","7":"product_cat-smarthome-alte-echipamente","8":"product_cat-toate-produsele","10":"first","11":"outofstock","12":"taxable","13":"shipping-taxable","14":"purchasable","15":"product-type-simple"},"yoast_head":"<!-- This site is optimized with the Yoast SEO Premium plugin v21.9 (Yoast SEO v27.3) - https:\/\/yoast.com\/product\/yoast-seo-premium-wordpress\/ -->\n<title>BOXA GOOGLE NEST MINI V2 - Peruvision<\/title>\n<meta name=\"description\" content=\"Descopera BOXA GOOGLE NEST MINI V2 la Peruvision. Preturi speciale pentru echipamentele achizitionate\" \/>\n<meta name=\"robots\" content=\"index, follow, max-snippet:-1, max-image-preview:large, max-video-preview:-1\" \/>\n<link rel=\"canonical\" href=\"https:\/\/peruvision.ro\/en\/product\/google-nest-mini-gen-2\/\" \/>\n<meta property=\"og:locale\" content=\"en_GB\" \/>\n<meta property=\"og:type\" content=\"article\" \/>\n<meta property=\"og:title\" content=\"BOXA GOOGLE NEST MINI V2\" \/>\n<meta property=\"og:description\" content=\"Descopera BOXA GOOGLE NEST MINI V2 la Peruvision. Preturi speciale pentru echipamentele achizitionate\" \/>\n<meta property=\"og:url\" content=\"https:\/\/peruvision.ro\/en\/product\/google-nest-mini-gen-2\/\" \/>\n<meta property=\"og:site_name\" content=\"Peruvision\" \/>\n<meta property=\"article:publisher\" content=\"https:\/\/www.facebook.com\/profile.php?id=100040871665118\" \/>\n<meta property=\"article:modified_time\" content=\"2026-03-17T09:37:11+00:00\" \/>\n<meta property=\"og:image\" content=\"https:\/\/peruvision.ro\/wp-content\/uploads\/2023\/10\/Google-Nest-Mini-v2-1.jpg\" \/>\n\t<meta property=\"og:image:width\" content=\"1024\" \/>\n\t<meta property=\"og:image:height\" content=\"1024\" \/>\n\t<meta property=\"og:image:type\" content=\"image\/jpeg\" \/>\n<meta name=\"twitter:card\" content=\"summary_large_image\" \/>\n<meta name=\"twitter:label1\" content=\"Estimated reading time\" \/>\n\t<meta name=\"twitter:data1\" content=\"2 minutes\" \/>\n<script type=\"application\/ld+json\" class=\"yoast-schema-graph\">{\"@context\":\"https:\\\/\\\/schema.org\",\"@graph\":[{\"@type\":\"WebPage\",\"@id\":\"https:\\\/\\\/peruvision.ro\\\/produs\\\/google-nest-mini-gen-2\\\/\",\"url\":\"https:\\\/\\\/peruvision.ro\\\/produs\\\/google-nest-mini-gen-2\\\/\",\"name\":\"BOXA GOOGLE NEST MINI V2 - Peruvision\",\"isPartOf\":{\"@id\":\"https:\\\/\\\/peruvision.ro\\\/#website\"},\"primaryImageOfPage\":{\"@id\":\"https:\\\/\\\/peruvision.ro\\\/produs\\\/google-nest-mini-gen-2\\\/#primaryimage\"},\"image\":{\"@id\":\"https:\\\/\\\/peruvision.ro\\\/produs\\\/google-nest-mini-gen-2\\\/#primaryimage\"},\"thumbnailUrl\":\"https:\\\/\\\/peruvision.ro\\\/wp-content\\\/uploads\\\/2023\\\/10\\\/Google-Nest-Mini-v2-1.jpg\",\"datePublished\":\"2023-10-10T09:39:53+00:00\",\"dateModified\":\"2026-03-17T09:37:11+00:00\",\"description\":\"Descopera BOXA GOOGLE NEST MINI V2 la Peruvision. Preturi speciale pentru echipamentele achizitionate\",\"breadcrumb\":{\"@id\":\"https:\\\/\\\/peruvision.ro\\\/produs\\\/google-nest-mini-gen-2\\\/#breadcrumb\"},\"inLanguage\":\"en-GB\",\"potentialAction\":[{\"@type\":\"ReadAction\",\"target\":[\"https:\\\/\\\/peruvision.ro\\\/produs\\\/google-nest-mini-gen-2\\\/\"]}]},{\"@type\":\"ImageObject\",\"inLanguage\":\"en-GB\",\"@id\":\"https:\\\/\\\/peruvision.ro\\\/produs\\\/google-nest-mini-gen-2\\\/#primaryimage\",\"url\":\"https:\\\/\\\/peruvision.ro\\\/wp-content\\\/uploads\\\/2023\\\/10\\\/Google-Nest-Mini-v2-1.jpg\",\"contentUrl\":\"https:\\\/\\\/peruvision.ro\\\/wp-content\\\/uploads\\\/2023\\\/10\\\/Google-Nest-Mini-v2-1.jpg\",\"width\":1024,\"height\":1024},{\"@type\":\"BreadcrumbList\",\"@id\":\"https:\\\/\\\/peruvision.ro\\\/produs\\\/google-nest-mini-gen-2\\\/#breadcrumb\",\"itemListElement\":[{\"@type\":\"ListItem\",\"position\":1,\"name\":\"Prima pagin\u0103\",\"item\":\"https:\\\/\\\/peruvision.ro\\\/\"},{\"@type\":\"ListItem\",\"position\":2,\"name\":\"Produse\",\"item\":\"https:\\\/\\\/peruvision.ro\\\/produse\\\/\"},{\"@type\":\"ListItem\",\"position\":3,\"name\":\"BOXA GOOGLE NEST MINI V2\"}]},{\"@type\":\"WebSite\",\"@id\":\"https:\\\/\\\/peruvision.ro\\\/#website\",\"url\":\"https:\\\/\\\/peruvision.ro\\\/\",\"name\":\"Peruvision\",\"description\":\"Site-ul firmei Peruvision, specializata in distributia de echipamente de telecomunicatii si servicii aferente.\",\"publisher\":{\"@id\":\"https:\\\/\\\/peruvision.ro\\\/#organization\"},\"potentialAction\":[{\"@type\":\"SearchAction\",\"target\":{\"@type\":\"EntryPoint\",\"urlTemplate\":\"https:\\\/\\\/peruvision.ro\\\/?s={search_term_string}\"},\"query-input\":{\"@type\":\"PropertyValueSpecification\",\"valueRequired\":true,\"valueName\":\"search_term_string\"}}],\"inLanguage\":\"en-GB\"},{\"@type\":\"Organization\",\"@id\":\"https:\\\/\\\/peruvision.ro\\\/#organization\",\"name\":\"Peruvision\",\"url\":\"https:\\\/\\\/peruvision.ro\\\/\",\"logo\":{\"@type\":\"ImageObject\",\"inLanguage\":\"en-GB\",\"@id\":\"https:\\\/\\\/peruvision.ro\\\/#\\\/schema\\\/logo\\\/image\\\/\",\"url\":\"https:\\\/\\\/peruvision.ro\\\/wp-content\\\/uploads\\\/2021\\\/09\\\/3biss-negru.png\",\"contentUrl\":\"https:\\\/\\\/peruvision.ro\\\/wp-content\\\/uploads\\\/2021\\\/09\\\/3biss-negru.png\",\"width\":2035,\"height\":432,\"caption\":\"Peruvision\"},\"image\":{\"@id\":\"https:\\\/\\\/peruvision.ro\\\/#\\\/schema\\\/logo\\\/image\\\/\"},\"sameAs\":[\"https:\\\/\\\/www.facebook.com\\\/profile.php?id=100040871665118\"]}]}<\/script>\n<!-- \/ Yoast SEO Premium plugin. -->","yoast_head_json":{"title":"BOXA GOOGLE NEST MINI V2 - Peruvision","description":"Descopera BOXA GOOGLE NEST MINI V2 la Peruvision. Preturi speciale pentru echipamentele achizitionate","robots":{"index":"index","follow":"follow","max-snippet":"max-snippet:-1","max-image-preview":"max-image-preview:large","max-video-preview":"max-video-preview:-1"},"canonical":"https:\/\/peruvision.ro\/en\/product\/google-nest-mini-gen-2\/","og_locale":"en_GB","og_type":"article","og_title":"BOXA GOOGLE NEST MINI V2","og_description":"Descopera BOXA GOOGLE NEST MINI V2 la Peruvision. Preturi speciale pentru echipamentele achizitionate","og_url":"https:\/\/peruvision.ro\/en\/product\/google-nest-mini-gen-2\/","og_site_name":"Peruvision","article_publisher":"https:\/\/www.facebook.com\/profile.php?id=100040871665118","article_modified_time":"2026-03-17T09:37:11+00:00","og_image":[{"width":1024,"height":1024,"url":"https:\/\/peruvision.ro\/wp-content\/uploads\/2023\/10\/Google-Nest-Mini-v2-1.jpg","type":"image\/jpeg"}],"twitter_card":"summary_large_image","twitter_misc":{"Estimated reading time":"2 minutes"},"schema":{"@context":"https:\/\/schema.org","@graph":[{"@type":"WebPage","@id":"https:\/\/peruvision.ro\/produs\/google-nest-mini-gen-2\/","url":"https:\/\/peruvision.ro\/produs\/google-nest-mini-gen-2\/","name":"BOXA GOOGLE NEST MINI V2 - Peruvision","isPartOf":{"@id":"https:\/\/peruvision.ro\/#website"},"primaryImageOfPage":{"@id":"https:\/\/peruvision.ro\/produs\/google-nest-mini-gen-2\/#primaryimage"},"image":{"@id":"https:\/\/peruvision.ro\/produs\/google-nest-mini-gen-2\/#primaryimage"},"thumbnailUrl":"https:\/\/peruvision.ro\/wp-content\/uploads\/2023\/10\/Google-Nest-Mini-v2-1.jpg","datePublished":"2023-10-10T09:39:53+00:00","dateModified":"2026-03-17T09:37:11+00:00","description":"Descopera BOXA GOOGLE NEST MINI V2 la Peruvision. Preturi speciale pentru echipamentele achizitionate","breadcrumb":{"@id":"https:\/\/peruvision.ro\/produs\/google-nest-mini-gen-2\/#breadcrumb"},"inLanguage":"en-GB","potentialAction":[{"@type":"ReadAction","target":["https:\/\/peruvision.ro\/produs\/google-nest-mini-gen-2\/"]}]},{"@type":"ImageObject","inLanguage":"en-GB","@id":"https:\/\/peruvision.ro\/produs\/google-nest-mini-gen-2\/#primaryimage","url":"https:\/\/peruvision.ro\/wp-content\/uploads\/2023\/10\/Google-Nest-Mini-v2-1.jpg","contentUrl":"https:\/\/peruvision.ro\/wp-content\/uploads\/2023\/10\/Google-Nest-Mini-v2-1.jpg","width":1024,"height":1024},{"@type":"BreadcrumbList","@id":"https:\/\/peruvision.ro\/produs\/google-nest-mini-gen-2\/#breadcrumb","itemListElement":[{"@type":"ListItem","position":1,"name":"Prima pagin\u0103","item":"https:\/\/peruvision.ro\/"},{"@type":"ListItem","position":2,"name":"Produse","item":"https:\/\/peruvision.ro\/produse\/"},{"@type":"ListItem","position":3,"name":"BOXA GOOGLE NEST MINI V2"}]},{"@type":"WebSite","@id":"https:\/\/peruvision.ro\/#website","url":"https:\/\/peruvision.ro\/","name":"Peruvision","description":"Site-ul firmei Peruvision, specializata in distributia de echipamente de telecomunicatii si servicii aferente.","publisher":{"@id":"https:\/\/peruvision.ro\/#organization"},"potentialAction":[{"@type":"SearchAction","target":{"@type":"EntryPoint","urlTemplate":"https:\/\/peruvision.ro\/?s={search_term_string}"},"query-input":{"@type":"PropertyValueSpecification","valueRequired":true,"valueName":"search_term_string"}}],"inLanguage":"en-GB"},{"@type":"Organization","@id":"https:\/\/peruvision.ro\/#organization","name":"Peruvision","url":"https:\/\/peruvision.ro\/","logo":{"@type":"ImageObject","inLanguage":"en-GB","@id":"https:\/\/peruvision.ro\/#\/schema\/logo\/image\/","url":"https:\/\/peruvision.ro\/wp-content\/uploads\/2021\/09\/3biss-negru.png","contentUrl":"https:\/\/peruvision.ro\/wp-content\/uploads\/2021\/09\/3biss-negru.png","width":2035,"height":432,"caption":"Peruvision"},"image":{"@id":"https:\/\/peruvision.ro\/#\/schema\/logo\/image\/"},"sameAs":["https:\/\/www.facebook.com\/profile.php?id=100040871665118"]}]}},"jetpack_sharing_enabled":true,"_links":{"self":[{"href":"https:\/\/peruvision.ro\/en\/wp-json\/wp\/v2\/product\/12703","targetHints":{"allow":["GET"]}}],"collection":[{"href":"https:\/\/peruvision.ro\/en\/wp-json\/wp\/v2\/product"}],"about":[{"href":"https:\/\/peruvision.ro\/en\/wp-json\/wp\/v2\/types\/product"}],"version-history":[{"count":1,"href":"https:\/\/peruvision.ro\/en\/wp-json\/wp\/v2\/product\/12703\/revisions"}],"predecessor-version":[{"id":17846,"href":"https:\/\/peruvision.ro\/en\/wp-json\/wp\/v2\/product\/12703\/revisions\/17846"}],"wp:featuredmedia":[{"embeddable":true,"href":"https:\/\/peruvision.ro\/en\/wp-json\/wp\/v2\/media\/12705"}],"wp:attachment":[{"href":"https:\/\/peruvision.ro\/en\/wp-json\/wp\/v2\/media?parent=12703"}],"wp:term":[{"taxonomy":"product_brand","embeddable":true,"href":"https:\/\/peruvision.ro\/en\/wp-json\/wp\/v2\/product_brand?post=12703"},{"taxonomy":"product_cat","embeddable":true,"href":"https:\/\/peruvision.ro\/en\/wp-json\/wp\/v2\/product_cat?post=12703"},{"taxonomy":"product_tag","embeddable":true,"href":"https:\/\/peruvision.ro\/en\/wp-json\/wp\/v2\/product_tag?post=12703"}],"curies":[{"name":"wp","href":"https:\/\/api.w.org\/{rel}","templated":true}]}}