{"id":12680,"date":"2023-10-09T10:23:43","date_gmt":"2023-10-09T07:23:43","guid":{"rendered":"https:\/\/peruvision.ro\/?post_type=product&#038;p=12680"},"modified":"2026-03-17T11:37:18","modified_gmt":"2026-03-17T09:37:18","slug":"tp-link-tl-wa854re-range-extender","status":"publish","type":"product","link":"https:\/\/peruvision.ro\/en\/product\/tp-link-tl-wa854re-range-extender\/","title":{"rendered":"RANGE EXTENDER TP TL-WA854RE"},"content":{"rendered":"<p>Range extender TP-Link TL-WA854RE<\/p>\n<section class=\"a\">\n<div class=\"w960\">\n<div class=\"text\">\n<h4>Extindere u\u0219oar\u0103 a re\u021belei Wi-Fi<\/h4>\n<h4>Sprijin\u0103 re\u021beaua wireless<\/h4>\n<\/div>\n<\/div>\n<\/section>\n<section class=\"b\">\n<div class=\"w960\">\n<div class=\"text\">\n<p>Prea multe zone f\u0103r\u0103 conexiune\u00a0Wi-Fi? Range Extenderul\u00a0TP-Link se conecteaz\u0103 la router wireless, \u00eent\u0103rind \u0219i amplific\u00e2nd semnalul \u00een zone \u00een care semnalul routerului nu\u00a0poate ajunge. De asemenea, dispozitivul reduce interferen\u021ba semnalului pentru a asigura o acoperire Wi-Fi stabil\u0103 \u00een\u00a0cas\u0103 sau la birou.<\/p>\n<p>Router Wireless<\/p>\n<ul>\n<li class=\"b1\">Router&#8217;s Wireless Range<\/li>\n<li class=\"b2\">Extended Wireless Range<\/li>\n<\/ul>\n<\/div>\n<\/div>\n<\/section>\n<section class=\"c\">\n<div class=\"w960\">\n<div class=\"text\">\n<h4>Configurare \u0219i amplasare u\u0219oar\u0103<\/h4>\n<p>Apas\u0103 butonul WPS de pe router, apoi butonul de pe Range Extenderul TL-WA854RE \u00een decurs de 2 minute pentru a te conecta u\u0219or la re\u021bea. Odat\u0103 conectat la un router existent, po\u021bi conecta dispozitivul TL-WA854RE \u00een loca\u021bia dorit\u0103 pentru un semnal de calitate \u0219i pentru a ob\u021bine acoperirea dorit\u0103, f\u0103r\u0103 a mai fi nevoie s\u0103 configura\u021bi din nou extensia.<\/p>\n<\/div>\n<p class=\"des\">Wireless Router<\/p>\n<\/div>\n<\/section>\n<section class=\"d\">\n<div class=\"w960\">\n<div class=\"text\">\n<h4>Indicator luminos inteligent pentru semnal<\/h4>\n<p>5 semnale luminoase arat\u0103 intensitatea semnalului pe care dispozitivul TL-WA854RE \u00eel prime\u0219te de la routerul existent, ceea ce poate ajuta la g\u0103sirea loca\u021biei potrivite pentru a plasa range extenderul.<br \/>\nSe recomand\u0103 s\u0103 alegi\u00a0o loca\u021bie unde sunt cel pu\u021bin 3 semnale de lumin\u0103 verde pentru a garanta o performan\u021b\u0103 bun\u0103.<\/p>\n<\/div>\n<\/div>\n<\/section>\n<section class=\"e\">\n<div class=\"w960\">\n<div class=\"text\">\n<h4>Aplica\u021bia Tether pentru utilizare u\u0219oar\u0103<\/h4>\n<p>Utilizeaz\u0103\u00a0orice dispozitiv mobil pentru a accesa cu u\u0219urin\u021b\u0103 \u0219i pentru a gestiona diverse func\u021bii, inclusiv func\u021bia de control al LED-urilor pentru modul de noapte, care \u00ee\u021bi\u00a0permite s\u0103 te\u00a0bucuri\u00a0de un somn mai lini\u0219tit.<\/p>\n<\/div>\n<\/div>\n<\/section>\n<p><strong>HARDWARE CHARACTERISTICS<\/strong><\/p>\n<ul>\n<li>Tip Priz\u0103: UE<\/li>\n<li>Butoane: Buton WPS, Buton Reset<\/li>\n<li>Putere de intrare: 100-240V~50\/60Hz<\/li>\n<li>Consum Energie: Aproximativ 3.3W<\/li>\n<li>Dimensiuni: (L x l x H) 65.8 \u00d7 75.2 \u00d7 110mm<\/li>\n<li>Func\u021bii: Wireless Activare\/Dezactivare Wireless Radio<\/li>\n<li>Controlul accesului<\/li>\n<li>Control LED<\/li>\n<li>Program de alimentare<\/li>\n<li>Acoperire Wi-Fi<\/li>\n<\/ul>\n<p>Click for more details <a href=\"https:\/\/www.tp-link.com\/ro\/home-networking\/range-extender\/tl-wa854re\/#overview\">here.<\/a><\/p>","protected":false},"excerpt":{"rendered":"<section class=\"a\">\n<div class=\"w960\">\n<div class=\"text\">\n<ul>\n<li>Extindere u\u0219oar\u0103 a re\u021belei Wi-Fi<\/li>\n<li>Sprijin\u0103 re\u021beaua wireless<\/li>\n<li>Configurare \u0219i amplasare u\u0219oar\u0103<\/li>\n<li>Indicator luminos inteligent pentru semnal<\/li>\n<li>Aplica\u021bia Tether pentru utilizare u\u0219oar\u0103<\/li>\n<\/ul>\n<\/div>\n<\/div>\n<\/section>","protected":false},"featured_media":12685,"template":"","meta":[],"product_brand":[],"product_cat":[665,289,15],"product_tag":[],"class_list":{"0":"post-12680","1":"product","2":"type-product","3":"status-publish","4":"has-post-thumbnail","6":"product_cat-adaptoare-wireless","7":"product_cat-retelistica","8":"product_cat-toate-produsele","10":"first","11":"outofstock","12":"featured","13":"taxable","14":"shipping-taxable","15":"purchasable","16":"product-type-simple"},"yoast_head":"<!-- This site is optimized with the Yoast SEO Premium plugin v21.9 (Yoast SEO v27.6) - https:\/\/yoast.com\/product\/yoast-seo-premium-wordpress\/ -->\n<title>RANGE EXTENDER TP TL-WA854RE - Peruvision<\/title>\n<meta name=\"description\" content=\"Descopera RANGE EXTENDER TP TL-WA854RE la Peruvision. Preturi speciale pentru echipamentele achizitionate\" \/>\n<meta name=\"robots\" content=\"index, follow, max-snippet:-1, max-image-preview:large, max-video-preview:-1\" \/>\n<link rel=\"canonical\" href=\"https:\/\/peruvision.ro\/en\/product\/tp-link-tl-wa854re-range-extender\/\" \/>\n<meta property=\"og:locale\" content=\"en_GB\" \/>\n<meta property=\"og:type\" content=\"article\" \/>\n<meta property=\"og:title\" content=\"RANGE EXTENDER TP TL-WA854RE\" \/>\n<meta property=\"og:description\" content=\"Descopera RANGE EXTENDER TP TL-WA854RE la Peruvision. Preturi speciale pentru echipamentele achizitionate\" \/>\n<meta property=\"og:url\" content=\"https:\/\/peruvision.ro\/en\/product\/tp-link-tl-wa854re-range-extender\/\" \/>\n<meta property=\"og:site_name\" content=\"Peruvision\" \/>\n<meta property=\"article:publisher\" content=\"https:\/\/www.facebook.com\/profile.php?id=100040871665118\" \/>\n<meta property=\"article:modified_time\" content=\"2026-03-17T09:37:18+00:00\" \/>\n<meta property=\"og:image\" content=\"https:\/\/peruvision.ro\/wp-content\/uploads\/2023\/10\/TPLINK-TL-WA854RE-3.jpg\" \/>\n\t<meta property=\"og:image:width\" content=\"1024\" \/>\n\t<meta property=\"og:image:height\" content=\"1024\" \/>\n\t<meta property=\"og:image:type\" content=\"image\/jpeg\" \/>\n<meta name=\"twitter:card\" content=\"summary_large_image\" \/>\n<meta name=\"twitter:label1\" content=\"Estimated reading time\" \/>\n\t<meta name=\"twitter:data1\" content=\"2 minutes\" \/>\n<script type=\"application\/ld+json\" class=\"yoast-schema-graph\">{\"@context\":\"https:\\\/\\\/schema.org\",\"@graph\":[{\"@type\":\"WebPage\",\"@id\":\"https:\\\/\\\/peruvision.ro\\\/produs\\\/tp-link-tl-wa854re-range-extender\\\/\",\"url\":\"https:\\\/\\\/peruvision.ro\\\/produs\\\/tp-link-tl-wa854re-range-extender\\\/\",\"name\":\"RANGE EXTENDER TP TL-WA854RE - Peruvision\",\"isPartOf\":{\"@id\":\"https:\\\/\\\/peruvision.ro\\\/#website\"},\"primaryImageOfPage\":{\"@id\":\"https:\\\/\\\/peruvision.ro\\\/produs\\\/tp-link-tl-wa854re-range-extender\\\/#primaryimage\"},\"image\":{\"@id\":\"https:\\\/\\\/peruvision.ro\\\/produs\\\/tp-link-tl-wa854re-range-extender\\\/#primaryimage\"},\"thumbnailUrl\":\"https:\\\/\\\/peruvision.ro\\\/wp-content\\\/uploads\\\/2023\\\/10\\\/TPLINK-TL-WA854RE-3.jpg\",\"datePublished\":\"2023-10-09T07:23:43+00:00\",\"dateModified\":\"2026-03-17T09:37:18+00:00\",\"description\":\"Descopera RANGE EXTENDER TP TL-WA854RE la Peruvision. Preturi speciale pentru echipamentele achizitionate\",\"breadcrumb\":{\"@id\":\"https:\\\/\\\/peruvision.ro\\\/produs\\\/tp-link-tl-wa854re-range-extender\\\/#breadcrumb\"},\"inLanguage\":\"en-GB\",\"potentialAction\":[{\"@type\":\"ReadAction\",\"target\":[\"https:\\\/\\\/peruvision.ro\\\/produs\\\/tp-link-tl-wa854re-range-extender\\\/\"]}]},{\"@type\":\"ImageObject\",\"inLanguage\":\"en-GB\",\"@id\":\"https:\\\/\\\/peruvision.ro\\\/produs\\\/tp-link-tl-wa854re-range-extender\\\/#primaryimage\",\"url\":\"https:\\\/\\\/peruvision.ro\\\/wp-content\\\/uploads\\\/2023\\\/10\\\/TPLINK-TL-WA854RE-3.jpg\",\"contentUrl\":\"https:\\\/\\\/peruvision.ro\\\/wp-content\\\/uploads\\\/2023\\\/10\\\/TPLINK-TL-WA854RE-3.jpg\",\"width\":1024,\"height\":1024},{\"@type\":\"BreadcrumbList\",\"@id\":\"https:\\\/\\\/peruvision.ro\\\/produs\\\/tp-link-tl-wa854re-range-extender\\\/#breadcrumb\",\"itemListElement\":[{\"@type\":\"ListItem\",\"position\":1,\"name\":\"Prima pagin\u0103\",\"item\":\"https:\\\/\\\/peruvision.ro\\\/\"},{\"@type\":\"ListItem\",\"position\":2,\"name\":\"Produse\",\"item\":\"https:\\\/\\\/peruvision.ro\\\/produse\\\/\"},{\"@type\":\"ListItem\",\"position\":3,\"name\":\"RANGE EXTENDER TP TL-WA854RE\"}]},{\"@type\":\"WebSite\",\"@id\":\"https:\\\/\\\/peruvision.ro\\\/#website\",\"url\":\"https:\\\/\\\/peruvision.ro\\\/\",\"name\":\"Peruvision\",\"description\":\"Site-ul firmei Peruvision, specializata in distributia de echipamente de telecomunicatii si servicii aferente.\",\"publisher\":{\"@id\":\"https:\\\/\\\/peruvision.ro\\\/#organization\"},\"potentialAction\":[{\"@type\":\"SearchAction\",\"target\":{\"@type\":\"EntryPoint\",\"urlTemplate\":\"https:\\\/\\\/peruvision.ro\\\/?s={search_term_string}\"},\"query-input\":{\"@type\":\"PropertyValueSpecification\",\"valueRequired\":true,\"valueName\":\"search_term_string\"}}],\"inLanguage\":\"en-GB\"},{\"@type\":\"Organization\",\"@id\":\"https:\\\/\\\/peruvision.ro\\\/#organization\",\"name\":\"Peruvision\",\"url\":\"https:\\\/\\\/peruvision.ro\\\/\",\"logo\":{\"@type\":\"ImageObject\",\"inLanguage\":\"en-GB\",\"@id\":\"https:\\\/\\\/peruvision.ro\\\/#\\\/schema\\\/logo\\\/image\\\/\",\"url\":\"https:\\\/\\\/peruvision.ro\\\/wp-content\\\/uploads\\\/2021\\\/09\\\/3biss-negru.png\",\"contentUrl\":\"https:\\\/\\\/peruvision.ro\\\/wp-content\\\/uploads\\\/2021\\\/09\\\/3biss-negru.png\",\"width\":2035,\"height\":432,\"caption\":\"Peruvision\"},\"image\":{\"@id\":\"https:\\\/\\\/peruvision.ro\\\/#\\\/schema\\\/logo\\\/image\\\/\"},\"sameAs\":[\"https:\\\/\\\/www.facebook.com\\\/profile.php?id=100040871665118\"]}]}<\/script>\n<!-- \/ Yoast SEO Premium plugin. -->","yoast_head_json":{"title":"RANGE EXTENDER TP TL-WA854RE - Peruvision","description":"Descopera RANGE EXTENDER TP TL-WA854RE la Peruvision. Preturi speciale pentru echipamentele achizitionate","robots":{"index":"index","follow":"follow","max-snippet":"max-snippet:-1","max-image-preview":"max-image-preview:large","max-video-preview":"max-video-preview:-1"},"canonical":"https:\/\/peruvision.ro\/en\/product\/tp-link-tl-wa854re-range-extender\/","og_locale":"en_GB","og_type":"article","og_title":"RANGE EXTENDER TP TL-WA854RE","og_description":"Descopera RANGE EXTENDER TP TL-WA854RE la Peruvision. Preturi speciale pentru echipamentele achizitionate","og_url":"https:\/\/peruvision.ro\/en\/product\/tp-link-tl-wa854re-range-extender\/","og_site_name":"Peruvision","article_publisher":"https:\/\/www.facebook.com\/profile.php?id=100040871665118","article_modified_time":"2026-03-17T09:37:18+00:00","og_image":[{"width":1024,"height":1024,"url":"https:\/\/peruvision.ro\/wp-content\/uploads\/2023\/10\/TPLINK-TL-WA854RE-3.jpg","type":"image\/jpeg"}],"twitter_card":"summary_large_image","twitter_misc":{"Estimated reading time":"2 minutes"},"schema":{"@context":"https:\/\/schema.org","@graph":[{"@type":"WebPage","@id":"https:\/\/peruvision.ro\/produs\/tp-link-tl-wa854re-range-extender\/","url":"https:\/\/peruvision.ro\/produs\/tp-link-tl-wa854re-range-extender\/","name":"RANGE EXTENDER TP TL-WA854RE - Peruvision","isPartOf":{"@id":"https:\/\/peruvision.ro\/#website"},"primaryImageOfPage":{"@id":"https:\/\/peruvision.ro\/produs\/tp-link-tl-wa854re-range-extender\/#primaryimage"},"image":{"@id":"https:\/\/peruvision.ro\/produs\/tp-link-tl-wa854re-range-extender\/#primaryimage"},"thumbnailUrl":"https:\/\/peruvision.ro\/wp-content\/uploads\/2023\/10\/TPLINK-TL-WA854RE-3.jpg","datePublished":"2023-10-09T07:23:43+00:00","dateModified":"2026-03-17T09:37:18+00:00","description":"Descopera RANGE EXTENDER TP TL-WA854RE la Peruvision. Preturi speciale pentru echipamentele achizitionate","breadcrumb":{"@id":"https:\/\/peruvision.ro\/produs\/tp-link-tl-wa854re-range-extender\/#breadcrumb"},"inLanguage":"en-GB","potentialAction":[{"@type":"ReadAction","target":["https:\/\/peruvision.ro\/produs\/tp-link-tl-wa854re-range-extender\/"]}]},{"@type":"ImageObject","inLanguage":"en-GB","@id":"https:\/\/peruvision.ro\/produs\/tp-link-tl-wa854re-range-extender\/#primaryimage","url":"https:\/\/peruvision.ro\/wp-content\/uploads\/2023\/10\/TPLINK-TL-WA854RE-3.jpg","contentUrl":"https:\/\/peruvision.ro\/wp-content\/uploads\/2023\/10\/TPLINK-TL-WA854RE-3.jpg","width":1024,"height":1024},{"@type":"BreadcrumbList","@id":"https:\/\/peruvision.ro\/produs\/tp-link-tl-wa854re-range-extender\/#breadcrumb","itemListElement":[{"@type":"ListItem","position":1,"name":"Prima pagin\u0103","item":"https:\/\/peruvision.ro\/"},{"@type":"ListItem","position":2,"name":"Produse","item":"https:\/\/peruvision.ro\/produse\/"},{"@type":"ListItem","position":3,"name":"RANGE EXTENDER TP TL-WA854RE"}]},{"@type":"WebSite","@id":"https:\/\/peruvision.ro\/#website","url":"https:\/\/peruvision.ro\/","name":"Peruvision","description":"Site-ul firmei Peruvision, specializata in distributia de echipamente de telecomunicatii si servicii aferente.","publisher":{"@id":"https:\/\/peruvision.ro\/#organization"},"potentialAction":[{"@type":"SearchAction","target":{"@type":"EntryPoint","urlTemplate":"https:\/\/peruvision.ro\/?s={search_term_string}"},"query-input":{"@type":"PropertyValueSpecification","valueRequired":true,"valueName":"search_term_string"}}],"inLanguage":"en-GB"},{"@type":"Organization","@id":"https:\/\/peruvision.ro\/#organization","name":"Peruvision","url":"https:\/\/peruvision.ro\/","logo":{"@type":"ImageObject","inLanguage":"en-GB","@id":"https:\/\/peruvision.ro\/#\/schema\/logo\/image\/","url":"https:\/\/peruvision.ro\/wp-content\/uploads\/2021\/09\/3biss-negru.png","contentUrl":"https:\/\/peruvision.ro\/wp-content\/uploads\/2021\/09\/3biss-negru.png","width":2035,"height":432,"caption":"Peruvision"},"image":{"@id":"https:\/\/peruvision.ro\/#\/schema\/logo\/image\/"},"sameAs":["https:\/\/www.facebook.com\/profile.php?id=100040871665118"]}]}},"jetpack_sharing_enabled":true,"_links":{"self":[{"href":"https:\/\/peruvision.ro\/en\/wp-json\/wp\/v2\/product\/12680","targetHints":{"allow":["GET"]}}],"collection":[{"href":"https:\/\/peruvision.ro\/en\/wp-json\/wp\/v2\/product"}],"about":[{"href":"https:\/\/peruvision.ro\/en\/wp-json\/wp\/v2\/types\/product"}],"version-history":[{"count":2,"href":"https:\/\/peruvision.ro\/en\/wp-json\/wp\/v2\/product\/12680\/revisions"}],"predecessor-version":[{"id":18296,"href":"https:\/\/peruvision.ro\/en\/wp-json\/wp\/v2\/product\/12680\/revisions\/18296"}],"wp:featuredmedia":[{"embeddable":true,"href":"https:\/\/peruvision.ro\/en\/wp-json\/wp\/v2\/media\/12685"}],"wp:attachment":[{"href":"https:\/\/peruvision.ro\/en\/wp-json\/wp\/v2\/media?parent=12680"}],"wp:term":[{"taxonomy":"product_brand","embeddable":true,"href":"https:\/\/peruvision.ro\/en\/wp-json\/wp\/v2\/product_brand?post=12680"},{"taxonomy":"product_cat","embeddable":true,"href":"https:\/\/peruvision.ro\/en\/wp-json\/wp\/v2\/product_cat?post=12680"},{"taxonomy":"product_tag","embeddable":true,"href":"https:\/\/peruvision.ro\/en\/wp-json\/wp\/v2\/product_tag?post=12680"}],"curies":[{"name":"wp","href":"https:\/\/api.w.org\/{rel}","templated":true}]}}