{"id":12666,"date":"2023-10-09T09:47:22","date_gmt":"2023-10-09T06:47:22","guid":{"rendered":"https:\/\/peruvision.ro\/?post_type=product&#038;p=12666"},"modified":"2025-12-17T13:46:21","modified_gmt":"2025-12-17T11:46:21","slug":"soundbar-philips-tab5305-12","status":"publish","type":"product","link":"https:\/\/peruvision.ro\/en\/product\/soundbar-philips-tab5305-12\/","title":{"rendered":"Soundbar Philips TAB5305\/12"},"content":{"rendered":"<div id=\"see-all-benefits\" class=\"p-s01__pdp-overview-wraper\">\n<div class=\"s01highlight s01-highlights-banner component-base\">\n<section class=\"p-s01-highlights\">\n<div class=\"p-row-gutter p-comp-spacing-bottom\">\n<h4 class=\"p-heading-02 p-heading-medium p-s01__highlights-title\">\u00cembun\u0103t\u0103\u0163e\u015fte sunetul televizorului<\/h4>\n<ul class=\"p-bullets p-large p-s01__bullets p-heading-medium\">\n<li class=\"p-s01__bullet\">Subwoofer wireless 2.1 CH<\/li>\n<li class=\"p-s01__bullet\">Bluetooth\u00ae<\/li>\n<li class=\"p-s01__bullet\">HDMI ARC<\/li>\n<\/ul>\n<\/div>\n<\/section>\n<\/div>\n<\/div>\n<div class=\"productFeatures s12-product-features component-base\">\n<section class=\"p-complete p-s12-product-features\" data-close-popup-label=\"\u00cenapoi\">\n<div class=\"p-row-gutter p-comp-spacing-bottom\">\n<div class=\"p-s12__feature-list\">\n<div class=\"p-s12__row\">\n<div class=\"p-s12__feature-item p-spacing-bottom-c\">\n<div class=\"p-s12__feature-description p-spacing-bottom-a\">\n<h4 class=\"p-heading-04-large p-heading-bold p-feature-title\">2.1 canale. Subwoofer wireless pentru bas mai profund.<\/h4>\n<p class=\"p-body-copy-02\">Trosnetul f\u0103cut de foc. Urletul mul\u0163imii. 2.1 canale introduc niveluri noi de sunet pentru filmele \u015fi emisiunile tale preferate. Subwooferul wireless compact \u00ee\u0163i ofer\u0103 un bas pe gustul t\u0103u. Exploziile vor bubui, iar muzica va avea un sunet mai plin.<\/p>\n<\/div>\n<\/div>\n<div class=\"p-s12__feature-item p-spacing-bottom-c\">\n<div class=\"p-s12__feature-description p-spacing-bottom-a\">\n<h4 class=\"p-heading-04-large p-heading-bold p-feature-title\">HDMI ARC. Controleaz\u0103 soundbarul cu telecomanda televizorului.<\/h4>\n<p class=\"p-body-copy-02\">Zilele \u00een care c\u0103utai mai multe telecomenzi s-au \u00eencheiat. Acest soundbar se conecteaz\u0103 la televizor prin HDMI ARC, permi\u0163\u00e2ndu-\u0163i s\u0103 controlezi volumul soundbarului cu aceea\u015fi telecomand\u0103 pe care o folose\u015fti pentru televizor.<\/p>\n<\/div>\n<\/div>\n<div class=\"p-s12__feature-item p-spacing-bottom-c\">\n<div class=\"p-s12__feature-description p-spacing-bottom-a\">\n<h4 class=\"p-heading-04-large p-heading-bold p-feature-title\">Conecteaz\u0103 sursele favorite pentru sunet mai puternic<\/h4>\n<p class=\"p-body-copy-02\">Red\u0103 liste de melodii de pe dispozitivul mobil prin Bluetooth. Conecteaz\u0103 surse audio prin intrarea audio sau cea optic\u0103. Indiferent ce \u00ee\u0163i place, sunetul va fi mai puternic \u015fi mai clar cu acest soundbar.<\/p>\n<\/div>\n<\/div>\n<\/div>\n<div class=\"p-s12__more-features p-s12__toggle-item\">\n<div class=\"p-s12__more-features--inner\">\n<div class=\"p-s12__row\">\n<div class=\"p-s12__feature-item p-spacing-bottom-c\">\n<div class=\"p-s12__feature-description p-spacing-bottom-a\">\n<h4 class=\"p-heading-04-large p-heading-bold p-feature-title\">Design geometric distinct. Amplasare u\u015foar\u0103.<\/h4>\n<p class=\"p-body-copy-02\">Acest soundbar are un design \u00eenclinat unic \u015fi o \u00een\u0103l\u0163ime redus\u0103. C\u00e2nd vine vorba de amplasare, suporturile incluse pentru montare pe perete \u00ee\u0163i ofer\u0103 mai multe op\u0163iuni. Designul compact al subwooferului puternic ajut\u0103 la mascarea mai u\u015foar\u0103 a acestuia.<\/p>\n<\/div>\n<\/div>\n<\/div>\n<\/div>\n<\/div>\n<\/div>\n<\/div>\n<\/section>\n<\/div>\n<div class=\"p-tc11-item-toggle\">\n<div class=\"techspec s08-specification-details component-base\">\n<section class=\"p-s08-technical-specifications\" data-chapter-count=\"2\">\n<div class=\"p-row-gutter p-comp-spacing-bottom\">\n<h4 class=\"p-heading-02 p-heading-medium p-s08__spec-main-title\">Specifica\u0163ii tehnice<\/h4>\n<div class=\"p-chapter-container\">\n<ul class=\"p-s08__table\">\n<li class=\"p-s08__spec\">\n<p class=\"p-heading-03 p-heading-light p-s08__spec-title\">Sunet<\/p>\n<dl class=\"p-s08__main-list\">\n<dt class=\"p-heading-04 p-heading-bold p-s08__main-list-title\">Putere de ie\u015fire difuzor: 15 W x 2<\/dt>\n<dt class=\"p-heading-04 p-heading-bold p-s08__main-list-title\">Putere de ie\u015fire subwoofer: 40 W<\/dt>\n<dt class=\"p-heading-04 p-heading-bold p-s08__main-list-title\">Putere de ie\u015fire pentru sistemul de difuzoare: 140 W max. \/ 70 W RMS (10 % THD)<\/dt>\n<dt class=\"p-heading-04 p-heading-bold p-s08__main-list-title\">Distorsionare armonic\u0103 total\u0103: 10%<\/dt>\n<\/dl>\n<\/li>\n<li class=\"p-s08__spec\">\n<p class=\"p-heading-03 p-heading-light p-s08__spec-title\">Difuzoare<\/p>\n<dl class=\"p-s08__main-list\">\n<dt class=\"p-heading-04 p-heading-bold p-s08__main-list-title\">Num\u0103r de canale de sunet: 2.1<\/dt>\n<dt class=\"p-heading-04 p-heading-bold p-s08__main-list-title\">Difuzoare frontale: 2 difuzoare pentru toat\u0103 gama de frecven\u0163e (st\u00e2nga + dreapta)<\/dt>\n<dt class=\"p-heading-04 p-heading-bold p-s08__main-list-title\">Tip subwoofer: Subwoofer wireless<\/dt>\n<dt class=\"p-heading-04 p-heading-bold p-s08__main-list-title\">Incint\u0103 subwoofer extern: Bass reflex<\/dt>\n<dt class=\"p-heading-04 p-heading-bold p-s08__main-list-title\">Num\u0103r de woofere: 1<\/dt>\n<dt class=\"p-heading-04 p-heading-bold p-s08__main-list-title\">Diametru woofer: 4,5\u201d<\/dt>\n<\/dl>\n<\/li>\n<li class=\"p-s08__spec p-s08__toggle-item\">\n<p class=\"p-heading-03 p-heading-light p-s08__spec-title\">Connectivity<\/p>\n<dl class=\"p-s08__main-list\">\n<dt class=\"p-heading-04 p-heading-bold p-s08__main-list-title\">Conexiune wireless pentru box: Subwoofer<\/dt>\n<dt class=\"p-heading-04 p-heading-bold p-s08__main-list-title\">Bluetooth: Receptor<\/dt>\n<dt class=\"p-heading-04 p-heading-bold p-s08__main-list-title\">Versiune Bluetooth: 4.2<\/dt>\n<dt class=\"p-heading-04 p-heading-bold p-s08__main-list-title\">Profiluri Bluetooth: A2DP, AVRCP<\/dt>\n<dt class=\"p-heading-04 p-heading-bold p-s08__main-list-title\">Intrare optic\u0103 x 1: Da<\/dt>\n<dt class=\"p-heading-04 p-heading-bold p-s08__main-list-title\">Ie\u015fire HDMI (ARC) x 1: Da<\/dt>\n<dt class=\"p-heading-04 p-heading-bold p-s08__main-list-title\">Intrare audio: 1x 3,5 mm<\/dt>\n<dt class=\"p-heading-04 p-heading-bold p-s08__main-list-title\">Ie\u015fire subwoofer: Nu<\/dt>\n<dt class=\"p-heading-04 p-heading-bold p-s08__main-list-title\">Conexiune pentru mai multe boxe: Nu<\/dt>\n<dt class=\"p-heading-04 p-heading-bold p-s08__main-list-title\">Smart Home: None<\/dt>\n<dt class=\"p-heading-04 p-heading-bold p-s08__main-list-title\">Standard DLNA: Nu<\/dt>\n<\/dl>\n<\/li>\n<li class=\"p-s08__spec p-s08__toggle-item\">\n<p class=\"p-heading-03 p-heading-light p-s08__spec-title\">Design<\/p>\n<dl class=\"p-s08__main-list\">\n<dt class=\"p-heading-04 p-heading-bold p-s08__main-list-title\">Culoare: Negru<\/dt>\n<dt class=\"p-heading-04 p-heading-bold p-s08__main-list-title\">Montare pe perete: Da<\/dt>\n<\/dl>\n<\/li>\n<li class=\"p-s08__spec p-s08__toggle-item\">\n<p class=\"p-heading-03 p-heading-light p-s08__spec-title\">Compatibility<\/p>\n<dl class=\"p-s08__main-list\">\n<dt class=\"p-heading-04 p-heading-bold p-s08__main-list-title\">Control prin aplica\u0163ie pe smartphone\/tablet\u0103: Nu<\/dt>\n<\/dl>\n<\/li>\n<li class=\"p-s08__spec p-s08__toggle-item\">\n<p class=\"p-heading-03 p-heading-light p-s08__spec-title\">Confort<\/p>\n<dl class=\"p-s08__main-list\">\n<dt class=\"p-heading-04 p-heading-bold p-s08__main-list-title\">Mod Noapte: Nu<\/dt>\n<dt class=\"p-heading-04 p-heading-bold p-s08__main-list-title\">Telecomand\u0103: Da<\/dt>\n<\/dl>\n<\/li>\n<li class=\"p-s08__spec p-s08__toggle-item\">\n<p class=\"p-heading-03 p-heading-light p-s08__spec-title\">feeding<\/p>\n<dl class=\"p-s08__main-list\">\n<dt class=\"p-heading-04 p-heading-bold p-s08__main-list-title\">Standby automat: Da<\/dt>\n<dt class=\"p-heading-04 p-heading-bold p-s08__main-list-title\">Indicator LED de func\u0163ionare: Da<\/dt>\n<dt class=\"p-heading-04 p-heading-bold p-s08__main-list-title\">Alimentare unitate principal\u0103: 100-240 V c.a., 50\/60 Hz<\/dt>\n<dt class=\"p-heading-04 p-heading-bold p-s08__main-list-title\">Consum de energie unitate principal\u0103 \u00een standby: &lt; 0,5 \u00a0W<\/dt>\n<dt class=\"p-heading-04 p-heading-bold p-s08__main-list-title\">Alimentare subwoofer: 100-240 V c.a., 50\/60 Hz<\/dt>\n<dt class=\"p-heading-04 p-heading-bold p-s08__main-list-title\">Consum electric subwoofer: 20 \u00a0W<\/dt>\n<dt class=\"p-heading-04 p-heading-bold p-s08__main-list-title\">Consum \u00een regim standby subwoofer: &lt; 2 W<\/dt>\n<\/dl>\n<\/li>\n<li class=\"p-s08__spec p-s08__toggle-item\">\n<p class=\"p-heading-03 p-heading-light p-s08__spec-title\">Formate audio acceptate<\/p>\n<dl class=\"p-s08__main-list\">\n<dt class=\"p-heading-04 p-heading-bold p-s08__main-list-title\">Bluetooth: SBC<\/dt>\n<dt class=\"p-heading-04 p-heading-bold p-s08__main-list-title\">HDMI ARC: LPCM 2ch<\/dt>\n<dt class=\"p-heading-04 p-heading-bold p-s08__main-list-title\">Optic: LPCM 2ch<\/dt>\n<\/dl>\n<\/li>\n<li class=\"p-s08__spec p-s08__toggle-item\">\n<p class=\"p-heading-03 p-heading-light p-s08__spec-title\">Video<\/p>\n<dl class=\"p-s08__main-list\">\n<dt class=\"p-heading-04 p-heading-bold p-s08__main-list-title\">Pass-through 3D: Nu<\/dt>\n<\/dl>\n<\/li>\n<li class=\"p-s08__spec p-s08__toggle-item\">\n<p class=\"p-heading-03 p-heading-light p-s08__spec-title\">Accessories<\/p>\n<dl class=\"p-s08__main-list\">\n<dt class=\"p-heading-04 p-heading-bold p-s08__main-list-title\">Accesorii incluse:<\/dt>\n<dt class=\"p-heading-04 p-heading-bold p-s08__main-list-title\">&#8211; Adaptor de curent electric<\/dt>\n<dt>&#8211; Cablu de alimentare<\/dt>\n<dt>&#8211; Telecomand\u0103 2 baterii AAA<\/dt>\n<dt>&#8211; Suport de montare pe perete<\/dt>\n<dt>&#8211; Ghid de ini\u0163iere rapid\u0103<\/dt>\n<dt>&#8211; Card de garan\u0163ie<\/dt>\n<\/dl>\n<\/li>\n<li class=\"p-s08__spec p-s08__toggle-item\">\n<p class=\"p-heading-03 p-heading-light p-s08__spec-title\">size<\/p>\n<dl class=\"p-s08__main-list\">\n<dt class=\"p-heading-04 p-heading-bold p-s08__main-list-title\">Unitate principal\u0103 (l x H x A): 900 x 65,5 x 91 \u00a0mm<\/dt>\n<dt class=\"p-heading-04 p-heading-bold p-s08__main-list-title\">Greutate unitate principal\u0103: 1,53 \u00a0kg<\/dt>\n<dt class=\"p-heading-04 p-heading-bold p-s08__main-list-title\">Subwoofer (l x H x A): 150 x 225 x 267 \u00a0mm<\/dt>\n<dt class=\"p-heading-04 p-heading-bold p-s08__main-list-title\">Greutate subwoofer: 2.1 \u00a0kg<\/dt>\n<\/dl>\n<\/li>\n<\/ul>\n<\/div>\n<\/div>\n<\/section>\n<\/div>\n<\/div>\n<p>&nbsp;<\/p>\n<p>Click for more details <a href=\"https:\/\/www.philips.ro\/c-p\/TAB5305_12\/soundbar-2.1-cu-subwoofer-wireless#see-all-benefits\">here.<\/a><\/p>","protected":false},"excerpt":{"rendered":"<div id=\"see-all-benefits\" class=\"p-s01__pdp-overview-wraper\">\n<div class=\"s01highlight s01-highlights-banner component-base\">\n<section class=\"p-s01-highlights\">\n<div class=\"p-row-gutter p-comp-spacing-bottom\">\n<ul>\n<li class=\"p-heading-02 p-heading-medium p-s01__highlights-title\">\u00cembun\u0103t\u0103\u0163e\u015fte sunetul televizorului<\/li>\n<li class=\"p-heading-02 p-heading-medium p-s01__highlights-title\">Subwoofer wireless pentru bas mai profund.<\/li>\n<li class=\"p-heading-02 p-heading-medium p-s01__highlights-title\">2.1 canale.<\/li>\n<li class=\"p-heading-02 p-heading-medium p-s01__highlights-title\">HDMI ARC. Controleaz\u0103 soundbarul cu telecomanda televizorului.<\/li>\n<li class=\"p-heading-02 p-heading-medium p-s01__highlights-title\">Conecteaz\u0103 sursele favorite pentru sunet mai puternic<\/li>\n<li class=\"p-heading-02 p-heading-medium p-s01__highlights-title\">Design geometric distinct. Amplasare u\u015foar\u0103.<\/li>\n<\/ul>\n<\/div>\n<\/section>\n<\/div>\n<\/div>","protected":false},"featured_media":12667,"template":"","meta":[],"product_brand":[],"product_cat":[676,231,15],"product_tag":[],"class_list":{"0":"post-12666","1":"product","2":"type-product","3":"status-publish","4":"has-post-thumbnail","6":"product_cat-soundbar","7":"product_cat-televizoare","8":"product_cat-toate-produsele","10":"first","11":"outofstock","12":"taxable","13":"shipping-taxable","14":"purchasable","15":"product-type-simple"},"yoast_head":"<!-- This site is optimized with the Yoast SEO Premium plugin v21.9 (Yoast SEO v27.3) - https:\/\/yoast.com\/product\/yoast-seo-premium-wordpress\/ -->\n<title>Soundbar Philips TAB5305\/12 - Peruvision<\/title>\n<meta name=\"description\" content=\"Descopera Soundbar Philips TAB5305\/12 la Peruvision. Preturi speciale pentru echipamentele achizitionate\" \/>\n<meta name=\"robots\" content=\"index, follow, max-snippet:-1, max-image-preview:large, max-video-preview:-1\" \/>\n<link rel=\"canonical\" href=\"https:\/\/peruvision.ro\/en\/product\/soundbar-philips-tab5305-12\/\" \/>\n<meta property=\"og:locale\" content=\"en_GB\" \/>\n<meta property=\"og:type\" content=\"article\" \/>\n<meta property=\"og:title\" content=\"Soundbar Philips TAB5305\/12\" \/>\n<meta property=\"og:description\" content=\"Descopera Soundbar Philips TAB5305\/12 la Peruvision. Preturi speciale pentru echipamentele achizitionate\" \/>\n<meta property=\"og:url\" content=\"https:\/\/peruvision.ro\/en\/product\/soundbar-philips-tab5305-12\/\" \/>\n<meta property=\"og:site_name\" content=\"Peruvision\" \/>\n<meta property=\"article:publisher\" content=\"https:\/\/www.facebook.com\/profile.php?id=100040871665118\" \/>\n<meta property=\"article:modified_time\" content=\"2025-12-17T11:46:21+00:00\" \/>\n<meta property=\"og:image\" content=\"https:\/\/peruvision.ro\/wp-content\/uploads\/2023\/10\/Philips-TAB5305_12-_1.jpg\" \/>\n\t<meta property=\"og:image:width\" content=\"1024\" \/>\n\t<meta property=\"og:image:height\" content=\"1024\" \/>\n\t<meta property=\"og:image:type\" content=\"image\/jpeg\" \/>\n<meta name=\"twitter:card\" content=\"summary_large_image\" \/>\n<meta name=\"twitter:label1\" content=\"Estimated reading time\" \/>\n\t<meta name=\"twitter:data1\" content=\"3 minutes\" \/>\n<script type=\"application\/ld+json\" class=\"yoast-schema-graph\">{\"@context\":\"https:\\\/\\\/schema.org\",\"@graph\":[{\"@type\":\"WebPage\",\"@id\":\"https:\\\/\\\/peruvision.ro\\\/produs\\\/soundbar-philips-tab5305-12\\\/\",\"url\":\"https:\\\/\\\/peruvision.ro\\\/produs\\\/soundbar-philips-tab5305-12\\\/\",\"name\":\"Soundbar Philips TAB5305\\\/12 - Peruvision\",\"isPartOf\":{\"@id\":\"https:\\\/\\\/peruvision.ro\\\/#website\"},\"primaryImageOfPage\":{\"@id\":\"https:\\\/\\\/peruvision.ro\\\/produs\\\/soundbar-philips-tab5305-12\\\/#primaryimage\"},\"image\":{\"@id\":\"https:\\\/\\\/peruvision.ro\\\/produs\\\/soundbar-philips-tab5305-12\\\/#primaryimage\"},\"thumbnailUrl\":\"https:\\\/\\\/peruvision.ro\\\/wp-content\\\/uploads\\\/2023\\\/10\\\/Philips-TAB5305_12-_1.jpg\",\"datePublished\":\"2023-10-09T06:47:22+00:00\",\"dateModified\":\"2025-12-17T11:46:21+00:00\",\"description\":\"Descopera Soundbar Philips TAB5305\\\/12 la Peruvision. Preturi speciale pentru echipamentele achizitionate\",\"breadcrumb\":{\"@id\":\"https:\\\/\\\/peruvision.ro\\\/produs\\\/soundbar-philips-tab5305-12\\\/#breadcrumb\"},\"inLanguage\":\"en-GB\",\"potentialAction\":[{\"@type\":\"ReadAction\",\"target\":[\"https:\\\/\\\/peruvision.ro\\\/produs\\\/soundbar-philips-tab5305-12\\\/\"]}]},{\"@type\":\"ImageObject\",\"inLanguage\":\"en-GB\",\"@id\":\"https:\\\/\\\/peruvision.ro\\\/produs\\\/soundbar-philips-tab5305-12\\\/#primaryimage\",\"url\":\"https:\\\/\\\/peruvision.ro\\\/wp-content\\\/uploads\\\/2023\\\/10\\\/Philips-TAB5305_12-_1.jpg\",\"contentUrl\":\"https:\\\/\\\/peruvision.ro\\\/wp-content\\\/uploads\\\/2023\\\/10\\\/Philips-TAB5305_12-_1.jpg\",\"width\":1024,\"height\":1024},{\"@type\":\"BreadcrumbList\",\"@id\":\"https:\\\/\\\/peruvision.ro\\\/produs\\\/soundbar-philips-tab5305-12\\\/#breadcrumb\",\"itemListElement\":[{\"@type\":\"ListItem\",\"position\":1,\"name\":\"Prima pagin\u0103\",\"item\":\"https:\\\/\\\/peruvision.ro\\\/\"},{\"@type\":\"ListItem\",\"position\":2,\"name\":\"Produse\",\"item\":\"https:\\\/\\\/peruvision.ro\\\/produse\\\/\"},{\"@type\":\"ListItem\",\"position\":3,\"name\":\"Soundbar Philips TAB5305\\\/12\"}]},{\"@type\":\"WebSite\",\"@id\":\"https:\\\/\\\/peruvision.ro\\\/#website\",\"url\":\"https:\\\/\\\/peruvision.ro\\\/\",\"name\":\"Peruvision\",\"description\":\"Site-ul firmei Peruvision, specializata in distributia de echipamente de telecomunicatii si servicii aferente.\",\"publisher\":{\"@id\":\"https:\\\/\\\/peruvision.ro\\\/#organization\"},\"potentialAction\":[{\"@type\":\"SearchAction\",\"target\":{\"@type\":\"EntryPoint\",\"urlTemplate\":\"https:\\\/\\\/peruvision.ro\\\/?s={search_term_string}\"},\"query-input\":{\"@type\":\"PropertyValueSpecification\",\"valueRequired\":true,\"valueName\":\"search_term_string\"}}],\"inLanguage\":\"en-GB\"},{\"@type\":\"Organization\",\"@id\":\"https:\\\/\\\/peruvision.ro\\\/#organization\",\"name\":\"Peruvision\",\"url\":\"https:\\\/\\\/peruvision.ro\\\/\",\"logo\":{\"@type\":\"ImageObject\",\"inLanguage\":\"en-GB\",\"@id\":\"https:\\\/\\\/peruvision.ro\\\/#\\\/schema\\\/logo\\\/image\\\/\",\"url\":\"https:\\\/\\\/peruvision.ro\\\/wp-content\\\/uploads\\\/2021\\\/09\\\/3biss-negru.png\",\"contentUrl\":\"https:\\\/\\\/peruvision.ro\\\/wp-content\\\/uploads\\\/2021\\\/09\\\/3biss-negru.png\",\"width\":2035,\"height\":432,\"caption\":\"Peruvision\"},\"image\":{\"@id\":\"https:\\\/\\\/peruvision.ro\\\/#\\\/schema\\\/logo\\\/image\\\/\"},\"sameAs\":[\"https:\\\/\\\/www.facebook.com\\\/profile.php?id=100040871665118\"]}]}<\/script>\n<!-- \/ Yoast SEO Premium plugin. -->","yoast_head_json":{"title":"Soundbar Philips TAB5305\/12 - Peruvision","description":"Descopera Soundbar Philips TAB5305\/12 la Peruvision. Preturi speciale pentru echipamentele achizitionate","robots":{"index":"index","follow":"follow","max-snippet":"max-snippet:-1","max-image-preview":"max-image-preview:large","max-video-preview":"max-video-preview:-1"},"canonical":"https:\/\/peruvision.ro\/en\/product\/soundbar-philips-tab5305-12\/","og_locale":"en_GB","og_type":"article","og_title":"Soundbar Philips TAB5305\/12","og_description":"Descopera Soundbar Philips TAB5305\/12 la Peruvision. Preturi speciale pentru echipamentele achizitionate","og_url":"https:\/\/peruvision.ro\/en\/product\/soundbar-philips-tab5305-12\/","og_site_name":"Peruvision","article_publisher":"https:\/\/www.facebook.com\/profile.php?id=100040871665118","article_modified_time":"2025-12-17T11:46:21+00:00","og_image":[{"width":1024,"height":1024,"url":"https:\/\/peruvision.ro\/wp-content\/uploads\/2023\/10\/Philips-TAB5305_12-_1.jpg","type":"image\/jpeg"}],"twitter_card":"summary_large_image","twitter_misc":{"Estimated reading time":"3 minutes"},"schema":{"@context":"https:\/\/schema.org","@graph":[{"@type":"WebPage","@id":"https:\/\/peruvision.ro\/produs\/soundbar-philips-tab5305-12\/","url":"https:\/\/peruvision.ro\/produs\/soundbar-philips-tab5305-12\/","name":"Soundbar Philips TAB5305\/12 - Peruvision","isPartOf":{"@id":"https:\/\/peruvision.ro\/#website"},"primaryImageOfPage":{"@id":"https:\/\/peruvision.ro\/produs\/soundbar-philips-tab5305-12\/#primaryimage"},"image":{"@id":"https:\/\/peruvision.ro\/produs\/soundbar-philips-tab5305-12\/#primaryimage"},"thumbnailUrl":"https:\/\/peruvision.ro\/wp-content\/uploads\/2023\/10\/Philips-TAB5305_12-_1.jpg","datePublished":"2023-10-09T06:47:22+00:00","dateModified":"2025-12-17T11:46:21+00:00","description":"Descopera Soundbar Philips TAB5305\/12 la Peruvision. Preturi speciale pentru echipamentele achizitionate","breadcrumb":{"@id":"https:\/\/peruvision.ro\/produs\/soundbar-philips-tab5305-12\/#breadcrumb"},"inLanguage":"en-GB","potentialAction":[{"@type":"ReadAction","target":["https:\/\/peruvision.ro\/produs\/soundbar-philips-tab5305-12\/"]}]},{"@type":"ImageObject","inLanguage":"en-GB","@id":"https:\/\/peruvision.ro\/produs\/soundbar-philips-tab5305-12\/#primaryimage","url":"https:\/\/peruvision.ro\/wp-content\/uploads\/2023\/10\/Philips-TAB5305_12-_1.jpg","contentUrl":"https:\/\/peruvision.ro\/wp-content\/uploads\/2023\/10\/Philips-TAB5305_12-_1.jpg","width":1024,"height":1024},{"@type":"BreadcrumbList","@id":"https:\/\/peruvision.ro\/produs\/soundbar-philips-tab5305-12\/#breadcrumb","itemListElement":[{"@type":"ListItem","position":1,"name":"Prima pagin\u0103","item":"https:\/\/peruvision.ro\/"},{"@type":"ListItem","position":2,"name":"Produse","item":"https:\/\/peruvision.ro\/produse\/"},{"@type":"ListItem","position":3,"name":"Soundbar Philips TAB5305\/12"}]},{"@type":"WebSite","@id":"https:\/\/peruvision.ro\/#website","url":"https:\/\/peruvision.ro\/","name":"Peruvision","description":"Site-ul firmei Peruvision, specializata in distributia de echipamente de telecomunicatii si servicii aferente.","publisher":{"@id":"https:\/\/peruvision.ro\/#organization"},"potentialAction":[{"@type":"SearchAction","target":{"@type":"EntryPoint","urlTemplate":"https:\/\/peruvision.ro\/?s={search_term_string}"},"query-input":{"@type":"PropertyValueSpecification","valueRequired":true,"valueName":"search_term_string"}}],"inLanguage":"en-GB"},{"@type":"Organization","@id":"https:\/\/peruvision.ro\/#organization","name":"Peruvision","url":"https:\/\/peruvision.ro\/","logo":{"@type":"ImageObject","inLanguage":"en-GB","@id":"https:\/\/peruvision.ro\/#\/schema\/logo\/image\/","url":"https:\/\/peruvision.ro\/wp-content\/uploads\/2021\/09\/3biss-negru.png","contentUrl":"https:\/\/peruvision.ro\/wp-content\/uploads\/2021\/09\/3biss-negru.png","width":2035,"height":432,"caption":"Peruvision"},"image":{"@id":"https:\/\/peruvision.ro\/#\/schema\/logo\/image\/"},"sameAs":["https:\/\/www.facebook.com\/profile.php?id=100040871665118"]}]}},"jetpack_sharing_enabled":true,"_links":{"self":[{"href":"https:\/\/peruvision.ro\/en\/wp-json\/wp\/v2\/product\/12666","targetHints":{"allow":["GET"]}}],"collection":[{"href":"https:\/\/peruvision.ro\/en\/wp-json\/wp\/v2\/product"}],"about":[{"href":"https:\/\/peruvision.ro\/en\/wp-json\/wp\/v2\/types\/product"}],"version-history":[{"count":2,"href":"https:\/\/peruvision.ro\/en\/wp-json\/wp\/v2\/product\/12666\/revisions"}],"predecessor-version":[{"id":17996,"href":"https:\/\/peruvision.ro\/en\/wp-json\/wp\/v2\/product\/12666\/revisions\/17996"}],"wp:featuredmedia":[{"embeddable":true,"href":"https:\/\/peruvision.ro\/en\/wp-json\/wp\/v2\/media\/12667"}],"wp:attachment":[{"href":"https:\/\/peruvision.ro\/en\/wp-json\/wp\/v2\/media?parent=12666"}],"wp:term":[{"taxonomy":"product_brand","embeddable":true,"href":"https:\/\/peruvision.ro\/en\/wp-json\/wp\/v2\/product_brand?post=12666"},{"taxonomy":"product_cat","embeddable":true,"href":"https:\/\/peruvision.ro\/en\/wp-json\/wp\/v2\/product_cat?post=12666"},{"taxonomy":"product_tag","embeddable":true,"href":"https:\/\/peruvision.ro\/en\/wp-json\/wp\/v2\/product_tag?post=12666"}],"curies":[{"name":"wp","href":"https:\/\/api.w.org\/{rel}","templated":true}]}}