{"id":12573,"date":"2023-09-25T11:59:42","date_gmt":"2023-09-25T08:59:42","guid":{"rendered":"https:\/\/peruvision.ro\/?post_type=product&#038;p=12573"},"modified":"2026-03-17T11:37:49","modified_gmt":"2026-03-17T09:37:49","slug":"tp-link-tapo-p115-priza-inteligenta","status":"publish","type":"product","link":"https:\/\/peruvision.ro\/en\/product\/tp-link-tapo-p115-priza-inteligenta\/","title":{"rendered":"PRIZA TAPO P115 TP-LINK INTELI"},"content":{"rendered":"<p><strong>Plug P115<\/strong><br \/>\n<strong>Smart Wi-Fi Mini Socket with compact design and energy consumption monitoring<\/strong><\/p>\n<p><strong>Remote control<\/strong><br \/>\nPorne\u0219te\/opre\u0219te dispozitivele conectate de oriunde \u0219i oric\u00e2nd, printr-o simpl\u0103 ap\u0103sare \u00een aplica\u021bia TP-Link Tapo.<\/p>\n<p><strong>Programming &amp; Timer<\/strong><br \/>\nPreseteaz\u0103 programe de func\u021bionare pentru dispozitivele tale, pentru o administrare automatizat\u0103.<\/p>\n<p><strong>Energy monitoring<\/strong><br \/>\nTapo P115 \u00ee\u021bi permite s\u0103 monitorizezi consumul de energie al dispozitivelor conectate.<\/p>\n<p><strong>Voice control<\/strong><br \/>\n\u00ce\u021bi po\u021bi controla priza inteligent\u0103 prin comenzi vocale, folosindu-te de Amazon Alexa sau Google Assistant.<\/p>\n<p><strong>Away mode<\/strong><br \/>\nC\u00e2nd e\u0219ti plecat de acas\u0103, conecteaz\u0103 o lamp\u0103 la P115 \u0219i porne\u0219te Modul Away, iar lampa se va aprinde\/stinge la intervale aleatorii pentru a simula c\u0103 se afl\u0103 cineva acas\u0103.<\/p>\n<p><strong>Design compact<\/strong><br \/>\nUn nou design compact \u00eei permite lui P115 s\u0103 ocupe mai pu\u021bin spa\u021biu, pentru o montare \u0219i utilizare mai flexibile.<\/p>\n<p><strong>No hub required<\/strong><br \/>\nConecteaz\u0103 priza direct la re\u021beaua ta Wi-Fi, f\u0103r\u0103 a fi nevoie de un hub sau alte dispozitive.<\/p>\n<p><strong>Simple setup<\/strong><br \/>\nDoar urmeaz\u0103 pa\u0219ii din aplica\u021bia Tapo \u0219i vei termina configurarea \u00een c\u00e2teva minute.<\/p>\n<p><strong>SPECIFICATII TEHNICE:<\/strong><\/p>\n<table>\n<thead>\n<tr id=\"tr_1524\">\n<th colspan=\"2\"><a>RE\u021aEA<\/a><\/th>\n<\/tr>\n<\/thead>\n<tbody>\n<tr id=\"tr_5311\">\n<th width=\"35%\">Protocol<\/th>\n<td width=\"65%\">IEEE 802.11b\/g\/n<\/td>\n<\/tr>\n<tr id=\"tr_5312\">\n<th width=\"35%\">Tip wireless<\/th>\n<td width=\"65%\">2.4 GHz<\/td>\n<\/tr>\n<tr id=\"tr_5313\">\n<th width=\"35%\">Cerin\u021be de sistem<\/th>\n<td width=\"65%\">Android 5.0 sau mai recent,<br \/>\niOS 10 sau mai recent<\/td>\n<\/tr>\n<\/tbody>\n<\/table>\n<table>\n<thead>\n<tr id=\"tr_1529\">\n<th colspan=\"2\"><a>GENERAL<\/a><\/th>\n<\/tr>\n<\/thead>\n<tbody>\n<tr id=\"tr_1564\">\n<th width=\"35%\">Dimensiuni (H x L x l)<\/th>\n<td width=\"65%\">49 \u00d7 49 \u00d7 60 mm<\/td>\n<\/tr>\n<tr id=\"tr_5314\">\n<th width=\"35%\">Materie<\/th>\n<td width=\"65%\">PC<\/td>\n<\/tr>\n<tr id=\"tr_5315\">\n<th width=\"35%\">Butoane<\/th>\n<td width=\"65%\">Buton de Pornire\/Oprire<\/td>\n<\/tr>\n<tr id=\"tr_5751\">\n<th width=\"35%\">Cerinte de alimentare<\/th>\n<td width=\"65%\">AC 220-240 V~50\/60 Hz<\/td>\n<\/tr>\n<\/tbody>\n<\/table>\n<table>\n<thead>\n<tr id=\"tr_5306\">\n<th colspan=\"2\"><a>INFORMA\u021aII FUNC\u021aIONARE<\/a><\/th>\n<\/tr>\n<\/thead>\n<tbody>\n<tr id=\"tr_5309\">\n<th width=\"35%\">Maximum Load<\/th>\n<td width=\"65%\">3680W, 16A<\/td>\n<\/tr>\n<\/tbody>\n<\/table>\n<table>\n<thead>\n<tr id=\"tr_606\">\n<th colspan=\"2\"><a>ALTELE<\/a><\/th>\n<\/tr>\n<\/thead>\n<tbody>\n<tr id=\"tr_714\">\n<th width=\"35%\">CERTIFICATION<\/th>\n<td width=\"65%\">CE, RoHS<\/td>\n<\/tr>\n<tr id=\"tr_715\">\n<th width=\"35%\">Package Contents<\/th>\n<td width=\"65%\">Mini Priz\u0103 inteligent\u0103 Tapo P115<br \/>\nGhid de instalare rapid\u0103<\/td>\n<\/tr>\n<tr id=\"tr_717\">\n<th width=\"35%\">environment<\/th>\n<td width=\"65%\">Temperatur\u0103 de operare: 0 \u00baC\u201335 \u00baC<br \/>\nUmiditate mediu operare: 10%\u201390%RH, f\u0103r\u0103 condens<\/td>\n<\/tr>\n<\/tbody>\n<\/table>\n<p>&nbsp;<\/p>\n<p>Click for more details <a href=\"https:\/\/www.tp-link.com\/ro\/home-networking\/smart-plug\/tapo-p115\/#overview\">here.<\/a><\/p>\n<p>&nbsp;<\/p>","protected":false},"excerpt":{"rendered":"<ul>\n<li><strong>Plug P115 <\/strong><strong>Smart Wi-Fi Mini Socket with compact design and energy consumption monitoring<\/strong><\/li>\n<li><strong>Remote control<\/strong><\/li>\n<li><strong>Programming &amp; Timer<\/strong><\/li>\n<li><strong>Energy monitoring<\/strong><\/li>\n<li><strong>Voice control<\/strong><\/li>\n<li><strong>Away mode<\/strong><\/li>\n<li><strong>No hub required<\/strong><\/li>\n<li><strong>Simple setup<\/strong><\/li>\n<\/ul>","protected":false},"featured_media":12578,"template":"","meta":[],"product_brand":[],"product_cat":[707,242,15],"product_tag":[],"class_list":{"0":"post-12573","1":"product","2":"type-product","3":"status-publish","4":"has-post-thumbnail","6":"product_cat-prize-inteligente","7":"product_cat-smarthome-alte-echipamente","8":"product_cat-toate-produsele","10":"first","11":"instock","12":"taxable","13":"shipping-taxable","14":"purchasable","15":"product-type-simple"},"yoast_head":"<!-- This site is optimized with the Yoast SEO Premium plugin v21.9 (Yoast SEO v27.4) - https:\/\/yoast.com\/product\/yoast-seo-premium-wordpress\/ -->\n<title>PRIZA TAPO P115 TP-LINK INTELI - Peruvision<\/title>\n<meta name=\"description\" content=\"Descopera PRIZA TAPO P115 TP-LINK INTELI la Peruvision. Preturi speciale pentru echipamentele achizitionate\" \/>\n<meta name=\"robots\" content=\"index, follow, max-snippet:-1, max-image-preview:large, max-video-preview:-1\" \/>\n<link rel=\"canonical\" href=\"https:\/\/peruvision.ro\/en\/product\/tp-link-tapo-p115-priza-inteligenta\/\" \/>\n<meta property=\"og:locale\" content=\"en_GB\" \/>\n<meta property=\"og:type\" content=\"article\" \/>\n<meta property=\"og:title\" content=\"PRIZA TAPO P115 TP-LINK INTELI\" \/>\n<meta property=\"og:description\" content=\"Descopera PRIZA TAPO P115 TP-LINK INTELI la Peruvision. Preturi speciale pentru echipamentele achizitionate\" \/>\n<meta property=\"og:url\" content=\"https:\/\/peruvision.ro\/en\/product\/tp-link-tapo-p115-priza-inteligenta\/\" \/>\n<meta property=\"og:site_name\" content=\"Peruvision\" \/>\n<meta property=\"article:publisher\" content=\"https:\/\/www.facebook.com\/profile.php?id=100040871665118\" \/>\n<meta property=\"article:modified_time\" content=\"2026-03-17T09:37:49+00:00\" \/>\n<meta property=\"og:image\" content=\"https:\/\/peruvision.ro\/wp-content\/uploads\/2023\/09\/Tapo-P115_1.jpg\" \/>\n\t<meta property=\"og:image:width\" content=\"1000\" \/>\n\t<meta property=\"og:image:height\" content=\"1000\" \/>\n\t<meta property=\"og:image:type\" content=\"image\/jpeg\" \/>\n<meta name=\"twitter:card\" content=\"summary_large_image\" \/>\n<meta name=\"twitter:label1\" content=\"Estimated reading time\" \/>\n\t<meta name=\"twitter:data1\" content=\"2 minutes\" \/>\n<script type=\"application\/ld+json\" class=\"yoast-schema-graph\">{\"@context\":\"https:\\\/\\\/schema.org\",\"@graph\":[{\"@type\":\"WebPage\",\"@id\":\"https:\\\/\\\/peruvision.ro\\\/produs\\\/tp-link-tapo-p115-priza-inteligenta\\\/\",\"url\":\"https:\\\/\\\/peruvision.ro\\\/produs\\\/tp-link-tapo-p115-priza-inteligenta\\\/\",\"name\":\"PRIZA TAPO P115 TP-LINK INTELI - Peruvision\",\"isPartOf\":{\"@id\":\"https:\\\/\\\/peruvision.ro\\\/#website\"},\"primaryImageOfPage\":{\"@id\":\"https:\\\/\\\/peruvision.ro\\\/produs\\\/tp-link-tapo-p115-priza-inteligenta\\\/#primaryimage\"},\"image\":{\"@id\":\"https:\\\/\\\/peruvision.ro\\\/produs\\\/tp-link-tapo-p115-priza-inteligenta\\\/#primaryimage\"},\"thumbnailUrl\":\"https:\\\/\\\/peruvision.ro\\\/wp-content\\\/uploads\\\/2023\\\/09\\\/Tapo-P115_1.jpg\",\"datePublished\":\"2023-09-25T08:59:42+00:00\",\"dateModified\":\"2026-03-17T09:37:49+00:00\",\"description\":\"Descopera PRIZA TAPO P115 TP-LINK INTELI la Peruvision. Preturi speciale pentru echipamentele achizitionate\",\"breadcrumb\":{\"@id\":\"https:\\\/\\\/peruvision.ro\\\/produs\\\/tp-link-tapo-p115-priza-inteligenta\\\/#breadcrumb\"},\"inLanguage\":\"en-GB\",\"potentialAction\":[{\"@type\":\"ReadAction\",\"target\":[\"https:\\\/\\\/peruvision.ro\\\/produs\\\/tp-link-tapo-p115-priza-inteligenta\\\/\"]}]},{\"@type\":\"ImageObject\",\"inLanguage\":\"en-GB\",\"@id\":\"https:\\\/\\\/peruvision.ro\\\/produs\\\/tp-link-tapo-p115-priza-inteligenta\\\/#primaryimage\",\"url\":\"https:\\\/\\\/peruvision.ro\\\/wp-content\\\/uploads\\\/2023\\\/09\\\/Tapo-P115_1.jpg\",\"contentUrl\":\"https:\\\/\\\/peruvision.ro\\\/wp-content\\\/uploads\\\/2023\\\/09\\\/Tapo-P115_1.jpg\",\"width\":1000,\"height\":1000},{\"@type\":\"BreadcrumbList\",\"@id\":\"https:\\\/\\\/peruvision.ro\\\/produs\\\/tp-link-tapo-p115-priza-inteligenta\\\/#breadcrumb\",\"itemListElement\":[{\"@type\":\"ListItem\",\"position\":1,\"name\":\"Prima pagin\u0103\",\"item\":\"https:\\\/\\\/peruvision.ro\\\/\"},{\"@type\":\"ListItem\",\"position\":2,\"name\":\"Produse\",\"item\":\"https:\\\/\\\/peruvision.ro\\\/produse\\\/\"},{\"@type\":\"ListItem\",\"position\":3,\"name\":\"PRIZA TAPO P115 TP-LINK INTELI\"}]},{\"@type\":\"WebSite\",\"@id\":\"https:\\\/\\\/peruvision.ro\\\/#website\",\"url\":\"https:\\\/\\\/peruvision.ro\\\/\",\"name\":\"Peruvision\",\"description\":\"Site-ul firmei Peruvision, specializata in distributia de echipamente de telecomunicatii si servicii aferente.\",\"publisher\":{\"@id\":\"https:\\\/\\\/peruvision.ro\\\/#organization\"},\"potentialAction\":[{\"@type\":\"SearchAction\",\"target\":{\"@type\":\"EntryPoint\",\"urlTemplate\":\"https:\\\/\\\/peruvision.ro\\\/?s={search_term_string}\"},\"query-input\":{\"@type\":\"PropertyValueSpecification\",\"valueRequired\":true,\"valueName\":\"search_term_string\"}}],\"inLanguage\":\"en-GB\"},{\"@type\":\"Organization\",\"@id\":\"https:\\\/\\\/peruvision.ro\\\/#organization\",\"name\":\"Peruvision\",\"url\":\"https:\\\/\\\/peruvision.ro\\\/\",\"logo\":{\"@type\":\"ImageObject\",\"inLanguage\":\"en-GB\",\"@id\":\"https:\\\/\\\/peruvision.ro\\\/#\\\/schema\\\/logo\\\/image\\\/\",\"url\":\"https:\\\/\\\/peruvision.ro\\\/wp-content\\\/uploads\\\/2021\\\/09\\\/3biss-negru.png\",\"contentUrl\":\"https:\\\/\\\/peruvision.ro\\\/wp-content\\\/uploads\\\/2021\\\/09\\\/3biss-negru.png\",\"width\":2035,\"height\":432,\"caption\":\"Peruvision\"},\"image\":{\"@id\":\"https:\\\/\\\/peruvision.ro\\\/#\\\/schema\\\/logo\\\/image\\\/\"},\"sameAs\":[\"https:\\\/\\\/www.facebook.com\\\/profile.php?id=100040871665118\"]}]}<\/script>\n<!-- \/ Yoast SEO Premium plugin. -->","yoast_head_json":{"title":"PRIZA TAPO P115 TP-LINK INTELI - Peruvision","description":"Descopera PRIZA TAPO P115 TP-LINK INTELI la Peruvision. Preturi speciale pentru echipamentele achizitionate","robots":{"index":"index","follow":"follow","max-snippet":"max-snippet:-1","max-image-preview":"max-image-preview:large","max-video-preview":"max-video-preview:-1"},"canonical":"https:\/\/peruvision.ro\/en\/product\/tp-link-tapo-p115-priza-inteligenta\/","og_locale":"en_GB","og_type":"article","og_title":"PRIZA TAPO P115 TP-LINK INTELI","og_description":"Descopera PRIZA TAPO P115 TP-LINK INTELI la Peruvision. Preturi speciale pentru echipamentele achizitionate","og_url":"https:\/\/peruvision.ro\/en\/product\/tp-link-tapo-p115-priza-inteligenta\/","og_site_name":"Peruvision","article_publisher":"https:\/\/www.facebook.com\/profile.php?id=100040871665118","article_modified_time":"2026-03-17T09:37:49+00:00","og_image":[{"width":1000,"height":1000,"url":"https:\/\/peruvision.ro\/wp-content\/uploads\/2023\/09\/Tapo-P115_1.jpg","type":"image\/jpeg"}],"twitter_card":"summary_large_image","twitter_misc":{"Estimated reading time":"2 minutes"},"schema":{"@context":"https:\/\/schema.org","@graph":[{"@type":"WebPage","@id":"https:\/\/peruvision.ro\/produs\/tp-link-tapo-p115-priza-inteligenta\/","url":"https:\/\/peruvision.ro\/produs\/tp-link-tapo-p115-priza-inteligenta\/","name":"PRIZA TAPO P115 TP-LINK INTELI - Peruvision","isPartOf":{"@id":"https:\/\/peruvision.ro\/#website"},"primaryImageOfPage":{"@id":"https:\/\/peruvision.ro\/produs\/tp-link-tapo-p115-priza-inteligenta\/#primaryimage"},"image":{"@id":"https:\/\/peruvision.ro\/produs\/tp-link-tapo-p115-priza-inteligenta\/#primaryimage"},"thumbnailUrl":"https:\/\/peruvision.ro\/wp-content\/uploads\/2023\/09\/Tapo-P115_1.jpg","datePublished":"2023-09-25T08:59:42+00:00","dateModified":"2026-03-17T09:37:49+00:00","description":"Descopera PRIZA TAPO P115 TP-LINK INTELI la Peruvision. Preturi speciale pentru echipamentele achizitionate","breadcrumb":{"@id":"https:\/\/peruvision.ro\/produs\/tp-link-tapo-p115-priza-inteligenta\/#breadcrumb"},"inLanguage":"en-GB","potentialAction":[{"@type":"ReadAction","target":["https:\/\/peruvision.ro\/produs\/tp-link-tapo-p115-priza-inteligenta\/"]}]},{"@type":"ImageObject","inLanguage":"en-GB","@id":"https:\/\/peruvision.ro\/produs\/tp-link-tapo-p115-priza-inteligenta\/#primaryimage","url":"https:\/\/peruvision.ro\/wp-content\/uploads\/2023\/09\/Tapo-P115_1.jpg","contentUrl":"https:\/\/peruvision.ro\/wp-content\/uploads\/2023\/09\/Tapo-P115_1.jpg","width":1000,"height":1000},{"@type":"BreadcrumbList","@id":"https:\/\/peruvision.ro\/produs\/tp-link-tapo-p115-priza-inteligenta\/#breadcrumb","itemListElement":[{"@type":"ListItem","position":1,"name":"Prima pagin\u0103","item":"https:\/\/peruvision.ro\/"},{"@type":"ListItem","position":2,"name":"Produse","item":"https:\/\/peruvision.ro\/produse\/"},{"@type":"ListItem","position":3,"name":"PRIZA TAPO P115 TP-LINK INTELI"}]},{"@type":"WebSite","@id":"https:\/\/peruvision.ro\/#website","url":"https:\/\/peruvision.ro\/","name":"Peruvision","description":"Site-ul firmei Peruvision, specializata in distributia de echipamente de telecomunicatii si servicii aferente.","publisher":{"@id":"https:\/\/peruvision.ro\/#organization"},"potentialAction":[{"@type":"SearchAction","target":{"@type":"EntryPoint","urlTemplate":"https:\/\/peruvision.ro\/?s={search_term_string}"},"query-input":{"@type":"PropertyValueSpecification","valueRequired":true,"valueName":"search_term_string"}}],"inLanguage":"en-GB"},{"@type":"Organization","@id":"https:\/\/peruvision.ro\/#organization","name":"Peruvision","url":"https:\/\/peruvision.ro\/","logo":{"@type":"ImageObject","inLanguage":"en-GB","@id":"https:\/\/peruvision.ro\/#\/schema\/logo\/image\/","url":"https:\/\/peruvision.ro\/wp-content\/uploads\/2021\/09\/3biss-negru.png","contentUrl":"https:\/\/peruvision.ro\/wp-content\/uploads\/2021\/09\/3biss-negru.png","width":2035,"height":432,"caption":"Peruvision"},"image":{"@id":"https:\/\/peruvision.ro\/#\/schema\/logo\/image\/"},"sameAs":["https:\/\/www.facebook.com\/profile.php?id=100040871665118"]}]}},"jetpack_sharing_enabled":true,"_links":{"self":[{"href":"https:\/\/peruvision.ro\/en\/wp-json\/wp\/v2\/product\/12573","targetHints":{"allow":["GET"]}}],"collection":[{"href":"https:\/\/peruvision.ro\/en\/wp-json\/wp\/v2\/product"}],"about":[{"href":"https:\/\/peruvision.ro\/en\/wp-json\/wp\/v2\/types\/product"}],"version-history":[{"count":2,"href":"https:\/\/peruvision.ro\/en\/wp-json\/wp\/v2\/product\/12573\/revisions"}],"predecessor-version":[{"id":18317,"href":"https:\/\/peruvision.ro\/en\/wp-json\/wp\/v2\/product\/12573\/revisions\/18317"}],"wp:featuredmedia":[{"embeddable":true,"href":"https:\/\/peruvision.ro\/en\/wp-json\/wp\/v2\/media\/12578"}],"wp:attachment":[{"href":"https:\/\/peruvision.ro\/en\/wp-json\/wp\/v2\/media?parent=12573"}],"wp:term":[{"taxonomy":"product_brand","embeddable":true,"href":"https:\/\/peruvision.ro\/en\/wp-json\/wp\/v2\/product_brand?post=12573"},{"taxonomy":"product_cat","embeddable":true,"href":"https:\/\/peruvision.ro\/en\/wp-json\/wp\/v2\/product_cat?post=12573"},{"taxonomy":"product_tag","embeddable":true,"href":"https:\/\/peruvision.ro\/en\/wp-json\/wp\/v2\/product_tag?post=12573"}],"curies":[{"name":"wp","href":"https:\/\/api.w.org\/{rel}","templated":true}]}}