{"id":12323,"date":"2023-08-07T11:02:38","date_gmt":"2023-08-07T08:02:38","guid":{"rendered":"https:\/\/peruvision.ro\/?post_type=product&#038;p=12323"},"modified":"2026-03-17T11:37:31","modified_gmt":"2026-03-17T09:37:31","slug":"homatics-box-r-android-tv-4k-copiaza","status":"publish","type":"product","link":"https:\/\/peruvision.ro\/en\/product\/homatics-box-r-android-tv-4k-copiaza\/","title":{"rendered":"HOMATICS BOX R LITE 4K ANDROID (Timbru verde 0,75 lei)"},"content":{"rendered":"<p>Homatics Box R Lite is one of the most powerful 4K multimedia devices on the market, turning an ordinary TV into a powerful smart TV.<br \/>\nSistemul de operare este Android TV 11 oficial. R\u0103spunsurile rapide sunt asigurate de puternicul procesor Amlogic S905Y4 pentru vitez\u0103 mai mare \u0219i o experien\u021b\u0103 de utilizator mai bun\u0103, care este sus\u021binut\u0103 de p\u00e2n\u0103 la 2 GB RAM DDR.<br \/>\nIt includes Google voice assistant, pre-installed YouTube, Netflix, Google Play store, Prime Video, built-in chromecast and supports most used apps like KODI, HBO GO, Disney+, VLC and more. The remote also serves as a microphone for Google&#039;s voice assistant.<br \/>\nThe Homatics Box R Lite will delight you with its excellent equipment and connectivity, such as an Ethernet connector, USB Type C, 2x USB 2.0, S\/PDIF optical digital audio output, MicroSD card reader...<\/p>\n<p>Key features<br \/>\nPowerful 4K multimedia streamer\/player<br \/>\nOfficial Android TV 11<br \/>\n4K UHD at 60fps<br \/>\nPowerful processor Amlogic S905Y4 (16500 DMIPS)<br \/>\n2GB of RAM<br \/>\nAV1 codec support<br \/>\nslot for MicroSD cards \u2013 for expanding the internal memory<br \/>\n1x USB Type C<br \/>\n2x USB 2.0<br \/>\nEthernet connector<br \/>\nS\/PDIF optical digital audio output<br \/>\nDolby Audio<br \/>\nWiFi 5<br \/>\nBluetooth 5.0<br \/>\nHDMI 2.1<\/p>\n<p>Streaming services<br \/>\nWatch the latest movies and series ad-free through streaming services like Netflix, HBO MAX, Disney+, Prime Video, Apple TV, VOYO and more. Watch the latest movies or series anytime, anywhere, without ads.<\/p>\n<p>Watching TV programs<br \/>\nYou can also watch live broadcasts of TV programs through the Homatics Box R Lite device. You just need to install the given provider&#039;s app, subscribe to the given service and you can watch. Supported apps are e.g. SledovanieTV, Skylink Live TV, Magio GO, Antik TV, O2 TV and many more.<\/p>\n<p>Benefits:<\/p>\n<p>\u2013 you don&#039;t need satellite antenna, coaxial cable and other accessories<br \/>\n\u2013 just connect to the internet<br \/>\n\u2013 no complicated installation<br \/>\n\u2013 quality reception even in bad weather<br \/>\n\u2013 television archive<\/p>\n<p>Playing games<br \/>\nFrom the Google Play store, you can download a number of games that you can play directly on your TV through your Homatics device. You can choose from different genres like action, racing, platforming, sports, fighting, multiplayer, etc.<br \/>\nTo play comfortably, you can use e.g. Wireless Xbox controller that connects easily and quickly via Bluetooth.<br \/>\nRemote<br \/>\nVery convenient Bluetooth remote control in a minimalist design, but with everything you need. You will learn it quickly and navigating the menu will be hassle-free for you. On the control you will find buttons for quick access to the YouTube application or one of the most popular streaming services Netflix.<br \/>\nHelpful TIP: You can also map the &quot;missile&quot; button on this control to any installed app. So you will have immediate access to e.g. to the SledovanieTV or VLC app or to Disney+. The choice depends on your preference.<br \/>\nYou can also use the control for Google voice commands. Say what you&#039;re interested in or what you want to watch, and Google Assistant will show it right on your TV. If you want to use a smart home, you can use the built-in Google Assistant to turn on the light, increase the temperature of the thermostat, turn off the electrical equipment, etc.<br \/>\nYou no longer need to use two remote controls. Using the Homatics remote control, you can change the volume directly on the TV or switch the AV input on the TV.<\/p>\n<p>Chromecast built-in<br \/>\nWith the built-in Chromecast function, you can easily and wirelessly connect your smartphone to the TV (videos, photos, music...). This feature can mirror content from almost any smartphone, tablet or laptop.<\/p>\n<p>Technical specification<br \/>\nOperating system: Android TV 11<br \/>\nChipset: Amlogic S905Y4 16.5k DMIPS<br \/>\n2 GB DDR RAM<br \/>\nEthernet 100 Mbps<br \/>\nWi-Fi 5 2.4G\/5G<br \/>\nBluetooth 5.0<br \/>\nHDMI 2.1 \/ HDCP 2.2<br \/>\nVideo resolution: 4K, 1080i\/p, 720p, 576i\/p, 480i\/p<br \/>\nAV1 codec support<br \/>\nDolby Audio<br \/>\n1x USB Type-C, 2x USB 2.0<br \/>\nmicroSD card slot<br \/>\nS\/PDIF optical digital audio output<br \/>\nVideo file format: .mkv, .wmv, .mpg, .mpeg, .dat, .avi, .mov, .iso, .mp4, .rm, .jpg<br \/>\nVideo decoding:<br \/>\nAV1 MP-10@L5.1 up to 4Kx2K@60fps<br \/>\nVP9 Profile-2 up to 4Kx2K@60fps<br \/>\nH.265 HEVC MP-10@L5.1 up to 4Kx2K@60fps<br \/>\nAVS2-P2 profile up to 4Kx2K@60fps<br \/>\nH.264 AVC HP@L5.1 up to 4Kx2K@30fps<br \/>\nMPEG-4 ASP@L5 up to 1080P@60fps (ISO-14496)<br \/>\nWMV\/VC-1 SP\/MP\/AP up to 1080P@60fps<br \/>\nAVS-P16(AVS+) \/AVS-P2 JiZhun profile up to 1080P@60fps<br \/>\nMPEG-2 MP\/HL up to 1080P@60fps (ISO-13818)<br \/>\nMPEG-1 MP\/HL up to 1080P@60fps (ISO-11172)<br \/>\nRealVideo 8\/9\/10 up to 1080P@60fps<br \/>\nAudio file format: MP3, AAC, WMA, RM, FLAC, Ogg and programmable with 7.1\/5.1 down-mixing<br \/>\nDimensions (W x H x H: 96 x 96 x 23 mm<\/p>\n<p>More details <a href=\"https:\/\/homatics.eu\/produkt\/box-r-lite\/\">here.<\/a><\/p>","protected":false},"excerpt":{"rendered":"<div class=\"col-lg-12 col-sm-12 col-xs-12\">\n<ul>\n<li>Powerful 4K multimedia streamer\/player<\/li>\n<li>Official Android TV 11<\/li>\n<li>4K UHD at 60fps<\/li>\n<li>Powerful processor Amlogic S905Y4 (16500 DMIPS)<\/li>\n<li>Memorie 2 GB de RAM<\/li>\n<li>AV1 codec support<\/li>\n<\/ul>\n<\/div>","protected":false},"featured_media":12326,"template":"","meta":[],"product_brand":[],"product_cat":[244,234,15],"product_tag":[],"class_list":{"0":"post-12323","1":"product","2":"type-product","3":"status-publish","4":"has-post-thumbnail","6":"product_cat-ott-box-uri-android","7":"product_cat-receptoare","8":"product_cat-toate-produsele","10":"first","11":"outofstock","12":"featured","13":"taxable","14":"shipping-taxable","15":"purchasable","16":"product-type-simple"},"yoast_head":"<!-- This site is optimized with the Yoast SEO Premium plugin v21.9 (Yoast SEO v27.3) - https:\/\/yoast.com\/product\/yoast-seo-premium-wordpress\/ -->\n<title>HOMATICS BOX R LITE 4K ANDROID (Timbru verde 0,75 lei) - Peruvision<\/title>\n<meta name=\"description\" content=\"Descopera HOMATICS BOX R LITE 4K ANDROID (Timbru verde 0,75 lei) la Peruvision. Preturi speciale pentru echipamentele achizitionate\" \/>\n<meta name=\"robots\" content=\"index, follow, max-snippet:-1, max-image-preview:large, max-video-preview:-1\" \/>\n<link rel=\"canonical\" href=\"https:\/\/peruvision.ro\/en\/product\/homatics-box-r-android-tv-4k-copiaza\/\" \/>\n<meta property=\"og:locale\" content=\"en_GB\" \/>\n<meta property=\"og:type\" content=\"article\" \/>\n<meta property=\"og:title\" content=\"HOMATICS BOX R LITE 4K ANDROID (Timbru verde 0,75 lei)\" \/>\n<meta property=\"og:description\" content=\"Descopera HOMATICS BOX R LITE 4K ANDROID (Timbru verde 0,75 lei) la Peruvision. Preturi speciale pentru echipamentele achizitionate\" \/>\n<meta property=\"og:url\" content=\"https:\/\/peruvision.ro\/en\/product\/homatics-box-r-android-tv-4k-copiaza\/\" \/>\n<meta property=\"og:site_name\" content=\"Peruvision\" \/>\n<meta property=\"article:publisher\" content=\"https:\/\/www.facebook.com\/profile.php?id=100040871665118\" \/>\n<meta property=\"article:modified_time\" content=\"2026-03-17T09:37:31+00:00\" \/>\n<meta property=\"og:image\" content=\"https:\/\/peruvision.ro\/wp-content\/uploads\/2023\/08\/Box-R-Lite-s-odrazom-1-1.jpg\" \/>\n\t<meta property=\"og:image:width\" content=\"1024\" \/>\n\t<meta property=\"og:image:height\" content=\"1024\" \/>\n\t<meta property=\"og:image:type\" content=\"image\/jpeg\" \/>\n<meta name=\"twitter:card\" content=\"summary_large_image\" \/>\n<meta name=\"twitter:label1\" content=\"Estimated reading time\" \/>\n\t<meta name=\"twitter:data1\" content=\"5 minutes\" \/>\n<script type=\"application\/ld+json\" class=\"yoast-schema-graph\">{\"@context\":\"https:\\\/\\\/schema.org\",\"@graph\":[{\"@type\":\"WebPage\",\"@id\":\"https:\\\/\\\/peruvision.ro\\\/produs\\\/homatics-box-r-android-tv-4k-copiaza\\\/\",\"url\":\"https:\\\/\\\/peruvision.ro\\\/produs\\\/homatics-box-r-android-tv-4k-copiaza\\\/\",\"name\":\"HOMATICS BOX R LITE 4K ANDROID (Timbru verde 0,75 lei) - Peruvision\",\"isPartOf\":{\"@id\":\"https:\\\/\\\/peruvision.ro\\\/#website\"},\"primaryImageOfPage\":{\"@id\":\"https:\\\/\\\/peruvision.ro\\\/produs\\\/homatics-box-r-android-tv-4k-copiaza\\\/#primaryimage\"},\"image\":{\"@id\":\"https:\\\/\\\/peruvision.ro\\\/produs\\\/homatics-box-r-android-tv-4k-copiaza\\\/#primaryimage\"},\"thumbnailUrl\":\"https:\\\/\\\/peruvision.ro\\\/wp-content\\\/uploads\\\/2023\\\/08\\\/Box-R-Lite-s-odrazom-1-1.jpg\",\"datePublished\":\"2023-08-07T08:02:38+00:00\",\"dateModified\":\"2026-03-17T09:37:31+00:00\",\"description\":\"Descopera HOMATICS BOX R LITE 4K ANDROID (Timbru verde 0,75 lei) la Peruvision. Preturi speciale pentru echipamentele achizitionate\",\"breadcrumb\":{\"@id\":\"https:\\\/\\\/peruvision.ro\\\/produs\\\/homatics-box-r-android-tv-4k-copiaza\\\/#breadcrumb\"},\"inLanguage\":\"en-GB\",\"potentialAction\":[{\"@type\":\"ReadAction\",\"target\":[\"https:\\\/\\\/peruvision.ro\\\/produs\\\/homatics-box-r-android-tv-4k-copiaza\\\/\"]}]},{\"@type\":\"ImageObject\",\"inLanguage\":\"en-GB\",\"@id\":\"https:\\\/\\\/peruvision.ro\\\/produs\\\/homatics-box-r-android-tv-4k-copiaza\\\/#primaryimage\",\"url\":\"https:\\\/\\\/peruvision.ro\\\/wp-content\\\/uploads\\\/2023\\\/08\\\/Box-R-Lite-s-odrazom-1-1.jpg\",\"contentUrl\":\"https:\\\/\\\/peruvision.ro\\\/wp-content\\\/uploads\\\/2023\\\/08\\\/Box-R-Lite-s-odrazom-1-1.jpg\",\"width\":1024,\"height\":1024},{\"@type\":\"BreadcrumbList\",\"@id\":\"https:\\\/\\\/peruvision.ro\\\/produs\\\/homatics-box-r-android-tv-4k-copiaza\\\/#breadcrumb\",\"itemListElement\":[{\"@type\":\"ListItem\",\"position\":1,\"name\":\"Prima pagin\u0103\",\"item\":\"https:\\\/\\\/peruvision.ro\\\/\"},{\"@type\":\"ListItem\",\"position\":2,\"name\":\"Produse\",\"item\":\"https:\\\/\\\/peruvision.ro\\\/produse\\\/\"},{\"@type\":\"ListItem\",\"position\":3,\"name\":\"HOMATICS BOX R LITE 4K ANDROID (Timbru verde 0,75 lei)\"}]},{\"@type\":\"WebSite\",\"@id\":\"https:\\\/\\\/peruvision.ro\\\/#website\",\"url\":\"https:\\\/\\\/peruvision.ro\\\/\",\"name\":\"Peruvision\",\"description\":\"Site-ul firmei Peruvision, specializata in distributia de echipamente de telecomunicatii si servicii aferente.\",\"publisher\":{\"@id\":\"https:\\\/\\\/peruvision.ro\\\/#organization\"},\"potentialAction\":[{\"@type\":\"SearchAction\",\"target\":{\"@type\":\"EntryPoint\",\"urlTemplate\":\"https:\\\/\\\/peruvision.ro\\\/?s={search_term_string}\"},\"query-input\":{\"@type\":\"PropertyValueSpecification\",\"valueRequired\":true,\"valueName\":\"search_term_string\"}}],\"inLanguage\":\"en-GB\"},{\"@type\":\"Organization\",\"@id\":\"https:\\\/\\\/peruvision.ro\\\/#organization\",\"name\":\"Peruvision\",\"url\":\"https:\\\/\\\/peruvision.ro\\\/\",\"logo\":{\"@type\":\"ImageObject\",\"inLanguage\":\"en-GB\",\"@id\":\"https:\\\/\\\/peruvision.ro\\\/#\\\/schema\\\/logo\\\/image\\\/\",\"url\":\"https:\\\/\\\/peruvision.ro\\\/wp-content\\\/uploads\\\/2021\\\/09\\\/3biss-negru.png\",\"contentUrl\":\"https:\\\/\\\/peruvision.ro\\\/wp-content\\\/uploads\\\/2021\\\/09\\\/3biss-negru.png\",\"width\":2035,\"height\":432,\"caption\":\"Peruvision\"},\"image\":{\"@id\":\"https:\\\/\\\/peruvision.ro\\\/#\\\/schema\\\/logo\\\/image\\\/\"},\"sameAs\":[\"https:\\\/\\\/www.facebook.com\\\/profile.php?id=100040871665118\"]}]}<\/script>\n<!-- \/ Yoast SEO Premium plugin. -->","yoast_head_json":{"title":"HOMATICS BOX R LITE 4K ANDROID (Timbru verde 0,75 lei) - Peruvision","description":"Descopera HOMATICS BOX R LITE 4K ANDROID (Timbru verde 0,75 lei) la Peruvision. Preturi speciale pentru echipamentele achizitionate","robots":{"index":"index","follow":"follow","max-snippet":"max-snippet:-1","max-image-preview":"max-image-preview:large","max-video-preview":"max-video-preview:-1"},"canonical":"https:\/\/peruvision.ro\/en\/product\/homatics-box-r-android-tv-4k-copiaza\/","og_locale":"en_GB","og_type":"article","og_title":"HOMATICS BOX R LITE 4K ANDROID (Timbru verde 0,75 lei)","og_description":"Descopera HOMATICS BOX R LITE 4K ANDROID (Timbru verde 0,75 lei) la Peruvision. Preturi speciale pentru echipamentele achizitionate","og_url":"https:\/\/peruvision.ro\/en\/product\/homatics-box-r-android-tv-4k-copiaza\/","og_site_name":"Peruvision","article_publisher":"https:\/\/www.facebook.com\/profile.php?id=100040871665118","article_modified_time":"2026-03-17T09:37:31+00:00","og_image":[{"width":1024,"height":1024,"url":"https:\/\/peruvision.ro\/wp-content\/uploads\/2023\/08\/Box-R-Lite-s-odrazom-1-1.jpg","type":"image\/jpeg"}],"twitter_card":"summary_large_image","twitter_misc":{"Estimated reading time":"5 minutes"},"schema":{"@context":"https:\/\/schema.org","@graph":[{"@type":"WebPage","@id":"https:\/\/peruvision.ro\/produs\/homatics-box-r-android-tv-4k-copiaza\/","url":"https:\/\/peruvision.ro\/produs\/homatics-box-r-android-tv-4k-copiaza\/","name":"HOMATICS BOX R LITE 4K ANDROID (Timbru verde 0,75 lei) - Peruvision","isPartOf":{"@id":"https:\/\/peruvision.ro\/#website"},"primaryImageOfPage":{"@id":"https:\/\/peruvision.ro\/produs\/homatics-box-r-android-tv-4k-copiaza\/#primaryimage"},"image":{"@id":"https:\/\/peruvision.ro\/produs\/homatics-box-r-android-tv-4k-copiaza\/#primaryimage"},"thumbnailUrl":"https:\/\/peruvision.ro\/wp-content\/uploads\/2023\/08\/Box-R-Lite-s-odrazom-1-1.jpg","datePublished":"2023-08-07T08:02:38+00:00","dateModified":"2026-03-17T09:37:31+00:00","description":"Descopera HOMATICS BOX R LITE 4K ANDROID (Timbru verde 0,75 lei) la Peruvision. Preturi speciale pentru echipamentele achizitionate","breadcrumb":{"@id":"https:\/\/peruvision.ro\/produs\/homatics-box-r-android-tv-4k-copiaza\/#breadcrumb"},"inLanguage":"en-GB","potentialAction":[{"@type":"ReadAction","target":["https:\/\/peruvision.ro\/produs\/homatics-box-r-android-tv-4k-copiaza\/"]}]},{"@type":"ImageObject","inLanguage":"en-GB","@id":"https:\/\/peruvision.ro\/produs\/homatics-box-r-android-tv-4k-copiaza\/#primaryimage","url":"https:\/\/peruvision.ro\/wp-content\/uploads\/2023\/08\/Box-R-Lite-s-odrazom-1-1.jpg","contentUrl":"https:\/\/peruvision.ro\/wp-content\/uploads\/2023\/08\/Box-R-Lite-s-odrazom-1-1.jpg","width":1024,"height":1024},{"@type":"BreadcrumbList","@id":"https:\/\/peruvision.ro\/produs\/homatics-box-r-android-tv-4k-copiaza\/#breadcrumb","itemListElement":[{"@type":"ListItem","position":1,"name":"Prima pagin\u0103","item":"https:\/\/peruvision.ro\/"},{"@type":"ListItem","position":2,"name":"Produse","item":"https:\/\/peruvision.ro\/produse\/"},{"@type":"ListItem","position":3,"name":"HOMATICS BOX R LITE 4K ANDROID (Timbru verde 0,75 lei)"}]},{"@type":"WebSite","@id":"https:\/\/peruvision.ro\/#website","url":"https:\/\/peruvision.ro\/","name":"Peruvision","description":"Site-ul firmei Peruvision, specializata in distributia de echipamente de telecomunicatii si servicii aferente.","publisher":{"@id":"https:\/\/peruvision.ro\/#organization"},"potentialAction":[{"@type":"SearchAction","target":{"@type":"EntryPoint","urlTemplate":"https:\/\/peruvision.ro\/?s={search_term_string}"},"query-input":{"@type":"PropertyValueSpecification","valueRequired":true,"valueName":"search_term_string"}}],"inLanguage":"en-GB"},{"@type":"Organization","@id":"https:\/\/peruvision.ro\/#organization","name":"Peruvision","url":"https:\/\/peruvision.ro\/","logo":{"@type":"ImageObject","inLanguage":"en-GB","@id":"https:\/\/peruvision.ro\/#\/schema\/logo\/image\/","url":"https:\/\/peruvision.ro\/wp-content\/uploads\/2021\/09\/3biss-negru.png","contentUrl":"https:\/\/peruvision.ro\/wp-content\/uploads\/2021\/09\/3biss-negru.png","width":2035,"height":432,"caption":"Peruvision"},"image":{"@id":"https:\/\/peruvision.ro\/#\/schema\/logo\/image\/"},"sameAs":["https:\/\/www.facebook.com\/profile.php?id=100040871665118"]}]}},"jetpack_sharing_enabled":true,"_links":{"self":[{"href":"https:\/\/peruvision.ro\/en\/wp-json\/wp\/v2\/product\/12323","targetHints":{"allow":["GET"]}}],"collection":[{"href":"https:\/\/peruvision.ro\/en\/wp-json\/wp\/v2\/product"}],"about":[{"href":"https:\/\/peruvision.ro\/en\/wp-json\/wp\/v2\/types\/product"}],"version-history":[{"count":2,"href":"https:\/\/peruvision.ro\/en\/wp-json\/wp\/v2\/product\/12323\/revisions"}],"predecessor-version":[{"id":18366,"href":"https:\/\/peruvision.ro\/en\/wp-json\/wp\/v2\/product\/12323\/revisions\/18366"}],"wp:featuredmedia":[{"embeddable":true,"href":"https:\/\/peruvision.ro\/en\/wp-json\/wp\/v2\/media\/12326"}],"wp:attachment":[{"href":"https:\/\/peruvision.ro\/en\/wp-json\/wp\/v2\/media?parent=12323"}],"wp:term":[{"taxonomy":"product_brand","embeddable":true,"href":"https:\/\/peruvision.ro\/en\/wp-json\/wp\/v2\/product_brand?post=12323"},{"taxonomy":"product_cat","embeddable":true,"href":"https:\/\/peruvision.ro\/en\/wp-json\/wp\/v2\/product_cat?post=12323"},{"taxonomy":"product_tag","embeddable":true,"href":"https:\/\/peruvision.ro\/en\/wp-json\/wp\/v2\/product_tag?post=12323"}],"curies":[{"name":"wp","href":"https:\/\/api.w.org\/{rel}","templated":true}]}}