{"id":12060,"date":"2023-05-09T09:39:58","date_gmt":"2023-05-09T06:39:58","guid":{"rendered":"https:\/\/peruvision.ro\/?post_type=product&#038;p=12060"},"modified":"2025-12-17T13:46:08","modified_gmt":"2025-12-17T11:46:08","slug":"tenda-ax3000-rx9-pro-wi-fi-6","status":"publish","type":"product","link":"https:\/\/peruvision.ro\/en\/product\/tenda-ax3000-rx9-pro-wi-fi-6\/","title":{"rendered":"TENDA AX3000 RX9 PRO Wi-Fi 6"},"content":{"rendered":"<p><strong>Router Wi-Fi 6 Gigabit dual-band AX3000<\/strong><br \/>\nRX9 Pro este un router wireless Wi-Fi 6 AX3000 cu o vitez\u0103 de transfer dual-band combinat\u0103 de p\u00e2n\u0103 la 2976 Mbps (574 Mbps la 2.4 GHz, 2402 Mbps la 5 GHz). Este echipat cu un procesor dual-core de 1.6 GHz care \u00eei confer\u0103 o mare putere de calcul \u0219i o stabilitate superioar\u0103. RX9 Pro este realizat pe baza FEM-Design pentru optimizarea utiliz\u0103rii spectrului de band\u0103 \u0219i a eficien\u021bei de comunicare. De asemenea, prin implementarea tehnologiilor OFDMA \u0219i MU-MIMO, \u00eent\u00e2rzierile de semnal sunt reduse, cre\u0219te num\u0103rul de dispozitive care se pot conecta \u00een acela\u0219i timp \u0219i eficien\u021ba transmisiei de date este \u00eembun\u0103t\u0103\u021bit\u0103 \u00een mod semnificativ.<\/p>\n<p><strong>Wireless connections at extremely high speeds AX300<\/strong>0<br \/>\nRX9 Pro este un router Wi-Fi 6 dual-band care utilizeaz\u0103 o band\u0103 de 160 MHz \u0219i tehnologia 1024-QAM pentru a realiza conexiuni wireless de vitez\u0103 extrem de mare, de p\u00e2n\u0103 la 2976 Mbps combinat, respectiv de p\u00e2n\u0103 la 574 Mbps la 2.4 GHz \u0219i 2402 Mbps la 5 GHz.<\/p>\n<p><strong>Significant reduction in signal delays for a great wireless experience<\/strong><br \/>\nBazat\u0103 pe o combina\u021bie de OFDMA \u0219i MU-MIMO, tehnologia 802.11ax, utilizat\u0103 \u00een construc\u021bia routerului, permite sporirea num\u0103rului de dispozitive conectate \u0219i a eficien\u021bei canalului de comunicare, fa\u021b\u0103 de Wi-Fi 5.<br \/>\nTehnologia OFDMA permite \u00eemp\u0103r\u021birea fiec\u0103rui canal de comunicare \u00een canale mai mici, combinarea acestor subcanale din cadrul conexiunilor cu diverse dispozitive \u0219i transmiterea lor \u00een acela\u0219i timp, reduc\u00e2nd \u00eent\u00e2rzierile de semnal \u0219i oferind o experien\u021b\u0103 superioar\u0103 de utilizare wireless.<\/p>\n<p><strong>1.6 GHz dual-core processor for superior speed and stability<\/strong><br \/>\nProcesorul dual-core performant de 1.6 GHz asigur\u0103 cre\u0219terea puterii de procesare p\u00e2n\u0103 la 3000 DMIPS iar viteza de procesare NPU atinge 2220 MHz, permi\u021b\u00e2nd sporirea capacit\u0103\u021bii de \u00eenc\u0103rcare a re\u021belei, reducerea timpului de r\u0103spuns \u0219i asigurarea unei stabilit\u0103\u021bi superioare.<\/p>\n<p><strong>&quot;4+4&quot; for extended Wi-Fi coverage<\/strong><br \/>\nRX9 Pro dispune de 4 module FEM cu sisteme independente de amplificare a semnalului \u0219i de 4 antene externe dual-band omnidirec\u021bionale de 6 dBi pentru a asigura o acoperire Wi-Fi extins\u0103.<\/p>\n<p><strong>BSS Coloring technology to reduce interference and increase efficiency<\/strong>and<br \/>\nPrin utilizarea tehnologiei BSS Coloring, RX9 Pro este \u00een m\u0103sur\u0103 s\u0103 reduc\u0103 interferen\u021bele din vecin\u0103tate, s\u0103 \u00eembun\u0103t\u0103\u021beasc\u0103 utilizarea spectrului \u0219i eficien\u021ba comunic\u0103rii.<\/p>\n<p><strong>IPv6 support<\/strong><br \/>\nProtocolul IPv6 permite operarea cu adrese IP de 128 bi\u021bi, f\u0103r\u0103 a mai fi nevoie de translatarea adreselor de re\u021bea, aceasta conduc\u00e2nd la reducerea duratei de transmitere a datelor \u00eentre utilizatori \u0219i servere.<\/p>\n<p><strong>TWT ensures extended battery life<\/strong><br \/>\nTehnologia TWT (Target Wake-up Time) permite activarea dispozitivelor conectate numai atunci c\u00e2nd sunt utilizate, pentru conservarea energiei din baterie.<\/p>\n<p><strong>WPA3 next-generation security protocol<\/strong><br \/>\nRX9 Pro \u00eencorporeaz\u0103 WPA3, cel mai nou standard de securitate Wi-Fi, care spore\u0219te protec\u021bia \u00een cazul tentativelor de spargere a parolei \u0219i a atacurilor for\u021bate \u0219i asigur\u0103 o siguran\u021b\u0103 mai mare a utilizatorilor \u00een re\u021belele Wi-Fi deschise.<\/p>\n<p><strong>Remote control via the Tenda app<\/strong><br \/>\nStarea Wi-Fi poate fi controlat\u0103 de la distan\u021b\u0103, \u00een orice moment, prin intermediul aplica\u021biei de smartphone Tenda WiFi, de oriunde ave\u021bi acces la Internet.<\/p>\n<p>Click for more details <a href=\"https:\/\/www.tendacn.com\/ro\/product\/specification\/RX9Pro.html\">here.<\/a><\/p>","protected":false},"excerpt":{"rendered":"<ul>\n<li><strong>Router Wi-Fi 6 Gigabit dual-band AX3000<\/strong><\/li>\n<li><strong>Wireless connections at extremely high speeds AX300<\/strong>0<\/li>\n<li><strong>Significant reduction in signal delays for a great wireless experience<\/strong><\/li>\n<li><strong>1.6 GHz dual-core processor for superior speed and stability<\/strong><\/li>\n<li><strong>&quot;4+4&quot; for extended Wi-Fi coverage<\/strong><\/li>\n<li><strong>BSS Coloring technology to reduce interference and increase efficiency<\/strong>and<\/li>\n<li><strong>IPv6 support<\/strong><\/li>\n<li><strong>TWT ensures extended battery life<\/strong><\/li>\n<li><strong>WPA3 next-generation security protocol<\/strong><\/li>\n<li><strong>Remote control via the Tenda app<\/strong><\/li>\n<\/ul>","protected":false},"featured_media":12062,"template":"","meta":[],"product_brand":[],"product_cat":[289,291,15],"product_tag":[],"class_list":{"0":"post-12060","1":"product","2":"type-product","3":"status-publish","4":"has-post-thumbnail","6":"product_cat-retelistica","7":"product_cat-routere-wireless","8":"product_cat-toate-produsele","10":"first","11":"outofstock","12":"taxable","13":"shipping-taxable","14":"product-type-simple"},"yoast_head":"<!-- This site is optimized with the Yoast SEO Premium plugin v21.9 (Yoast SEO v27.4) - https:\/\/yoast.com\/product\/yoast-seo-premium-wordpress\/ -->\n<title>TENDA AX3000 RX9 PRO Wi-Fi 6 - Peruvision<\/title>\n<meta name=\"description\" content=\"Descopera TENDA AX3000 RX9 PRO Wi-Fi 6 la Peruvision. Preturi speciale pentru echipamentele achizitionate\" \/>\n<meta name=\"robots\" content=\"index, follow, max-snippet:-1, max-image-preview:large, max-video-preview:-1\" \/>\n<link rel=\"canonical\" href=\"https:\/\/peruvision.ro\/en\/product\/tenda-ax3000-rx9-pro-wi-fi-6\/\" \/>\n<meta property=\"og:locale\" content=\"en_GB\" \/>\n<meta property=\"og:type\" content=\"article\" \/>\n<meta property=\"og:title\" content=\"TENDA AX3000 RX9 PRO Wi-Fi 6\" \/>\n<meta property=\"og:description\" content=\"Descopera TENDA AX3000 RX9 PRO Wi-Fi 6 la Peruvision. Preturi speciale pentru echipamentele achizitionate\" \/>\n<meta property=\"og:url\" content=\"https:\/\/peruvision.ro\/en\/product\/tenda-ax3000-rx9-pro-wi-fi-6\/\" \/>\n<meta property=\"og:site_name\" content=\"Peruvision\" \/>\n<meta property=\"article:publisher\" content=\"https:\/\/www.facebook.com\/profile.php?id=100040871665118\" \/>\n<meta property=\"article:modified_time\" content=\"2025-12-17T11:46:08+00:00\" \/>\n<meta property=\"og:image\" content=\"https:\/\/peruvision.ro\/wp-content\/uploads\/2023\/05\/Tenda-RX9-Pro-1.jpg\" \/>\n\t<meta property=\"og:image:width\" content=\"1024\" \/>\n\t<meta property=\"og:image:height\" content=\"1024\" \/>\n\t<meta property=\"og:image:type\" content=\"image\/jpeg\" \/>\n<meta name=\"twitter:card\" content=\"summary_large_image\" \/>\n<meta name=\"twitter:label1\" content=\"Estimated reading time\" \/>\n\t<meta name=\"twitter:data1\" content=\"3 minutes\" \/>\n<script type=\"application\/ld+json\" class=\"yoast-schema-graph\">{\"@context\":\"https:\\\/\\\/schema.org\",\"@graph\":[{\"@type\":\"WebPage\",\"@id\":\"https:\\\/\\\/peruvision.ro\\\/produs\\\/tenda-ax3000-rx9-pro-wi-fi-6\\\/\",\"url\":\"https:\\\/\\\/peruvision.ro\\\/produs\\\/tenda-ax3000-rx9-pro-wi-fi-6\\\/\",\"name\":\"TENDA AX3000 RX9 PRO Wi-Fi 6 - Peruvision\",\"isPartOf\":{\"@id\":\"https:\\\/\\\/peruvision.ro\\\/#website\"},\"primaryImageOfPage\":{\"@id\":\"https:\\\/\\\/peruvision.ro\\\/produs\\\/tenda-ax3000-rx9-pro-wi-fi-6\\\/#primaryimage\"},\"image\":{\"@id\":\"https:\\\/\\\/peruvision.ro\\\/produs\\\/tenda-ax3000-rx9-pro-wi-fi-6\\\/#primaryimage\"},\"thumbnailUrl\":\"https:\\\/\\\/peruvision.ro\\\/wp-content\\\/uploads\\\/2023\\\/05\\\/Tenda-RX9-Pro-1.jpg\",\"datePublished\":\"2023-05-09T06:39:58+00:00\",\"dateModified\":\"2025-12-17T11:46:08+00:00\",\"description\":\"Descopera TENDA AX3000 RX9 PRO Wi-Fi 6 la Peruvision. Preturi speciale pentru echipamentele achizitionate\",\"breadcrumb\":{\"@id\":\"https:\\\/\\\/peruvision.ro\\\/produs\\\/tenda-ax3000-rx9-pro-wi-fi-6\\\/#breadcrumb\"},\"inLanguage\":\"en-GB\",\"potentialAction\":[{\"@type\":\"ReadAction\",\"target\":[\"https:\\\/\\\/peruvision.ro\\\/produs\\\/tenda-ax3000-rx9-pro-wi-fi-6\\\/\"]}]},{\"@type\":\"ImageObject\",\"inLanguage\":\"en-GB\",\"@id\":\"https:\\\/\\\/peruvision.ro\\\/produs\\\/tenda-ax3000-rx9-pro-wi-fi-6\\\/#primaryimage\",\"url\":\"https:\\\/\\\/peruvision.ro\\\/wp-content\\\/uploads\\\/2023\\\/05\\\/Tenda-RX9-Pro-1.jpg\",\"contentUrl\":\"https:\\\/\\\/peruvision.ro\\\/wp-content\\\/uploads\\\/2023\\\/05\\\/Tenda-RX9-Pro-1.jpg\",\"width\":1024,\"height\":1024},{\"@type\":\"BreadcrumbList\",\"@id\":\"https:\\\/\\\/peruvision.ro\\\/produs\\\/tenda-ax3000-rx9-pro-wi-fi-6\\\/#breadcrumb\",\"itemListElement\":[{\"@type\":\"ListItem\",\"position\":1,\"name\":\"Prima pagin\u0103\",\"item\":\"https:\\\/\\\/peruvision.ro\\\/\"},{\"@type\":\"ListItem\",\"position\":2,\"name\":\"Produse\",\"item\":\"https:\\\/\\\/peruvision.ro\\\/produse\\\/\"},{\"@type\":\"ListItem\",\"position\":3,\"name\":\"TENDA AX3000 RX9 PRO Wi-Fi 6\"}]},{\"@type\":\"WebSite\",\"@id\":\"https:\\\/\\\/peruvision.ro\\\/#website\",\"url\":\"https:\\\/\\\/peruvision.ro\\\/\",\"name\":\"Peruvision\",\"description\":\"Site-ul firmei Peruvision, specializata in distributia de echipamente de telecomunicatii si servicii aferente.\",\"publisher\":{\"@id\":\"https:\\\/\\\/peruvision.ro\\\/#organization\"},\"potentialAction\":[{\"@type\":\"SearchAction\",\"target\":{\"@type\":\"EntryPoint\",\"urlTemplate\":\"https:\\\/\\\/peruvision.ro\\\/?s={search_term_string}\"},\"query-input\":{\"@type\":\"PropertyValueSpecification\",\"valueRequired\":true,\"valueName\":\"search_term_string\"}}],\"inLanguage\":\"en-GB\"},{\"@type\":\"Organization\",\"@id\":\"https:\\\/\\\/peruvision.ro\\\/#organization\",\"name\":\"Peruvision\",\"url\":\"https:\\\/\\\/peruvision.ro\\\/\",\"logo\":{\"@type\":\"ImageObject\",\"inLanguage\":\"en-GB\",\"@id\":\"https:\\\/\\\/peruvision.ro\\\/#\\\/schema\\\/logo\\\/image\\\/\",\"url\":\"https:\\\/\\\/peruvision.ro\\\/wp-content\\\/uploads\\\/2021\\\/09\\\/3biss-negru.png\",\"contentUrl\":\"https:\\\/\\\/peruvision.ro\\\/wp-content\\\/uploads\\\/2021\\\/09\\\/3biss-negru.png\",\"width\":2035,\"height\":432,\"caption\":\"Peruvision\"},\"image\":{\"@id\":\"https:\\\/\\\/peruvision.ro\\\/#\\\/schema\\\/logo\\\/image\\\/\"},\"sameAs\":[\"https:\\\/\\\/www.facebook.com\\\/profile.php?id=100040871665118\"]}]}<\/script>\n<!-- \/ Yoast SEO Premium plugin. -->","yoast_head_json":{"title":"TENDA AX3000 RX9 PRO Wi-Fi 6 - Peruvision","description":"Descopera TENDA AX3000 RX9 PRO Wi-Fi 6 la Peruvision. Preturi speciale pentru echipamentele achizitionate","robots":{"index":"index","follow":"follow","max-snippet":"max-snippet:-1","max-image-preview":"max-image-preview:large","max-video-preview":"max-video-preview:-1"},"canonical":"https:\/\/peruvision.ro\/en\/product\/tenda-ax3000-rx9-pro-wi-fi-6\/","og_locale":"en_GB","og_type":"article","og_title":"TENDA AX3000 RX9 PRO Wi-Fi 6","og_description":"Descopera TENDA AX3000 RX9 PRO Wi-Fi 6 la Peruvision. Preturi speciale pentru echipamentele achizitionate","og_url":"https:\/\/peruvision.ro\/en\/product\/tenda-ax3000-rx9-pro-wi-fi-6\/","og_site_name":"Peruvision","article_publisher":"https:\/\/www.facebook.com\/profile.php?id=100040871665118","article_modified_time":"2025-12-17T11:46:08+00:00","og_image":[{"width":1024,"height":1024,"url":"https:\/\/peruvision.ro\/wp-content\/uploads\/2023\/05\/Tenda-RX9-Pro-1.jpg","type":"image\/jpeg"}],"twitter_card":"summary_large_image","twitter_misc":{"Estimated reading time":"3 minutes"},"schema":{"@context":"https:\/\/schema.org","@graph":[{"@type":"WebPage","@id":"https:\/\/peruvision.ro\/produs\/tenda-ax3000-rx9-pro-wi-fi-6\/","url":"https:\/\/peruvision.ro\/produs\/tenda-ax3000-rx9-pro-wi-fi-6\/","name":"TENDA AX3000 RX9 PRO Wi-Fi 6 - Peruvision","isPartOf":{"@id":"https:\/\/peruvision.ro\/#website"},"primaryImageOfPage":{"@id":"https:\/\/peruvision.ro\/produs\/tenda-ax3000-rx9-pro-wi-fi-6\/#primaryimage"},"image":{"@id":"https:\/\/peruvision.ro\/produs\/tenda-ax3000-rx9-pro-wi-fi-6\/#primaryimage"},"thumbnailUrl":"https:\/\/peruvision.ro\/wp-content\/uploads\/2023\/05\/Tenda-RX9-Pro-1.jpg","datePublished":"2023-05-09T06:39:58+00:00","dateModified":"2025-12-17T11:46:08+00:00","description":"Descopera TENDA AX3000 RX9 PRO Wi-Fi 6 la Peruvision. Preturi speciale pentru echipamentele achizitionate","breadcrumb":{"@id":"https:\/\/peruvision.ro\/produs\/tenda-ax3000-rx9-pro-wi-fi-6\/#breadcrumb"},"inLanguage":"en-GB","potentialAction":[{"@type":"ReadAction","target":["https:\/\/peruvision.ro\/produs\/tenda-ax3000-rx9-pro-wi-fi-6\/"]}]},{"@type":"ImageObject","inLanguage":"en-GB","@id":"https:\/\/peruvision.ro\/produs\/tenda-ax3000-rx9-pro-wi-fi-6\/#primaryimage","url":"https:\/\/peruvision.ro\/wp-content\/uploads\/2023\/05\/Tenda-RX9-Pro-1.jpg","contentUrl":"https:\/\/peruvision.ro\/wp-content\/uploads\/2023\/05\/Tenda-RX9-Pro-1.jpg","width":1024,"height":1024},{"@type":"BreadcrumbList","@id":"https:\/\/peruvision.ro\/produs\/tenda-ax3000-rx9-pro-wi-fi-6\/#breadcrumb","itemListElement":[{"@type":"ListItem","position":1,"name":"Prima pagin\u0103","item":"https:\/\/peruvision.ro\/"},{"@type":"ListItem","position":2,"name":"Produse","item":"https:\/\/peruvision.ro\/produse\/"},{"@type":"ListItem","position":3,"name":"TENDA AX3000 RX9 PRO Wi-Fi 6"}]},{"@type":"WebSite","@id":"https:\/\/peruvision.ro\/#website","url":"https:\/\/peruvision.ro\/","name":"Peruvision","description":"Site-ul firmei Peruvision, specializata in distributia de echipamente de telecomunicatii si servicii aferente.","publisher":{"@id":"https:\/\/peruvision.ro\/#organization"},"potentialAction":[{"@type":"SearchAction","target":{"@type":"EntryPoint","urlTemplate":"https:\/\/peruvision.ro\/?s={search_term_string}"},"query-input":{"@type":"PropertyValueSpecification","valueRequired":true,"valueName":"search_term_string"}}],"inLanguage":"en-GB"},{"@type":"Organization","@id":"https:\/\/peruvision.ro\/#organization","name":"Peruvision","url":"https:\/\/peruvision.ro\/","logo":{"@type":"ImageObject","inLanguage":"en-GB","@id":"https:\/\/peruvision.ro\/#\/schema\/logo\/image\/","url":"https:\/\/peruvision.ro\/wp-content\/uploads\/2021\/09\/3biss-negru.png","contentUrl":"https:\/\/peruvision.ro\/wp-content\/uploads\/2021\/09\/3biss-negru.png","width":2035,"height":432,"caption":"Peruvision"},"image":{"@id":"https:\/\/peruvision.ro\/#\/schema\/logo\/image\/"},"sameAs":["https:\/\/www.facebook.com\/profile.php?id=100040871665118"]}]}},"jetpack_sharing_enabled":true,"_links":{"self":[{"href":"https:\/\/peruvision.ro\/en\/wp-json\/wp\/v2\/product\/12060","targetHints":{"allow":["GET"]}}],"collection":[{"href":"https:\/\/peruvision.ro\/en\/wp-json\/wp\/v2\/product"}],"about":[{"href":"https:\/\/peruvision.ro\/en\/wp-json\/wp\/v2\/types\/product"}],"version-history":[{"count":1,"href":"https:\/\/peruvision.ro\/en\/wp-json\/wp\/v2\/product\/12060\/revisions"}],"predecessor-version":[{"id":17829,"href":"https:\/\/peruvision.ro\/en\/wp-json\/wp\/v2\/product\/12060\/revisions\/17829"}],"wp:featuredmedia":[{"embeddable":true,"href":"https:\/\/peruvision.ro\/en\/wp-json\/wp\/v2\/media\/12062"}],"wp:attachment":[{"href":"https:\/\/peruvision.ro\/en\/wp-json\/wp\/v2\/media?parent=12060"}],"wp:term":[{"taxonomy":"product_brand","embeddable":true,"href":"https:\/\/peruvision.ro\/en\/wp-json\/wp\/v2\/product_brand?post=12060"},{"taxonomy":"product_cat","embeddable":true,"href":"https:\/\/peruvision.ro\/en\/wp-json\/wp\/v2\/product_cat?post=12060"},{"taxonomy":"product_tag","embeddable":true,"href":"https:\/\/peruvision.ro\/en\/wp-json\/wp\/v2\/product_tag?post=12060"}],"curies":[{"name":"wp","href":"https:\/\/api.w.org\/{rel}","templated":true}]}}