{"id":12035,"date":"2023-05-03T13:42:45","date_gmt":"2023-05-03T10:42:45","guid":{"rendered":"https:\/\/peruvision.ro\/?post_type=product&#038;p=12035"},"modified":"2025-12-17T13:46:07","modified_gmt":"2025-12-17T11:46:07","slug":"tenda-nova-mw6-mesh-3-pack","status":"publish","type":"product","link":"https:\/\/peruvision.ro\/en\/product\/tenda-nova-mw6-mesh-3-pack\/","title":{"rendered":"NOVA MW6 Mesh Tent (3-Pack)"},"content":{"rendered":"<p>The next-generation solution for Wi-Fi coverage throughout the home.<br \/>\nSistemul Nova MW6 poate acoperi cu semnal WiFi, prin intermediul celor 3 unit\u0103\u021bi ale sale, o suprafa\u021b\u0103 de p\u00e2n\u0103 la 500 mp, elimin\u00e2nd zonele f\u0103r\u0103 semnal WiFi. Cu MW6 beneficiezi de o conexiune wireless de vitez\u0103 \u0219i stabil\u0103 practic oriunde \u00een cas\u0103.<br \/>\nConstruit pe baza tehnologiei avansate Wave2 MU-MIMO, Nova MW6 poate comunica simultan cu multiple dispozitive wireless \u0219i este cu mult superior routerelor tradi\u021bionale \u00een ceea ce prive\u0219te eficien\u021ba comunic\u0103rii. De asemenea, MW6 incorporeaz\u0103 tehnologia Beamforming prin care concentreaz\u0103 puterea de transmisie c\u0103tre dispozitivele wireless conectate, asigur\u00e2nd-le acestora un semnal mai puternic dec\u00e2t \u00een cazul unei repartiz\u0103ri uniforme a puterii.<br \/>\nAutomatic network optimization to stay connected all the time.<br \/>\nO re\u021bea tradi\u021bional\u0103 nu este capabil\u0103 s\u0103 asigure reconectarea atunci c\u00e2nd se pierde semnalul. Acest lucru este de domeniul trecutului cu sistemul Nova MW6, acesta fiind capabil s\u0103 men\u021bin\u0103 automat re\u021beaua \u00een starea de func\u021bionare. Dac\u0103 o unitate Nova este indisponibil\u0103, celelalte noduri se vor reconecta \u00een mod automat la alte unit\u0103\u021bi disponibile, asigur\u00e2ndu-v\u0103 conexiunea la Internet.<br \/>\nUninterrupted Internet connection.<br \/>\nDatorit\u0103 tehnologiei de seamless roaming, MW6 v\u0103 asigur\u0103 posibilitatea de a trece dintr-o camer\u0103 \u00een alta f\u0103r\u0103 pierderi de semnal, de a continua un video call sau de a v\u0103 bucura de jocul online preferat \u00een timp ce v\u0103 deplasa\u021bi prin cas\u0103.<br \/>\nAn easy way to network throughout your home.<br \/>\nInstalarea este extrem de simpl\u0103, unit\u0103\u021bile Nova venind din fabric\u0103 presetate pentru a func\u021biona \u00eempreun\u0103. Este nevoie doar de conectarea cablurilor de alimentare la noduri \u0219i a cablul de Internet la unul dintre ele, apoi sistemul se configureaz\u0103 extrem de u\u0219or.<br \/>\nMonitor and manage the network very easily with the Tenda WiFi App.<br \/>\nFii mereu \u00een control! Po\u021bi monitoriza re\u021beaua Nova \u00een timp ce e\u0219ti plecat cu ajutorul aplica\u021biei Tenda WiFi. Aceasta \u00ee\u021bi permite s\u0103 configurezi \u0219i s\u0103 administrezi re\u021beaua, s\u0103 modifici diver\u0219i parametri, precum accesul utilizatorilor \u0219i controlul parental.<br \/>\nThe center of your smart home.<br \/>\nLa Nova MW6 se pot conecta \u00een mod simultan mai multe dispozitive. \u00cen plus, MW6 asigur\u0103 suport pentru asistentul virtual Alexa, pentru controlul dispozitivelor compatibile conectate.<\/p>\n<div class=\"para-row clearifx\">\n<div class=\"prcol col-one pdtopding0\"><span lang=\"515\">Hardware:<\/span><\/div>\n<div class=\"prcol col-two clearifx\">\n<div class=\"clearfix\">\n<div class=\"twoone clearfix\">\n<div class=\"prc2 col-two-one\">\n<div class=\"para-row clearifx\">\n<div class=\"prcol col-two clearifx\">\n<div class=\"clearfix\">\n<div class=\"twoone clearfix\">\n<div class=\"prc2 col-two-one\">Standarde si protocoale: IEEE802.11a\/b\/g\/n\/ac; IEEE 802.3, IEEE 802.3u, IEEE 802.4ab<\/div>\n<\/div>\n<div class=\"twoone clearfix\">\n<div class=\"prc2 col-two-one\">Interfata Ethernet:\u00a0 2 porturi 10\/100\/1000 Mbps RJ45 per nod<\/div>\n<\/div>\n<div class=\"twoone clearfix\">\n<div class=\"prc2 col-two-one\">Antena: 2 antene interne<\/div>\n<\/div>\n<div class=\"twoone clearfix\">\n<div class=\"prc2 col-two-one\">Buton: Reset, Putere<\/div>\n<\/div>\n<div class=\"twoone clearfix\">\n<div class=\"prc2 col-two-two\">Intrare: 100-240V, 50\/60Hz, 0.6A<br \/>\nIesire: 12V, 1A<\/div>\n<\/div>\n<div class=\"twoone clearfix\">\n<div class=\"prc2 col-two-one\">Dimensiune: 100 x 100 x 100mm (3.94 x 3.94 x 3.94in)<\/div>\n<\/div>\n<div class=\"twoone clearfix\">\n<div class=\"prc2 col-two-one\">Indicator LED: LED 3 culori, Indicator (galben, verde, rosu)<\/div>\n<\/div>\n<\/div>\n<\/div>\n<\/div>\n<div class=\"para-row clearifx\">\n<div class=\"prcol col-one pdtopding1\"><span lang=\"514\">Wireless: <\/span><\/div>\n<div class=\"prcol col-one pdtopding1\">Standard wireless: IEEE802.11a\/b\/g\/n\/ac (WiFi 5 wave 2), Roaming wireless, Conform cu IEEE802.11k\/v\/r<\/div>\n<div class=\"prcol col-two clearifx\">\n<div class=\"clearfix\">\n<div class=\"twoone clearfix\">\n<div class=\"prc2 col-two-one\">Standard retea Mesh: IEEE802.11s<\/div>\n<\/div>\n<div class=\"twoone clearfix\">\n<div class=\"prc2 col-two-one\">Rata: 2.4GHz: 300Mbps<\/div>\n<div class=\"prc2 col-two-two\">\u00a0 \u00a0 \u00a0 \u00a0 \u00a0 \u00a0 5GHz: 867Mbps<\/div>\n<\/div>\n<div class=\"twoone clearfix\">\n<div class=\"prc2 col-two-one\">Frecventa: 2.4~2.4835GHz<br \/>\n5.15~5.25GHz<br \/>\n5.725~5.85GHz<\/div>\n<\/div>\n<div class=\"twoone clearfix\">\n<div class=\"prc2 col-two-one\">Putere transmisie<\/div>\n<div class=\"prc2 col-two-two\">CE: &lt;20dBm(2.4G)<br \/>\n&lt;23dBm(5G)<\/div>\n<\/div>\n<div class=\"twoone clearfix\">\n<div class=\"prc2 col-two-one\">Caracteristici de baza: SSID broadcast, Beamforming, MU-MIMO, AP Steering, Band Steering<\/div>\n<\/div>\n<div class=\"twoone clearfix\">\n<div class=\"prc2 col-two-one\">Securitate wireless: WPA-PSK\/WPA2-PSK (prestabilit)<\/div>\n<\/div>\n<\/div>\n<\/div>\n<\/div>\n<div class=\"para-row clearifx\">\n<div class=\"prcol col-one pdtopding2\"><span lang=\"513\">Software:<\/span><\/div>\n<div class=\"prcol col-two clearifx\">\n<div class=\"clearfix\">\n<div class=\"twoone clearfix\">\n<div class=\"prc2 col-two-one\">Mod operare: Mod Router, Mod Bridge<\/div>\n<\/div>\n<div class=\"twoone clearfix\">\n<div class=\"prc2 col-two-one\">Tip conexiune Internet:\u00a0PPPoE, Dynamic IP, Static IP, PPPoE (Rusia), PPTP (Rusia), L2TP (Rusia),<\/div>\n<\/div>\n<div class=\"twoone clearfix\">\n<div class=\"prc2 col-two-one\">DHCP Server, DHCP Client List, Virtual Server, Port forwarding, UPnP, Control parental, Filtrare clienti<\/div>\n<\/div>\n<div class=\"twoone clearfix\">\n<div class=\"prc2 col-two-one\">Firewall: Forbid TCP\/UDP flood attack, VPN, PPTP\/L2TP\/IPsec pass through,<\/div>\n<div class=\"prc2 col-two-one\">DNS: Setare manuala server DNS<\/div>\n<\/div>\n<div class=\"twoone clearfix\">\n<div class=\"prc2 col-two-one\">Caracteristici speciale:<\/div>\n<div class=\"prc2 col-two-one\">Smart QoS (jocuri, video &amp; audio, download)<\/div>\n<\/div>\n<div class=\"twoone clearfix\">\n<div class=\"prc2 col-two-one\">Other<\/div>\n<div class=\"prc2 col-two-two\">Sesizare automata conexiune internet<br \/>\nSupport App management si management de la distanta<br \/>\nRetea vizitatori<br \/>\nActualizare firmware online<\/div>\n<\/div>\n<\/div>\n<\/div>\n<\/div>\n<\/div>\n<\/div>\n<\/div>\n<\/div>\n<\/div>\n<p>Click for more details <a href=\"https:\/\/www.tendacn.com\/ro\/product\/specification\/MW6.html\">here.<\/a><\/p>","protected":false},"excerpt":{"rendered":"<ul>\n<li>The next-generation solution for Wi-Fi coverage throughout the home.<\/li>\n<li>Automatic network optimization to stay connected all the time.<\/li>\n<li>Uninterrupted Internet connection.<\/li>\n<li>An easy way to network throughout your home.<\/li>\n<li>Monitor and manage the network very easily with the Tenda WiFi App.<\/li>\n<li>The center of your smart home.<\/li>\n<\/ul>","protected":false},"featured_media":12037,"template":"","meta":[],"product_brand":[],"product_cat":[289,291,15],"product_tag":[],"class_list":{"0":"post-12035","1":"product","2":"type-product","3":"status-publish","4":"has-post-thumbnail","6":"product_cat-retelistica","7":"product_cat-routere-wireless","8":"product_cat-toate-produsele","10":"first","11":"outofstock","12":"taxable","13":"shipping-taxable","14":"product-type-simple"},"yoast_head":"<!-- This site is optimized with the Yoast SEO Premium plugin v21.9 (Yoast SEO v27.6) - https:\/\/yoast.com\/product\/yoast-seo-premium-wordpress\/ -->\n<title>Tenda NOVA MW6 Mesh (3-Pack) - Peruvision<\/title>\n<meta name=\"description\" content=\"Descopera Tenda NOVA MW6 Mesh (3-Pack) la Peruvision. Preturi speciale pentru echipamentele achizitionate\" \/>\n<meta name=\"robots\" content=\"index, follow, max-snippet:-1, max-image-preview:large, max-video-preview:-1\" \/>\n<link rel=\"canonical\" href=\"https:\/\/peruvision.ro\/en\/product\/tenda-nova-mw6-mesh-3-pack\/\" \/>\n<meta property=\"og:locale\" content=\"en_GB\" \/>\n<meta property=\"og:type\" content=\"article\" \/>\n<meta property=\"og:title\" content=\"Tenda NOVA MW6 Mesh (3-Pack)\" \/>\n<meta property=\"og:description\" content=\"Descopera Tenda NOVA MW6 Mesh (3-Pack) la Peruvision. Preturi speciale pentru echipamentele achizitionate\" \/>\n<meta property=\"og:url\" content=\"https:\/\/peruvision.ro\/en\/product\/tenda-nova-mw6-mesh-3-pack\/\" \/>\n<meta property=\"og:site_name\" content=\"Peruvision\" \/>\n<meta property=\"article:publisher\" content=\"https:\/\/www.facebook.com\/profile.php?id=100040871665118\" \/>\n<meta property=\"article:modified_time\" content=\"2025-12-17T11:46:07+00:00\" \/>\n<meta property=\"og:image\" content=\"https:\/\/peruvision.ro\/wp-content\/uploads\/2023\/05\/Tenda-NOVA-MW6-Mesh-1.jpg\" \/>\n\t<meta property=\"og:image:width\" content=\"1024\" \/>\n\t<meta property=\"og:image:height\" content=\"1024\" \/>\n\t<meta property=\"og:image:type\" content=\"image\/jpeg\" \/>\n<meta name=\"twitter:card\" content=\"summary_large_image\" \/>\n<meta name=\"twitter:label1\" content=\"Estimated reading time\" \/>\n\t<meta name=\"twitter:data1\" content=\"4 minutes\" \/>\n<script type=\"application\/ld+json\" class=\"yoast-schema-graph\">{\"@context\":\"https:\\\/\\\/schema.org\",\"@graph\":[{\"@type\":\"WebPage\",\"@id\":\"https:\\\/\\\/peruvision.ro\\\/produs\\\/tenda-nova-mw6-mesh-3-pack\\\/\",\"url\":\"https:\\\/\\\/peruvision.ro\\\/produs\\\/tenda-nova-mw6-mesh-3-pack\\\/\",\"name\":\"Tenda NOVA MW6 Mesh (3-Pack) - Peruvision\",\"isPartOf\":{\"@id\":\"https:\\\/\\\/peruvision.ro\\\/#website\"},\"primaryImageOfPage\":{\"@id\":\"https:\\\/\\\/peruvision.ro\\\/produs\\\/tenda-nova-mw6-mesh-3-pack\\\/#primaryimage\"},\"image\":{\"@id\":\"https:\\\/\\\/peruvision.ro\\\/produs\\\/tenda-nova-mw6-mesh-3-pack\\\/#primaryimage\"},\"thumbnailUrl\":\"https:\\\/\\\/peruvision.ro\\\/wp-content\\\/uploads\\\/2023\\\/05\\\/Tenda-NOVA-MW6-Mesh-1.jpg\",\"datePublished\":\"2023-05-03T10:42:45+00:00\",\"dateModified\":\"2025-12-17T11:46:07+00:00\",\"description\":\"Descopera Tenda NOVA MW6 Mesh (3-Pack) la Peruvision. Preturi speciale pentru echipamentele achizitionate\",\"breadcrumb\":{\"@id\":\"https:\\\/\\\/peruvision.ro\\\/produs\\\/tenda-nova-mw6-mesh-3-pack\\\/#breadcrumb\"},\"inLanguage\":\"en-GB\",\"potentialAction\":[{\"@type\":\"ReadAction\",\"target\":[\"https:\\\/\\\/peruvision.ro\\\/produs\\\/tenda-nova-mw6-mesh-3-pack\\\/\"]}]},{\"@type\":\"ImageObject\",\"inLanguage\":\"en-GB\",\"@id\":\"https:\\\/\\\/peruvision.ro\\\/produs\\\/tenda-nova-mw6-mesh-3-pack\\\/#primaryimage\",\"url\":\"https:\\\/\\\/peruvision.ro\\\/wp-content\\\/uploads\\\/2023\\\/05\\\/Tenda-NOVA-MW6-Mesh-1.jpg\",\"contentUrl\":\"https:\\\/\\\/peruvision.ro\\\/wp-content\\\/uploads\\\/2023\\\/05\\\/Tenda-NOVA-MW6-Mesh-1.jpg\",\"width\":1024,\"height\":1024},{\"@type\":\"BreadcrumbList\",\"@id\":\"https:\\\/\\\/peruvision.ro\\\/produs\\\/tenda-nova-mw6-mesh-3-pack\\\/#breadcrumb\",\"itemListElement\":[{\"@type\":\"ListItem\",\"position\":1,\"name\":\"Prima pagin\u0103\",\"item\":\"https:\\\/\\\/peruvision.ro\\\/\"},{\"@type\":\"ListItem\",\"position\":2,\"name\":\"Produse\",\"item\":\"https:\\\/\\\/peruvision.ro\\\/produse\\\/\"},{\"@type\":\"ListItem\",\"position\":3,\"name\":\"Tenda NOVA MW6 Mesh (3-Pack)\"}]},{\"@type\":\"WebSite\",\"@id\":\"https:\\\/\\\/peruvision.ro\\\/#website\",\"url\":\"https:\\\/\\\/peruvision.ro\\\/\",\"name\":\"Peruvision\",\"description\":\"Site-ul firmei Peruvision, specializata in distributia de echipamente de telecomunicatii si servicii aferente.\",\"publisher\":{\"@id\":\"https:\\\/\\\/peruvision.ro\\\/#organization\"},\"potentialAction\":[{\"@type\":\"SearchAction\",\"target\":{\"@type\":\"EntryPoint\",\"urlTemplate\":\"https:\\\/\\\/peruvision.ro\\\/?s={search_term_string}\"},\"query-input\":{\"@type\":\"PropertyValueSpecification\",\"valueRequired\":true,\"valueName\":\"search_term_string\"}}],\"inLanguage\":\"en-GB\"},{\"@type\":\"Organization\",\"@id\":\"https:\\\/\\\/peruvision.ro\\\/#organization\",\"name\":\"Peruvision\",\"url\":\"https:\\\/\\\/peruvision.ro\\\/\",\"logo\":{\"@type\":\"ImageObject\",\"inLanguage\":\"en-GB\",\"@id\":\"https:\\\/\\\/peruvision.ro\\\/#\\\/schema\\\/logo\\\/image\\\/\",\"url\":\"https:\\\/\\\/peruvision.ro\\\/wp-content\\\/uploads\\\/2021\\\/09\\\/3biss-negru.png\",\"contentUrl\":\"https:\\\/\\\/peruvision.ro\\\/wp-content\\\/uploads\\\/2021\\\/09\\\/3biss-negru.png\",\"width\":2035,\"height\":432,\"caption\":\"Peruvision\"},\"image\":{\"@id\":\"https:\\\/\\\/peruvision.ro\\\/#\\\/schema\\\/logo\\\/image\\\/\"},\"sameAs\":[\"https:\\\/\\\/www.facebook.com\\\/profile.php?id=100040871665118\"]}]}<\/script>\n<!-- \/ Yoast SEO Premium plugin. -->","yoast_head_json":{"title":"Tenda NOVA MW6 Mesh (3-Pack) - Peruvision","description":"Descopera Tenda NOVA MW6 Mesh (3-Pack) la Peruvision. Preturi speciale pentru echipamentele achizitionate","robots":{"index":"index","follow":"follow","max-snippet":"max-snippet:-1","max-image-preview":"max-image-preview:large","max-video-preview":"max-video-preview:-1"},"canonical":"https:\/\/peruvision.ro\/en\/product\/tenda-nova-mw6-mesh-3-pack\/","og_locale":"en_GB","og_type":"article","og_title":"Tenda NOVA MW6 Mesh (3-Pack)","og_description":"Descopera Tenda NOVA MW6 Mesh (3-Pack) la Peruvision. Preturi speciale pentru echipamentele achizitionate","og_url":"https:\/\/peruvision.ro\/en\/product\/tenda-nova-mw6-mesh-3-pack\/","og_site_name":"Peruvision","article_publisher":"https:\/\/www.facebook.com\/profile.php?id=100040871665118","article_modified_time":"2025-12-17T11:46:07+00:00","og_image":[{"width":1024,"height":1024,"url":"https:\/\/peruvision.ro\/wp-content\/uploads\/2023\/05\/Tenda-NOVA-MW6-Mesh-1.jpg","type":"image\/jpeg"}],"twitter_card":"summary_large_image","twitter_misc":{"Estimated reading time":"4 minutes"},"schema":{"@context":"https:\/\/schema.org","@graph":[{"@type":"WebPage","@id":"https:\/\/peruvision.ro\/produs\/tenda-nova-mw6-mesh-3-pack\/","url":"https:\/\/peruvision.ro\/produs\/tenda-nova-mw6-mesh-3-pack\/","name":"Tenda NOVA MW6 Mesh (3-Pack) - Peruvision","isPartOf":{"@id":"https:\/\/peruvision.ro\/#website"},"primaryImageOfPage":{"@id":"https:\/\/peruvision.ro\/produs\/tenda-nova-mw6-mesh-3-pack\/#primaryimage"},"image":{"@id":"https:\/\/peruvision.ro\/produs\/tenda-nova-mw6-mesh-3-pack\/#primaryimage"},"thumbnailUrl":"https:\/\/peruvision.ro\/wp-content\/uploads\/2023\/05\/Tenda-NOVA-MW6-Mesh-1.jpg","datePublished":"2023-05-03T10:42:45+00:00","dateModified":"2025-12-17T11:46:07+00:00","description":"Descopera Tenda NOVA MW6 Mesh (3-Pack) la Peruvision. Preturi speciale pentru echipamentele achizitionate","breadcrumb":{"@id":"https:\/\/peruvision.ro\/produs\/tenda-nova-mw6-mesh-3-pack\/#breadcrumb"},"inLanguage":"en-GB","potentialAction":[{"@type":"ReadAction","target":["https:\/\/peruvision.ro\/produs\/tenda-nova-mw6-mesh-3-pack\/"]}]},{"@type":"ImageObject","inLanguage":"en-GB","@id":"https:\/\/peruvision.ro\/produs\/tenda-nova-mw6-mesh-3-pack\/#primaryimage","url":"https:\/\/peruvision.ro\/wp-content\/uploads\/2023\/05\/Tenda-NOVA-MW6-Mesh-1.jpg","contentUrl":"https:\/\/peruvision.ro\/wp-content\/uploads\/2023\/05\/Tenda-NOVA-MW6-Mesh-1.jpg","width":1024,"height":1024},{"@type":"BreadcrumbList","@id":"https:\/\/peruvision.ro\/produs\/tenda-nova-mw6-mesh-3-pack\/#breadcrumb","itemListElement":[{"@type":"ListItem","position":1,"name":"Prima pagin\u0103","item":"https:\/\/peruvision.ro\/"},{"@type":"ListItem","position":2,"name":"Produse","item":"https:\/\/peruvision.ro\/produse\/"},{"@type":"ListItem","position":3,"name":"Tenda NOVA MW6 Mesh (3-Pack)"}]},{"@type":"WebSite","@id":"https:\/\/peruvision.ro\/#website","url":"https:\/\/peruvision.ro\/","name":"Peruvision","description":"Site-ul firmei Peruvision, specializata in distributia de echipamente de telecomunicatii si servicii aferente.","publisher":{"@id":"https:\/\/peruvision.ro\/#organization"},"potentialAction":[{"@type":"SearchAction","target":{"@type":"EntryPoint","urlTemplate":"https:\/\/peruvision.ro\/?s={search_term_string}"},"query-input":{"@type":"PropertyValueSpecification","valueRequired":true,"valueName":"search_term_string"}}],"inLanguage":"en-GB"},{"@type":"Organization","@id":"https:\/\/peruvision.ro\/#organization","name":"Peruvision","url":"https:\/\/peruvision.ro\/","logo":{"@type":"ImageObject","inLanguage":"en-GB","@id":"https:\/\/peruvision.ro\/#\/schema\/logo\/image\/","url":"https:\/\/peruvision.ro\/wp-content\/uploads\/2021\/09\/3biss-negru.png","contentUrl":"https:\/\/peruvision.ro\/wp-content\/uploads\/2021\/09\/3biss-negru.png","width":2035,"height":432,"caption":"Peruvision"},"image":{"@id":"https:\/\/peruvision.ro\/#\/schema\/logo\/image\/"},"sameAs":["https:\/\/www.facebook.com\/profile.php?id=100040871665118"]}]}},"jetpack_sharing_enabled":true,"_links":{"self":[{"href":"https:\/\/peruvision.ro\/en\/wp-json\/wp\/v2\/product\/12035","targetHints":{"allow":["GET"]}}],"collection":[{"href":"https:\/\/peruvision.ro\/en\/wp-json\/wp\/v2\/product"}],"about":[{"href":"https:\/\/peruvision.ro\/en\/wp-json\/wp\/v2\/types\/product"}],"version-history":[{"count":1,"href":"https:\/\/peruvision.ro\/en\/wp-json\/wp\/v2\/product\/12035\/revisions"}],"predecessor-version":[{"id":17827,"href":"https:\/\/peruvision.ro\/en\/wp-json\/wp\/v2\/product\/12035\/revisions\/17827"}],"wp:featuredmedia":[{"embeddable":true,"href":"https:\/\/peruvision.ro\/en\/wp-json\/wp\/v2\/media\/12037"}],"wp:attachment":[{"href":"https:\/\/peruvision.ro\/en\/wp-json\/wp\/v2\/media?parent=12035"}],"wp:term":[{"taxonomy":"product_brand","embeddable":true,"href":"https:\/\/peruvision.ro\/en\/wp-json\/wp\/v2\/product_brand?post=12035"},{"taxonomy":"product_cat","embeddable":true,"href":"https:\/\/peruvision.ro\/en\/wp-json\/wp\/v2\/product_cat?post=12035"},{"taxonomy":"product_tag","embeddable":true,"href":"https:\/\/peruvision.ro\/en\/wp-json\/wp\/v2\/product_tag?post=12035"}],"curies":[{"name":"wp","href":"https:\/\/api.w.org\/{rel}","templated":true}]}}